{"id":1560,"date":"2024-12-28T13:34:34","date_gmt":"2024-12-28T12:34:34","guid":{"rendered":"https:\/\/www.thrimor.at\/?page_id=1560"},"modified":"2026-01-21T17:56:44","modified_gmt":"2026-01-21T16:56:44","slug":"turney-der-suedlande-2026","status":"publish","type":"page","link":"https:\/\/www.thrimor.at\/index.php\/events\/turney-der-suedlande-2026\/","title":{"rendered":"Turney der S\u00fcdlande 2026"},"content":{"rendered":"\n<figure class=\"wp-block-image size-full\"><img loading=\"lazy\" decoding=\"async\" width=\"503\" height=\"531\" src=\"https:\/\/www.thrimor.at\/wp-content\/uploads\/2024\/12\/Titelbild.jpeg\" alt=\"\" class=\"wp-image-1563\" srcset=\"https:\/\/www.thrimor.at\/wp-content\/uploads\/2024\/12\/Titelbild.jpeg 503w, https:\/\/www.thrimor.at\/wp-content\/uploads\/2024\/12\/Titelbild-284x300.jpeg 284w\" sizes=\"auto, (max-width: 503px) 100vw, 503px\" \/><\/figure>\n\n\n\n<p>Dies ist eine externe Veranstaltung.<\/p>\n\n\n\n<p>2022 Gastgeber der Turney der S\u00fcdlande \u2013 2024 Sieger der Turney der S\u00fcdlande \u2013 2026 \u2026<\/p>\n\n\n\n<p>Auch auf der n\u00e4chsten Turney der S\u00fcdlande wird Thrimor wieder f\u00fcr Recht und Ordnung sorgen und als Turneywache alle Teilnehmer sch\u00fctzen.<\/p>\n\n\n\n<p>Einmal mehr fahren wir gemeinsam auf die bereits legend\u00e4re Turney der S\u00fcdlande \u2013 als Gardisten, G\u00e4ste, Teilnehmer und Adelsleute. Man muss die Feste feiern, wie sie fallen!<\/p>\n\n\n\n<p><strong>Wann<\/strong><\/p>\n\n\n\n<p>22. &#8211; 25. Mai 2026<\/p>\n\n\n\n<p>Wer m\u00f6chte, kann die Fr\u00fchanreise am Donnerstag, den 21. Mai 2026, nutzen.<br>Voraussichtlich wird es am Mittwochabend, dem 20. Mai, bereits ein erstes Vorauskommando geben.<\/p>\n\n\n\n<p><strong>Wo<\/strong><\/p>\n\n\n\n<p><a href=\"https:\/\/www.google.de\/maps\/place\/Campingplatz+Ringlesm\u00fchle+-+Sigrid+Vierkorn\/@48.8256899,10.405741,14z\/data=!4m6!3m5!1s0x4799266fa21ee48b:0x210cfc11d2269d22!8m2!3d48.8259399!4d10.410545!16s%2Fg%2F11b6cb3brc\" target=\"_blank\" rel=\"noreferrer noopener\"><strong>Campingplatz Ringlesm\u00fchle<\/strong><\/a><br>Ringlesm\u00fchle<br>73469 Riesb\u00fcrg-Utzmemmingen<\/p>\n\n\n\n<p><strong>Verpflegung<\/strong><\/p>\n\n\n\n<p>Die Fr\u00fchanreisenden d\u00fcrfen sich wieder bei der Turney der S\u00fcdlande mit der Verpflegung anschlie\u00dfen. Ab Freitagabend verpflegen wir uns dieses Mal selber. Andre hat angeboten, uns zu bekochen, und wir nehmen das dankend an.<br>Die Verpflegung ist eine Vollverpflegung (Essen und antialkoholische Getr\u00e4nke inklusive). Fr\u00fchst\u00fcck mit Eiern, Speck, M\u00fcsli, Gem\u00fcse, Obst, Marmelade, Wurst\/K\u00e4se), ein kleines Mittagessen (angedacht sind Steaksemmel\/ Bratwurstsemmel bzw. Fetabrot f\u00fcr die Veggies) und als Abendessen sind Chilli con Carne, Schichtfleisch\/Ofenkartoffeln, Pulled Pork\/Semmelkn\u00f6del mit Pilzen angedacht.<br>\u00c4nderungen vorbehalten.<\/p>\n\n\n\n<p><strong>Kosten<\/strong><\/p>\n\n\n\n<p>Ihr m\u00fcsst euch bei uns anmelden (siehe unten).<br>Die Kosten f\u00fcr die Verpflegung betragen <strong>\u20ac 54<\/strong> \u2013 Rechnung folgt 2026<br>Die Kosten f\u00fcr das Lager und den Transport tr\u00e4gt der Verein.<br>Ihr ben\u00f6tigt au\u00dferdem ein GSC-Ticket der aktuellen Staffel, dieses bekommt ihr <a href=\"https:\/\/www.turney-der-suedlande.de\/anmeldung-zur-turney\/\" target=\"_blank\" rel=\"noreferrer noopener\">hier<\/a>.<\/p>\n\n\n\n<p>Gebt in der Anmeldung bei den Feldern folgendes an.<\/p>\n\n\n\n<ul class=\"wp-block-list\">\n<li>Anmeldung als \u2026 GSC<\/li>\n\n\n\n<li>Kennzeichen f\u00fcr das Fahrzeug \u2013 Wenn ihr eures noch nicht wisst oder Beifahrer seid k\u00f6nnt ihr einfach Thrimor reinschreiben.<\/li>\n\n\n\n<li>Ansprechpartner f\u00fcr unsere Gruppe ist \u2026 Florian N.<\/li>\n\n\n\n<li>Vollverpflegung: Wir versorgen uns selbst, Andre wird uns bekochen. Daher w\u00fcrden wir euch Nein empfehlen. Au\u00dfer ihr nutzt lieber die Verpflegung der Turney.<\/li>\n\n\n\n<li>Ich trete f\u00fcr folgendes Reich an \u2026 Thrimor (Auch ausf\u00fcllen, wenn ihr an keinen Wettbewerben teilnehmt.)<\/li>\n\n\n\n<li>Mein Charakter geh\u00f6rt zur Spielgruppe \/ zum Reich &#8230; Thrimor<\/li>\n\n\n\n<li>Mein &#8222;zu Hause&#8220; besteht wie folgt: 1 Zelt (Aufteilung machen wir dann f\u00fcr euch.)<\/li>\n\n\n\n<li>Wir h\u00e4tten gerne folgende Zeltnachbar &#8230; Einfach ein X rein, unser Platz als Turneywache ergibt sich aus unserer T\u00e4tigkeit.<\/li>\n\n\n\n<li>Abmessung(en) und Zeltbezeichnung(en)* &#8211; werden durch Florian N. eingereicht.<\/li>\n\n\n\n<li>Wird eine Biertischgarnitur ben\u00f6tigt? \u2013 Nein (Die Garnituren werden durch uns zentral beschafft)<\/li>\n\n\n\n<li>Ich (oder jemand aus meiner Gruppe) wird einen Lagerplan einreichen &#8230; Ja (Das macht Florian f\u00fcr uns gemeinsam.)<\/li>\n<\/ul>\n\n\n\n<p><strong>Unterkunft<\/strong><\/p>\n\n\n\n<p>Wir organisieren uns wieder in Zelten.<\/p>\n\n\n\n<p><strong>Anfahrt<\/strong><\/p>\n\n\n\n<p>Wir organisieren uns in Fahrgemeinschaften.<br>Um den Fundus k\u00fcmmert sich der Verein.<\/p>\n\n\n\n<p><strong>Mitzubringen<\/strong><\/p>\n\n\n\n<ul class=\"wp-block-list\">\n<li>Schlafsack und Unterlagsmatte\/Feldbett<\/li>\n\n\n\n<li>Pers\u00f6nliche Ausr\u00fcstung (ggf LARP-Waffen)<\/li>\n\n\n\n<li>Verschlie\u00dfbarer Essensbeh\u00e4lter (nicht IT-tauglich)<\/li>\n\n\n\n<li>Arbeitshandschuhe f\u00fcr den Auf- und Abbau<\/li>\n\n\n\n<li>Spa\u00df und gute Laune<\/li>\n<\/ul>\n\n\n\n<h2 class=\"wp-block-heading\">Anmeldung<\/h2>\n\n\n\n<div class=\"wp-block-contact-form-7-contact-form-selector\">\n<div class=\"wpcf7 no-js\" id=\"wpcf7-f1565-o1\" lang=\"de-DE\" dir=\"ltr\" data-wpcf7-id=\"1565\">\n<div class=\"screen-reader-response\"><p role=\"status\" aria-live=\"polite\" aria-atomic=\"true\"><\/p> <ul><\/ul><\/div>\n<form action=\"\/index.php\/wp-json\/wp\/v2\/pages\/1560#wpcf7-f1565-o1\" method=\"post\" class=\"wpcf7-form init\" aria-label=\"Kontaktformular\" novalidate=\"novalidate\" data-status=\"init\">\n<fieldset class=\"hidden-fields-container\"><input type=\"hidden\" name=\"_wpcf7\" value=\"1565\" \/><input type=\"hidden\" name=\"_wpcf7_version\" value=\"6.1.2\" \/><input type=\"hidden\" name=\"_wpcf7_locale\" value=\"de_DE\" \/><input type=\"hidden\" name=\"_wpcf7_unit_tag\" value=\"wpcf7-f1565-o1\" \/><input type=\"hidden\" name=\"_wpcf7_container_post\" value=\"0\" \/><input type=\"hidden\" name=\"_wpcf7_posted_data_hash\" value=\"\" \/><input type=\"hidden\" name=\"_wpcf7_recaptcha_response\" value=\"\" \/>\n<\/fieldset>\n<input class=\"wpcf7-form-control wpcf7-hidden\" value=\"Turney der S\u00fcdlande 2026\" type=\"hidden\" name=\"event\" \/>\n<input class=\"wpcf7-form-control wpcf7-hidden\" value=\"22. - 25. Mai 2026\" type=\"hidden\" name=\"date\" \/>\n<p><label> <b>Tickettyp *<\/b><br \/>\n<span class=\"wpcf7-form-control-wrap\" data-name=\"ticket\"><select class=\"wpcf7-form-control wpcf7-select wpcf7-validates-as-required\" aria-required=\"true\" aria-invalid=\"false\" name=\"ticket\"><option value=\"\">&#8211; Bitte ausw\u00e4hlen &#8211;<\/option><option value=\"Vereinsmitglied\">Vereinsmitglied<\/option><option value=\"Gast\">Gast<\/option><\/select><\/span> <\/label>\n<\/p>\n<p><label> <b>Anreise *<\/b> <\/label><br \/>\n<span class=\"wpcf7-form-control-wrap\" data-name=\"arrival\"><span class=\"wpcf7-form-control wpcf7-radio\"><span class=\"wpcf7-list-item first\"><label><input type=\"radio\" name=\"arrival\" value=\"Ich nutze vermutlich die Fr\u00fchanreise am Mittwoch den 20. Mai 2026\" checked=\"checked\" \/><span class=\"wpcf7-list-item-label\">Ich nutze vermutlich die Fr\u00fchanreise am Mittwoch den 20. Mai 2026<\/span><\/label><\/span><span class=\"wpcf7-list-item\"><label><input type=\"radio\" name=\"arrival\" value=\"Ich nutze vermutlich die Fr\u00fchanreise am Donnerstag den 21. Mai 2026\" \/><span class=\"wpcf7-list-item-label\">Ich nutze vermutlich die Fr\u00fchanreise am Donnerstag den 21. Mai 2026<\/span><\/label><\/span><span class=\"wpcf7-list-item last\"><label><input type=\"radio\" name=\"arrival\" value=\"Ich komme vermutlich am Freitag den 22. Mai 2026\" \/><span class=\"wpcf7-list-item-label\">Ich komme vermutlich am Freitag den 22. Mai 2026<\/span><\/label><\/span><\/span><\/span>\n<\/p>\n<p><label> <b>Essgewohnheiten *<\/b> <\/label><br \/>\n<span class=\"wpcf7-form-control-wrap\" data-name=\"eating-habits\"><span class=\"wpcf7-form-control wpcf7-radio\"><span class=\"wpcf7-list-item first\"><label><input type=\"radio\" name=\"eating-habits\" value=\"Ich esse alles\" checked=\"checked\" \/><span class=\"wpcf7-list-item-label\">Ich esse alles<\/span><\/label><\/span><span class=\"wpcf7-list-item\"><label><input type=\"radio\" name=\"eating-habits\" value=\"Ich esse kein Fleisch\" \/><span class=\"wpcf7-list-item-label\">Ich esse kein Fleisch<\/span><\/label><\/span><span class=\"wpcf7-list-item last\"><label><input type=\"radio\" name=\"eating-habits\" value=\"Ich m\u00f6chte nicht verpflegt werden.\" \/><span class=\"wpcf7-list-item-label\">Ich m\u00f6chte nicht verpflegt werden.<\/span><\/label><\/span><\/span><\/span>\n<\/p>\n<p><label> <b>Titel<\/b><br \/>\n<span class=\"wpcf7-form-control-wrap\" data-name=\"title\"><input size=\"40\" maxlength=\"400\" class=\"wpcf7-form-control wpcf7-text\" aria-invalid=\"false\" value=\"\" type=\"text\" name=\"title\" \/><\/span> <\/label>\n<\/p>\n<p><label> <b>Nachname *<\/b><br \/>\n<span class=\"wpcf7-form-control-wrap\" data-name=\"lastname\"><input size=\"40\" maxlength=\"400\" class=\"wpcf7-form-control wpcf7-text wpcf7-validates-as-required\" aria-required=\"true\" aria-invalid=\"false\" value=\"\" type=\"text\" name=\"lastname\" \/><\/span> <\/label>\n<\/p>\n<p><label> <b>Vorname *<\/b><br \/>\n<span class=\"wpcf7-form-control-wrap\" data-name=\"firstname\"><input size=\"40\" maxlength=\"400\" class=\"wpcf7-form-control wpcf7-text wpcf7-validates-as-required\" aria-required=\"true\" aria-invalid=\"false\" value=\"\" type=\"text\" name=\"firstname\" \/><\/span> <\/label>\n<\/p>\n<p><label> <b>Geburtsdatum *<\/b><br \/>\nBei unter 16 J\u00e4hrigen wird eine Aufsichtsperson ben\u00f6tigt.<br \/>\nBei 16 bis 18 J\u00e4hrigen wird die Zustimmung der Erziehungsberechtigten ben\u00f6tigt.<br \/>\n(entsprechende Formulare folgen bei Anmeldung)<br \/>\n<span class=\"wpcf7-form-control-wrap\" data-name=\"birthdate\"><input class=\"wpcf7-form-control wpcf7-date wpcf7-validates-as-required wpcf7-validates-as-date\" aria-required=\"true\" aria-invalid=\"false\" value=\"TT.MM.YYYY\" type=\"date\" name=\"birthdate\" \/><\/span> <\/label>\n<\/p>\n<p><label> <b>E-Mail-Adresse *<\/b><br \/>\n<span class=\"wpcf7-form-control-wrap\" data-name=\"email\"><input size=\"40\" maxlength=\"400\" class=\"wpcf7-form-control wpcf7-email wpcf7-validates-as-required wpcf7-text wpcf7-validates-as-email\" aria-required=\"true\" aria-invalid=\"false\" value=\"\" type=\"email\" name=\"email\" \/><\/span> <\/label>\n<\/p>\n<p><label> <b>Telefon<\/b><br \/>\n<span class=\"wpcf7-form-control-wrap\" data-name=\"phone\"><input size=\"40\" maxlength=\"400\" class=\"wpcf7-form-control wpcf7-tel wpcf7-text wpcf7-validates-as-tel\" aria-invalid=\"false\" value=\"\" type=\"tel\" name=\"phone\" \/><\/span> <\/label>\n<\/p>\n<p><label> <b>Zus\u00e4tzliche Bemerkungen<\/b><br \/>\nWenn du m\u00f6chtest, kannst du uns hier auch \u00fcber Allergien, Unvertr\u00e4glichkeiten, Erkrankungen oder \u00e4hnliches informieren. Diese Informationen werden selbstverst\u00e4ndlich vertraulich behandelt.<br \/>\n<span class=\"wpcf7-form-control-wrap\" data-name=\"remarks\"><textarea cols=\"40\" rows=\"10\" maxlength=\"2000\" class=\"wpcf7-form-control wpcf7-textarea\" aria-invalid=\"false\" name=\"remarks\"><\/textarea><\/span> <\/label>\n<\/p>\n<p><span><b>* erforderlich<\/b><\/span>\n<\/p>\n<p><input class=\"wpcf7-form-control wpcf7-submit has-spinner\" type=\"submit\" value=\"Senden\" \/>\n<\/p><div class=\"wpcf7-response-output\" aria-hidden=\"true\"><\/div>\n<\/form>\n<\/div>\n<\/div>\n","protected":false},"excerpt":{"rendered":"<p>Dies ist eine externe Veranstaltung. 2022 Gastgeber der Turney der S\u00fcdlande \u2013 2024 Sieger der Turney der S\u00fcdlande \u2013 2026 \u2026 Auch auf der n\u00e4chsten Turney der S\u00fcdlande wird Thrimor wieder f\u00fcr Recht und Ordnung sorgen und als Turneywache alle Teilnehmer sch\u00fctzen. Einmal mehr fahren wir gemeinsam auf die bereits legend\u00e4re Turney der S\u00fcdlande \u2013 [&hellip;]<\/p>\n","protected":false},"author":1,"featured_media":0,"parent":85,"menu_order":64,"comment_status":"closed","ping_status":"closed","template":"","meta":{"om_disable_all_campaigns":false,"footnotes":""},"class_list":["post-1560","page","type-page","status-publish","hentry"],"yoast_head":"<!-- This site is optimized with the Yoast SEO plugin v26.1.1 - https:\/\/yoast.com\/wordpress\/plugins\/seo\/ -->\n<title>Turney der S\u00fcdlande 2026 - Thrimorer Garde<\/title>\n<meta name=\"robots\" content=\"index, follow, max-snippet:-1, max-image-preview:large, max-video-preview:-1\" \/>\n<link rel=\"canonical\" href=\"https:\/\/www.thrimor.at\/index.php\/events\/turney-der-suedlande-2026\/\" \/>\n<meta property=\"og:locale\" content=\"de_DE\" \/>\n<meta property=\"og:type\" content=\"article\" \/>\n<meta property=\"og:title\" content=\"Turney der S\u00fcdlande 2026 - Thrimorer Garde\" \/>\n<meta property=\"og:description\" content=\"Dies ist eine externe Veranstaltung. 2022 Gastgeber der Turney der S\u00fcdlande \u2013 2024 Sieger der Turney der S\u00fcdlande \u2013 2026 \u2026 Auch auf der n\u00e4chsten Turney der S\u00fcdlande wird Thrimor wieder f\u00fcr Recht und Ordnung sorgen und als Turneywache alle Teilnehmer sch\u00fctzen. Einmal mehr fahren wir gemeinsam auf die bereits legend\u00e4re Turney der S\u00fcdlande \u2013 [&hellip;]\" \/>\n<meta property=\"og:url\" content=\"https:\/\/www.thrimor.at\/index.php\/events\/turney-der-suedlande-2026\/\" \/>\n<meta property=\"og:site_name\" content=\"Thrimorer Garde\" \/>\n<meta property=\"article:modified_time\" content=\"2026-01-21T16:56:44+00:00\" \/>\n<meta property=\"og:image\" content=\"https:\/\/www.thrimor.at\/wp-content\/uploads\/2024\/12\/Titelbild.jpeg\" \/>\n\t<meta property=\"og:image:width\" content=\"503\" \/>\n\t<meta property=\"og:image:height\" content=\"531\" \/>\n\t<meta property=\"og:image:type\" content=\"image\/jpeg\" \/>\n<meta name=\"twitter:card\" content=\"summary_large_image\" \/>\n<meta name=\"twitter:label1\" content=\"Gesch\u00e4tzte Lesezeit\" \/>\n\t<meta name=\"twitter:data1\" content=\"3\u00a0Minuten\" \/>\n<script type=\"application\/ld+json\" class=\"yoast-schema-graph\">{\"@context\":\"https:\/\/schema.org\",\"@graph\":[{\"@type\":\"WebPage\",\"@id\":\"https:\/\/www.thrimor.at\/index.php\/events\/turney-der-suedlande-2026\/\",\"url\":\"https:\/\/www.thrimor.at\/index.php\/events\/turney-der-suedlande-2026\/\",\"name\":\"Turney der S\u00fcdlande 2026 - Thrimorer Garde\",\"isPartOf\":{\"@id\":\"https:\/\/www.thrimor.at\/#website\"},\"primaryImageOfPage\":{\"@id\":\"https:\/\/www.thrimor.at\/index.php\/events\/turney-der-suedlande-2026\/#primaryimage\"},\"image\":{\"@id\":\"https:\/\/www.thrimor.at\/index.php\/events\/turney-der-suedlande-2026\/#primaryimage\"},\"thumbnailUrl\":\"https:\/\/www.thrimor.at\/wp-content\/uploads\/2024\/12\/Titelbild.jpeg\",\"datePublished\":\"2024-12-28T12:34:34+00:00\",\"dateModified\":\"2026-01-21T16:56:44+00:00\",\"breadcrumb\":{\"@id\":\"https:\/\/www.thrimor.at\/index.php\/events\/turney-der-suedlande-2026\/#breadcrumb\"},\"inLanguage\":\"de\",\"potentialAction\":[{\"@type\":\"ReadAction\",\"target\":[\"https:\/\/www.thrimor.at\/index.php\/events\/turney-der-suedlande-2026\/\"]}]},{\"@type\":\"ImageObject\",\"inLanguage\":\"de\",\"@id\":\"https:\/\/www.thrimor.at\/index.php\/events\/turney-der-suedlande-2026\/#primaryimage\",\"url\":\"https:\/\/www.thrimor.at\/wp-content\/uploads\/2024\/12\/Titelbild.jpeg\",\"contentUrl\":\"https:\/\/www.thrimor.at\/wp-content\/uploads\/2024\/12\/Titelbild.jpeg\",\"width\":503,\"height\":531},{\"@type\":\"BreadcrumbList\",\"@id\":\"https:\/\/www.thrimor.at\/index.php\/events\/turney-der-suedlande-2026\/#breadcrumb\",\"itemListElement\":[{\"@type\":\"ListItem\",\"position\":1,\"name\":\"Home\",\"item\":\"https:\/\/www.thrimor.at\/\"},{\"@type\":\"ListItem\",\"position\":2,\"name\":\"Events\",\"item\":\"https:\/\/www.thrimor.at\/index.php\/events\/\"},{\"@type\":\"ListItem\",\"position\":3,\"name\":\"Turney der S\u00fcdlande 2026\"}]},{\"@type\":\"WebSite\",\"@id\":\"https:\/\/www.thrimor.at\/#website\",\"url\":\"https:\/\/www.thrimor.at\/\",\"name\":\"Thrimorer Garde\",\"description\":\"Eine engagierte LARP-Community aus Salzburg\",\"potentialAction\":[{\"@type\":\"SearchAction\",\"target\":{\"@type\":\"EntryPoint\",\"urlTemplate\":\"https:\/\/www.thrimor.at\/?s={search_term_string}\"},\"query-input\":{\"@type\":\"PropertyValueSpecification\",\"valueRequired\":true,\"valueName\":\"search_term_string\"}}],\"inLanguage\":\"de\"}]}<\/script>\n<!-- \/ Yoast SEO plugin. -->","yoast_head_json":{"title":"Turney der S\u00fcdlande 2026 - Thrimorer Garde","robots":{"index":"index","follow":"follow","max-snippet":"max-snippet:-1","max-image-preview":"max-image-preview:large","max-video-preview":"max-video-preview:-1"},"canonical":"https:\/\/www.thrimor.at\/index.php\/events\/turney-der-suedlande-2026\/","og_locale":"de_DE","og_type":"article","og_title":"Turney der S\u00fcdlande 2026 - Thrimorer Garde","og_description":"Dies ist eine externe Veranstaltung. 2022 Gastgeber der Turney der S\u00fcdlande \u2013 2024 Sieger der Turney der S\u00fcdlande \u2013 2026 \u2026 Auch auf der n\u00e4chsten Turney der S\u00fcdlande wird Thrimor wieder f\u00fcr Recht und Ordnung sorgen und als Turneywache alle Teilnehmer sch\u00fctzen. Einmal mehr fahren wir gemeinsam auf die bereits legend\u00e4re Turney der S\u00fcdlande \u2013 [&hellip;]","og_url":"https:\/\/www.thrimor.at\/index.php\/events\/turney-der-suedlande-2026\/","og_site_name":"Thrimorer Garde","article_modified_time":"2026-01-21T16:56:44+00:00","og_image":[{"width":503,"height":531,"url":"https:\/\/www.thrimor.at\/wp-content\/uploads\/2024\/12\/Titelbild.jpeg","type":"image\/jpeg"}],"twitter_card":"summary_large_image","twitter_misc":{"Gesch\u00e4tzte Lesezeit":"3\u00a0Minuten"},"schema":{"@context":"https:\/\/schema.org","@graph":[{"@type":"WebPage","@id":"https:\/\/www.thrimor.at\/index.php\/events\/turney-der-suedlande-2026\/","url":"https:\/\/www.thrimor.at\/index.php\/events\/turney-der-suedlande-2026\/","name":"Turney der S\u00fcdlande 2026 - Thrimorer Garde","isPartOf":{"@id":"https:\/\/www.thrimor.at\/#website"},"primaryImageOfPage":{"@id":"https:\/\/www.thrimor.at\/index.php\/events\/turney-der-suedlande-2026\/#primaryimage"},"image":{"@id":"https:\/\/www.thrimor.at\/index.php\/events\/turney-der-suedlande-2026\/#primaryimage"},"thumbnailUrl":"https:\/\/www.thrimor.at\/wp-content\/uploads\/2024\/12\/Titelbild.jpeg","datePublished":"2024-12-28T12:34:34+00:00","dateModified":"2026-01-21T16:56:44+00:00","breadcrumb":{"@id":"https:\/\/www.thrimor.at\/index.php\/events\/turney-der-suedlande-2026\/#breadcrumb"},"inLanguage":"de","potentialAction":[{"@type":"ReadAction","target":["https:\/\/www.thrimor.at\/index.php\/events\/turney-der-suedlande-2026\/"]}]},{"@type":"ImageObject","inLanguage":"de","@id":"https:\/\/www.thrimor.at\/index.php\/events\/turney-der-suedlande-2026\/#primaryimage","url":"https:\/\/www.thrimor.at\/wp-content\/uploads\/2024\/12\/Titelbild.jpeg","contentUrl":"https:\/\/www.thrimor.at\/wp-content\/uploads\/2024\/12\/Titelbild.jpeg","width":503,"height":531},{"@type":"BreadcrumbList","@id":"https:\/\/www.thrimor.at\/index.php\/events\/turney-der-suedlande-2026\/#breadcrumb","itemListElement":[{"@type":"ListItem","position":1,"name":"Home","item":"https:\/\/www.thrimor.at\/"},{"@type":"ListItem","position":2,"name":"Events","item":"https:\/\/www.thrimor.at\/index.php\/events\/"},{"@type":"ListItem","position":3,"name":"Turney der S\u00fcdlande 2026"}]},{"@type":"WebSite","@id":"https:\/\/www.thrimor.at\/#website","url":"https:\/\/www.thrimor.at\/","name":"Thrimorer Garde","description":"Eine engagierte LARP-Community aus Salzburg","potentialAction":[{"@type":"SearchAction","target":{"@type":"EntryPoint","urlTemplate":"https:\/\/www.thrimor.at\/?s={search_term_string}"},"query-input":{"@type":"PropertyValueSpecification","valueRequired":true,"valueName":"search_term_string"}}],"inLanguage":"de"}]}},"jetpack_sharing_enabled":true,"_links":{"self":[{"href":"https:\/\/www.thrimor.at\/index.php\/wp-json\/wp\/v2\/pages\/1560","targetHints":{"allow":["GET"]}}],"collection":[{"href":"https:\/\/www.thrimor.at\/index.php\/wp-json\/wp\/v2\/pages"}],"about":[{"href":"https:\/\/www.thrimor.at\/index.php\/wp-json\/wp\/v2\/types\/page"}],"author":[{"embeddable":true,"href":"https:\/\/www.thrimor.at\/index.php\/wp-json\/wp\/v2\/users\/1"}],"replies":[{"embeddable":true,"href":"https:\/\/www.thrimor.at\/index.php\/wp-json\/wp\/v2\/comments?post=1560"}],"version-history":[{"count":6,"href":"https:\/\/www.thrimor.at\/index.php\/wp-json\/wp\/v2\/pages\/1560\/revisions"}],"predecessor-version":[{"id":1707,"href":"https:\/\/www.thrimor.at\/index.php\/wp-json\/wp\/v2\/pages\/1560\/revisions\/1707"}],"up":[{"embeddable":true,"href":"https:\/\/www.thrimor.at\/index.php\/wp-json\/wp\/v2\/pages\/85"}],"wp:attachment":[{"href":"https:\/\/www.thrimor.at\/index.php\/wp-json\/wp\/v2\/media?parent=1560"}],"curies":[{"name":"wp","href":"https:\/\/api.w.org\/{rel}","templated":true}]}}