{"id":1668,"date":"2025-12-04T18:12:58","date_gmt":"2025-12-04T17:12:58","guid":{"rendered":"https:\/\/www.thrimor.at\/?page_id=1668"},"modified":"2026-01-23T13:01:14","modified_gmt":"2026-01-23T12:01:14","slug":"conquest-of-mythodea-2026","status":"publish","type":"page","link":"https:\/\/www.thrimor.at\/index.php\/events\/conquest-of-mythodea-2026\/","title":{"rendered":"Conquest of Mythodea 2026"},"content":{"rendered":"\n<figure class=\"wp-block-image size-full\"><img loading=\"lazy\" decoding=\"async\" width=\"400\" height=\"162\" src=\"https:\/\/www.thrimor.at\/wp-content\/uploads\/2025\/12\/Titelfoto.png\" alt=\"\" class=\"wp-image-1671\" srcset=\"https:\/\/www.thrimor.at\/wp-content\/uploads\/2025\/12\/Titelfoto.png 400w, https:\/\/www.thrimor.at\/wp-content\/uploads\/2025\/12\/Titelfoto-300x122.png 300w\" sizes=\"auto, (max-width: 400px) 100vw, 400px\" \/><\/figure>\n\n\n\n<p>Dies ist eine externe Veranstaltung.&nbsp;<\/p>\n\n\n\n<p>Gardistinnen und Gardistonnen!&nbsp;<br>Thrimor entsendet auch heuer eine milit\u00e4rische Pr\u00e4senz nach Mitraspera. Ziel ist es, den Einfluss Thrimors zu festigen und die Verfemten zur\u00fcckzutreiben, zu Ehren seiner Grafschaft Folken Tirell Thrimos.&nbsp;<br>Die Thrimorer Garde sucht Freiwillige f\u00fcr den heurigen Heerzug.&nbsp;<\/p>\n\n\n\n<p>Willkommen auf dem Conquest of Mythodea!&nbsp;<\/p>\n\n\n\n<p>Die Expedition nach Sarkan geht weiter \u2013 und f\u00fchrt euch nun tiefer in die unergr\u00fcndliche Knochenweite. Dort, zwischen endlosen Feldern aus Stein und Knochen und einigen kargen W\u00e4ldern, hofft ihr, weitere Hinweise auf Mitraluun, die geheimnisvolle Dritte Schwester, zu finden. Doch jede Antwort wirft neue Fragen auf \u2013 und jeder Schritt lockt alte und neue Feinde auf eure F\u00e4hrte.&nbsp;<\/p>\n\n\n\n<p><strong>Wann<\/strong>&nbsp;<\/p>\n\n\n\n<p>Wir nutzen die Fr\u00fchanreise am 02. August 2026.&nbsp;<\/p>\n\n\n\n<p>05. &#8211; 09. August 2026&nbsp;<\/p>\n\n\n\n<p><strong>Wo<\/strong>&nbsp;<\/p>\n\n\n\n<p><a href=\"https:\/\/maps.app.goo.gl\/cK4Pjzm8VAMJBwQU8\" target=\"_blank\" rel=\"noreferrer noopener\">ConQuest<\/a>&nbsp;<br>Rittergut Brokeloh 1&nbsp;<br>31628 Landesbergen<\/p>\n\n\n\n<p><strong>Verpflegung<\/strong>&nbsp;<\/p>\n\n\n\n<p>Essen und antialkoholische Getr\u00e4nke von Sonntagabend bis inkl. Sonntagfr\u00fch organisieren wir uns wie im letzten Jahr selbst.&nbsp;<\/p>\n\n\n\n<p><strong>Kosten<\/strong>&nbsp;<\/p>\n\n\n\n<p>Du ben\u00f6tigst ein <a href=\"https:\/\/skald.com\/event\/get?lang=en&amp;id=60&amp;name=ConQuest_2026\" target=\"_blank\" rel=\"noreferrer noopener\">Ticket f\u00fcr das Conquest of Mythodea<\/a>.<\/p>\n\n\n\n<p>Wir veranschlagen 150 &#8211; 200 \u20ac Unkostenbeitrag f\u00fcr Verpflegung und Material.&nbsp;<\/p>\n\n\n\n<p>Eine genaue Abrechnung erfolgt nach der Veranstaltung.&nbsp;<\/p>\n\n\n\n<p><strong>Unterkunft<\/strong>&nbsp;<\/p>\n\n\n\n<p>Wir organisieren unsere Unterbringung in unseren eigenen Zelten.&nbsp;<\/p>\n\n\n\n<p>Am Gel\u00e4nde selbst werden Dixiklos und mobile sanit\u00e4re Einrichtungen zur Verf\u00fcgung gestellt.&nbsp;<\/p>\n\n\n\n<p><strong>Anfahrt<\/strong>&nbsp;<\/p>\n\n\n\n<p>Wir bilden Fahrgemeinschaften (siehe Telegramm-Gruppe) und reisen selbstst\u00e4ndig an.&nbsp;<\/p>\n\n\n\n<p>Auf die Autobahn A7 Richtung Hannover, bei Hannover Ost (57) auf die A2 Richtung Dortmund, Ausfahrt Herrenhausen\/Nienburg (42) nehmen und auf die B6 Richtung Nienburg, nach ca. 25 km links Richtung Husum und in Husum Richtung Brokeloh abbiegen.&nbsp;<\/p>\n\n\n\n<p>Mit Bus und Bahn: Fahrt bis zum Bahnhof Nienburg\/Weser und steigt dort in die Buslinie mit Zielhaltestelle: Brokeloh, Mitte&nbsp;<\/p>\n\n\n\n<p><strong>Mitzubringen<\/strong>&nbsp;<\/p>\n\n\n\n<p>Mal abgesehen von eurer pers\u00f6nlichen Ausr\u00fcstung bitten wir euch Folgendes mitzunehmen:&nbsp;<\/p>\n\n\n\n<ul class=\"wp-block-list\">\n<li>Schlafsack und Unterlagsmatte\/Feldbett&nbsp;<\/li>\n\n\n\n<li>feste, mindestens kn\u00f6chelhohe Schuhe!&nbsp;<\/li>\n\n\n\n<li>wenn m\u00f6glich gr\u00fcne Hosen und wei\u00dfe Hemden (Larp-tauglich)&nbsp;<\/li>\n\n\n\n<li>R\u00fcstung und Waffen soweit vorhanden&nbsp;<\/li>\n\n\n\n<li>Arbeitshandschuhe f\u00fcr den Auf- und Abbau&nbsp;<\/li>\n\n\n\n<li>verschlie\u00dfbarer Essensbeh\u00e4lter (nicht IT-tauglich)&nbsp;<\/li>\n\n\n\n<li>Spa\u00df und gute Laune&nbsp;<\/li>\n<\/ul>\n\n\n\n<p>Tetanus- und FSME-Impfungen sind empfehlenswert.<\/p>\n\n\n\n<h2 class=\"wp-block-heading\">Anmeldung<\/h2>\n\n\n\n<div class=\"wp-block-contact-form-7-contact-form-selector\">\n<div class=\"wpcf7 no-js\" id=\"wpcf7-f1677-o1\" lang=\"de-DE\" dir=\"ltr\" data-wpcf7-id=\"1677\">\n<div class=\"screen-reader-response\"><p role=\"status\" aria-live=\"polite\" aria-atomic=\"true\"><\/p> <ul><\/ul><\/div>\n<form action=\"\/index.php\/wp-json\/wp\/v2\/pages\/1668#wpcf7-f1677-o1\" method=\"post\" class=\"wpcf7-form init\" aria-label=\"Kontaktformular\" novalidate=\"novalidate\" data-status=\"init\">\n<fieldset class=\"hidden-fields-container\"><input type=\"hidden\" name=\"_wpcf7\" value=\"1677\" \/><input type=\"hidden\" name=\"_wpcf7_version\" value=\"6.1.2\" \/><input type=\"hidden\" name=\"_wpcf7_locale\" value=\"de_DE\" \/><input type=\"hidden\" name=\"_wpcf7_unit_tag\" value=\"wpcf7-f1677-o1\" \/><input type=\"hidden\" name=\"_wpcf7_container_post\" value=\"0\" \/><input type=\"hidden\" name=\"_wpcf7_posted_data_hash\" value=\"\" \/><input type=\"hidden\" name=\"_wpcf7_recaptcha_response\" value=\"\" \/>\n<\/fieldset>\n<input class=\"wpcf7-form-control wpcf7-hidden\" value=\"Conquest of Mythodea 2026\" type=\"hidden\" name=\"event\" \/>\n<input class=\"wpcf7-form-control wpcf7-hidden\" value=\"05. - 09. August 2026\" type=\"hidden\" name=\"date\" \/>\n<p><label> <b>Essgewohnheiten *<\/b> <\/label><br \/>\n<span class=\"wpcf7-form-control-wrap\" data-name=\"eating-habits\"><span class=\"wpcf7-form-control wpcf7-radio\"><span class=\"wpcf7-list-item first\"><label><input type=\"radio\" name=\"eating-habits\" value=\"Ich esse alles\" checked=\"checked\" \/><span class=\"wpcf7-list-item-label\">Ich esse alles<\/span><\/label><\/span><span class=\"wpcf7-list-item last\"><label><input type=\"radio\" name=\"eating-habits\" value=\"Ich esse kein Fleisch\" \/><span class=\"wpcf7-list-item-label\">Ich esse kein Fleisch<\/span><\/label><\/span><\/span><\/span>\n<\/p>\n<p><label> <b>Anreise *<\/b> <\/label><br \/>\n<span class=\"wpcf7-form-control-wrap\" data-name=\"arrival\"><span class=\"wpcf7-form-control wpcf7-radio\"><span class=\"wpcf7-list-item first\"><label><input type=\"radio\" name=\"arrival\" value=\"Ich reise am Sonntag den 02. August 2026 an.\" checked=\"checked\" \/><span class=\"wpcf7-list-item-label\">Ich reise am Sonntag den 02. August 2026 an.<\/span><\/label><\/span><span class=\"wpcf7-list-item\"><label><input type=\"radio\" name=\"arrival\" value=\"Ich reise am Montag den 03. August 2026 an.\" \/><span class=\"wpcf7-list-item-label\">Ich reise am Montag den 03. August 2026 an.<\/span><\/label><\/span><span class=\"wpcf7-list-item\"><label><input type=\"radio\" name=\"arrival\" value=\"Ich reise am Dienstag den 04. August 2026 an.\" \/><span class=\"wpcf7-list-item-label\">Ich reise am Dienstag den 04. August 2026 an.<\/span><\/label><\/span><span class=\"wpcf7-list-item last\"><label><input type=\"radio\" name=\"arrival\" value=\"Ich reise am Mittwoch den 05. August 2026 an.\" \/><span class=\"wpcf7-list-item-label\">Ich reise am Mittwoch den 05. August 2026 an.<\/span><\/label><\/span><\/span><\/span>\n<\/p>\n<p><label> <b>Titel<\/b><br \/>\n<span class=\"wpcf7-form-control-wrap\" data-name=\"title\"><input size=\"40\" maxlength=\"400\" class=\"wpcf7-form-control wpcf7-text\" aria-invalid=\"false\" value=\"\" type=\"text\" name=\"title\" \/><\/span> <\/label>\n<\/p>\n<p><label> <b>Nachname *<\/b><br \/>\n<span class=\"wpcf7-form-control-wrap\" data-name=\"lastname\"><input size=\"40\" maxlength=\"400\" class=\"wpcf7-form-control wpcf7-text wpcf7-validates-as-required\" aria-required=\"true\" aria-invalid=\"false\" value=\"\" type=\"text\" name=\"lastname\" \/><\/span> <\/label>\n<\/p>\n<p><label> <b>Vorname *<\/b><br \/>\n<span class=\"wpcf7-form-control-wrap\" data-name=\"firstname\"><input size=\"40\" maxlength=\"400\" class=\"wpcf7-form-control wpcf7-text wpcf7-validates-as-required\" aria-required=\"true\" aria-invalid=\"false\" value=\"\" type=\"text\" name=\"firstname\" \/><\/span> <\/label>\n<\/p>\n<p><label> <b>Geburtsdatum *<\/b><br \/>\nBei unter 16 J\u00e4hrigen wird eine Aufsichtsperson ben\u00f6tigt.<br \/>\nBei 16 bis 18 J\u00e4hrigen wird die Zustimmung der Erziehungsberechtigten ben\u00f6tigt.<br \/>\n(entsprechende Formulare folgen bei Anmeldung)<br \/>\n<span class=\"wpcf7-form-control-wrap\" data-name=\"birthdate\"><input class=\"wpcf7-form-control wpcf7-date wpcf7-validates-as-required wpcf7-validates-as-date\" aria-required=\"true\" aria-invalid=\"false\" value=\"TT.MM.YYYY\" type=\"date\" name=\"birthdate\" \/><\/span> <\/label>\n<\/p>\n<p><label> <b>E-Mail-Adresse *<\/b><br \/>\n<span class=\"wpcf7-form-control-wrap\" data-name=\"email\"><input size=\"40\" maxlength=\"400\" class=\"wpcf7-form-control wpcf7-email wpcf7-validates-as-required wpcf7-text wpcf7-validates-as-email\" aria-required=\"true\" aria-invalid=\"false\" value=\"\" type=\"email\" name=\"email\" \/><\/span> <\/label>\n<\/p>\n<p><label style=\"float: left;\"> <b>Vorwahl<\/b><br \/>\n<span class=\"wpcf7-form-control-wrap\" data-name=\"phoneprefix\"><select class=\"wpcf7-form-control wpcf7-select\" aria-invalid=\"false\" name=\"phoneprefix\"><option value=\"+43\">+43<\/option><option value=\"+49\">+49<\/option><option value=\"+41\">+41<\/option><\/select><\/span> <\/label>\n<\/p>\n<p><label> <b>Telefon<\/b><br \/>\n<span class=\"wpcf7-form-control-wrap\" data-name=\"phone\"><input size=\"40\" maxlength=\"400\" class=\"wpcf7-form-control wpcf7-tel wpcf7-text wpcf7-validates-as-tel\" aria-invalid=\"false\" value=\"\" type=\"tel\" name=\"phone\" \/><\/span> <\/label>\n<\/p>\n<p><label> <b>Zusatzinfos<\/b><br \/>\n<span class=\"wpcf7-form-control-wrap\" data-name=\"additional-infos\"><span class=\"wpcf7-form-control wpcf7-checkbox\"><span class=\"wpcf7-list-item first last\"><label><input type=\"checkbox\" name=\"additional-infos[]\" value=\"Ich bin neu in Thrimor; bitte schickt mir zus\u00e4tzliche Infos.\" \/><span class=\"wpcf7-list-item-label\">Ich bin neu in Thrimor; bitte schickt mir zus\u00e4tzliche Infos.<\/span><\/label><\/span><\/span><\/span> <\/label>\n<\/p>\n<p><label> <b>Zus\u00e4tzliche Bemerkungen<\/b><br \/>\nWenn du m\u00f6chtest, kannst du uns hier auch \u00fcber Allergien, Unvertr\u00e4glichkeiten, Erkrankungen oder \u00e4hnliches informieren. Diese Informationen werden selbstverst\u00e4ndlich vertraulich behandelt.<br \/>\n<span class=\"wpcf7-form-control-wrap\" data-name=\"remarks\"><textarea cols=\"40\" rows=\"10\" maxlength=\"2000\" class=\"wpcf7-form-control wpcf7-textarea\" aria-invalid=\"false\" name=\"remarks\"><\/textarea><\/span> <\/label>\n<\/p>\n<p><span><b>* erforderlich<\/b><\/span>\n<\/p>\n<p><input class=\"wpcf7-form-control wpcf7-submit has-spinner\" type=\"submit\" value=\"Senden\" \/>\n<\/p><div class=\"wpcf7-response-output\" aria-hidden=\"true\"><\/div>\n<\/form>\n<\/div>\n<\/div>\n","protected":false},"excerpt":{"rendered":"<p>Dies ist eine externe Veranstaltung.&nbsp; Gardistinnen und Gardistonnen!&nbsp;Thrimor entsendet auch heuer eine milit\u00e4rische Pr\u00e4senz nach Mitraspera. Ziel ist es, den Einfluss Thrimors zu festigen und die Verfemten zur\u00fcckzutreiben, zu Ehren seiner Grafschaft Folken Tirell Thrimos.&nbsp;Die Thrimorer Garde sucht Freiwillige f\u00fcr den heurigen Heerzug.&nbsp; Willkommen auf dem Conquest of Mythodea!&nbsp; Die Expedition nach Sarkan geht weiter [&hellip;]<\/p>\n","protected":false},"author":1,"featured_media":0,"parent":85,"menu_order":68,"comment_status":"closed","ping_status":"closed","template":"","meta":{"om_disable_all_campaigns":false,"footnotes":""},"class_list":["post-1668","page","type-page","status-publish","hentry"],"yoast_head":"<!-- This site is optimized with the Yoast SEO plugin v26.1.1 - https:\/\/yoast.com\/wordpress\/plugins\/seo\/ -->\n<title>Conquest of Mythodea 2026 - Thrimorer Garde<\/title>\n<meta name=\"robots\" content=\"index, follow, max-snippet:-1, max-image-preview:large, max-video-preview:-1\" \/>\n<link rel=\"canonical\" href=\"https:\/\/www.thrimor.at\/index.php\/events\/conquest-of-mythodea-2026\/\" \/>\n<meta property=\"og:locale\" content=\"de_DE\" \/>\n<meta property=\"og:type\" content=\"article\" \/>\n<meta property=\"og:title\" content=\"Conquest of Mythodea 2026 - Thrimorer Garde\" \/>\n<meta property=\"og:description\" content=\"Dies ist eine externe Veranstaltung.&nbsp; Gardistinnen und Gardistonnen!&nbsp;Thrimor entsendet auch heuer eine milit\u00e4rische Pr\u00e4senz nach Mitraspera. Ziel ist es, den Einfluss Thrimors zu festigen und die Verfemten zur\u00fcckzutreiben, zu Ehren seiner Grafschaft Folken Tirell Thrimos.&nbsp;Die Thrimorer Garde sucht Freiwillige f\u00fcr den heurigen Heerzug.&nbsp; Willkommen auf dem Conquest of Mythodea!&nbsp; Die Expedition nach Sarkan geht weiter [&hellip;]\" \/>\n<meta property=\"og:url\" content=\"https:\/\/www.thrimor.at\/index.php\/events\/conquest-of-mythodea-2026\/\" \/>\n<meta property=\"og:site_name\" content=\"Thrimorer Garde\" \/>\n<meta property=\"article:modified_time\" content=\"2026-01-23T12:01:14+00:00\" \/>\n<meta property=\"og:image\" content=\"https:\/\/www.thrimor.at\/wp-content\/uploads\/2025\/12\/Titelfoto.png\" \/>\n\t<meta property=\"og:image:width\" content=\"400\" \/>\n\t<meta property=\"og:image:height\" content=\"162\" \/>\n\t<meta property=\"og:image:type\" content=\"image\/png\" \/>\n<meta name=\"twitter:card\" content=\"summary_large_image\" \/>\n<meta name=\"twitter:label1\" content=\"Gesch\u00e4tzte Lesezeit\" \/>\n\t<meta name=\"twitter:data1\" content=\"2\u00a0Minuten\" \/>\n<script type=\"application\/ld+json\" class=\"yoast-schema-graph\">{\"@context\":\"https:\/\/schema.org\",\"@graph\":[{\"@type\":\"WebPage\",\"@id\":\"https:\/\/www.thrimor.at\/index.php\/events\/conquest-of-mythodea-2026\/\",\"url\":\"https:\/\/www.thrimor.at\/index.php\/events\/conquest-of-mythodea-2026\/\",\"name\":\"Conquest of Mythodea 2026 - Thrimorer Garde\",\"isPartOf\":{\"@id\":\"https:\/\/www.thrimor.at\/#website\"},\"primaryImageOfPage\":{\"@id\":\"https:\/\/www.thrimor.at\/index.php\/events\/conquest-of-mythodea-2026\/#primaryimage\"},\"image\":{\"@id\":\"https:\/\/www.thrimor.at\/index.php\/events\/conquest-of-mythodea-2026\/#primaryimage\"},\"thumbnailUrl\":\"https:\/\/www.thrimor.at\/wp-content\/uploads\/2025\/12\/Titelfoto.png\",\"datePublished\":\"2025-12-04T17:12:58+00:00\",\"dateModified\":\"2026-01-23T12:01:14+00:00\",\"breadcrumb\":{\"@id\":\"https:\/\/www.thrimor.at\/index.php\/events\/conquest-of-mythodea-2026\/#breadcrumb\"},\"inLanguage\":\"de\",\"potentialAction\":[{\"@type\":\"ReadAction\",\"target\":[\"https:\/\/www.thrimor.at\/index.php\/events\/conquest-of-mythodea-2026\/\"]}]},{\"@type\":\"ImageObject\",\"inLanguage\":\"de\",\"@id\":\"https:\/\/www.thrimor.at\/index.php\/events\/conquest-of-mythodea-2026\/#primaryimage\",\"url\":\"https:\/\/www.thrimor.at\/wp-content\/uploads\/2025\/12\/Titelfoto.png\",\"contentUrl\":\"https:\/\/www.thrimor.at\/wp-content\/uploads\/2025\/12\/Titelfoto.png\",\"width\":400,\"height\":162},{\"@type\":\"BreadcrumbList\",\"@id\":\"https:\/\/www.thrimor.at\/index.php\/events\/conquest-of-mythodea-2026\/#breadcrumb\",\"itemListElement\":[{\"@type\":\"ListItem\",\"position\":1,\"name\":\"Home\",\"item\":\"https:\/\/www.thrimor.at\/\"},{\"@type\":\"ListItem\",\"position\":2,\"name\":\"Events\",\"item\":\"https:\/\/www.thrimor.at\/index.php\/events\/\"},{\"@type\":\"ListItem\",\"position\":3,\"name\":\"Conquest of Mythodea 2026\"}]},{\"@type\":\"WebSite\",\"@id\":\"https:\/\/www.thrimor.at\/#website\",\"url\":\"https:\/\/www.thrimor.at\/\",\"name\":\"Thrimorer Garde\",\"description\":\"Eine engagierte LARP-Community aus Salzburg\",\"potentialAction\":[{\"@type\":\"SearchAction\",\"target\":{\"@type\":\"EntryPoint\",\"urlTemplate\":\"https:\/\/www.thrimor.at\/?s={search_term_string}\"},\"query-input\":{\"@type\":\"PropertyValueSpecification\",\"valueRequired\":true,\"valueName\":\"search_term_string\"}}],\"inLanguage\":\"de\"}]}<\/script>\n<!-- \/ Yoast SEO plugin. -->","yoast_head_json":{"title":"Conquest of Mythodea 2026 - Thrimorer Garde","robots":{"index":"index","follow":"follow","max-snippet":"max-snippet:-1","max-image-preview":"max-image-preview:large","max-video-preview":"max-video-preview:-1"},"canonical":"https:\/\/www.thrimor.at\/index.php\/events\/conquest-of-mythodea-2026\/","og_locale":"de_DE","og_type":"article","og_title":"Conquest of Mythodea 2026 - Thrimorer Garde","og_description":"Dies ist eine externe Veranstaltung.&nbsp; Gardistinnen und Gardistonnen!&nbsp;Thrimor entsendet auch heuer eine milit\u00e4rische Pr\u00e4senz nach Mitraspera. Ziel ist es, den Einfluss Thrimors zu festigen und die Verfemten zur\u00fcckzutreiben, zu Ehren seiner Grafschaft Folken Tirell Thrimos.&nbsp;Die Thrimorer Garde sucht Freiwillige f\u00fcr den heurigen Heerzug.&nbsp; Willkommen auf dem Conquest of Mythodea!&nbsp; Die Expedition nach Sarkan geht weiter [&hellip;]","og_url":"https:\/\/www.thrimor.at\/index.php\/events\/conquest-of-mythodea-2026\/","og_site_name":"Thrimorer Garde","article_modified_time":"2026-01-23T12:01:14+00:00","og_image":[{"width":400,"height":162,"url":"https:\/\/www.thrimor.at\/wp-content\/uploads\/2025\/12\/Titelfoto.png","type":"image\/png"}],"twitter_card":"summary_large_image","twitter_misc":{"Gesch\u00e4tzte Lesezeit":"2\u00a0Minuten"},"schema":{"@context":"https:\/\/schema.org","@graph":[{"@type":"WebPage","@id":"https:\/\/www.thrimor.at\/index.php\/events\/conquest-of-mythodea-2026\/","url":"https:\/\/www.thrimor.at\/index.php\/events\/conquest-of-mythodea-2026\/","name":"Conquest of Mythodea 2026 - Thrimorer Garde","isPartOf":{"@id":"https:\/\/www.thrimor.at\/#website"},"primaryImageOfPage":{"@id":"https:\/\/www.thrimor.at\/index.php\/events\/conquest-of-mythodea-2026\/#primaryimage"},"image":{"@id":"https:\/\/www.thrimor.at\/index.php\/events\/conquest-of-mythodea-2026\/#primaryimage"},"thumbnailUrl":"https:\/\/www.thrimor.at\/wp-content\/uploads\/2025\/12\/Titelfoto.png","datePublished":"2025-12-04T17:12:58+00:00","dateModified":"2026-01-23T12:01:14+00:00","breadcrumb":{"@id":"https:\/\/www.thrimor.at\/index.php\/events\/conquest-of-mythodea-2026\/#breadcrumb"},"inLanguage":"de","potentialAction":[{"@type":"ReadAction","target":["https:\/\/www.thrimor.at\/index.php\/events\/conquest-of-mythodea-2026\/"]}]},{"@type":"ImageObject","inLanguage":"de","@id":"https:\/\/www.thrimor.at\/index.php\/events\/conquest-of-mythodea-2026\/#primaryimage","url":"https:\/\/www.thrimor.at\/wp-content\/uploads\/2025\/12\/Titelfoto.png","contentUrl":"https:\/\/www.thrimor.at\/wp-content\/uploads\/2025\/12\/Titelfoto.png","width":400,"height":162},{"@type":"BreadcrumbList","@id":"https:\/\/www.thrimor.at\/index.php\/events\/conquest-of-mythodea-2026\/#breadcrumb","itemListElement":[{"@type":"ListItem","position":1,"name":"Home","item":"https:\/\/www.thrimor.at\/"},{"@type":"ListItem","position":2,"name":"Events","item":"https:\/\/www.thrimor.at\/index.php\/events\/"},{"@type":"ListItem","position":3,"name":"Conquest of Mythodea 2026"}]},{"@type":"WebSite","@id":"https:\/\/www.thrimor.at\/#website","url":"https:\/\/www.thrimor.at\/","name":"Thrimorer Garde","description":"Eine engagierte LARP-Community aus Salzburg","potentialAction":[{"@type":"SearchAction","target":{"@type":"EntryPoint","urlTemplate":"https:\/\/www.thrimor.at\/?s={search_term_string}"},"query-input":{"@type":"PropertyValueSpecification","valueRequired":true,"valueName":"search_term_string"}}],"inLanguage":"de"}]}},"jetpack_sharing_enabled":true,"_links":{"self":[{"href":"https:\/\/www.thrimor.at\/index.php\/wp-json\/wp\/v2\/pages\/1668","targetHints":{"allow":["GET"]}}],"collection":[{"href":"https:\/\/www.thrimor.at\/index.php\/wp-json\/wp\/v2\/pages"}],"about":[{"href":"https:\/\/www.thrimor.at\/index.php\/wp-json\/wp\/v2\/types\/page"}],"author":[{"embeddable":true,"href":"https:\/\/www.thrimor.at\/index.php\/wp-json\/wp\/v2\/users\/1"}],"replies":[{"embeddable":true,"href":"https:\/\/www.thrimor.at\/index.php\/wp-json\/wp\/v2\/comments?post=1668"}],"version-history":[{"count":2,"href":"https:\/\/www.thrimor.at\/index.php\/wp-json\/wp\/v2\/pages\/1668\/revisions"}],"predecessor-version":[{"id":1680,"href":"https:\/\/www.thrimor.at\/index.php\/wp-json\/wp\/v2\/pages\/1668\/revisions\/1680"}],"up":[{"embeddable":true,"href":"https:\/\/www.thrimor.at\/index.php\/wp-json\/wp\/v2\/pages\/85"}],"wp:attachment":[{"href":"https:\/\/www.thrimor.at\/index.php\/wp-json\/wp\/v2\/media?parent=1668"}],"curies":[{"name":"wp","href":"https:\/\/api.w.org\/{rel}","templated":true}]}}