{"id":1693,"date":"2026-01-09T12:49:13","date_gmt":"2026-01-09T11:49:13","guid":{"rendered":"https:\/\/www.thrimor.at\/?page_id=1693"},"modified":"2026-01-23T13:01:22","modified_gmt":"2026-01-23T12:01:22","slug":"ot-treffen-vii","status":"publish","type":"page","link":"https:\/\/www.thrimor.at\/index.php\/events\/ot-treffen-vii\/","title":{"rendered":"OT-Treffen VII"},"content":{"rendered":"\n<figure class=\"wp-block-image size-full\"><img loading=\"lazy\" decoding=\"async\" width=\"640\" height=\"427\" src=\"https:\/\/www.thrimor.at\/wp-content\/uploads\/2026\/01\/Titelbild.jpg\" alt=\"\" class=\"wp-image-1694\" srcset=\"https:\/\/www.thrimor.at\/wp-content\/uploads\/2026\/01\/Titelbild.jpg 640w, https:\/\/www.thrimor.at\/wp-content\/uploads\/2026\/01\/Titelbild-300x200.jpg 300w\" sizes=\"auto, (max-width: 640px) 100vw, 640px\" \/><\/figure>\n\n\n\n<p>Liebe Freunde und Vereinsmitglieder,&nbsp;<br>wir&nbsp;laden&nbsp;euch herzlichst zum&nbsp;Sommer-OT-Treffen 2026 ein.&nbsp;<\/p>\n\n\n\n<p>Wir&nbsp;machen diesmal einen Ausflug zum sch\u00f6nen Metzgersteig in der Ebenau bei Salzburg.&nbsp;Ihr habt zwei M\u00f6glichkeiten:&nbsp;<\/p>\n\n\n\n<ul class=\"wp-block-list\">\n<li>Ihr wollt einfach\u00a0an einem hei\u00dfen\u00a0Tag am Wasser\u00a0abh\u00e4ngen\u00a0mit Grillen,\u00a0Spielen, Faulenzen und das in der besten Gesellschaft? Dann\u00a0treffen wir uns ab\u00a013:00 beim Metzgersteig.\u00a0<\/li>\n<\/ul>\n\n\n\n<ul class=\"wp-block-list\">\n<li>Ihr wollt mit der Gruppe eine\u00a0kleine Wanderung\u00a0(Die\u00a0Dauer\u00a0richtet sich nach der Mehrzahl der Stimmen, siehe Anmeldung.)\u00a0durch das sch\u00f6ne Salzburger\u00a0Land mit anschlie\u00dfendem gem\u00fctlichem Ausklang, Grillen, Spielen und Faulenzen? Dann\u00a0treffen wir uns um 11:00 beim Metzgersteig, fahren dann zum Ausgangspunkt der Wanderung. Die Tour endet wieder am Metzgersteig bei der anderen Gruppe, mit der\u00a0wir den Nachmittag gem\u00fctlich ausklingen lassen.\u00a0<\/li>\n<\/ul>\n\n\n\n<p>Als Schlechtwetterersatzprogramm&nbsp;machen wir einen Spielenachmittag in Obertrum im Salettl.&nbsp;<\/p>\n\n\n\n<p><strong>Wann<\/strong>&nbsp;<\/p>\n\n\n\n<p>22.&nbsp;August&nbsp;2026&nbsp;<\/p>\n\n\n\n<p>Jederzeit ab 13:00 beim&nbsp;Metzgersteig&nbsp;<br>Wandergruppe um&nbsp;11:00&nbsp;beim&nbsp;Metzgersteig&nbsp;<\/p>\n\n\n\n<p><strong>Wo<\/strong>&nbsp;<\/p>\n\n\n\n<p><a href=\"https:\/\/www.google.com\/maps\/place\/47\u00b046'09.3&quot;N+13\u00b010'53.4&quot;E\/@47.769238,13.181502,731m\/data=!3m2!1e3!4b1!4m4!3m3!8m2!3d47.769238!4d13.181502!17m2!4m1!1e3!18m1!1e1?entry=ttu&amp;g_ep=EgoyMDI1MTIwOS4wIKXMDSoASAFQAw%3D%3D\" target=\"_blank\" rel=\"noreferrer noopener\">Wiestal\u00a0Landesstra\u00dfe (ca\u00a0Hausnummer 91)\u00a0<\/a><br>5323\u00a0Ebenau bei Salzburg\u00a0<\/p>\n\n\n\n<p>Schlechtwetterersatz:&nbsp;<\/p>\n\n\n\n<p><a href=\"https:\/\/goo.gl\/maps\/AnX6aukqsTFi4MLR9\" target=\"_blank\" rel=\"noreferrer noopener\">Salettl<\/a>\u00a0<br>Huberbergstra\u00dfe 36\u00a0<br>5162 Obertrum am See\u00a0<\/p>\n\n\n\n<p><strong>Verpflegung<\/strong>&nbsp;<\/p>\n\n\n\n<p>Bitte nehmt euch&nbsp;Essen und&nbsp;Grillzeug mit.&nbsp;<br>Griller&nbsp;und&nbsp;antialkoholische&nbsp;Getr\u00e4nke stellen wir.&nbsp;<br>F\u00fcr alkoholische Getr\u00e4nke bitten wir um eine Spende in die Box.&nbsp;<\/p>\n\n\n\n<p><strong>Unkostenbeitrag<\/strong>&nbsp;<\/p>\n\n\n\n<p>Entf\u00e4llt&nbsp;f\u00fcr Vereinsmitglieder&nbsp;<\/p>\n\n\n\n<p>Externe zahlen&nbsp;10\u20ac Unkostenbeitrag vor Ort.&nbsp;<\/p>\n\n\n\n<p><strong>Anfahrt<\/strong>&nbsp;<\/p>\n\n\n\n<p>Aus&nbsp;Ebenau kommend befindet sich&nbsp;ca&nbsp;150&nbsp;m&nbsp;vor der Firma Glas und Rahmen&nbsp;(Wiestal&nbsp;Landesstra\u00dfe 91) auf der linken Seite eine kleine Parkbucht. Wenn ihr dort oder am Gr\u00fcnstreifen&nbsp;parkt und&nbsp;\u00fcber die Br\u00fccke geht, wendet euch nach rechts und folgt dem Pfad.&nbsp;<br>Dann kommt ihr&nbsp;zum Ausgang des Metzgersteiges am Fu\u00dfe der&nbsp;Almbachklamm.&nbsp;<\/p>\n\n\n\n<p><strong>Mitzubringen<\/strong>&nbsp;<\/p>\n\n\n\n<ul class=\"wp-block-list\">\n<li>Badebekleidung&nbsp;<\/li>\n\n\n\n<li>Spiele&nbsp;<\/li>\n\n\n\n<li>Essen und Grillgut&nbsp;<\/li>\n\n\n\n<li>Verschlie\u00dfbarer Essensbeh\u00e4lter&nbsp;<\/li>\n\n\n\n<li>Spa\u00df und gute Laune&nbsp;<\/li>\n<\/ul>\n\n\n\n<h2 class=\"wp-block-heading\">Anmeldung<\/h2>\n\n\n\n<div class=\"wp-block-contact-form-7-contact-form-selector\">\n<div class=\"wpcf7 no-js\" id=\"wpcf7-f1690-o1\" lang=\"de-DE\" dir=\"ltr\" data-wpcf7-id=\"1690\">\n<div class=\"screen-reader-response\"><p role=\"status\" aria-live=\"polite\" aria-atomic=\"true\"><\/p> <ul><\/ul><\/div>\n<form action=\"\/index.php\/wp-json\/wp\/v2\/pages\/1693#wpcf7-f1690-o1\" method=\"post\" class=\"wpcf7-form init\" aria-label=\"Kontaktformular\" novalidate=\"novalidate\" data-status=\"init\">\n<fieldset class=\"hidden-fields-container\"><input type=\"hidden\" name=\"_wpcf7\" value=\"1690\" \/><input type=\"hidden\" name=\"_wpcf7_version\" value=\"6.1.2\" \/><input type=\"hidden\" name=\"_wpcf7_locale\" value=\"de_DE\" \/><input type=\"hidden\" name=\"_wpcf7_unit_tag\" value=\"wpcf7-f1690-o1\" \/><input type=\"hidden\" name=\"_wpcf7_container_post\" value=\"0\" \/><input type=\"hidden\" name=\"_wpcf7_posted_data_hash\" value=\"\" \/><input type=\"hidden\" name=\"_wpcf7_recaptcha_response\" value=\"\" \/>\n<\/fieldset>\n<input class=\"wpcf7-form-control wpcf7-hidden\" value=\"OT-Treffen VII\" type=\"hidden\" name=\"event\" \/>\n<input class=\"wpcf7-form-control wpcf7-hidden\" value=\"22. August 2026\" type=\"hidden\" name=\"date\" \/>\n<p><label> <b>Tickettyp *<\/b><br \/>\n<span class=\"wpcf7-form-control-wrap\" data-name=\"ticket\"><select class=\"wpcf7-form-control wpcf7-select wpcf7-validates-as-required\" aria-required=\"true\" aria-invalid=\"false\" name=\"ticket\"><option value=\"\">&#8211; Bitte ausw\u00e4hlen &#8211;<\/option><option value=\"Vereinsmitglied\">Vereinsmitglied<\/option><option value=\"Gast\">Gast<\/option><\/select><\/span> <\/label>\n<\/p>\n<p><label> <b>Aktivit\u00e4t *<\/b><br \/>\n<span class=\"wpcf7-form-control-wrap\" data-name=\"activity\"><select class=\"wpcf7-form-control wpcf7-select wpcf7-validates-as-required\" aria-required=\"true\" aria-invalid=\"false\" name=\"activity\"><option value=\"\">&#8211; Bitte ausw\u00e4hlen &#8211;<\/option><option value=\"Gammelticket (Essen, spielen, genie\u00dfen.)\">Gammelticket (Essen, spielen, genie\u00dfen.)<\/option><option value=\"Soft-Wanderung (Bisschen Bewegung vorm Essen.), Dauer ca. 2h\">Soft-Wanderung (Bisschen Bewegung vorm Essen.), Dauer ca. 2h<\/option><option value=\"Wanderung (Wir wollen nicht nur spazieren gehen.), Dauer ca. 3,5h\">Wanderung (Wir wollen nicht nur spazieren gehen.), Dauer ca. 3,5h<\/option><option value=\"Gardisten-Wanderung (Ich will alles.), Dauer ca. 5h\">Gardisten-Wanderung (Ich will alles.), Dauer ca. 5h<\/option><\/select><\/span> <\/label>\n<\/p>\n<p><label> <b>Titel<\/b><br \/>\n<span class=\"wpcf7-form-control-wrap\" data-name=\"title\"><input size=\"40\" maxlength=\"400\" class=\"wpcf7-form-control wpcf7-text\" aria-invalid=\"false\" value=\"\" type=\"text\" name=\"title\" \/><\/span> <\/label>\n<\/p>\n<p><label> <b>Nachname *<\/b><br \/>\n<span class=\"wpcf7-form-control-wrap\" data-name=\"lastname\"><input size=\"40\" maxlength=\"400\" class=\"wpcf7-form-control wpcf7-text wpcf7-validates-as-required\" aria-required=\"true\" aria-invalid=\"false\" value=\"\" type=\"text\" name=\"lastname\" \/><\/span> <\/label>\n<\/p>\n<p><label> <b>Vorname *<\/b><br \/>\n<span class=\"wpcf7-form-control-wrap\" data-name=\"firstname\"><input size=\"40\" maxlength=\"400\" class=\"wpcf7-form-control wpcf7-text wpcf7-validates-as-required\" aria-required=\"true\" aria-invalid=\"false\" value=\"\" type=\"text\" name=\"firstname\" \/><\/span> <\/label>\n<\/p>\n<p><label> <b>Geburtsdatum *<\/b><br \/>\nBei unter 16 J\u00e4hrigen wird eine Aufsichtsperson ben\u00f6tigt.<br \/>\nBei 16 bis 18 J\u00e4hrigen wird die Zustimmung der Erziehungsberechtigten ben\u00f6tigt.<br \/>\n(entsprechende Formulare folgen bei Anmeldung)<br \/>\n<span class=\"wpcf7-form-control-wrap\" data-name=\"birthdate\"><input class=\"wpcf7-form-control wpcf7-date wpcf7-validates-as-required wpcf7-validates-as-date\" aria-required=\"true\" aria-invalid=\"false\" value=\"TT.MM.YYYY\" type=\"date\" name=\"birthdate\" \/><\/span> <\/label>\n<\/p>\n<p><label> <b>E-Mail-Adresse *<\/b><br \/>\n<span class=\"wpcf7-form-control-wrap\" data-name=\"email\"><input size=\"40\" maxlength=\"400\" class=\"wpcf7-form-control wpcf7-email wpcf7-validates-as-required wpcf7-text wpcf7-validates-as-email\" aria-required=\"true\" aria-invalid=\"false\" value=\"\" type=\"email\" name=\"email\" \/><\/span> <\/label>\n<\/p>\n<p><label style=\"float: left;\"> <b>Vorwahl<\/b><br \/>\n<span class=\"wpcf7-form-control-wrap\" data-name=\"phoneprefix\"><select class=\"wpcf7-form-control wpcf7-select\" aria-invalid=\"false\" name=\"phoneprefix\"><option value=\"+43\">+43<\/option><option value=\"+49\">+49<\/option><option value=\"+41\">+41<\/option><\/select><\/span> <\/label>\n<\/p>\n<p><label> <b>Telefon<\/b><br \/>\n<span class=\"wpcf7-form-control-wrap\" data-name=\"phone\"><input size=\"40\" maxlength=\"400\" class=\"wpcf7-form-control wpcf7-tel wpcf7-text wpcf7-validates-as-tel\" aria-invalid=\"false\" value=\"\" type=\"tel\" name=\"phone\" \/><\/span> <\/label>\n<\/p>\n<p><label> <b>Zusatzinfos<\/b><br \/>\n<span class=\"wpcf7-form-control-wrap\" data-name=\"additional-infos\"><span class=\"wpcf7-form-control wpcf7-checkbox\"><span class=\"wpcf7-list-item first last\"><label><input type=\"checkbox\" name=\"additional-infos[]\" value=\"Ich bin neu in Thrimor; bitte schickt mir zus\u00e4tzliche Infos.\" \/><span class=\"wpcf7-list-item-label\">Ich bin neu in Thrimor; bitte schickt mir zus\u00e4tzliche Infos.<\/span><\/label><\/span><\/span><\/span> <\/label>\n<\/p>\n<p><label> <b>Zus\u00e4tzliche Bemerkungen<\/b><br \/>\nWenn du m\u00f6chtest, kannst du uns hier auch \u00fcber Allergien, Unvertr\u00e4glichkeiten, Erkrankungen oder \u00e4hnliches informieren. Diese Informationen werden selbstverst\u00e4ndlich vertraulich behandelt.<br \/>\n<span class=\"wpcf7-form-control-wrap\" data-name=\"remarks\"><textarea cols=\"40\" rows=\"10\" maxlength=\"2000\" class=\"wpcf7-form-control wpcf7-textarea\" aria-invalid=\"false\" name=\"remarks\"><\/textarea><\/span> <\/label>\n<\/p>\n<p><span><b>* erforderlich<\/b><\/span>\n<\/p>\n<p><input class=\"wpcf7-form-control wpcf7-submit has-spinner\" type=\"submit\" value=\"Senden\" \/>\n<\/p><div class=\"wpcf7-response-output\" aria-hidden=\"true\"><\/div>\n<\/form>\n<\/div>\n<\/div>\n","protected":false},"excerpt":{"rendered":"<p>Liebe Freunde und Vereinsmitglieder,&nbsp;wir&nbsp;laden&nbsp;euch herzlichst zum&nbsp;Sommer-OT-Treffen 2026 ein.&nbsp; Wir&nbsp;machen diesmal einen Ausflug zum sch\u00f6nen Metzgersteig in der Ebenau bei Salzburg.&nbsp;Ihr habt zwei M\u00f6glichkeiten:&nbsp; Als Schlechtwetterersatzprogramm&nbsp;machen wir einen Spielenachmittag in Obertrum im Salettl.&nbsp; Wann&nbsp; 22.&nbsp;August&nbsp;2026&nbsp; Jederzeit ab 13:00 beim&nbsp;Metzgersteig&nbsp;Wandergruppe um&nbsp;11:00&nbsp;beim&nbsp;Metzgersteig&nbsp; Wo&nbsp; Wiestal\u00a0Landesstra\u00dfe (ca\u00a0Hausnummer 91)\u00a05323\u00a0Ebenau bei Salzburg\u00a0 Schlechtwetterersatz:&nbsp; Salettl\u00a0Huberbergstra\u00dfe 36\u00a05162 Obertrum am See\u00a0 Verpflegung&nbsp; Bitte nehmt euch&nbsp;Essen [&hellip;]<\/p>\n","protected":false},"author":1,"featured_media":0,"parent":85,"menu_order":69,"comment_status":"closed","ping_status":"closed","template":"","meta":{"om_disable_all_campaigns":false,"footnotes":""},"class_list":["post-1693","page","type-page","status-publish","hentry"],"yoast_head":"<!-- This site is optimized with the Yoast SEO plugin v26.1.1 - https:\/\/yoast.com\/wordpress\/plugins\/seo\/ -->\n<title>OT-Treffen VII - Thrimorer Garde<\/title>\n<meta name=\"robots\" content=\"index, follow, max-snippet:-1, max-image-preview:large, max-video-preview:-1\" \/>\n<link rel=\"canonical\" href=\"https:\/\/www.thrimor.at\/index.php\/events\/ot-treffen-vii\/\" \/>\n<meta property=\"og:locale\" content=\"de_DE\" \/>\n<meta property=\"og:type\" content=\"article\" \/>\n<meta property=\"og:title\" content=\"OT-Treffen VII - Thrimorer Garde\" \/>\n<meta property=\"og:description\" content=\"Liebe Freunde und Vereinsmitglieder,&nbsp;wir&nbsp;laden&nbsp;euch herzlichst zum&nbsp;Sommer-OT-Treffen 2026 ein.&nbsp; Wir&nbsp;machen diesmal einen Ausflug zum sch\u00f6nen Metzgersteig in der Ebenau bei Salzburg.&nbsp;Ihr habt zwei M\u00f6glichkeiten:&nbsp; Als Schlechtwetterersatzprogramm&nbsp;machen wir einen Spielenachmittag in Obertrum im Salettl.&nbsp; Wann&nbsp; 22.&nbsp;August&nbsp;2026&nbsp; Jederzeit ab 13:00 beim&nbsp;Metzgersteig&nbsp;Wandergruppe um&nbsp;11:00&nbsp;beim&nbsp;Metzgersteig&nbsp; Wo&nbsp; Wiestal\u00a0Landesstra\u00dfe (ca\u00a0Hausnummer 91)\u00a05323\u00a0Ebenau bei Salzburg\u00a0 Schlechtwetterersatz:&nbsp; Salettl\u00a0Huberbergstra\u00dfe 36\u00a05162 Obertrum am See\u00a0 Verpflegung&nbsp; Bitte nehmt euch&nbsp;Essen [&hellip;]\" \/>\n<meta property=\"og:url\" content=\"https:\/\/www.thrimor.at\/index.php\/events\/ot-treffen-vii\/\" \/>\n<meta property=\"og:site_name\" content=\"Thrimorer Garde\" \/>\n<meta property=\"article:modified_time\" content=\"2026-01-23T12:01:22+00:00\" \/>\n<meta property=\"og:image\" content=\"https:\/\/www.thrimor.at\/wp-content\/uploads\/2026\/01\/Titelbild.jpg\" \/>\n\t<meta property=\"og:image:width\" content=\"640\" \/>\n\t<meta property=\"og:image:height\" content=\"427\" \/>\n\t<meta property=\"og:image:type\" content=\"image\/jpeg\" \/>\n<meta name=\"twitter:card\" content=\"summary_large_image\" \/>\n<meta name=\"twitter:label1\" content=\"Gesch\u00e4tzte Lesezeit\" \/>\n\t<meta name=\"twitter:data1\" content=\"2\u00a0Minuten\" \/>\n<script type=\"application\/ld+json\" class=\"yoast-schema-graph\">{\"@context\":\"https:\/\/schema.org\",\"@graph\":[{\"@type\":\"WebPage\",\"@id\":\"https:\/\/www.thrimor.at\/index.php\/events\/ot-treffen-vii\/\",\"url\":\"https:\/\/www.thrimor.at\/index.php\/events\/ot-treffen-vii\/\",\"name\":\"OT-Treffen VII - Thrimorer Garde\",\"isPartOf\":{\"@id\":\"https:\/\/www.thrimor.at\/#website\"},\"primaryImageOfPage\":{\"@id\":\"https:\/\/www.thrimor.at\/index.php\/events\/ot-treffen-vii\/#primaryimage\"},\"image\":{\"@id\":\"https:\/\/www.thrimor.at\/index.php\/events\/ot-treffen-vii\/#primaryimage\"},\"thumbnailUrl\":\"https:\/\/www.thrimor.at\/wp-content\/uploads\/2026\/01\/Titelbild.jpg\",\"datePublished\":\"2026-01-09T11:49:13+00:00\",\"dateModified\":\"2026-01-23T12:01:22+00:00\",\"breadcrumb\":{\"@id\":\"https:\/\/www.thrimor.at\/index.php\/events\/ot-treffen-vii\/#breadcrumb\"},\"inLanguage\":\"de\",\"potentialAction\":[{\"@type\":\"ReadAction\",\"target\":[\"https:\/\/www.thrimor.at\/index.php\/events\/ot-treffen-vii\/\"]}]},{\"@type\":\"ImageObject\",\"inLanguage\":\"de\",\"@id\":\"https:\/\/www.thrimor.at\/index.php\/events\/ot-treffen-vii\/#primaryimage\",\"url\":\"https:\/\/www.thrimor.at\/wp-content\/uploads\/2026\/01\/Titelbild.jpg\",\"contentUrl\":\"https:\/\/www.thrimor.at\/wp-content\/uploads\/2026\/01\/Titelbild.jpg\",\"width\":640,\"height\":427},{\"@type\":\"BreadcrumbList\",\"@id\":\"https:\/\/www.thrimor.at\/index.php\/events\/ot-treffen-vii\/#breadcrumb\",\"itemListElement\":[{\"@type\":\"ListItem\",\"position\":1,\"name\":\"Home\",\"item\":\"https:\/\/www.thrimor.at\/\"},{\"@type\":\"ListItem\",\"position\":2,\"name\":\"Events\",\"item\":\"https:\/\/www.thrimor.at\/index.php\/events\/\"},{\"@type\":\"ListItem\",\"position\":3,\"name\":\"OT-Treffen VII\"}]},{\"@type\":\"WebSite\",\"@id\":\"https:\/\/www.thrimor.at\/#website\",\"url\":\"https:\/\/www.thrimor.at\/\",\"name\":\"Thrimorer Garde\",\"description\":\"Eine engagierte LARP-Community aus Salzburg\",\"potentialAction\":[{\"@type\":\"SearchAction\",\"target\":{\"@type\":\"EntryPoint\",\"urlTemplate\":\"https:\/\/www.thrimor.at\/?s={search_term_string}\"},\"query-input\":{\"@type\":\"PropertyValueSpecification\",\"valueRequired\":true,\"valueName\":\"search_term_string\"}}],\"inLanguage\":\"de\"}]}<\/script>\n<!-- \/ Yoast SEO plugin. -->","yoast_head_json":{"title":"OT-Treffen VII - Thrimorer Garde","robots":{"index":"index","follow":"follow","max-snippet":"max-snippet:-1","max-image-preview":"max-image-preview:large","max-video-preview":"max-video-preview:-1"},"canonical":"https:\/\/www.thrimor.at\/index.php\/events\/ot-treffen-vii\/","og_locale":"de_DE","og_type":"article","og_title":"OT-Treffen VII - Thrimorer Garde","og_description":"Liebe Freunde und Vereinsmitglieder,&nbsp;wir&nbsp;laden&nbsp;euch herzlichst zum&nbsp;Sommer-OT-Treffen 2026 ein.&nbsp; Wir&nbsp;machen diesmal einen Ausflug zum sch\u00f6nen Metzgersteig in der Ebenau bei Salzburg.&nbsp;Ihr habt zwei M\u00f6glichkeiten:&nbsp; Als Schlechtwetterersatzprogramm&nbsp;machen wir einen Spielenachmittag in Obertrum im Salettl.&nbsp; Wann&nbsp; 22.&nbsp;August&nbsp;2026&nbsp; Jederzeit ab 13:00 beim&nbsp;Metzgersteig&nbsp;Wandergruppe um&nbsp;11:00&nbsp;beim&nbsp;Metzgersteig&nbsp; Wo&nbsp; Wiestal\u00a0Landesstra\u00dfe (ca\u00a0Hausnummer 91)\u00a05323\u00a0Ebenau bei Salzburg\u00a0 Schlechtwetterersatz:&nbsp; Salettl\u00a0Huberbergstra\u00dfe 36\u00a05162 Obertrum am See\u00a0 Verpflegung&nbsp; Bitte nehmt euch&nbsp;Essen [&hellip;]","og_url":"https:\/\/www.thrimor.at\/index.php\/events\/ot-treffen-vii\/","og_site_name":"Thrimorer Garde","article_modified_time":"2026-01-23T12:01:22+00:00","og_image":[{"width":640,"height":427,"url":"https:\/\/www.thrimor.at\/wp-content\/uploads\/2026\/01\/Titelbild.jpg","type":"image\/jpeg"}],"twitter_card":"summary_large_image","twitter_misc":{"Gesch\u00e4tzte Lesezeit":"2\u00a0Minuten"},"schema":{"@context":"https:\/\/schema.org","@graph":[{"@type":"WebPage","@id":"https:\/\/www.thrimor.at\/index.php\/events\/ot-treffen-vii\/","url":"https:\/\/www.thrimor.at\/index.php\/events\/ot-treffen-vii\/","name":"OT-Treffen VII - Thrimorer Garde","isPartOf":{"@id":"https:\/\/www.thrimor.at\/#website"},"primaryImageOfPage":{"@id":"https:\/\/www.thrimor.at\/index.php\/events\/ot-treffen-vii\/#primaryimage"},"image":{"@id":"https:\/\/www.thrimor.at\/index.php\/events\/ot-treffen-vii\/#primaryimage"},"thumbnailUrl":"https:\/\/www.thrimor.at\/wp-content\/uploads\/2026\/01\/Titelbild.jpg","datePublished":"2026-01-09T11:49:13+00:00","dateModified":"2026-01-23T12:01:22+00:00","breadcrumb":{"@id":"https:\/\/www.thrimor.at\/index.php\/events\/ot-treffen-vii\/#breadcrumb"},"inLanguage":"de","potentialAction":[{"@type":"ReadAction","target":["https:\/\/www.thrimor.at\/index.php\/events\/ot-treffen-vii\/"]}]},{"@type":"ImageObject","inLanguage":"de","@id":"https:\/\/www.thrimor.at\/index.php\/events\/ot-treffen-vii\/#primaryimage","url":"https:\/\/www.thrimor.at\/wp-content\/uploads\/2026\/01\/Titelbild.jpg","contentUrl":"https:\/\/www.thrimor.at\/wp-content\/uploads\/2026\/01\/Titelbild.jpg","width":640,"height":427},{"@type":"BreadcrumbList","@id":"https:\/\/www.thrimor.at\/index.php\/events\/ot-treffen-vii\/#breadcrumb","itemListElement":[{"@type":"ListItem","position":1,"name":"Home","item":"https:\/\/www.thrimor.at\/"},{"@type":"ListItem","position":2,"name":"Events","item":"https:\/\/www.thrimor.at\/index.php\/events\/"},{"@type":"ListItem","position":3,"name":"OT-Treffen VII"}]},{"@type":"WebSite","@id":"https:\/\/www.thrimor.at\/#website","url":"https:\/\/www.thrimor.at\/","name":"Thrimorer Garde","description":"Eine engagierte LARP-Community aus Salzburg","potentialAction":[{"@type":"SearchAction","target":{"@type":"EntryPoint","urlTemplate":"https:\/\/www.thrimor.at\/?s={search_term_string}"},"query-input":{"@type":"PropertyValueSpecification","valueRequired":true,"valueName":"search_term_string"}}],"inLanguage":"de"}]}},"jetpack_sharing_enabled":true,"_links":{"self":[{"href":"https:\/\/www.thrimor.at\/index.php\/wp-json\/wp\/v2\/pages\/1693","targetHints":{"allow":["GET"]}}],"collection":[{"href":"https:\/\/www.thrimor.at\/index.php\/wp-json\/wp\/v2\/pages"}],"about":[{"href":"https:\/\/www.thrimor.at\/index.php\/wp-json\/wp\/v2\/types\/page"}],"author":[{"embeddable":true,"href":"https:\/\/www.thrimor.at\/index.php\/wp-json\/wp\/v2\/users\/1"}],"replies":[{"embeddable":true,"href":"https:\/\/www.thrimor.at\/index.php\/wp-json\/wp\/v2\/comments?post=1693"}],"version-history":[{"count":1,"href":"https:\/\/www.thrimor.at\/index.php\/wp-json\/wp\/v2\/pages\/1693\/revisions"}],"predecessor-version":[{"id":1695,"href":"https:\/\/www.thrimor.at\/index.php\/wp-json\/wp\/v2\/pages\/1693\/revisions\/1695"}],"up":[{"embeddable":true,"href":"https:\/\/www.thrimor.at\/index.php\/wp-json\/wp\/v2\/pages\/85"}],"wp:attachment":[{"href":"https:\/\/www.thrimor.at\/index.php\/wp-json\/wp\/v2\/media?parent=1693"}],"curies":[{"name":"wp","href":"https:\/\/api.w.org\/{rel}","templated":true}]}}