{"id":1735,"date":"2026-03-09T16:57:15","date_gmt":"2026-03-09T15:57:15","guid":{"rendered":"https:\/\/www.thrimor.at\/?page_id=1735"},"modified":"2026-03-10T11:41:00","modified_gmt":"2026-03-10T10:41:00","slug":"chroniken-von-gerbalon-iii","status":"publish","type":"page","link":"https:\/\/www.thrimor.at\/index.php\/events\/chroniken-von-gerbalon-iii\/","title":{"rendered":"Chroniken von\u00a0Gerbalon\u00a0III"},"content":{"rendered":"\n<figure class=\"wp-block-image size-full\"><img loading=\"lazy\" decoding=\"async\" width=\"300\" height=\"300\" src=\"https:\/\/www.thrimor.at\/wp-content\/uploads\/2026\/03\/larp-passau-logo-1.png\" alt=\"\" class=\"wp-image-1749\" srcset=\"https:\/\/www.thrimor.at\/wp-content\/uploads\/2026\/03\/larp-passau-logo-1.png 300w, https:\/\/www.thrimor.at\/wp-content\/uploads\/2026\/03\/larp-passau-logo-1-150x150.png 150w\" sizes=\"auto, (max-width: 300px) 100vw, 300px\" \/><\/figure>\n\n\n\n<p>Dies ist eine externe Veranstaltung.<\/p>\n\n\n\n<p>Liebe&nbsp;Thrimorer&nbsp;und Freunde,<br>Auch heuer machen wir&nbsp;innerhalb der S\u00fcdlande&nbsp;eine NSC-Aushilfe.<\/p>\n\n\n\n<p>Wechselt die Seite und werdet zum&nbsp;Untot&nbsp;oder anderem Gesocks, dass&nbsp;Gerbalon&nbsp;heimsucht und&nbsp;lasst uns gemeinsam die Spieler verkloppen und ihre Pl\u00e4ne durchkreuzen.<\/p>\n\n\n\n<p><strong>Wann<\/strong><\/p>\n\n\n\n<p>18. &#8211; 20.&nbsp;September&nbsp;2026<\/p>\n\n\n\n<p>Check-In: Freitag, den 18.09.2026 ab 12:00 Uhr<br>Time-In: Freitag, den 18.09.2026 ab 17:00 Uhr<\/p>\n\n\n\n<p><strong>Wo<\/strong><\/p>\n\n\n\n<p><a href=\"https:\/\/maps.app.goo.gl\/fNkWfTAxWMTvrVGx5\" target=\"_blank\" rel=\"noreferrer noopener\">Zeltplatz Messerschmidm\u00fchle<\/a><br>Messerschmidm\u00fchle 4<br>94157 Perlesreut<br>Deutschland<\/p>\n\n\n\n<p><strong>Verpflegung<\/strong>&nbsp;<\/p>\n\n\n\n<p>Vollverpflegung f\u00fcr NSC&nbsp;ist im&nbsp;Conpreis&nbsp;enthalten.<br>Folgende Mahlzeiten werden&nbsp;bereitgestellt:<\/p>\n\n\n\n<ul class=\"wp-block-list\">\n<li><strong>Freitag:<\/strong>&nbsp;Abendessen<\/li>\n<\/ul>\n\n\n\n<ul class=\"wp-block-list\">\n<li><strong>Samstag:<\/strong>&nbsp;Fr\u00fchst\u00fcck und Abendessen&nbsp;(Mittagessen ist nicht fix geplant, aber es ist&nbsp;lt&nbsp;Veranstalter genug zu&nbsp;Essen&nbsp;da, sollte jemand Hunger haben.)<\/li>\n<\/ul>\n\n\n\n<ul class=\"wp-block-list\">\n<li><strong>Sonntag:<\/strong>&nbsp;Fr\u00fchst\u00fcck<\/li>\n<\/ul>\n\n\n\n<p>Alkoholfreie Getr\u00e4nke stehen den NSC w\u00e4hrend der gesamten Veranstaltung ohne Aufpreis zur Verf\u00fcgung. Zus\u00e4tzlich erhalten alle NSC eine&nbsp;Tavernenkarte&nbsp;im Wert von 10 Euro.<\/p>\n\n\n\n<p>Nimm dir daher&nbsp;ggf&nbsp;etwas Geld f\u00fcr alkoholische Getr\u00e4nke.<\/p>\n\n\n\n<p><strong>Unkostenbeitrag<\/strong><\/p>\n\n\n\n<p>F\u00fcr uns&nbsp;Thrimorer&nbsp;gilt&nbsp;der&nbsp;NSC-Preise&nbsp;von&nbsp;45\u20ac.<\/p>\n\n\n\n<p><strong>Unterkunft<\/strong><\/p>\n\n\n\n<p>NSC werden in fixen H\u00fctten untergebracht.<\/p>\n\n\n\n<p>Bei dem Spielgel\u00e4nde handelt es sich um einen Zeltplatz, sowie au\u00dfen herum, gro\u00dfes \u00f6ffentlich zug\u00e4ngliches, haupts\u00e4chlich aus Wald bestehendes Naherholungsgebiet. Es gibt dort einige gekieste Wald- und Forstwege, die genutzt werden k\u00f6nnen, aber zugleich viele \u201eQuerfeldein-Trampelpfade\u201c oder Dickicht. Wir bitten, dies bei der Kleider- und Schuhauswahl zu ber\u00fccksichtigen. Ebenfalls bitten wir zu ber\u00fccksichtigen, dass die Strecken zu den unterschiedlichen&nbsp;plotrelevanten&nbsp;Punkten von der Entfernung anspruchsvoller sein k\u00f6nnen.<\/p>\n\n\n\n<p><strong>Mitzubringen<\/strong><\/p>\n\n\n\n<p>Schlafsack und&nbsp;Unterlagsmatte\/Feldbett<\/p>\n\n\n\n<p>Pers\u00f6nliche Ausr\u00fcstung&nbsp;(ggf&nbsp;LARP-Waffen)<\/p>\n\n\n\n<p>Spa\u00df und gute Laune<\/p>\n\n\n\n<p>Tetanus- und FSME-Impfungen sind empfehlenswert.<\/p>\n\n\n\n<h2 class=\"wp-block-heading\"><strong>Anmeldung<\/strong><\/h2>\n\n\n\n<p>Ihr m\u00fcsst <a href=\"https:\/\/www.larp-passau.org\/index.php\/termine\/18-09-2026-die-chroniken-von-gerbalon-3\" target=\"_blank\" rel=\"noreferrer noopener\">hier<\/a> ein Tickt kaufen&nbsp;und bei der Anmeldung folgendes angeben:&nbsp;<\/p>\n\n\n\n<ul class=\"wp-block-list\">\n<li>OT-Gruppe:&nbsp;Thrimorer&nbsp;Garde&nbsp;<\/li>\n\n\n\n<li>Teilnameart: NSC&nbsp;<\/li>\n\n\n\n<li>Alle IT-Felder und \u00fcberlebte&nbsp;Contage&nbsp;k\u00f6nnt Ihr freilassen.&nbsp;Das betrifft nur die SC.&nbsp;<\/li>\n<\/ul>\n","protected":false},"excerpt":{"rendered":"<p>Dies ist eine externe Veranstaltung. Liebe&nbsp;Thrimorer&nbsp;und Freunde,Auch heuer machen wir&nbsp;innerhalb der S\u00fcdlande&nbsp;eine NSC-Aushilfe. Wechselt die Seite und werdet zum&nbsp;Untot&nbsp;oder anderem Gesocks, dass&nbsp;Gerbalon&nbsp;heimsucht und&nbsp;lasst uns gemeinsam die Spieler verkloppen und ihre Pl\u00e4ne durchkreuzen. Wann 18. &#8211; 20.&nbsp;September&nbsp;2026 Check-In: Freitag, den 18.09.2026 ab 12:00 UhrTime-In: Freitag, den 18.09.2026 ab 17:00 Uhr Wo Zeltplatz Messerschmidm\u00fchleMesserschmidm\u00fchle 494157 PerlesreutDeutschland Verpflegung&nbsp; [&hellip;]<\/p>\n","protected":false},"author":1,"featured_media":0,"parent":85,"menu_order":70,"comment_status":"closed","ping_status":"closed","template":"","meta":{"om_disable_all_campaigns":false,"footnotes":""},"class_list":["post-1735","page","type-page","status-publish","hentry"],"yoast_head":"<!-- This site is optimized with the Yoast SEO plugin v26.1.1 - https:\/\/yoast.com\/wordpress\/plugins\/seo\/ -->\n<title>Chroniken von\u00a0Gerbalon\u00a0III - Thrimorer Garde<\/title>\n<meta name=\"robots\" content=\"index, follow, max-snippet:-1, max-image-preview:large, max-video-preview:-1\" \/>\n<link rel=\"canonical\" href=\"https:\/\/www.thrimor.at\/index.php\/events\/chroniken-von-gerbalon-iii\/\" \/>\n<meta property=\"og:locale\" content=\"de_DE\" \/>\n<meta property=\"og:type\" content=\"article\" \/>\n<meta property=\"og:title\" content=\"Chroniken von\u00a0Gerbalon\u00a0III - Thrimorer Garde\" \/>\n<meta property=\"og:description\" content=\"Dies ist eine externe Veranstaltung. Liebe&nbsp;Thrimorer&nbsp;und Freunde,Auch heuer machen wir&nbsp;innerhalb der S\u00fcdlande&nbsp;eine NSC-Aushilfe. Wechselt die Seite und werdet zum&nbsp;Untot&nbsp;oder anderem Gesocks, dass&nbsp;Gerbalon&nbsp;heimsucht und&nbsp;lasst uns gemeinsam die Spieler verkloppen und ihre Pl\u00e4ne durchkreuzen. Wann 18. &#8211; 20.&nbsp;September&nbsp;2026 Check-In: Freitag, den 18.09.2026 ab 12:00 UhrTime-In: Freitag, den 18.09.2026 ab 17:00 Uhr Wo Zeltplatz Messerschmidm\u00fchleMesserschmidm\u00fchle 494157 PerlesreutDeutschland Verpflegung&nbsp; [&hellip;]\" \/>\n<meta property=\"og:url\" content=\"https:\/\/www.thrimor.at\/index.php\/events\/chroniken-von-gerbalon-iii\/\" \/>\n<meta property=\"og:site_name\" content=\"Thrimorer Garde\" \/>\n<meta property=\"article:modified_time\" content=\"2026-03-10T10:41:00+00:00\" \/>\n<meta property=\"og:image\" content=\"https:\/\/www.thrimor.at\/wp-content\/uploads\/2026\/03\/larp-passau-logo-1.png\" \/>\n\t<meta property=\"og:image:width\" content=\"300\" \/>\n\t<meta property=\"og:image:height\" content=\"300\" \/>\n\t<meta property=\"og:image:type\" content=\"image\/png\" \/>\n<meta name=\"twitter:card\" content=\"summary_large_image\" \/>\n<meta name=\"twitter:label1\" content=\"Gesch\u00e4tzte Lesezeit\" \/>\n\t<meta name=\"twitter:data1\" content=\"2\u00a0Minuten\" \/>\n<script type=\"application\/ld+json\" class=\"yoast-schema-graph\">{\"@context\":\"https:\/\/schema.org\",\"@graph\":[{\"@type\":\"WebPage\",\"@id\":\"https:\/\/www.thrimor.at\/index.php\/events\/chroniken-von-gerbalon-iii\/\",\"url\":\"https:\/\/www.thrimor.at\/index.php\/events\/chroniken-von-gerbalon-iii\/\",\"name\":\"Chroniken von\u00a0Gerbalon\u00a0III - Thrimorer Garde\",\"isPartOf\":{\"@id\":\"https:\/\/www.thrimor.at\/#website\"},\"primaryImageOfPage\":{\"@id\":\"https:\/\/www.thrimor.at\/index.php\/events\/chroniken-von-gerbalon-iii\/#primaryimage\"},\"image\":{\"@id\":\"https:\/\/www.thrimor.at\/index.php\/events\/chroniken-von-gerbalon-iii\/#primaryimage\"},\"thumbnailUrl\":\"https:\/\/www.thrimor.at\/wp-content\/uploads\/2026\/03\/larp-passau-logo-1.png\",\"datePublished\":\"2026-03-09T15:57:15+00:00\",\"dateModified\":\"2026-03-10T10:41:00+00:00\",\"breadcrumb\":{\"@id\":\"https:\/\/www.thrimor.at\/index.php\/events\/chroniken-von-gerbalon-iii\/#breadcrumb\"},\"inLanguage\":\"de\",\"potentialAction\":[{\"@type\":\"ReadAction\",\"target\":[\"https:\/\/www.thrimor.at\/index.php\/events\/chroniken-von-gerbalon-iii\/\"]}]},{\"@type\":\"ImageObject\",\"inLanguage\":\"de\",\"@id\":\"https:\/\/www.thrimor.at\/index.php\/events\/chroniken-von-gerbalon-iii\/#primaryimage\",\"url\":\"https:\/\/www.thrimor.at\/wp-content\/uploads\/2026\/03\/larp-passau-logo-1.png\",\"contentUrl\":\"https:\/\/www.thrimor.at\/wp-content\/uploads\/2026\/03\/larp-passau-logo-1.png\",\"width\":300,\"height\":300},{\"@type\":\"BreadcrumbList\",\"@id\":\"https:\/\/www.thrimor.at\/index.php\/events\/chroniken-von-gerbalon-iii\/#breadcrumb\",\"itemListElement\":[{\"@type\":\"ListItem\",\"position\":1,\"name\":\"Home\",\"item\":\"https:\/\/www.thrimor.at\/\"},{\"@type\":\"ListItem\",\"position\":2,\"name\":\"Events\",\"item\":\"https:\/\/www.thrimor.at\/index.php\/events\/\"},{\"@type\":\"ListItem\",\"position\":3,\"name\":\"Chroniken von\u00a0Gerbalon\u00a0III\"}]},{\"@type\":\"WebSite\",\"@id\":\"https:\/\/www.thrimor.at\/#website\",\"url\":\"https:\/\/www.thrimor.at\/\",\"name\":\"Thrimorer Garde\",\"description\":\"Eine engagierte LARP-Community aus Salzburg\",\"potentialAction\":[{\"@type\":\"SearchAction\",\"target\":{\"@type\":\"EntryPoint\",\"urlTemplate\":\"https:\/\/www.thrimor.at\/?s={search_term_string}\"},\"query-input\":{\"@type\":\"PropertyValueSpecification\",\"valueRequired\":true,\"valueName\":\"search_term_string\"}}],\"inLanguage\":\"de\"}]}<\/script>\n<!-- \/ Yoast SEO plugin. -->","yoast_head_json":{"title":"Chroniken von\u00a0Gerbalon\u00a0III - Thrimorer Garde","robots":{"index":"index","follow":"follow","max-snippet":"max-snippet:-1","max-image-preview":"max-image-preview:large","max-video-preview":"max-video-preview:-1"},"canonical":"https:\/\/www.thrimor.at\/index.php\/events\/chroniken-von-gerbalon-iii\/","og_locale":"de_DE","og_type":"article","og_title":"Chroniken von\u00a0Gerbalon\u00a0III - Thrimorer Garde","og_description":"Dies ist eine externe Veranstaltung. Liebe&nbsp;Thrimorer&nbsp;und Freunde,Auch heuer machen wir&nbsp;innerhalb der S\u00fcdlande&nbsp;eine NSC-Aushilfe. Wechselt die Seite und werdet zum&nbsp;Untot&nbsp;oder anderem Gesocks, dass&nbsp;Gerbalon&nbsp;heimsucht und&nbsp;lasst uns gemeinsam die Spieler verkloppen und ihre Pl\u00e4ne durchkreuzen. Wann 18. &#8211; 20.&nbsp;September&nbsp;2026 Check-In: Freitag, den 18.09.2026 ab 12:00 UhrTime-In: Freitag, den 18.09.2026 ab 17:00 Uhr Wo Zeltplatz Messerschmidm\u00fchleMesserschmidm\u00fchle 494157 PerlesreutDeutschland Verpflegung&nbsp; [&hellip;]","og_url":"https:\/\/www.thrimor.at\/index.php\/events\/chroniken-von-gerbalon-iii\/","og_site_name":"Thrimorer Garde","article_modified_time":"2026-03-10T10:41:00+00:00","og_image":[{"width":300,"height":300,"url":"https:\/\/www.thrimor.at\/wp-content\/uploads\/2026\/03\/larp-passau-logo-1.png","type":"image\/png"}],"twitter_card":"summary_large_image","twitter_misc":{"Gesch\u00e4tzte Lesezeit":"2\u00a0Minuten"},"schema":{"@context":"https:\/\/schema.org","@graph":[{"@type":"WebPage","@id":"https:\/\/www.thrimor.at\/index.php\/events\/chroniken-von-gerbalon-iii\/","url":"https:\/\/www.thrimor.at\/index.php\/events\/chroniken-von-gerbalon-iii\/","name":"Chroniken von\u00a0Gerbalon\u00a0III - Thrimorer Garde","isPartOf":{"@id":"https:\/\/www.thrimor.at\/#website"},"primaryImageOfPage":{"@id":"https:\/\/www.thrimor.at\/index.php\/events\/chroniken-von-gerbalon-iii\/#primaryimage"},"image":{"@id":"https:\/\/www.thrimor.at\/index.php\/events\/chroniken-von-gerbalon-iii\/#primaryimage"},"thumbnailUrl":"https:\/\/www.thrimor.at\/wp-content\/uploads\/2026\/03\/larp-passau-logo-1.png","datePublished":"2026-03-09T15:57:15+00:00","dateModified":"2026-03-10T10:41:00+00:00","breadcrumb":{"@id":"https:\/\/www.thrimor.at\/index.php\/events\/chroniken-von-gerbalon-iii\/#breadcrumb"},"inLanguage":"de","potentialAction":[{"@type":"ReadAction","target":["https:\/\/www.thrimor.at\/index.php\/events\/chroniken-von-gerbalon-iii\/"]}]},{"@type":"ImageObject","inLanguage":"de","@id":"https:\/\/www.thrimor.at\/index.php\/events\/chroniken-von-gerbalon-iii\/#primaryimage","url":"https:\/\/www.thrimor.at\/wp-content\/uploads\/2026\/03\/larp-passau-logo-1.png","contentUrl":"https:\/\/www.thrimor.at\/wp-content\/uploads\/2026\/03\/larp-passau-logo-1.png","width":300,"height":300},{"@type":"BreadcrumbList","@id":"https:\/\/www.thrimor.at\/index.php\/events\/chroniken-von-gerbalon-iii\/#breadcrumb","itemListElement":[{"@type":"ListItem","position":1,"name":"Home","item":"https:\/\/www.thrimor.at\/"},{"@type":"ListItem","position":2,"name":"Events","item":"https:\/\/www.thrimor.at\/index.php\/events\/"},{"@type":"ListItem","position":3,"name":"Chroniken von\u00a0Gerbalon\u00a0III"}]},{"@type":"WebSite","@id":"https:\/\/www.thrimor.at\/#website","url":"https:\/\/www.thrimor.at\/","name":"Thrimorer Garde","description":"Eine engagierte LARP-Community aus Salzburg","potentialAction":[{"@type":"SearchAction","target":{"@type":"EntryPoint","urlTemplate":"https:\/\/www.thrimor.at\/?s={search_term_string}"},"query-input":{"@type":"PropertyValueSpecification","valueRequired":true,"valueName":"search_term_string"}}],"inLanguage":"de"}]}},"jetpack_sharing_enabled":true,"_links":{"self":[{"href":"https:\/\/www.thrimor.at\/index.php\/wp-json\/wp\/v2\/pages\/1735","targetHints":{"allow":["GET"]}}],"collection":[{"href":"https:\/\/www.thrimor.at\/index.php\/wp-json\/wp\/v2\/pages"}],"about":[{"href":"https:\/\/www.thrimor.at\/index.php\/wp-json\/wp\/v2\/types\/page"}],"author":[{"embeddable":true,"href":"https:\/\/www.thrimor.at\/index.php\/wp-json\/wp\/v2\/users\/1"}],"replies":[{"embeddable":true,"href":"https:\/\/www.thrimor.at\/index.php\/wp-json\/wp\/v2\/comments?post=1735"}],"version-history":[{"count":2,"href":"https:\/\/www.thrimor.at\/index.php\/wp-json\/wp\/v2\/pages\/1735\/revisions"}],"predecessor-version":[{"id":1752,"href":"https:\/\/www.thrimor.at\/index.php\/wp-json\/wp\/v2\/pages\/1735\/revisions\/1752"}],"up":[{"embeddable":true,"href":"https:\/\/www.thrimor.at\/index.php\/wp-json\/wp\/v2\/pages\/85"}],"wp:attachment":[{"href":"https:\/\/www.thrimor.at\/index.php\/wp-json\/wp\/v2\/media?parent=1735"}],"curies":[{"name":"wp","href":"https:\/\/api.w.org\/{rel}","templated":true}]}}