{"id":18,"date":"2020-04-25T07:57:57","date_gmt":"2020-04-25T07:57:57","guid":{"rendered":"https:\/\/relaunch2.thrimor.at\/index.php\/das-land-thrimor\/"},"modified":"2022-04-26T20:38:22","modified_gmt":"2022-04-26T18:38:22","slug":"das-land-thrimor","status":"publish","type":"page","link":"https:\/\/www.thrimor.at\/index.php\/was-ist\/das-land-thrimor\/","title":{"rendered":"Das Land Thrimor"},"content":{"rendered":"\n<figure class=\"wp-block-image size-large\"><img loading=\"lazy\" decoding=\"async\" width=\"724\" height=\"1024\" src=\"https:\/\/www.thrimor.at\/wp-content\/uploads\/2022\/02\/Thrimor-Karte-724x1024.png\" alt=\"\" class=\"wp-image-881\" srcset=\"https:\/\/www.thrimor.at\/wp-content\/uploads\/2022\/02\/Thrimor-Karte-724x1024.png 724w, https:\/\/www.thrimor.at\/wp-content\/uploads\/2022\/02\/Thrimor-Karte-212x300.png 212w, https:\/\/www.thrimor.at\/wp-content\/uploads\/2022\/02\/Thrimor-Karte-768x1086.png 768w, https:\/\/www.thrimor.at\/wp-content\/uploads\/2022\/02\/Thrimor-Karte-1086x1536.png 1086w, https:\/\/www.thrimor.at\/wp-content\/uploads\/2022\/02\/Thrimor-Karte-1448x2048.png 1448w\" sizes=\"auto, (max-width: 724px) 100vw, 724px\" \/><\/figure>\n\n\n\n<p>Die Grafschaft Thrimor ist ein fiktives Land, das von der <a href=\"https:\/\/www.thrimor.at\/index.php\/die-thrimorer\/unser-team\/\">Thrimor-Orga<\/a> ausgearbeitet wurde, um es in <a href=\"https:\/\/www.thrimor.at\/index.php\/was-ist\/was-ist-larp\/\">LARP<\/a>-Cons bespielen zu k\u00f6nnen. Wir sind uns bewusst, dass Thrimor kein realer Ort ist (auch wenn wir es schade finden). F\u00fcr den Fall, dass wir uns irren, \u00fcbernehmen wir keine Sch\u00e4den, die aus Thrimor entlaufene Feuerkobolde in der realen Welt anrichten.<br>Das Land Thrimor ist Teil der <a href=\"http:\/\/www.suedlande.de\/\">S\u00fcdlande<\/a>-Orga. Thrimor ist seit Jahren auf der Turney der S\u00fcdlande vertreten, kann aber immer wieder auch auf anderen Cons (z.B. Conquest of Mythodea) angetroffen werden.<\/p>\n\n\n\n<p>Der <a href=\"https:\/\/www.thrimor.at\/was-ist\/die-thrimorer-garde\/\">Verein &#8222;<\/a><a href=\"https:\/\/www.thrimor.at\/index.php\/was-ist\/die-thrimorer-garde\/\">Thrimorer <\/a><a href=\"https:\/\/www.thrimor.at\/was-ist\/die-thrimorer-garde\/\">Garde&#8220; <\/a>organisiert und regelt alles, was mit dem Bespielen des Landes Thrimor zu tun hat. Mit jedem neuen Mitglied k\u00f6nnen wir mehr und gr\u00f6\u00dferer Ausbildungslager, Tavernen und andere Events organisieren.<\/p>\n\n\n\n<p>Interessante Intime-Infos findest du unter dem Reiter <a href=\"https:\/\/www.thrimor.at\/hintergruende-it\/\">&#8222;<\/a><a href=\"https:\/\/www.thrimor.at\/index.php\/hintergruende-it\/einfuehrung\/\">Hintergr\u00fcnde<\/a><a href=\"https:\/\/www.thrimor.at\/hintergruende-it\/\">&#8222;<\/a>!<\/p>\n\n\n\n<p>Viel Freude!<\/p>\n","protected":false},"excerpt":{"rendered":"<p>Die Grafschaft Thrimor ist ein fiktives Land, das von der Thrimor-Orga ausgearbeitet wurde, um es in LARP-Cons bespielen zu k\u00f6nnen. Wir sind uns bewusst, dass Thrimor kein realer Ort ist (auch wenn wir es schade finden). F\u00fcr den Fall, dass wir uns irren, \u00fcbernehmen wir keine Sch\u00e4den, die aus Thrimor entlaufene Feuerkobolde in der realen [&hellip;]<\/p>\n","protected":false},"author":1,"featured_media":0,"parent":87,"menu_order":3,"comment_status":"closed","ping_status":"closed","template":"","meta":{"om_disable_all_campaigns":false,"footnotes":""},"class_list":["post-18","page","type-page","status-publish","hentry"],"yoast_head":"<!-- This site is optimized with the Yoast SEO plugin v26.1.1 - https:\/\/yoast.com\/wordpress\/plugins\/seo\/ -->\n<title>Das Land Thrimor - Thrimorer Garde<\/title>\n<meta name=\"robots\" content=\"index, follow, max-snippet:-1, max-image-preview:large, max-video-preview:-1\" \/>\n<link rel=\"canonical\" href=\"https:\/\/www.thrimor.at\/index.php\/was-ist\/das-land-thrimor\/\" \/>\n<meta property=\"og:locale\" content=\"de_DE\" \/>\n<meta property=\"og:type\" content=\"article\" \/>\n<meta property=\"og:title\" content=\"Das Land Thrimor - Thrimorer Garde\" \/>\n<meta property=\"og:description\" content=\"Die Grafschaft Thrimor ist ein fiktives Land, das von der Thrimor-Orga ausgearbeitet wurde, um es in LARP-Cons bespielen zu k\u00f6nnen. Wir sind uns bewusst, dass Thrimor kein realer Ort ist (auch wenn wir es schade finden). F\u00fcr den Fall, dass wir uns irren, \u00fcbernehmen wir keine Sch\u00e4den, die aus Thrimor entlaufene Feuerkobolde in der realen [&hellip;]\" \/>\n<meta property=\"og:url\" content=\"https:\/\/www.thrimor.at\/index.php\/was-ist\/das-land-thrimor\/\" \/>\n<meta property=\"og:site_name\" content=\"Thrimorer Garde\" \/>\n<meta property=\"article:modified_time\" content=\"2022-04-26T18:38:22+00:00\" \/>\n<meta property=\"og:image\" content=\"https:\/\/www.thrimor.at\/wp-content\/uploads\/2022\/02\/Thrimor-Karte-724x1024.png\" \/>\n<meta name=\"twitter:card\" content=\"summary_large_image\" \/>\n<meta name=\"twitter:label1\" content=\"Gesch\u00e4tzte Lesezeit\" \/>\n\t<meta name=\"twitter:data1\" content=\"1\u00a0Minute\" \/>\n<script type=\"application\/ld+json\" class=\"yoast-schema-graph\">{\"@context\":\"https:\/\/schema.org\",\"@graph\":[{\"@type\":\"WebPage\",\"@id\":\"https:\/\/www.thrimor.at\/index.php\/was-ist\/das-land-thrimor\/\",\"url\":\"https:\/\/www.thrimor.at\/index.php\/was-ist\/das-land-thrimor\/\",\"name\":\"Das Land Thrimor - Thrimorer Garde\",\"isPartOf\":{\"@id\":\"https:\/\/www.thrimor.at\/#website\"},\"primaryImageOfPage\":{\"@id\":\"https:\/\/www.thrimor.at\/index.php\/was-ist\/das-land-thrimor\/#primaryimage\"},\"image\":{\"@id\":\"https:\/\/www.thrimor.at\/index.php\/was-ist\/das-land-thrimor\/#primaryimage\"},\"thumbnailUrl\":\"https:\/\/www.thrimor.at\/wp-content\/uploads\/2022\/02\/Thrimor-Karte-724x1024.png\",\"datePublished\":\"2020-04-25T07:57:57+00:00\",\"dateModified\":\"2022-04-26T18:38:22+00:00\",\"breadcrumb\":{\"@id\":\"https:\/\/www.thrimor.at\/index.php\/was-ist\/das-land-thrimor\/#breadcrumb\"},\"inLanguage\":\"de\",\"potentialAction\":[{\"@type\":\"ReadAction\",\"target\":[\"https:\/\/www.thrimor.at\/index.php\/was-ist\/das-land-thrimor\/\"]}]},{\"@type\":\"ImageObject\",\"inLanguage\":\"de\",\"@id\":\"https:\/\/www.thrimor.at\/index.php\/was-ist\/das-land-thrimor\/#primaryimage\",\"url\":\"https:\/\/www.thrimor.at\/wp-content\/uploads\/2022\/02\/Thrimor-Karte.png\",\"contentUrl\":\"https:\/\/www.thrimor.at\/wp-content\/uploads\/2022\/02\/Thrimor-Karte.png\",\"width\":3507,\"height\":4960},{\"@type\":\"BreadcrumbList\",\"@id\":\"https:\/\/www.thrimor.at\/index.php\/was-ist\/das-land-thrimor\/#breadcrumb\",\"itemListElement\":[{\"@type\":\"ListItem\",\"position\":1,\"name\":\"Home\",\"item\":\"https:\/\/www.thrimor.at\/\"},{\"@type\":\"ListItem\",\"position\":2,\"name\":\"Was ist &#8230;\",\"item\":\"https:\/\/www.thrimor.at\/index.php\/was-ist\/\"},{\"@type\":\"ListItem\",\"position\":3,\"name\":\"Das Land Thrimor\"}]},{\"@type\":\"WebSite\",\"@id\":\"https:\/\/www.thrimor.at\/#website\",\"url\":\"https:\/\/www.thrimor.at\/\",\"name\":\"Thrimorer Garde\",\"description\":\"Eine engagierte LARP-Community aus Salzburg\",\"potentialAction\":[{\"@type\":\"SearchAction\",\"target\":{\"@type\":\"EntryPoint\",\"urlTemplate\":\"https:\/\/www.thrimor.at\/?s={search_term_string}\"},\"query-input\":{\"@type\":\"PropertyValueSpecification\",\"valueRequired\":true,\"valueName\":\"search_term_string\"}}],\"inLanguage\":\"de\"}]}<\/script>\n<!-- \/ Yoast SEO plugin. -->","yoast_head_json":{"title":"Das Land Thrimor - Thrimorer Garde","robots":{"index":"index","follow":"follow","max-snippet":"max-snippet:-1","max-image-preview":"max-image-preview:large","max-video-preview":"max-video-preview:-1"},"canonical":"https:\/\/www.thrimor.at\/index.php\/was-ist\/das-land-thrimor\/","og_locale":"de_DE","og_type":"article","og_title":"Das Land Thrimor - Thrimorer Garde","og_description":"Die Grafschaft Thrimor ist ein fiktives Land, das von der Thrimor-Orga ausgearbeitet wurde, um es in LARP-Cons bespielen zu k\u00f6nnen. Wir sind uns bewusst, dass Thrimor kein realer Ort ist (auch wenn wir es schade finden). F\u00fcr den Fall, dass wir uns irren, \u00fcbernehmen wir keine Sch\u00e4den, die aus Thrimor entlaufene Feuerkobolde in der realen [&hellip;]","og_url":"https:\/\/www.thrimor.at\/index.php\/was-ist\/das-land-thrimor\/","og_site_name":"Thrimorer Garde","article_modified_time":"2022-04-26T18:38:22+00:00","og_image":[{"url":"https:\/\/www.thrimor.at\/wp-content\/uploads\/2022\/02\/Thrimor-Karte-724x1024.png","type":"","width":"","height":""}],"twitter_card":"summary_large_image","twitter_misc":{"Gesch\u00e4tzte Lesezeit":"1\u00a0Minute"},"schema":{"@context":"https:\/\/schema.org","@graph":[{"@type":"WebPage","@id":"https:\/\/www.thrimor.at\/index.php\/was-ist\/das-land-thrimor\/","url":"https:\/\/www.thrimor.at\/index.php\/was-ist\/das-land-thrimor\/","name":"Das Land Thrimor - Thrimorer Garde","isPartOf":{"@id":"https:\/\/www.thrimor.at\/#website"},"primaryImageOfPage":{"@id":"https:\/\/www.thrimor.at\/index.php\/was-ist\/das-land-thrimor\/#primaryimage"},"image":{"@id":"https:\/\/www.thrimor.at\/index.php\/was-ist\/das-land-thrimor\/#primaryimage"},"thumbnailUrl":"https:\/\/www.thrimor.at\/wp-content\/uploads\/2022\/02\/Thrimor-Karte-724x1024.png","datePublished":"2020-04-25T07:57:57+00:00","dateModified":"2022-04-26T18:38:22+00:00","breadcrumb":{"@id":"https:\/\/www.thrimor.at\/index.php\/was-ist\/das-land-thrimor\/#breadcrumb"},"inLanguage":"de","potentialAction":[{"@type":"ReadAction","target":["https:\/\/www.thrimor.at\/index.php\/was-ist\/das-land-thrimor\/"]}]},{"@type":"ImageObject","inLanguage":"de","@id":"https:\/\/www.thrimor.at\/index.php\/was-ist\/das-land-thrimor\/#primaryimage","url":"https:\/\/www.thrimor.at\/wp-content\/uploads\/2022\/02\/Thrimor-Karte.png","contentUrl":"https:\/\/www.thrimor.at\/wp-content\/uploads\/2022\/02\/Thrimor-Karte.png","width":3507,"height":4960},{"@type":"BreadcrumbList","@id":"https:\/\/www.thrimor.at\/index.php\/was-ist\/das-land-thrimor\/#breadcrumb","itemListElement":[{"@type":"ListItem","position":1,"name":"Home","item":"https:\/\/www.thrimor.at\/"},{"@type":"ListItem","position":2,"name":"Was ist &#8230;","item":"https:\/\/www.thrimor.at\/index.php\/was-ist\/"},{"@type":"ListItem","position":3,"name":"Das Land Thrimor"}]},{"@type":"WebSite","@id":"https:\/\/www.thrimor.at\/#website","url":"https:\/\/www.thrimor.at\/","name":"Thrimorer Garde","description":"Eine engagierte LARP-Community aus Salzburg","potentialAction":[{"@type":"SearchAction","target":{"@type":"EntryPoint","urlTemplate":"https:\/\/www.thrimor.at\/?s={search_term_string}"},"query-input":{"@type":"PropertyValueSpecification","valueRequired":true,"valueName":"search_term_string"}}],"inLanguage":"de"}]}},"jetpack_sharing_enabled":true,"_links":{"self":[{"href":"https:\/\/www.thrimor.at\/index.php\/wp-json\/wp\/v2\/pages\/18","targetHints":{"allow":["GET"]}}],"collection":[{"href":"https:\/\/www.thrimor.at\/index.php\/wp-json\/wp\/v2\/pages"}],"about":[{"href":"https:\/\/www.thrimor.at\/index.php\/wp-json\/wp\/v2\/types\/page"}],"author":[{"embeddable":true,"href":"https:\/\/www.thrimor.at\/index.php\/wp-json\/wp\/v2\/users\/1"}],"replies":[{"embeddable":true,"href":"https:\/\/www.thrimor.at\/index.php\/wp-json\/wp\/v2\/comments?post=18"}],"version-history":[{"count":8,"href":"https:\/\/www.thrimor.at\/index.php\/wp-json\/wp\/v2\/pages\/18\/revisions"}],"predecessor-version":[{"id":1052,"href":"https:\/\/www.thrimor.at\/index.php\/wp-json\/wp\/v2\/pages\/18\/revisions\/1052"}],"up":[{"embeddable":true,"href":"https:\/\/www.thrimor.at\/index.php\/wp-json\/wp\/v2\/pages\/87"}],"wp:attachment":[{"href":"https:\/\/www.thrimor.at\/index.php\/wp-json\/wp\/v2\/media?parent=18"}],"curies":[{"name":"wp","href":"https:\/\/api.w.org\/{rel}","templated":true}]}}