{"id":26,"date":"2020-04-25T08:04:11","date_gmt":"2020-04-25T08:04:11","guid":{"rendered":"https:\/\/relaunch2.thrimor.at\/index.php\/einfuehrung\/"},"modified":"2025-01-11T16:20:50","modified_gmt":"2025-01-11T15:20:50","slug":"einfuehrung","status":"publish","type":"page","link":"https:\/\/www.thrimor.at\/index.php\/hintergruende-it\/einfuehrung\/","title":{"rendered":"Einf\u00fchrung"},"content":{"rendered":"\n<h2 class=\"wp-block-heading\">Eine kleine Einf\u00fchrung zu Thrimor<\/h2>\n\n\n\n<h4 class=\"wp-block-heading\"><em><strong>Tritt n\u00e4her, geneigter Leser und lausche meinen Worten!<\/strong><\/em><\/h4>\n\n\n\n<figure class=\"wp-block-image size-full\"><img loading=\"lazy\" decoding=\"async\" width=\"1000\" height=\"667\" src=\"https:\/\/www.thrimor.at\/wp-content\/uploads\/2022\/02\/Lagerfeuer.jpg\" alt=\"\" class=\"wp-image-897\" srcset=\"https:\/\/www.thrimor.at\/wp-content\/uploads\/2022\/02\/Lagerfeuer.jpg 1000w, https:\/\/www.thrimor.at\/wp-content\/uploads\/2022\/02\/Lagerfeuer-300x200.jpg 300w, https:\/\/www.thrimor.at\/wp-content\/uploads\/2022\/02\/Lagerfeuer-768x512.jpg 768w\" sizes=\"auto, (max-width: 1000px) 100vw, 1000px\" \/><\/figure>\n\n\n\n<p>Wenn\u2019s dich gel\u00fcstet, mehr \u00fcber die Grafschaft Thrimor zu erfahren, dann bist du bei mir genau richtig!<\/p>\n\n\n\n<p>Wie du unschwer auf der Karte erkennen kannst, bettet sich unsere Grafschaft gem\u00fctlich in einen riesigen Gebirgskessel ein. Etwa f\u00fcnf Tagesm\u00e4rsche dauert eine Nord-S\u00fcd- und an die drei Tagesm\u00e4rsche eine Ost-West-Durchquerung zu Fu\u00df. Mehr \u00fcber den gro\u00dfen, magischen Farunwald, den gigantischen Landbruch oder den Niel\u2019tus-See erf\u00e4hrst du unter&nbsp;<a href=\"https:\/\/www.thrimor.at\/index.php\/hintergruende-it\/geographie\/\">Geographie<\/a>.<\/p>\n\n\n\n<p>Wir befinden uns gerade im\u00a0<a href=\"https:\/\/www.thrimor.at\/index.php\/hintergruende-it\/geschichte\/\">Jahre 7 vor der Erf\u00fcllung der Prophezeiung.<\/a> Das hei\u00dft, dass sich die schreckliche Prophezeiung, welche vor hunderten von Jahren unserem damaligen Grafen \u00fcberbracht wurde und deren Inhalt niemand genau kennt, sich in zehn Jahren erf\u00fcllen wird. Was wird das sein? Die einen munkeln, dass der Graf gest\u00fcrzt wird. Andere wiederum glauben, dass der Fluch Ciryons wieder ausbrechen und viele dahinraffen wird. Einige wenige erahnen das Ende der Welt &#8211; oder zumindest Thrimors. Was wiederum f\u00fcr die meisten Thrimorer gleichbedeutend ist\u2026<br>Viele aber sind sich sicher, dass es mit den j\u00fcngsten Ereignissen der\u00a0<a href=\"https:\/\/www.thrimor.at\/index.php\/hintergruende-it\/religionen\/\">Bruderschaft des Ewigen Lebens<\/a>\u00a0zu tun hat. Diese schwarze, bis vor kurzem noch v\u00f6llig unbekannte Gemeinschaft hat es mit Hilfe schrecklichster\u00a0<a href=\"https:\/\/www.thrimor.at\/index.php\/hintergruende-it\/magie\/\">Magie\u00a0<\/a>geschafft, dem Tode selbst zu trotzen und benutzt seitdem Leichname als ihre Marionetten. Hat man zuerst nur vom Verschwinden einzelner Tiere oder Menschen geh\u00f6rt, wurde unl\u00e4ngst eine ganze Kleinstadt in Schutt und Asche gelegt und scheint jetzt als St\u00fctzpunkt f\u00fcr diese Untoten zu dienen.\u00a0<br><br>Die Thrimorer Garde wurde ausgesandt, um dieser Bedrohung Herr zu werden. Es wurden schon zwei R\u00fcckeroberungsversuche abgewehrt und viele gute Thrimorer Recken mussten ihr Leben lassen, nur um anschlie\u00dfend wieder als untotes Fleisch zur\u00fcckzukehren und \u00fcber ihre ehemaligen Kameraden herzufallen. Sollten nicht bald\u00a0die <a href=\"https:\/\/www.thrimor.at\/index.php\/hintergruende-it\/politik\/\">Ratsleuten oder der Graf<\/a>, oder vielleicht ein k\u00fchner Recke, einen Einfall haben, wie der Plage beizukommen ist, dann helfen uns\u00a0<a href=\"https:\/\/www.thrimor.at\/index.php\/hintergruende-it\/religoese-praxis\/\">die G\u00f6tter\u00a0<\/a>&#8211; denn dann sieht\u2019s gar nicht gut aus mit uns Thrimorern.<\/p>\n\n\n\n<p>Weitere Details zu den L\u00e4ndereien&nbsp;<a href=\"https:\/\/www.thrimor.at\/index.php\/hintergruende-it\/alvinion\/\">Alvinion<\/a>,&nbsp;<a href=\"https:\/\/www.thrimor.at\/index.php\/hintergruende-it\/farun\/\">Farun<\/a>,&nbsp;<a href=\"https:\/\/www.thrimor.at\/index.php\/hintergruende-it\/lanyrien\/\">Lanyrien<\/a>,&nbsp;<a href=\"https:\/\/www.thrimor.at\/index.php\/hintergruende-it\/nieljanira\/\">Niel&#8217;janira&nbsp;<\/a>und&nbsp;<a href=\"https:\/\/www.thrimor.at\/index.php\/hintergruende-it\/tharis\/\">Tharis&nbsp;<\/a>gibt es hier.<\/p>\n","protected":false},"excerpt":{"rendered":"<p>Eine kleine Einf\u00fchrung zu Thrimor Tritt n\u00e4her, geneigter Leser und lausche meinen Worten! Wenn\u2019s dich gel\u00fcstet, mehr \u00fcber die Grafschaft Thrimor zu erfahren, dann bist du bei mir genau richtig! Wie du unschwer auf der Karte erkennen kannst, bettet sich unsere Grafschaft gem\u00fctlich in einen riesigen Gebirgskessel ein. Etwa f\u00fcnf Tagesm\u00e4rsche dauert eine Nord-S\u00fcd- und [&hellip;]<\/p>\n","protected":false},"author":1,"featured_media":0,"parent":89,"menu_order":1,"comment_status":"closed","ping_status":"closed","template":"","meta":{"om_disable_all_campaigns":false,"footnotes":""},"class_list":["post-26","page","type-page","status-publish","hentry"],"yoast_head":"<!-- This site is optimized with the Yoast SEO plugin v26.1.1 - https:\/\/yoast.com\/wordpress\/plugins\/seo\/ -->\n<title>Einf\u00fchrung - Thrimorer Garde<\/title>\n<meta name=\"robots\" content=\"index, follow, max-snippet:-1, max-image-preview:large, max-video-preview:-1\" \/>\n<link rel=\"canonical\" href=\"https:\/\/www.thrimor.at\/index.php\/hintergruende-it\/einfuehrung\/\" \/>\n<meta property=\"og:locale\" content=\"de_DE\" \/>\n<meta property=\"og:type\" content=\"article\" \/>\n<meta property=\"og:title\" content=\"Einf\u00fchrung - Thrimorer Garde\" \/>\n<meta property=\"og:description\" content=\"Eine kleine Einf\u00fchrung zu Thrimor Tritt n\u00e4her, geneigter Leser und lausche meinen Worten! Wenn\u2019s dich gel\u00fcstet, mehr \u00fcber die Grafschaft Thrimor zu erfahren, dann bist du bei mir genau richtig! Wie du unschwer auf der Karte erkennen kannst, bettet sich unsere Grafschaft gem\u00fctlich in einen riesigen Gebirgskessel ein. Etwa f\u00fcnf Tagesm\u00e4rsche dauert eine Nord-S\u00fcd- und [&hellip;]\" \/>\n<meta property=\"og:url\" content=\"https:\/\/www.thrimor.at\/index.php\/hintergruende-it\/einfuehrung\/\" \/>\n<meta property=\"og:site_name\" content=\"Thrimorer Garde\" \/>\n<meta property=\"article:modified_time\" content=\"2025-01-11T15:20:50+00:00\" \/>\n<meta property=\"og:image\" content=\"https:\/\/www.thrimor.at\/wp-content\/uploads\/2022\/02\/Lagerfeuer.jpg\" \/>\n\t<meta property=\"og:image:width\" content=\"1000\" \/>\n\t<meta property=\"og:image:height\" content=\"667\" \/>\n\t<meta property=\"og:image:type\" content=\"image\/jpeg\" \/>\n<meta name=\"twitter:card\" content=\"summary_large_image\" \/>\n<meta name=\"twitter:label1\" content=\"Gesch\u00e4tzte Lesezeit\" \/>\n\t<meta name=\"twitter:data1\" content=\"3\u00a0Minuten\" \/>\n<script type=\"application\/ld+json\" class=\"yoast-schema-graph\">{\"@context\":\"https:\/\/schema.org\",\"@graph\":[{\"@type\":\"WebPage\",\"@id\":\"https:\/\/www.thrimor.at\/index.php\/hintergruende-it\/einfuehrung\/\",\"url\":\"https:\/\/www.thrimor.at\/index.php\/hintergruende-it\/einfuehrung\/\",\"name\":\"Einf\u00fchrung - Thrimorer Garde\",\"isPartOf\":{\"@id\":\"https:\/\/www.thrimor.at\/#website\"},\"primaryImageOfPage\":{\"@id\":\"https:\/\/www.thrimor.at\/index.php\/hintergruende-it\/einfuehrung\/#primaryimage\"},\"image\":{\"@id\":\"https:\/\/www.thrimor.at\/index.php\/hintergruende-it\/einfuehrung\/#primaryimage\"},\"thumbnailUrl\":\"https:\/\/www.thrimor.at\/wp-content\/uploads\/2022\/02\/Lagerfeuer.jpg\",\"datePublished\":\"2020-04-25T08:04:11+00:00\",\"dateModified\":\"2025-01-11T15:20:50+00:00\",\"breadcrumb\":{\"@id\":\"https:\/\/www.thrimor.at\/index.php\/hintergruende-it\/einfuehrung\/#breadcrumb\"},\"inLanguage\":\"de\",\"potentialAction\":[{\"@type\":\"ReadAction\",\"target\":[\"https:\/\/www.thrimor.at\/index.php\/hintergruende-it\/einfuehrung\/\"]}]},{\"@type\":\"ImageObject\",\"inLanguage\":\"de\",\"@id\":\"https:\/\/www.thrimor.at\/index.php\/hintergruende-it\/einfuehrung\/#primaryimage\",\"url\":\"https:\/\/www.thrimor.at\/wp-content\/uploads\/2022\/02\/Lagerfeuer.jpg\",\"contentUrl\":\"https:\/\/www.thrimor.at\/wp-content\/uploads\/2022\/02\/Lagerfeuer.jpg\",\"width\":1000,\"height\":667},{\"@type\":\"BreadcrumbList\",\"@id\":\"https:\/\/www.thrimor.at\/index.php\/hintergruende-it\/einfuehrung\/#breadcrumb\",\"itemListElement\":[{\"@type\":\"ListItem\",\"position\":1,\"name\":\"Home\",\"item\":\"https:\/\/www.thrimor.at\/\"},{\"@type\":\"ListItem\",\"position\":2,\"name\":\"Hintergr\u00fcnde (IT)\",\"item\":\"https:\/\/www.thrimor.at\/index.php\/hintergruende-it\/\"},{\"@type\":\"ListItem\",\"position\":3,\"name\":\"Einf\u00fchrung\"}]},{\"@type\":\"WebSite\",\"@id\":\"https:\/\/www.thrimor.at\/#website\",\"url\":\"https:\/\/www.thrimor.at\/\",\"name\":\"Thrimorer Garde\",\"description\":\"Eine engagierte LARP-Community aus Salzburg\",\"potentialAction\":[{\"@type\":\"SearchAction\",\"target\":{\"@type\":\"EntryPoint\",\"urlTemplate\":\"https:\/\/www.thrimor.at\/?s={search_term_string}\"},\"query-input\":{\"@type\":\"PropertyValueSpecification\",\"valueRequired\":true,\"valueName\":\"search_term_string\"}}],\"inLanguage\":\"de\"}]}<\/script>\n<!-- \/ Yoast SEO plugin. -->","yoast_head_json":{"title":"Einf\u00fchrung - Thrimorer Garde","robots":{"index":"index","follow":"follow","max-snippet":"max-snippet:-1","max-image-preview":"max-image-preview:large","max-video-preview":"max-video-preview:-1"},"canonical":"https:\/\/www.thrimor.at\/index.php\/hintergruende-it\/einfuehrung\/","og_locale":"de_DE","og_type":"article","og_title":"Einf\u00fchrung - Thrimorer Garde","og_description":"Eine kleine Einf\u00fchrung zu Thrimor Tritt n\u00e4her, geneigter Leser und lausche meinen Worten! Wenn\u2019s dich gel\u00fcstet, mehr \u00fcber die Grafschaft Thrimor zu erfahren, dann bist du bei mir genau richtig! Wie du unschwer auf der Karte erkennen kannst, bettet sich unsere Grafschaft gem\u00fctlich in einen riesigen Gebirgskessel ein. Etwa f\u00fcnf Tagesm\u00e4rsche dauert eine Nord-S\u00fcd- und [&hellip;]","og_url":"https:\/\/www.thrimor.at\/index.php\/hintergruende-it\/einfuehrung\/","og_site_name":"Thrimorer Garde","article_modified_time":"2025-01-11T15:20:50+00:00","og_image":[{"width":1000,"height":667,"url":"https:\/\/www.thrimor.at\/wp-content\/uploads\/2022\/02\/Lagerfeuer.jpg","type":"image\/jpeg"}],"twitter_card":"summary_large_image","twitter_misc":{"Gesch\u00e4tzte Lesezeit":"3\u00a0Minuten"},"schema":{"@context":"https:\/\/schema.org","@graph":[{"@type":"WebPage","@id":"https:\/\/www.thrimor.at\/index.php\/hintergruende-it\/einfuehrung\/","url":"https:\/\/www.thrimor.at\/index.php\/hintergruende-it\/einfuehrung\/","name":"Einf\u00fchrung - Thrimorer Garde","isPartOf":{"@id":"https:\/\/www.thrimor.at\/#website"},"primaryImageOfPage":{"@id":"https:\/\/www.thrimor.at\/index.php\/hintergruende-it\/einfuehrung\/#primaryimage"},"image":{"@id":"https:\/\/www.thrimor.at\/index.php\/hintergruende-it\/einfuehrung\/#primaryimage"},"thumbnailUrl":"https:\/\/www.thrimor.at\/wp-content\/uploads\/2022\/02\/Lagerfeuer.jpg","datePublished":"2020-04-25T08:04:11+00:00","dateModified":"2025-01-11T15:20:50+00:00","breadcrumb":{"@id":"https:\/\/www.thrimor.at\/index.php\/hintergruende-it\/einfuehrung\/#breadcrumb"},"inLanguage":"de","potentialAction":[{"@type":"ReadAction","target":["https:\/\/www.thrimor.at\/index.php\/hintergruende-it\/einfuehrung\/"]}]},{"@type":"ImageObject","inLanguage":"de","@id":"https:\/\/www.thrimor.at\/index.php\/hintergruende-it\/einfuehrung\/#primaryimage","url":"https:\/\/www.thrimor.at\/wp-content\/uploads\/2022\/02\/Lagerfeuer.jpg","contentUrl":"https:\/\/www.thrimor.at\/wp-content\/uploads\/2022\/02\/Lagerfeuer.jpg","width":1000,"height":667},{"@type":"BreadcrumbList","@id":"https:\/\/www.thrimor.at\/index.php\/hintergruende-it\/einfuehrung\/#breadcrumb","itemListElement":[{"@type":"ListItem","position":1,"name":"Home","item":"https:\/\/www.thrimor.at\/"},{"@type":"ListItem","position":2,"name":"Hintergr\u00fcnde (IT)","item":"https:\/\/www.thrimor.at\/index.php\/hintergruende-it\/"},{"@type":"ListItem","position":3,"name":"Einf\u00fchrung"}]},{"@type":"WebSite","@id":"https:\/\/www.thrimor.at\/#website","url":"https:\/\/www.thrimor.at\/","name":"Thrimorer Garde","description":"Eine engagierte LARP-Community aus Salzburg","potentialAction":[{"@type":"SearchAction","target":{"@type":"EntryPoint","urlTemplate":"https:\/\/www.thrimor.at\/?s={search_term_string}"},"query-input":{"@type":"PropertyValueSpecification","valueRequired":true,"valueName":"search_term_string"}}],"inLanguage":"de"}]}},"jetpack_sharing_enabled":true,"_links":{"self":[{"href":"https:\/\/www.thrimor.at\/index.php\/wp-json\/wp\/v2\/pages\/26","targetHints":{"allow":["GET"]}}],"collection":[{"href":"https:\/\/www.thrimor.at\/index.php\/wp-json\/wp\/v2\/pages"}],"about":[{"href":"https:\/\/www.thrimor.at\/index.php\/wp-json\/wp\/v2\/types\/page"}],"author":[{"embeddable":true,"href":"https:\/\/www.thrimor.at\/index.php\/wp-json\/wp\/v2\/users\/1"}],"replies":[{"embeddable":true,"href":"https:\/\/www.thrimor.at\/index.php\/wp-json\/wp\/v2\/comments?post=26"}],"version-history":[{"count":12,"href":"https:\/\/www.thrimor.at\/index.php\/wp-json\/wp\/v2\/pages\/26\/revisions"}],"predecessor-version":[{"id":1582,"href":"https:\/\/www.thrimor.at\/index.php\/wp-json\/wp\/v2\/pages\/26\/revisions\/1582"}],"up":[{"embeddable":true,"href":"https:\/\/www.thrimor.at\/index.php\/wp-json\/wp\/v2\/pages\/89"}],"wp:attachment":[{"href":"https:\/\/www.thrimor.at\/index.php\/wp-json\/wp\/v2\/media?parent=26"}],"curies":[{"name":"wp","href":"https:\/\/api.w.org\/{rel}","templated":true}]}}