{"id":276,"date":"2021-02-05T23:14:29","date_gmt":"2021-02-05T22:14:29","guid":{"rendered":"https:\/\/relaunch2.thrimor.at\/?page_id=276"},"modified":"2024-08-28T15:46:05","modified_gmt":"2024-08-28T13:46:05","slug":"wirtschaft","status":"publish","type":"page","link":"https:\/\/www.thrimor.at\/index.php\/hintergruende-it\/wirtschaft\/","title":{"rendered":"Wirtschaft"},"content":{"rendered":"\n\n\n<h3 class=\"wp-block-heading\">Geld<\/h3>\n\n\n\n<p>Da Thrimor \u00fcber Jahrhunderte von der Au\u00dfenwelt abgeschnitten war, hat sich eine v\u00f6llig autarke Wirtschaft etabliert: Alles, was das Land braucht, liefert das Land auch. Land ist daher, wie fast allerorts, die Grundlage der Wirtschaft.<\/p>\n\n\n\n<p>Dennoch hat sich eine M\u00fcnzwirtschaft etabliert. F\u00fcr die kleinste M\u00fcnze &#8211; ein Kupferst\u00fcck &#8211; bekommt man etwa ein kleines S\u00e4ckchen Sumpfkartoffeln oder ein Dutzend Eier. Eine Silberm\u00fcnze hat den Gegenwert von zehn Kupferm\u00fcnzen und entspricht selber einem Zehntel Gold.<\/p>\n\n\n\n<p>Mehr zu Preisen und L\u00f6hnen findest du hier: <\/p>\n\n\n\n<div class=\"wp-block-file\"><a id=\"wp-block-file--media-ce0a7099-34f8-42cc-82f1-5de667568941\" href=\"https:\/\/www.thrimor.at\/wp-content\/uploads\/2024\/08\/AG-Wirtschaft-Preisliste-1.xlsx\">Preise und L\u00f6hne<\/a><a href=\"https:\/\/www.thrimor.at\/wp-content\/uploads\/2024\/08\/AG-Wirtschaft-Preisliste-1.xlsx\" class=\"wp-block-file__button wp-element-button\" download aria-describedby=\"wp-block-file--media-ce0a7099-34f8-42cc-82f1-5de667568941\">Herunterladen<\/a><\/div>\n\n\n\n<p>Mehr zum Umgang mit IT-M\u00fcnzen im Spiel findest du <a href=\"https:\/\/www.thrimor.at\/index.php\/it-geld\/\">hier<\/a>.<\/p>\n\n\n\n<figure class=\"wp-block-image size-large\"><img loading=\"lazy\" decoding=\"async\" width=\"1024\" height=\"768\" src=\"https:\/\/www.thrimor.at\/wp-content\/uploads\/2022\/02\/photo_2022-02-06_22-21-02-3-1024x768.jpg\" alt=\"\" class=\"wp-image-960\" srcset=\"https:\/\/www.thrimor.at\/wp-content\/uploads\/2022\/02\/photo_2022-02-06_22-21-02-3-1024x768.jpg 1024w, https:\/\/www.thrimor.at\/wp-content\/uploads\/2022\/02\/photo_2022-02-06_22-21-02-3-300x225.jpg 300w, https:\/\/www.thrimor.at\/wp-content\/uploads\/2022\/02\/photo_2022-02-06_22-21-02-3-768x576.jpg 768w, https:\/\/www.thrimor.at\/wp-content\/uploads\/2022\/02\/photo_2022-02-06_22-21-02-3-rotated.jpg 1280w\" sizes=\"auto, (max-width: 1024px) 100vw, 1024px\" \/><\/figure>\n\n\n\n<h3 class=\"wp-block-heading\">Land<\/h3>\n\n\n\n<p>Land liegt grunds\u00e4tzlich nicht im Besitz von Institutionen &#8211; etwa dem Grafen oder den Ratsleuten &#8211; sondern einzelnen Machthabern bzw. Familien. So besitzen beispielsweise die Remyrs viel Land, aber auch andere Familien (etwa die die V\u00fcrfelds in Alvinion oder die Familie Rossburg in Lanyrien) haben gewaltige Landfl\u00e4chen, w\u00e4hrend etwa Nordrassil \u00fcber gar kein Land verf\u00fcgt &#8211; der hat sich \u00fcber geschicktes Taktieren und ein im Handel erworbenes Verm\u00f6gen die Wahl zum Ratsherren gesichert (und seit ihm Graf Folken Tirell Thrimos das M\u00fcnzrecht als Lehen gegeben hat, ist es noch weiter bergauf mit ihm gegangen, auch wenn jetzt vermehrt M\u00fcnzen aus dem ausl\u00e4ndischen S\u00fcden den heimischen M\u00fcnzbestand durchsetzen). Dieses Land wird dann h\u00e4ufig als Lehen an V\u00f6gte oder Freihf\u00fchren oder auch einzelne Freibauern verliehen. Andere Lehen k\u00f6nnen neben genanntem M\u00fcnzrecht etwa Zollrecht, ein exklusives Handelsrecht (wie es die Familie Silbvrich auf Silberwolfpelze hat) oder ein Vorkaufsrecht auf einzelne Waren sein.<\/p>\n\n\n\n<h3 class=\"wp-block-heading\">Zoll<\/h3>\n\n\n\n<p>Zoll wird vor allem an folgenden Orten verlangt:<\/p>\n\n\n\n<ul class=\"wp-block-list\">\n<li>Auf der Weithaburg, wo die Wolfsaache in die Untere Weitha flie\u00dft (wests\u00fcdwestlich von Wolfenruh)<\/li>\n\n\n\n<li>Auf der Wolfenruher Br\u00fccke (hier wird vor allem auf tharisische Luxusg\u00fcter wie Wolfspelze oder Eiswasser Zoll verh\u00e4ngt)<\/li>\n\n\n\n<li>in Obturum<\/li>\n\n\n\n<li>in Trantharing (die Zollburg ist direkt oberhalb des Landbruchs)<\/li>\n\n\n\n<li>in Tharul (hier werden vor allem Metalle, insbesondere nat\u00fcrlich Tharuler Stahl, verzollt)<\/li>\n\n\n\n<li>am Landbruch s\u00fcdlich von Trevi<\/li>\n\n\n\n<li>selbstverst\u00e4ndlich an der S\u00fcdpforte nach Uninga<\/li>\n\n\n\n<li>sowie fr\u00fcher in Nubingen<\/li>\n\n\n\n<li>auf der Ausweichroute \u00fcber den Niel&#8217;shin wurde jetzt der Familie Holzer zugestanden, Burg Klammer zur Zollburg auszubauen<\/li>\n\n\n\n<li>au\u00dferdem wird gerade auf der Br\u00fccke \u00fcber den Schwesternbach s\u00fcdlich von Nubingen ein Zollhaus errichtet<\/li>\n<\/ul>\n\n\n\n<p>Dabei werden selbstverst\u00e4ndlich nicht alle Waren verzollt. Zoll liegt vor allem auf:<\/p>\n\n\n\n<ul class=\"wp-block-list\">\n<li>allen Arten von Metallen (insbesondere Tharuler Stahl)<\/li>\n\n\n\n<li>magischen Artefakten (die zus\u00e4tzlich durch Gesetze noch streng geregelt werden)<\/li>\n\n\n\n<li>Luxusg\u00fctern aller Art (Tharheimer Eiswasser (Tharis), Metwabe-Met (S\u00fcdlande), Glas (v.a. Trevi), exotische Gew\u00fcrze (v.a. Uninga), Niel&#8217;tus-Wein (v.a. Niel&#8217;janira), Silberwolfsfelle (Familie Silvrich, Tharis), etc.)<\/li>\n<\/ul>\n\n\n\n<p>Auf Stra\u00dfen wird f\u00fcr gew\u00f6hnlich kein weiterer Zoll mehr verh\u00e4ngt. Das mag in Ausnahmef\u00e4llen bei besonders neuen Stra\u00dfen geschehen, ist aber aktuell nirgends der Fall. Die Stra\u00dfen in Schuss zu halten ist Pflicht der jeweiligen Ratsleute. Finanziert wird das vor allem \u00fcber die genannten Z\u00f6lle, in Lanyrien (und neuerdings auch Alvinion) b\u00fcrgert sich aber auch der Robot ein. Das bedeutet, dass Einwohner Thrimors ihre Abgaben nicht in Form von Waren abliefern, sondern mit ihrer Arbeitskraft. Das hat den Grund, dass der Graf darauf keine Steuern verh\u00e4ngt.<\/p>\n\n\n\n<h3 class=\"wp-block-heading\">Steuern<\/h3>\n\n\n\n<p>Das wichtigste Einkommen des Grafen sind Steuern &#8211; er allein hat die Hoheit, Steuern einzutreiben. Die braucht er auch: Unter anderem die Thrimorer Garde wird aus der Hand des Grafen entlohnt. Dabei beauftragt der Graf M\u00e4nner seines Vertrauens damit, durchs Land zu gehen und angemessene Steuern einzutreiben &#8211; was daf\u00fcr angemessen ist, ist aber schwierig zu sagen und reicht von undurchschaubarer Willk\u00fcr (etwa bei fahrenden H\u00e4ndlern, die ganz schwer festzumachen sind) \u00fcber fast schon ritualisierte Faustregeln (den zehnten Teil des Ertrags, so gut sich das sch\u00e4tzen l\u00e4sst) bis hin zu z\u00e4hen, langwierigen Verhandlungen (etwa im Fall von m\u00e4chtigen Adelsfamilien und Ratsdamen). Diese Steuereintreiber werden neben Gardisten noch von einem Textorianer begleitet, der stets als Zeuge beiwohnt. F\u00fchlt sich jemand zu Unrecht besteuert, kann er vor Gericht gehen, wo die n\u00e4chsth\u00f6here Instanz entscheidet, ob der Steuereintreiber zu weit gegangen ist und bestraft wird. Daf\u00fcr ist der textorianische Priester der wichtigste Zeuge. Steuereintreiber kann dadurch zu einem lukrativen, aber auch gef\u00e4hrlichen Broterwerb werden.<\/p>\n\n\n\n<figure class=\"wp-block-image size-large\"><img loading=\"lazy\" decoding=\"async\" width=\"683\" height=\"1024\" src=\"https:\/\/www.thrimor.at\/wp-content\/uploads\/2022\/02\/MG_8095-683x1024.jpg\" alt=\"\" class=\"wp-image-957\" srcset=\"https:\/\/www.thrimor.at\/wp-content\/uploads\/2022\/02\/MG_8095-683x1024.jpg 683w, https:\/\/www.thrimor.at\/wp-content\/uploads\/2022\/02\/MG_8095-200x300.jpg 200w, https:\/\/www.thrimor.at\/wp-content\/uploads\/2022\/02\/MG_8095-768x1152.jpg 768w, https:\/\/www.thrimor.at\/wp-content\/uploads\/2022\/02\/MG_8095-1024x1536.jpg 1024w, https:\/\/www.thrimor.at\/wp-content\/uploads\/2022\/02\/MG_8095.jpg 1067w\" sizes=\"auto, (max-width: 683px) 100vw, 683px\" \/><\/figure>\n\n\n\n<h3 class=\"wp-block-heading\">\u00d6ffnung der S\u00fcdgrenze<\/h3>\n\n\n\n<p>Die \u00d6ffnung der Grenze hat auch wirtschaftlich einiges durcheinander gewirbelt. Condome und vor allem Liebchenkraut sind ein Exportschlager ohnegleichen geworden. Auch Luxusg\u00fcter wie der Niel&#8217;tus-Wein oder Tharheimer Eiswasser sind begehrt, deneben liefert Thrimor vor allem Salz, aber auch Reis und Edelsteine und etwas Tharuler Stahl. Im Gegenzug bezieht man aus dem Seenland &#8211; dem Land direkt an der Grenze zu Thrimor &#8211; Steinwaren, Glas (sehr zum Leidwesen der Amon&#8217;d\u00edn-Dynastie), handgekn\u00fcpfte Teppiche, alchemistische Erzeugnisse, Fisch, B\u00fccher sowie \u00fcber Zwischenh\u00e4ndler das neue Luxusgut Tabak samt den dazugeh\u00f6rigen Wasserpfeifen. Insbesondere f\u00fcr Lanyrien hat das einen wirtschaftlichen Aufschwung bedeutet, w\u00e4hrend die Obturumer Handelsgilde zunehmend darunter leidet, dass ein wesentlicher Teil des Handels so fernab geschieht. Zu leiden hat auch Tharis, da die traditionellen Silberwolfspelze immer mehr Konkurrenz durch die ausl\u00e4ndische Mode erf\u00e4hrt. Immer noch als sehr unnkonventionell gilt allerdings das Tragen von Kimonos aus Askartea.<\/p>\n\n\n\n<p>Zum Problem vor allem f\u00fcr Dianthus Nordrassil wird die st\u00e4ndige Einfuhr von nicht von ihm gepr\u00e4gten M\u00fcnzen aus Ciryon.<\/p>\n","protected":false},"excerpt":{"rendered":"<p>Geld Da Thrimor \u00fcber Jahrhunderte von der Au\u00dfenwelt abgeschnitten war, hat sich eine v\u00f6llig autarke Wirtschaft etabliert: Alles, was das Land braucht, liefert das Land auch. Land ist daher, wie fast allerorts, die Grundlage der Wirtschaft. Dennoch hat sich eine M\u00fcnzwirtschaft etabliert. F\u00fcr die kleinste M\u00fcnze &#8211; ein Kupferst\u00fcck &#8211; bekommt man etwa ein kleines [&hellip;]<\/p>\n","protected":false},"author":3,"featured_media":0,"parent":89,"menu_order":14,"comment_status":"closed","ping_status":"closed","template":"","meta":{"om_disable_all_campaigns":false,"footnotes":""},"class_list":["post-276","page","type-page","status-publish","hentry"],"yoast_head":"<!-- This site is optimized with the Yoast SEO plugin v26.1.1 - https:\/\/yoast.com\/wordpress\/plugins\/seo\/ -->\n<title>Wirtschaft - Thrimorer Garde<\/title>\n<meta name=\"robots\" content=\"index, follow, max-snippet:-1, max-image-preview:large, max-video-preview:-1\" \/>\n<link rel=\"canonical\" href=\"https:\/\/www.thrimor.at\/index.php\/hintergruende-it\/wirtschaft\/\" \/>\n<meta property=\"og:locale\" content=\"de_DE\" \/>\n<meta property=\"og:type\" content=\"article\" \/>\n<meta property=\"og:title\" content=\"Wirtschaft - Thrimorer Garde\" \/>\n<meta property=\"og:description\" content=\"Geld Da Thrimor \u00fcber Jahrhunderte von der Au\u00dfenwelt abgeschnitten war, hat sich eine v\u00f6llig autarke Wirtschaft etabliert: Alles, was das Land braucht, liefert das Land auch. Land ist daher, wie fast allerorts, die Grundlage der Wirtschaft. Dennoch hat sich eine M\u00fcnzwirtschaft etabliert. F\u00fcr die kleinste M\u00fcnze &#8211; ein Kupferst\u00fcck &#8211; bekommt man etwa ein kleines [&hellip;]\" \/>\n<meta property=\"og:url\" content=\"https:\/\/www.thrimor.at\/index.php\/hintergruende-it\/wirtschaft\/\" \/>\n<meta property=\"og:site_name\" content=\"Thrimorer Garde\" \/>\n<meta property=\"article:modified_time\" content=\"2024-08-28T13:46:05+00:00\" \/>\n<meta property=\"og:image\" content=\"https:\/\/www.thrimor.at\/wp-content\/uploads\/2022\/02\/photo_2022-02-06_22-21-02-3-1024x768.jpg\" \/>\n<meta name=\"twitter:card\" content=\"summary_large_image\" \/>\n<meta name=\"twitter:label1\" content=\"Gesch\u00e4tzte Lesezeit\" \/>\n\t<meta name=\"twitter:data1\" content=\"5\u00a0Minuten\" \/>\n<script type=\"application\/ld+json\" class=\"yoast-schema-graph\">{\"@context\":\"https:\/\/schema.org\",\"@graph\":[{\"@type\":\"WebPage\",\"@id\":\"https:\/\/www.thrimor.at\/index.php\/hintergruende-it\/wirtschaft\/\",\"url\":\"https:\/\/www.thrimor.at\/index.php\/hintergruende-it\/wirtschaft\/\",\"name\":\"Wirtschaft - Thrimorer Garde\",\"isPartOf\":{\"@id\":\"https:\/\/www.thrimor.at\/#website\"},\"primaryImageOfPage\":{\"@id\":\"https:\/\/www.thrimor.at\/index.php\/hintergruende-it\/wirtschaft\/#primaryimage\"},\"image\":{\"@id\":\"https:\/\/www.thrimor.at\/index.php\/hintergruende-it\/wirtschaft\/#primaryimage\"},\"thumbnailUrl\":\"https:\/\/www.thrimor.at\/wp-content\/uploads\/2022\/02\/photo_2022-02-06_22-21-02-3-1024x768.jpg\",\"datePublished\":\"2021-02-05T22:14:29+00:00\",\"dateModified\":\"2024-08-28T13:46:05+00:00\",\"breadcrumb\":{\"@id\":\"https:\/\/www.thrimor.at\/index.php\/hintergruende-it\/wirtschaft\/#breadcrumb\"},\"inLanguage\":\"de\",\"potentialAction\":[{\"@type\":\"ReadAction\",\"target\":[\"https:\/\/www.thrimor.at\/index.php\/hintergruende-it\/wirtschaft\/\"]}]},{\"@type\":\"ImageObject\",\"inLanguage\":\"de\",\"@id\":\"https:\/\/www.thrimor.at\/index.php\/hintergruende-it\/wirtschaft\/#primaryimage\",\"url\":\"https:\/\/www.thrimor.at\/wp-content\/uploads\/2022\/02\/photo_2022-02-06_22-21-02-3-rotated.jpg\",\"contentUrl\":\"https:\/\/www.thrimor.at\/wp-content\/uploads\/2022\/02\/photo_2022-02-06_22-21-02-3-rotated.jpg\",\"width\":1280,\"height\":960},{\"@type\":\"BreadcrumbList\",\"@id\":\"https:\/\/www.thrimor.at\/index.php\/hintergruende-it\/wirtschaft\/#breadcrumb\",\"itemListElement\":[{\"@type\":\"ListItem\",\"position\":1,\"name\":\"Home\",\"item\":\"https:\/\/www.thrimor.at\/\"},{\"@type\":\"ListItem\",\"position\":2,\"name\":\"Hintergr\u00fcnde (IT)\",\"item\":\"https:\/\/www.thrimor.at\/index.php\/hintergruende-it\/\"},{\"@type\":\"ListItem\",\"position\":3,\"name\":\"Wirtschaft\"}]},{\"@type\":\"WebSite\",\"@id\":\"https:\/\/www.thrimor.at\/#website\",\"url\":\"https:\/\/www.thrimor.at\/\",\"name\":\"Thrimorer Garde\",\"description\":\"Eine engagierte LARP-Community aus Salzburg\",\"potentialAction\":[{\"@type\":\"SearchAction\",\"target\":{\"@type\":\"EntryPoint\",\"urlTemplate\":\"https:\/\/www.thrimor.at\/?s={search_term_string}\"},\"query-input\":{\"@type\":\"PropertyValueSpecification\",\"valueRequired\":true,\"valueName\":\"search_term_string\"}}],\"inLanguage\":\"de\"}]}<\/script>\n<!-- \/ Yoast SEO plugin. -->","yoast_head_json":{"title":"Wirtschaft - Thrimorer Garde","robots":{"index":"index","follow":"follow","max-snippet":"max-snippet:-1","max-image-preview":"max-image-preview:large","max-video-preview":"max-video-preview:-1"},"canonical":"https:\/\/www.thrimor.at\/index.php\/hintergruende-it\/wirtschaft\/","og_locale":"de_DE","og_type":"article","og_title":"Wirtschaft - Thrimorer Garde","og_description":"Geld Da Thrimor \u00fcber Jahrhunderte von der Au\u00dfenwelt abgeschnitten war, hat sich eine v\u00f6llig autarke Wirtschaft etabliert: Alles, was das Land braucht, liefert das Land auch. Land ist daher, wie fast allerorts, die Grundlage der Wirtschaft. Dennoch hat sich eine M\u00fcnzwirtschaft etabliert. F\u00fcr die kleinste M\u00fcnze &#8211; ein Kupferst\u00fcck &#8211; bekommt man etwa ein kleines [&hellip;]","og_url":"https:\/\/www.thrimor.at\/index.php\/hintergruende-it\/wirtschaft\/","og_site_name":"Thrimorer Garde","article_modified_time":"2024-08-28T13:46:05+00:00","og_image":[{"url":"https:\/\/www.thrimor.at\/wp-content\/uploads\/2022\/02\/photo_2022-02-06_22-21-02-3-1024x768.jpg","type":"","width":"","height":""}],"twitter_card":"summary_large_image","twitter_misc":{"Gesch\u00e4tzte Lesezeit":"5\u00a0Minuten"},"schema":{"@context":"https:\/\/schema.org","@graph":[{"@type":"WebPage","@id":"https:\/\/www.thrimor.at\/index.php\/hintergruende-it\/wirtschaft\/","url":"https:\/\/www.thrimor.at\/index.php\/hintergruende-it\/wirtschaft\/","name":"Wirtschaft - Thrimorer Garde","isPartOf":{"@id":"https:\/\/www.thrimor.at\/#website"},"primaryImageOfPage":{"@id":"https:\/\/www.thrimor.at\/index.php\/hintergruende-it\/wirtschaft\/#primaryimage"},"image":{"@id":"https:\/\/www.thrimor.at\/index.php\/hintergruende-it\/wirtschaft\/#primaryimage"},"thumbnailUrl":"https:\/\/www.thrimor.at\/wp-content\/uploads\/2022\/02\/photo_2022-02-06_22-21-02-3-1024x768.jpg","datePublished":"2021-02-05T22:14:29+00:00","dateModified":"2024-08-28T13:46:05+00:00","breadcrumb":{"@id":"https:\/\/www.thrimor.at\/index.php\/hintergruende-it\/wirtschaft\/#breadcrumb"},"inLanguage":"de","potentialAction":[{"@type":"ReadAction","target":["https:\/\/www.thrimor.at\/index.php\/hintergruende-it\/wirtschaft\/"]}]},{"@type":"ImageObject","inLanguage":"de","@id":"https:\/\/www.thrimor.at\/index.php\/hintergruende-it\/wirtschaft\/#primaryimage","url":"https:\/\/www.thrimor.at\/wp-content\/uploads\/2022\/02\/photo_2022-02-06_22-21-02-3-rotated.jpg","contentUrl":"https:\/\/www.thrimor.at\/wp-content\/uploads\/2022\/02\/photo_2022-02-06_22-21-02-3-rotated.jpg","width":1280,"height":960},{"@type":"BreadcrumbList","@id":"https:\/\/www.thrimor.at\/index.php\/hintergruende-it\/wirtschaft\/#breadcrumb","itemListElement":[{"@type":"ListItem","position":1,"name":"Home","item":"https:\/\/www.thrimor.at\/"},{"@type":"ListItem","position":2,"name":"Hintergr\u00fcnde (IT)","item":"https:\/\/www.thrimor.at\/index.php\/hintergruende-it\/"},{"@type":"ListItem","position":3,"name":"Wirtschaft"}]},{"@type":"WebSite","@id":"https:\/\/www.thrimor.at\/#website","url":"https:\/\/www.thrimor.at\/","name":"Thrimorer Garde","description":"Eine engagierte LARP-Community aus Salzburg","potentialAction":[{"@type":"SearchAction","target":{"@type":"EntryPoint","urlTemplate":"https:\/\/www.thrimor.at\/?s={search_term_string}"},"query-input":{"@type":"PropertyValueSpecification","valueRequired":true,"valueName":"search_term_string"}}],"inLanguage":"de"}]}},"jetpack_sharing_enabled":true,"_links":{"self":[{"href":"https:\/\/www.thrimor.at\/index.php\/wp-json\/wp\/v2\/pages\/276","targetHints":{"allow":["GET"]}}],"collection":[{"href":"https:\/\/www.thrimor.at\/index.php\/wp-json\/wp\/v2\/pages"}],"about":[{"href":"https:\/\/www.thrimor.at\/index.php\/wp-json\/wp\/v2\/types\/page"}],"author":[{"embeddable":true,"href":"https:\/\/www.thrimor.at\/index.php\/wp-json\/wp\/v2\/users\/3"}],"replies":[{"embeddable":true,"href":"https:\/\/www.thrimor.at\/index.php\/wp-json\/wp\/v2\/comments?post=276"}],"version-history":[{"count":11,"href":"https:\/\/www.thrimor.at\/index.php\/wp-json\/wp\/v2\/pages\/276\/revisions"}],"predecessor-version":[{"id":1504,"href":"https:\/\/www.thrimor.at\/index.php\/wp-json\/wp\/v2\/pages\/276\/revisions\/1504"}],"up":[{"embeddable":true,"href":"https:\/\/www.thrimor.at\/index.php\/wp-json\/wp\/v2\/pages\/89"}],"wp:attachment":[{"href":"https:\/\/www.thrimor.at\/index.php\/wp-json\/wp\/v2\/media?parent=276"}],"curies":[{"name":"wp","href":"https:\/\/api.w.org\/{rel}","templated":true}]}}