{"id":3,"date":"2020-04-22T16:05:51","date_gmt":"2020-04-22T16:05:51","guid":{"rendered":"https:\/\/relaunch2.thrimor.at\/?page_id=3"},"modified":"2021-05-20T23:45:13","modified_gmt":"2021-05-20T21:45:13","slug":"datenschutz","status":"publish","type":"page","link":"https:\/\/www.thrimor.at\/index.php\/datenschutz\/","title":{"rendered":"Datenschutzerkl\u00e4rung"},"content":{"rendered":"\n<ul class=\"wp-block-list\"><li>Verantwortlich f\u00fcr die Verarbeitung personenbezogener Daten ist der Verein \u201eThrimorer Garde\u201c, General-Albori-Stra\u00dfe 16A, 5061 Elsbethen. Kontakt: verein@thrimor.at<\/li><li>Ihre personenbezogenen Daten werden vertraulich und entsprechend der gesetzlichen Datenschutzvorschriften sowie dieser Datenschutzerkl\u00e4rung behandelt.<\/li><li>Wenn Sie uns kontaktieren, werden Ihre Kontaktdaten von uns zur Bearbeitung Ihrer Anfrage und internen Vereinsorganisation verwendet. Diese Daten werden zum Bearbeiten Ihrer Anfrage oder f\u00fcr Anschlussfragen bei uns f\u00fcr 6 Monate gespeichert.<\/li><li>Die angegebenen pers\u00f6nlichen Daten werden zur Planung und Durchf\u00fchrung von Veranstaltungen und deren Teilnehmer sowie f\u00fcr vereinsinterne Mitgliederverwaltung verwendet.<\/li><li>Sie stimmen der Verarbeitung der von ihm angegebene personenbezogenen Daten zu. S\u00e4mtliche Daten werden von uns vertraulich behandelt und nur in Ausnahmef\u00e4llen und gem\u00e4\u00df den gesetzlichen Bestimmungen an bestimmte Kreise weitergegeben.<\/li><li>Ihre Daten werden je nach Art der Veranstaltung an andere LARP-Veranstalter als Notwendigkeit der Veranstaltungsplanung weitergegeben.<\/li><li>Um die Aktualit\u00e4t der Daten zu garantieren, haben Sie den Verantwortlichen \u00fcber \u00c4nderungen an den angegebenen Daten zu Informieren.<\/li><li>Die personenbezogenen Daten werden auf unbestimmte Zeit gespeichert.<\/li><li>Sie haben das Recht auf Auskunft \u00fcber die von uns verwendeten personenbezogenen Daten, sowie auf Berichtigung oder L\u00f6schung oder auf Einschr\u00e4nkung der Verarbeitung oder eines Widerspruchsrechts gegen die Verarbeitung sowie das Recht auf Daten\u00fcbertragbarkeit.<\/li><li>Sie haben das Recht, die Einwilligung zur Verarbeitung jederzeit zu widerrufen. Die Rechtm\u00e4\u00dfigkeit der Verarbeitung vor dem Widerruf wird dabei nicht ber\u00fchrt.<\/li><li>Sie haben das Recht auf eine Beschwerde bei der Aufsichtsbeh\u00f6rde (\u00d6sterreichische Datenschutzbeh\u00f6rde, Barichgasse 40-42, 1030 Wien, www.dsb.gv.at, dsb@dsb.gv.at).<\/li><li>Die Bereitstellung der personenbezogenen Daten ist f\u00fcr einen Vertragsabschluss zwingend notwendig.<\/li><li>Bei Minderj\u00e4hrigen unter 14 Jahren hat ein Erziehungsberechtigter die Daten anzugeben.<\/li><li>Bei Besuch der Website werden von uns Daten wie IP-Adresse, Datum und Uhrzeit des Zugriffs, Browsertyp sowie ggf. das Betriebssystem Ihres Rechners bzw. mobilen Endger\u00e4tes erfasst.<\/li><li>Unsere Website verwendet Cookies, um die Nutzung der Website zu erleichtern. Dabei handelt es sich um kleine Textdateien, welche mit Hilfe Ihres Browsers auf Ihrem Endger\u00e4t gespeichert werden. Diese Dateien sind notwendig um die Gestaltung unseres Angebotes zu erleichtern. Sie k\u00f6nnen diese Nutzung der Cookies in Ihren Browsereinstellungen deaktivieren oder diese l\u00f6schen, m\u00fcssen jedoch mit einem eingeschr\u00e4nkten Erlebnis auf unserer Website rechnen.<\/li><li>Diese Website verwendet Google Analytics, einen Webanalysedienst der Google Inc, 1600 Amphitheatre Parkway Mountain View, CA 94043, USA (\u201eGoogle\u201c).<\/li><li>Google Analytics verwendet Cookies zur Speicherung von Daten \u00fcber den Website-Benutzer und zur Analyse der Benutzung der Website durch die Website-Benutzer. Google Analytics verwendet Scripte zur Verarbeitung von Daten \u00fcber den Website-Benutzer. Beim Aufruf unserer Webseite stellen diese Skripte eine Verbindung zu den Servern von Google her und \u00fcbermitteln Daten an teils in den USA befindliche Server von Google.<\/li><li>Google wird die erhobenen Daten benutzen, um die Nutzung der Website auszuwerten, um Reports \u00fcber die Websiteaktivit\u00e4ten zusammenzustellen und um weitere mit der Websitenutzung und der Internetnutzung verbundene Dienstleistungen zu erbringen.<\/li><li>Google wird diese Informationen gegebenenfalls an Dritte \u00fcbertragen, sofern dies gesetzlich vorgeschrieben ist oder soweit Dritte diese Daten im Auftrag von Google verarbeiten.<\/li><li>Sollten Sie sich entscheiden unseren Newsletter zu abonnieren, verarbeiten wir Ihre E-Mail-Adresse. Sie haben jederzeit das Recht, den Newsletter abzubestellen. Bitte senden Sie in diesem Fall Ihre Abmeldung an folgende E-Mail-Adresse: verein@thrimor.at<\/li><li>Die gesamte Datenverarbeitung erfolgt auf Basis der gesetzlichen Bestimmungen des TKG 2003, sowie des Art 6 Abs 1 lit a (Einwilligung) und\/oder f (berechtigtes Interesse) der DSGVO.<\/li><\/ul>\n","protected":false},"excerpt":{"rendered":"<p>Verantwortlich f\u00fcr die Verarbeitung personenbezogener Daten ist der Verein \u201eThrimorer Garde\u201c, General-Albori-Stra\u00dfe 16A, 5061 Elsbethen. Kontakt: verein@thrimor.at Ihre personenbezogenen Daten werden vertraulich und entsprechend der gesetzlichen Datenschutzvorschriften sowie dieser Datenschutzerkl\u00e4rung behandelt. Wenn Sie uns kontaktieren, werden Ihre Kontaktdaten von uns zur Bearbeitung Ihrer Anfrage und internen Vereinsorganisation verwendet. Diese Daten werden zum Bearbeiten Ihrer Anfrage [&hellip;]<\/p>\n","protected":false},"author":1,"featured_media":0,"parent":0,"menu_order":10,"comment_status":"closed","ping_status":"closed","template":"","meta":{"om_disable_all_campaigns":false,"footnotes":""},"class_list":["post-3","page","type-page","status-publish","hentry"],"yoast_head":"<!-- This site is optimized with the Yoast SEO plugin v26.1.1 - https:\/\/yoast.com\/wordpress\/plugins\/seo\/ -->\n<title>Datenschutzerkl\u00e4rung - Thrimorer Garde<\/title>\n<meta name=\"robots\" content=\"index, follow, max-snippet:-1, max-image-preview:large, max-video-preview:-1\" \/>\n<link rel=\"canonical\" href=\"https:\/\/www.thrimor.at\/index.php\/datenschutz\/\" \/>\n<meta property=\"og:locale\" content=\"de_DE\" \/>\n<meta property=\"og:type\" content=\"article\" \/>\n<meta property=\"og:title\" content=\"Datenschutzerkl\u00e4rung - Thrimorer Garde\" \/>\n<meta property=\"og:description\" content=\"Verantwortlich f\u00fcr die Verarbeitung personenbezogener Daten ist der Verein \u201eThrimorer Garde\u201c, General-Albori-Stra\u00dfe 16A, 5061 Elsbethen. Kontakt: verein@thrimor.at Ihre personenbezogenen Daten werden vertraulich und entsprechend der gesetzlichen Datenschutzvorschriften sowie dieser Datenschutzerkl\u00e4rung behandelt. Wenn Sie uns kontaktieren, werden Ihre Kontaktdaten von uns zur Bearbeitung Ihrer Anfrage und internen Vereinsorganisation verwendet. Diese Daten werden zum Bearbeiten Ihrer Anfrage [&hellip;]\" \/>\n<meta property=\"og:url\" content=\"https:\/\/www.thrimor.at\/index.php\/datenschutz\/\" \/>\n<meta property=\"og:site_name\" content=\"Thrimorer Garde\" \/>\n<meta property=\"article:modified_time\" content=\"2021-05-20T21:45:13+00:00\" \/>\n<meta name=\"twitter:card\" content=\"summary_large_image\" \/>\n<meta name=\"twitter:label1\" content=\"Gesch\u00e4tzte Lesezeit\" \/>\n\t<meta name=\"twitter:data1\" content=\"3\u00a0Minuten\" \/>\n<script type=\"application\/ld+json\" class=\"yoast-schema-graph\">{\"@context\":\"https:\/\/schema.org\",\"@graph\":[{\"@type\":\"WebPage\",\"@id\":\"https:\/\/www.thrimor.at\/index.php\/datenschutz\/\",\"url\":\"https:\/\/www.thrimor.at\/index.php\/datenschutz\/\",\"name\":\"Datenschutzerkl\u00e4rung - Thrimorer Garde\",\"isPartOf\":{\"@id\":\"https:\/\/www.thrimor.at\/#website\"},\"datePublished\":\"2020-04-22T16:05:51+00:00\",\"dateModified\":\"2021-05-20T21:45:13+00:00\",\"breadcrumb\":{\"@id\":\"https:\/\/www.thrimor.at\/index.php\/datenschutz\/#breadcrumb\"},\"inLanguage\":\"de\",\"potentialAction\":[{\"@type\":\"ReadAction\",\"target\":[\"https:\/\/www.thrimor.at\/index.php\/datenschutz\/\"]}]},{\"@type\":\"BreadcrumbList\",\"@id\":\"https:\/\/www.thrimor.at\/index.php\/datenschutz\/#breadcrumb\",\"itemListElement\":[{\"@type\":\"ListItem\",\"position\":1,\"name\":\"Home\",\"item\":\"https:\/\/www.thrimor.at\/\"},{\"@type\":\"ListItem\",\"position\":2,\"name\":\"Datenschutzerkl\u00e4rung\"}]},{\"@type\":\"WebSite\",\"@id\":\"https:\/\/www.thrimor.at\/#website\",\"url\":\"https:\/\/www.thrimor.at\/\",\"name\":\"Thrimorer Garde\",\"description\":\"Eine engagierte LARP-Community aus Salzburg\",\"potentialAction\":[{\"@type\":\"SearchAction\",\"target\":{\"@type\":\"EntryPoint\",\"urlTemplate\":\"https:\/\/www.thrimor.at\/?s={search_term_string}\"},\"query-input\":{\"@type\":\"PropertyValueSpecification\",\"valueRequired\":true,\"valueName\":\"search_term_string\"}}],\"inLanguage\":\"de\"}]}<\/script>\n<!-- \/ Yoast SEO plugin. -->","yoast_head_json":{"title":"Datenschutzerkl\u00e4rung - Thrimorer Garde","robots":{"index":"index","follow":"follow","max-snippet":"max-snippet:-1","max-image-preview":"max-image-preview:large","max-video-preview":"max-video-preview:-1"},"canonical":"https:\/\/www.thrimor.at\/index.php\/datenschutz\/","og_locale":"de_DE","og_type":"article","og_title":"Datenschutzerkl\u00e4rung - Thrimorer Garde","og_description":"Verantwortlich f\u00fcr die Verarbeitung personenbezogener Daten ist der Verein \u201eThrimorer Garde\u201c, General-Albori-Stra\u00dfe 16A, 5061 Elsbethen. Kontakt: verein@thrimor.at Ihre personenbezogenen Daten werden vertraulich und entsprechend der gesetzlichen Datenschutzvorschriften sowie dieser Datenschutzerkl\u00e4rung behandelt. Wenn Sie uns kontaktieren, werden Ihre Kontaktdaten von uns zur Bearbeitung Ihrer Anfrage und internen Vereinsorganisation verwendet. Diese Daten werden zum Bearbeiten Ihrer Anfrage [&hellip;]","og_url":"https:\/\/www.thrimor.at\/index.php\/datenschutz\/","og_site_name":"Thrimorer Garde","article_modified_time":"2021-05-20T21:45:13+00:00","twitter_card":"summary_large_image","twitter_misc":{"Gesch\u00e4tzte Lesezeit":"3\u00a0Minuten"},"schema":{"@context":"https:\/\/schema.org","@graph":[{"@type":"WebPage","@id":"https:\/\/www.thrimor.at\/index.php\/datenschutz\/","url":"https:\/\/www.thrimor.at\/index.php\/datenschutz\/","name":"Datenschutzerkl\u00e4rung - Thrimorer Garde","isPartOf":{"@id":"https:\/\/www.thrimor.at\/#website"},"datePublished":"2020-04-22T16:05:51+00:00","dateModified":"2021-05-20T21:45:13+00:00","breadcrumb":{"@id":"https:\/\/www.thrimor.at\/index.php\/datenschutz\/#breadcrumb"},"inLanguage":"de","potentialAction":[{"@type":"ReadAction","target":["https:\/\/www.thrimor.at\/index.php\/datenschutz\/"]}]},{"@type":"BreadcrumbList","@id":"https:\/\/www.thrimor.at\/index.php\/datenschutz\/#breadcrumb","itemListElement":[{"@type":"ListItem","position":1,"name":"Home","item":"https:\/\/www.thrimor.at\/"},{"@type":"ListItem","position":2,"name":"Datenschutzerkl\u00e4rung"}]},{"@type":"WebSite","@id":"https:\/\/www.thrimor.at\/#website","url":"https:\/\/www.thrimor.at\/","name":"Thrimorer Garde","description":"Eine engagierte LARP-Community aus Salzburg","potentialAction":[{"@type":"SearchAction","target":{"@type":"EntryPoint","urlTemplate":"https:\/\/www.thrimor.at\/?s={search_term_string}"},"query-input":{"@type":"PropertyValueSpecification","valueRequired":true,"valueName":"search_term_string"}}],"inLanguage":"de"}]}},"jetpack_sharing_enabled":true,"_links":{"self":[{"href":"https:\/\/www.thrimor.at\/index.php\/wp-json\/wp\/v2\/pages\/3","targetHints":{"allow":["GET"]}}],"collection":[{"href":"https:\/\/www.thrimor.at\/index.php\/wp-json\/wp\/v2\/pages"}],"about":[{"href":"https:\/\/www.thrimor.at\/index.php\/wp-json\/wp\/v2\/types\/page"}],"author":[{"embeddable":true,"href":"https:\/\/www.thrimor.at\/index.php\/wp-json\/wp\/v2\/users\/1"}],"replies":[{"embeddable":true,"href":"https:\/\/www.thrimor.at\/index.php\/wp-json\/wp\/v2\/comments?post=3"}],"version-history":[{"count":6,"href":"https:\/\/www.thrimor.at\/index.php\/wp-json\/wp\/v2\/pages\/3\/revisions"}],"predecessor-version":[{"id":388,"href":"https:\/\/www.thrimor.at\/index.php\/wp-json\/wp\/v2\/pages\/3\/revisions\/388"}],"wp:attachment":[{"href":"https:\/\/www.thrimor.at\/index.php\/wp-json\/wp\/v2\/media?parent=3"}],"curies":[{"name":"wp","href":"https:\/\/api.w.org\/{rel}","templated":true}]}}