{"id":30,"date":"2020-04-25T08:04:11","date_gmt":"2020-04-25T06:04:11","guid":{"rendered":"https:\/\/relaunch2.thrimor.at\/index.php\/das-wappen\/"},"modified":"2021-06-16T20:25:54","modified_gmt":"2021-06-16T18:25:54","slug":"das-wappen","status":"publish","type":"page","link":"https:\/\/www.thrimor.at\/index.php\/hintergruende-it\/das-wappen\/","title":{"rendered":"Das Wappen"},"content":{"rendered":"\n<h2 class=\"wp-block-heading\">Das Wappen Thrimors<\/h2>\n\n\n\n<figure class=\"wp-block-image size-large\"><img loading=\"lazy\" decoding=\"async\" width=\"1024\" height=\"683\" src=\"https:\/\/www.thrimor.at\/wp-content\/uploads\/2021\/06\/MG_8014-1024x683.jpg\" alt=\"\" class=\"wp-image-458\" srcset=\"https:\/\/www.thrimor.at\/wp-content\/uploads\/2021\/06\/MG_8014-1024x683.jpg 1024w, https:\/\/www.thrimor.at\/wp-content\/uploads\/2021\/06\/MG_8014-300x200.jpg 300w, https:\/\/www.thrimor.at\/wp-content\/uploads\/2021\/06\/MG_8014-768x512.jpg 768w, https:\/\/www.thrimor.at\/wp-content\/uploads\/2021\/06\/MG_8014-1536x1024.jpg 1536w, https:\/\/www.thrimor.at\/wp-content\/uploads\/2021\/06\/MG_8014.jpg 1600w\" sizes=\"auto, (max-width: 1024px) 100vw, 1024px\" \/><\/figure>\n\n\n\n<p>Das Wappen mit gr\u00fcnem Hintergrund wird aus f\u00fcnf gleichen Kristallen gebildet, die durch eine Kugel aus Thrimorer Stahl geeint werden. Der gr\u00fcne Hintergrund ist zugleich die Wappenfarbe des Grafen und symbolisiert die Fruchtbarkeit und den Rohstoffreichtum Thrimors. Die f\u00fcnf Kristalle stehen f\u00fcr die f\u00fcnf <a href=\"https:\/\/www.thrimor.at\/index.php\/hintergruende-it\/geographie\/\">L\u00e4ndereien <\/a>Thrimors, welche sich durch ihre geographische Beschaffenheiten, ihre Fauna und Flora, durch ihre Einwohner und deren Lebensstile und Erzeugnisse entschieden unterscheiden. Obwohl in Thrimor unterschiedliches Klima, verschiedene <a href=\"https:\/\/www.thrimor.at\/index.php\/hintergruende-it\/nichtmenschliche-voelker\/\">Rassen <\/a>und Mentalit\u00e4ten vertreten sind, ist das kein Widerspruch f\u00fcr ein friedliches Miteinander, sondern gerade diese Vielf\u00e4ltigkeit erg\u00e4nzt uns und formt unsere Einheit, welche sich wiederum in den f\u00fcnf gleichen, kostbaren Juwelen spiegelt.<\/p>\n\n\n\n<p>Die Kugel im Zentrum der Kristalle steht f\u00fcr den <a href=\"https:\/\/www.thrimor.at\/index.php\/hintergruende-it\/politik\/\">Grafen <\/a>h\u00f6chstselbst. Der Graf ist der Mittelpunkt Thrimors und eint die L\u00e4ndereien. Sie ist aus dem gleichen Stahl, aus dem auch unsere Schilde und Schwerter geschmiedet sind und symbolisiert dadurch die Widerstandskraft und den Schutz, den der Graf f\u00fcr Thrimor bedeutet, aber auch die H\u00e4rte und Schlagkraft, mit der wir uns zu wehren wissen und mit welcher wir die Feinde Thrimors bek\u00e4mpfen.<\/p>\n\n\n\n<p>Die F\u00fcnfzacken werden aber auch (besonders in <a href=\"https:\/\/www.thrimor.at\/hintergruende-it\/nieljanira\/\">Niel&#8216;<\/a><a href=\"https:\/\/www.thrimor.at\/index.php\/hintergruende-it\/nieljanira\/\">janira<\/a>) als Symbol f\u00fcr die Einheit aus den vier <a href=\"https:\/\/www.thrimor.at\/index.php\/hintergruende-it\/religionen\/\">Elementarherren <\/a><a href=\"https:\/\/www.thrimor.at\/hintergruende-it\/religionen\/\">und Shabbar<\/a> ausgelegt, auch wenn die <a href=\"https:\/\/www.thrimor.at\/index.php\/hintergruende-it\/gilden-und-zuenfte\/\">Canthari<\/a>, <a href=\"https:\/\/www.thrimor.at\/index.php\/hintergruende-it\/magie\/\">Magier<\/a>, die im Glauben der vier Elemente ausgebildet werden, dieser Auslegung widersprechen. \u00c4hnliche Deutungen gibt es auch in den eher entlegenen Gebieten, wohin die Macht der Canthari nicht dringt. Dort gilt der ambivalente Gott <a href=\"https:\/\/www.thrimor.at\/index.php\/hintergruende-it\/religionen\/\">Heki<\/a>, der Chaos und Schicksal verk\u00f6rpert, als der f\u00fcnfte Zacken des Sterns, der Thrimor vervollst\u00e4ndigt.<\/p>\n\n\n\n<p>Dadurch symbolisiert das Wappen alles, was Thrimor ausmacht.<\/p>\n\n\n\n<p>Wir bauen unsere H\u00e4user unter dem Wappen Thrimors, wir gr\u00fcnden unsere St\u00e4dte darunter, wir sprechen Recht und Ordnung unter dem Wappen. Die Gardisten Thrimors leisten ihren Eid unter dem Wappen, wir essen unter ihm, schlafen unter ihm, wir versorgen unsere Verwundeten unter ihm, wir lernen unter ihm und wir folgen dem Wappen in die Schlacht. Wir ehren unsere Helden unter ihm, wir trauern unter ihm um unsere gefallenen Kameraden und wir begraben unsere Toten unter ihm. Wir k\u00e4mpfen unter und f\u00fcr dieses Symbol. Und wir sterben unter diesem Symbol und f\u00fcr es. Denn es hei\u00dft nicht ohne Grund:<\/p>\n\n\n\n<p><strong>Mein Schwert F\u00dcR THRIMOR!<\/strong><\/p>\n\n\n\n<p><strong>Mein Blut F\u00dcR THRIMOR!<\/strong><\/p>\n\n\n\n<p><strong>Mein Leben F\u00dcR THRIMOR!<\/strong><\/p>\n","protected":false},"excerpt":{"rendered":"<p>Das Wappen Thrimors Das Wappen mit gr\u00fcnem Hintergrund wird aus f\u00fcnf gleichen Kristallen gebildet, die durch eine Kugel aus Thrimorer Stahl geeint werden. Der gr\u00fcne Hintergrund ist zugleich die Wappenfarbe des Grafen und symbolisiert die Fruchtbarkeit und den Rohstoffreichtum Thrimors. Die f\u00fcnf Kristalle stehen f\u00fcr die f\u00fcnf L\u00e4ndereien Thrimors, welche sich durch ihre geographische Beschaffenheiten, [&hellip;]<\/p>\n","protected":false},"author":1,"featured_media":0,"parent":89,"menu_order":4,"comment_status":"closed","ping_status":"closed","template":"","meta":{"om_disable_all_campaigns":false,"footnotes":""},"class_list":["post-30","page","type-page","status-publish","hentry"],"yoast_head":"<!-- This site is optimized with the Yoast SEO plugin v26.1.1 - https:\/\/yoast.com\/wordpress\/plugins\/seo\/ -->\n<title>Das Wappen - Thrimorer Garde<\/title>\n<meta name=\"robots\" content=\"index, follow, max-snippet:-1, max-image-preview:large, max-video-preview:-1\" \/>\n<link rel=\"canonical\" href=\"https:\/\/www.thrimor.at\/index.php\/hintergruende-it\/das-wappen\/\" \/>\n<meta property=\"og:locale\" content=\"de_DE\" \/>\n<meta property=\"og:type\" content=\"article\" \/>\n<meta property=\"og:title\" content=\"Das Wappen - Thrimorer Garde\" \/>\n<meta property=\"og:description\" content=\"Das Wappen Thrimors Das Wappen mit gr\u00fcnem Hintergrund wird aus f\u00fcnf gleichen Kristallen gebildet, die durch eine Kugel aus Thrimorer Stahl geeint werden. Der gr\u00fcne Hintergrund ist zugleich die Wappenfarbe des Grafen und symbolisiert die Fruchtbarkeit und den Rohstoffreichtum Thrimors. Die f\u00fcnf Kristalle stehen f\u00fcr die f\u00fcnf L\u00e4ndereien Thrimors, welche sich durch ihre geographische Beschaffenheiten, [&hellip;]\" \/>\n<meta property=\"og:url\" content=\"https:\/\/www.thrimor.at\/index.php\/hintergruende-it\/das-wappen\/\" \/>\n<meta property=\"og:site_name\" content=\"Thrimorer Garde\" \/>\n<meta property=\"article:modified_time\" content=\"2021-06-16T18:25:54+00:00\" \/>\n<meta property=\"og:image\" content=\"https:\/\/www.thrimor.at\/wp-content\/uploads\/2021\/06\/MG_8014-1024x683.jpg\" \/>\n<meta name=\"twitter:card\" content=\"summary_large_image\" \/>\n<meta name=\"twitter:label1\" content=\"Gesch\u00e4tzte Lesezeit\" \/>\n\t<meta name=\"twitter:data1\" content=\"2\u00a0Minuten\" \/>\n<script type=\"application\/ld+json\" class=\"yoast-schema-graph\">{\"@context\":\"https:\/\/schema.org\",\"@graph\":[{\"@type\":\"WebPage\",\"@id\":\"https:\/\/www.thrimor.at\/index.php\/hintergruende-it\/das-wappen\/\",\"url\":\"https:\/\/www.thrimor.at\/index.php\/hintergruende-it\/das-wappen\/\",\"name\":\"Das Wappen - Thrimorer Garde\",\"isPartOf\":{\"@id\":\"https:\/\/www.thrimor.at\/#website\"},\"primaryImageOfPage\":{\"@id\":\"https:\/\/www.thrimor.at\/index.php\/hintergruende-it\/das-wappen\/#primaryimage\"},\"image\":{\"@id\":\"https:\/\/www.thrimor.at\/index.php\/hintergruende-it\/das-wappen\/#primaryimage\"},\"thumbnailUrl\":\"https:\/\/www.thrimor.at\/wp-content\/uploads\/2021\/06\/MG_8014-1024x683.jpg\",\"datePublished\":\"2020-04-25T06:04:11+00:00\",\"dateModified\":\"2021-06-16T18:25:54+00:00\",\"breadcrumb\":{\"@id\":\"https:\/\/www.thrimor.at\/index.php\/hintergruende-it\/das-wappen\/#breadcrumb\"},\"inLanguage\":\"de\",\"potentialAction\":[{\"@type\":\"ReadAction\",\"target\":[\"https:\/\/www.thrimor.at\/index.php\/hintergruende-it\/das-wappen\/\"]}]},{\"@type\":\"ImageObject\",\"inLanguage\":\"de\",\"@id\":\"https:\/\/www.thrimor.at\/index.php\/hintergruende-it\/das-wappen\/#primaryimage\",\"url\":\"https:\/\/www.thrimor.at\/wp-content\/uploads\/2021\/06\/MG_8014.jpg\",\"contentUrl\":\"https:\/\/www.thrimor.at\/wp-content\/uploads\/2021\/06\/MG_8014.jpg\",\"width\":1600,\"height\":1067},{\"@type\":\"BreadcrumbList\",\"@id\":\"https:\/\/www.thrimor.at\/index.php\/hintergruende-it\/das-wappen\/#breadcrumb\",\"itemListElement\":[{\"@type\":\"ListItem\",\"position\":1,\"name\":\"Home\",\"item\":\"https:\/\/www.thrimor.at\/\"},{\"@type\":\"ListItem\",\"position\":2,\"name\":\"Hintergr\u00fcnde (IT)\",\"item\":\"https:\/\/www.thrimor.at\/index.php\/hintergruende-it\/\"},{\"@type\":\"ListItem\",\"position\":3,\"name\":\"Das Wappen\"}]},{\"@type\":\"WebSite\",\"@id\":\"https:\/\/www.thrimor.at\/#website\",\"url\":\"https:\/\/www.thrimor.at\/\",\"name\":\"Thrimorer Garde\",\"description\":\"Eine engagierte LARP-Community aus Salzburg\",\"potentialAction\":[{\"@type\":\"SearchAction\",\"target\":{\"@type\":\"EntryPoint\",\"urlTemplate\":\"https:\/\/www.thrimor.at\/?s={search_term_string}\"},\"query-input\":{\"@type\":\"PropertyValueSpecification\",\"valueRequired\":true,\"valueName\":\"search_term_string\"}}],\"inLanguage\":\"de\"}]}<\/script>\n<!-- \/ Yoast SEO plugin. -->","yoast_head_json":{"title":"Das Wappen - Thrimorer Garde","robots":{"index":"index","follow":"follow","max-snippet":"max-snippet:-1","max-image-preview":"max-image-preview:large","max-video-preview":"max-video-preview:-1"},"canonical":"https:\/\/www.thrimor.at\/index.php\/hintergruende-it\/das-wappen\/","og_locale":"de_DE","og_type":"article","og_title":"Das Wappen - Thrimorer Garde","og_description":"Das Wappen Thrimors Das Wappen mit gr\u00fcnem Hintergrund wird aus f\u00fcnf gleichen Kristallen gebildet, die durch eine Kugel aus Thrimorer Stahl geeint werden. Der gr\u00fcne Hintergrund ist zugleich die Wappenfarbe des Grafen und symbolisiert die Fruchtbarkeit und den Rohstoffreichtum Thrimors. Die f\u00fcnf Kristalle stehen f\u00fcr die f\u00fcnf L\u00e4ndereien Thrimors, welche sich durch ihre geographische Beschaffenheiten, [&hellip;]","og_url":"https:\/\/www.thrimor.at\/index.php\/hintergruende-it\/das-wappen\/","og_site_name":"Thrimorer Garde","article_modified_time":"2021-06-16T18:25:54+00:00","og_image":[{"url":"https:\/\/www.thrimor.at\/wp-content\/uploads\/2021\/06\/MG_8014-1024x683.jpg","type":"","width":"","height":""}],"twitter_card":"summary_large_image","twitter_misc":{"Gesch\u00e4tzte Lesezeit":"2\u00a0Minuten"},"schema":{"@context":"https:\/\/schema.org","@graph":[{"@type":"WebPage","@id":"https:\/\/www.thrimor.at\/index.php\/hintergruende-it\/das-wappen\/","url":"https:\/\/www.thrimor.at\/index.php\/hintergruende-it\/das-wappen\/","name":"Das Wappen - Thrimorer Garde","isPartOf":{"@id":"https:\/\/www.thrimor.at\/#website"},"primaryImageOfPage":{"@id":"https:\/\/www.thrimor.at\/index.php\/hintergruende-it\/das-wappen\/#primaryimage"},"image":{"@id":"https:\/\/www.thrimor.at\/index.php\/hintergruende-it\/das-wappen\/#primaryimage"},"thumbnailUrl":"https:\/\/www.thrimor.at\/wp-content\/uploads\/2021\/06\/MG_8014-1024x683.jpg","datePublished":"2020-04-25T06:04:11+00:00","dateModified":"2021-06-16T18:25:54+00:00","breadcrumb":{"@id":"https:\/\/www.thrimor.at\/index.php\/hintergruende-it\/das-wappen\/#breadcrumb"},"inLanguage":"de","potentialAction":[{"@type":"ReadAction","target":["https:\/\/www.thrimor.at\/index.php\/hintergruende-it\/das-wappen\/"]}]},{"@type":"ImageObject","inLanguage":"de","@id":"https:\/\/www.thrimor.at\/index.php\/hintergruende-it\/das-wappen\/#primaryimage","url":"https:\/\/www.thrimor.at\/wp-content\/uploads\/2021\/06\/MG_8014.jpg","contentUrl":"https:\/\/www.thrimor.at\/wp-content\/uploads\/2021\/06\/MG_8014.jpg","width":1600,"height":1067},{"@type":"BreadcrumbList","@id":"https:\/\/www.thrimor.at\/index.php\/hintergruende-it\/das-wappen\/#breadcrumb","itemListElement":[{"@type":"ListItem","position":1,"name":"Home","item":"https:\/\/www.thrimor.at\/"},{"@type":"ListItem","position":2,"name":"Hintergr\u00fcnde (IT)","item":"https:\/\/www.thrimor.at\/index.php\/hintergruende-it\/"},{"@type":"ListItem","position":3,"name":"Das Wappen"}]},{"@type":"WebSite","@id":"https:\/\/www.thrimor.at\/#website","url":"https:\/\/www.thrimor.at\/","name":"Thrimorer Garde","description":"Eine engagierte LARP-Community aus Salzburg","potentialAction":[{"@type":"SearchAction","target":{"@type":"EntryPoint","urlTemplate":"https:\/\/www.thrimor.at\/?s={search_term_string}"},"query-input":{"@type":"PropertyValueSpecification","valueRequired":true,"valueName":"search_term_string"}}],"inLanguage":"de"}]}},"jetpack_sharing_enabled":true,"_links":{"self":[{"href":"https:\/\/www.thrimor.at\/index.php\/wp-json\/wp\/v2\/pages\/30","targetHints":{"allow":["GET"]}}],"collection":[{"href":"https:\/\/www.thrimor.at\/index.php\/wp-json\/wp\/v2\/pages"}],"about":[{"href":"https:\/\/www.thrimor.at\/index.php\/wp-json\/wp\/v2\/types\/page"}],"author":[{"embeddable":true,"href":"https:\/\/www.thrimor.at\/index.php\/wp-json\/wp\/v2\/users\/1"}],"replies":[{"embeddable":true,"href":"https:\/\/www.thrimor.at\/index.php\/wp-json\/wp\/v2\/comments?post=30"}],"version-history":[{"count":4,"href":"https:\/\/www.thrimor.at\/index.php\/wp-json\/wp\/v2\/pages\/30\/revisions"}],"predecessor-version":[{"id":459,"href":"https:\/\/www.thrimor.at\/index.php\/wp-json\/wp\/v2\/pages\/30\/revisions\/459"}],"up":[{"embeddable":true,"href":"https:\/\/www.thrimor.at\/index.php\/wp-json\/wp\/v2\/pages\/89"}],"wp:attachment":[{"href":"https:\/\/www.thrimor.at\/index.php\/wp-json\/wp\/v2\/media?parent=30"}],"curies":[{"name":"wp","href":"https:\/\/api.w.org\/{rel}","templated":true}]}}