{"id":32,"date":"2020-04-25T08:04:11","date_gmt":"2020-04-25T06:04:11","guid":{"rendered":"https:\/\/relaunch2.thrimor.at\/index.php\/geschichte\/"},"modified":"2025-01-11T16:23:01","modified_gmt":"2025-01-11T15:23:01","slug":"geschichte","status":"publish","type":"page","link":"https:\/\/www.thrimor.at\/index.php\/hintergruende-it\/geschichte\/","title":{"rendered":"Geschichte"},"content":{"rendered":"\n<div class=\"spoiler-wrap\">\n\t\t\t\t<div class=\"spoiler-head folded\">Vorzeit<\/div>\n\t\t\t\t<div class=\"spoiler-body\">Die ersten Menschen drangen in den bis dahin vorrangig von&nbsp;<a href=\"https:\/\/www.thrimor.at\/index.php\/hintergruende-it\/nichtmenschliche-voelker\/\">Elfen&nbsp;<\/a>bewohnten Talkessel vor etwas mehr als eintausend Jahren ein. Von diesem Volk, das dem Land den Namen Shim\u2019bra (Felsenwald, oder auch Steinholz) gegeben hatte, ist heute wenig bekannt. Noch heute zeugen einige Ortsnamen und die Kunst, die Niel\u2019tus-Fliege zu melken, von den Jael\u2019ashan, doch sonst ist von dem friedvollen, zauberkr\u00e4ftigen Menschenvolk wenig bekannt. Wer mehr \u00fcber sie erfahren wollen w\u00fcrde, m\u00fcsste da wohl den Liedern der Elfen lauschen, doch nur wenige Thrimorer finden ihr Gl\u00fcck bei ihnen.<\/p>\n\n\n\n<p>Aus gutem Grund. Etwa dreihundert Jahre sp\u00e4ter drang ein anderes Volk in den fruchtbaren Talkessel ein. Anders als die Jael\u2019ashan waren die Raudmannen ein kriegerisches und raues Volk. Sie nahmen die herzlichen Einladungen der Jael\u2019ashan an, lernten von ihnen, teilten das Land friedvoll mit ihnen \u2013 und nahmen sich danach den Rest, verstreuten die Ureinwohner in die W\u00e4lder und die unwirtlichen Berge herum und besiedelten ihre prachtvollen St\u00e4dte. Heute, achthundert Jahre sp\u00e4ter, ist von den Jael\u2019ashan kaum mehr \u00fcbrig als Erinnerungen. Sie sind, ebenso wie die Raudmannen, ganz im Volk der Thrimorer, wie es heute hei\u00dft, aufgegangen. Mittlerweile hat es sich zu einer zivilisierten Hochkultur fortentwickelt \u2013 von seiner Wehrhaftigkeit hat es aber nichts verloren!<\/div>\n\t\t\t<\/div>\n\n\n\n<p><\/p>\n\n\n\n<figure class=\"wp-block-image size-large\"><img loading=\"lazy\" decoding=\"async\" width=\"1024\" height=\"683\" src=\"https:\/\/www.thrimor.at\/wp-content\/uploads\/2022\/02\/Raten-1-1024x683.jpg\" alt=\"\" class=\"wp-image-916\" srcset=\"https:\/\/www.thrimor.at\/wp-content\/uploads\/2022\/02\/Raten-1-1024x683.jpg 1024w, https:\/\/www.thrimor.at\/wp-content\/uploads\/2022\/02\/Raten-1-300x200.jpg 300w, https:\/\/www.thrimor.at\/wp-content\/uploads\/2022\/02\/Raten-1-768x512.jpg 768w, https:\/\/www.thrimor.at\/wp-content\/uploads\/2022\/02\/Raten-1.jpg 1404w\" sizes=\"auto, (max-width: 1024px) 100vw, 1024px\" \/><\/figure>\n\n\n\n<h2 class=\"wp-block-heading\">Die Prophezeiung<\/h2>\n\n\n\n<p>Es ist nun 428 Jahre her, dass der Prophet Jerik Tollmeren den damaligen Grafen Aptron Thrimos davon in Kenntnis setzte, was genau in 435 Jahren mit oder in Thrimor passieren w\u00fcrde. Das Volk hat niemals vom Inhalt der Prophezeiung erfahren. Nichtsdestotrotz richtete Graf Aptron Thrimos die Geschichtsrechnung Thrimors auf eben dieses Jahr aus.\u00a0<\/p>\n\n\n\n<p>Seitdem kursieren vielerlei Ger\u00fcchte \u00fcber den Inhalt der Prophezeiung. Einige sprechen von einem Helden, der kommen wird, um den alten Glanz Thrimors, vor der Zeit der Isolation, wiederherzustellen. Andere bef\u00fcrchten den Untergang der Grafschaft oder gar das Ende der Welt.<\/p>\n\n\n\n<h2 class=\"wp-block-heading\">Der Fluch<\/h2>\n\n\n\n<p>Kurz nach dem Erscheinen Jerik Tollmerens brach der Fluch im Alt-Ciryonischen Reich aus. Thrimor war zu der Zeit noch eine Grafschaft Ciryons.&nbsp;<\/p>\n\n\n\n<p>Die Kinder des Ciryoner F\u00fcrsten waren die ersten Opfer des magischen Giftes, welches sich in k\u00fcrzester Zeit seinen Weg durch das gesamte F\u00fcrstentum bahnte. Ebenso rasch verbreitete sich die Kunde, dass der Fluch allein schon bei Ber\u00fchrung \u00fcbertragen w\u00fcrde. Graf Aptron Thrimos reagierte radikal und entschlossen. Er lie\u00df den einzigen Gebirgspass, der von Thrimor aus zu den anderen Grafschaften Ciryons f\u00fchrte, sperren. Thrimor stand unter Quarant\u00e4ne. Aus dem Thrimorer Heer wurde die Thrimorer Garde geformt, jene schlagkr\u00e4ftige Armee, die noch heute die innere und \u00e4u\u00dfere Sicherheit gew\u00e4hrleistet. Die Grenzen wurden v\u00f6llig dichtgemacht: Alle Ciryoner, die es wagen wollten, dem Fluch nach Thrimor zu entfliehen, wurden abgewiesen oder gleich vor dem Grenztor mit Pfeilen und Bolzen gespickt, um eine \u00dcbertragung des Fluches zu verhindern. Mit derselben H\u00e4rte wurde gegen alle Thrimorer vorgegangen, die auch nur daran dachten, das Land zu verlassen. Um sicherzugehen, dass sich niemand hinausschleicht, wurde die Thrimorer Garde um eine gewaltige Miliz erweitert, der beinahe jeder erwachsene Mann angeh\u00f6rt. Thrimorer Gardisten wurden mit Silber und Ehre entlohnt. Daf\u00fcr schworen sie dem Grafen unbedingte Treue und begannen, das Volk (zum eigenen Schutz) zu \u00fcberwachen.<\/p>\n\n\n\n<p>Die B\u00fcrger Thrimors sahen in diesem Fluch die Prophezeiung Jerik Tollmerens. Viele deuteten die Umstellung der Geschichtsrechnung als fadenscheinige Ablenkung. Mehr und mehr Menschen im Volk waren der Ansicht, dass der Graf vor dem Fluch gewarnt worden war und dass er diesen h\u00e4tte verhindern k\u00f6nnen. Viele hatten auch Familie und Freunde in anderen Teilen des Alt-Ciryonischen Reichs, von denen sie getrennt wurden. Die Schuld daf\u00fcr wurde ebenfalls Graf Aptron zugeschoben. Thrimor wurde von Unruhen gebeutelt. Nur ein beherztes Eingreifen der Thrimorer Garde konnte verhindern, dass das Land im B\u00fcrgerkrieg versank.<\/p>\n\n\n\n<h2 class=\"wp-block-heading\">Die Entstehung des Rates<\/h2>\n\n\n\n<p>Als sich die Stellungen verh\u00e4rteten und kein Fortschritt mehr sp\u00fcrbar war und immer furchterregendere Nachrichten \u00fcber die Auswirkungen des Fluches an den s\u00fcdlichen Grenzposten gelangten, trafen sich die h\u00f6chsten Vertreter der Aufst\u00e4ndischen mit dem Grafen und seinen Beratern. Die B\u00fcrger hatten zwar mittlerweile eingesehen, dass die Quarant\u00e4ne sinnvoll war, wollten aber trotzdem nicht weiter von einem Grafen nach seinem Gutd\u00fcnken befehligt werden.&nbsp;<\/p>\n\n\n\n<p>Es wurde lange verhandelt. Ergebnis der Verhandlungen war, dass sich ein Rat bilden w\u00fcrde. Ein Rat bestehend aus f\u00fcnf&nbsp;<a href=\"https:\/\/www.thrimor.at\/index.php\/hintergruende-it\/politik\/\">Ratsleuten<\/a>, je einer f\u00fcr eine der f\u00fcnf&nbsp;<a href=\"https:\/\/www.thrimor.at\/index.php\/hintergruende-it\/geographie\/\">L\u00e4ndereien&nbsp;<\/a>Thrimors. Diese wurden vom Volk \u201egew\u00e4hlt\u201d (bzw. von den einflussreichsten B\u00fcrgern bestimmt) und hatten fortan ein Mitspracherecht bei allen Belangen der Grafschaft. Sie wirken seither als Mittler zwischen Grafen und Volk. Somit war das Volk vorerst bes\u00e4nftigt.<\/p>\n\n\n\n<h2 class=\"wp-block-heading\">Die Wieder\u00f6ffnung der Grenzen<\/h2>\n\n\n\n<p>In den letzten Jahren lehnten sich aber wieder B\u00fcrger gegen die Quarant\u00e4ne auf. Vor allem in den s\u00fcdlichen Teilen Thrimors, in dem die Verbindungen zum restlichen Alt-Ciryonischen Reich am st\u00e4rksten gewesen waren, wurden Stimmen laut, die die \u00d6ffnung der Grenzen forderten. Der Graf dachte allerdings nicht daran, diesen Forderungen nachzugehen.<\/p>\n\n\n\n<p>Im Jahre 12 vor der Erf\u00fcllung der Prophezeiung gelangte Kunde an den s\u00fcdlichen Grenzposten Thrimors, dass der Fluch in Ciryon endg\u00fcltig gebrochen sei. Um den politischen Gegnern den Wind aus den Segeln zu nehmen, erlaubte der Rat, dass vorsichtig, aber doch stetig, wieder erste Kontakte mit der Au\u00dfenwelt gekn\u00fcpft wurden. Dies warf jedoch einige Probleme auf. Zum einen war Thrimor zu dieser Zeit schon \u00fcber 400 Jahre autark gewesen. Kein Thrimorer f\u00fchlte sich mehr als Ciryoner und der derzeitige Graf Folken Tirell Thrimos hatte auch nicht im Sinn, Abgaben an ein ihm fremdes F\u00fcrstentum zu leisten.<\/p>\n\n\n\n<p>Desweiteren gab es da noch ein Problem mit Uninga. Uninga ist jenes Tal, welches Thrimor mit dem Rest des Alt-Ciryonischen Reiches verbindet. Zu Zeiten vor dem Fluch war Uninga ein Lehen unter der Herrschaft des Grafen von Thrimor gewesen. So wie Thrimor dem Alt-Ciryonischen Reich, f\u00fchlte sich nun nach so langer Zeit auch Uninga Thrimor gegen\u00fcber keinerlei Lehenstreue schuldig. Thrimor brauchte Uninga aber, da die Salzminen von Uninga unermesslich wertvoll f\u00fcr das nahezu salzlose Thrimor waren. Dies hat sich bis zum heutigen Tag nicht ge\u00e4ndert und Thrimor trachtet immer noch danach, Uninga in die Grafschaft Thrimor einzugliedern.<\/p>\n\n\n\n<p>Weiters gibt es Stimmen im Volke, die der Wieder\u00f6ffnung stark widersprechen. So kurz vor dem Erf\u00fcllungsjahr f\u00fcrchten sie, dass die Prophezeiung wirklich etwas mit dem Fluch zu tun habe. Sie f\u00fcrchten, dass der Fluch sehr wohl auch Thrimor treffen w\u00fcrde, n\u00e4mlich genau im Jahr der Erf\u00fcllung der Prophezeiung. Diese B\u00fcrger legten alles daran, um politisch und gesellschaftlich eine erneute Abschottung Thrimors, zumindest bis nach dem Jahr der Erf\u00fcllung der Prophezeiung, zu erzwingen. Manche von ihnen schafften sich sogar schon Enklaven am Rande Thrimors, um bei einem erneuten Ausbruch des Fluches ein eigenes, unabh\u00e4ngiges Refugium zu haben.<\/p>\n\n\n\n<p>Wir schreiben das Jahr 7 EP (vor der Erf\u00fcllung der Prophezeiung).<\/p>\n","protected":false},"excerpt":{"rendered":"<p>Die Prophezeiung Es ist nun 428 Jahre her, dass der Prophet Jerik Tollmeren den damaligen Grafen Aptron Thrimos davon in Kenntnis setzte, was genau in 435 Jahren mit oder in Thrimor passieren w\u00fcrde. Das Volk hat niemals vom Inhalt der Prophezeiung erfahren. Nichtsdestotrotz richtete Graf Aptron Thrimos die Geschichtsrechnung Thrimors auf eben dieses Jahr aus.\u00a0 [&hellip;]<\/p>\n","protected":false},"author":1,"featured_media":0,"parent":89,"menu_order":6,"comment_status":"closed","ping_status":"closed","template":"","meta":{"om_disable_all_campaigns":false,"footnotes":""},"class_list":["post-32","page","type-page","status-publish","hentry"],"yoast_head":"<!-- This site is optimized with the Yoast SEO plugin v26.1.1 - https:\/\/yoast.com\/wordpress\/plugins\/seo\/ -->\n<title>Geschichte - Thrimorer Garde<\/title>\n<meta name=\"robots\" content=\"index, follow, max-snippet:-1, max-image-preview:large, max-video-preview:-1\" \/>\n<link rel=\"canonical\" href=\"https:\/\/www.thrimor.at\/index.php\/hintergruende-it\/geschichte\/\" \/>\n<meta property=\"og:locale\" content=\"de_DE\" \/>\n<meta property=\"og:type\" content=\"article\" \/>\n<meta property=\"og:title\" content=\"Geschichte - Thrimorer Garde\" \/>\n<meta property=\"og:description\" content=\"Die Prophezeiung Es ist nun 428 Jahre her, dass der Prophet Jerik Tollmeren den damaligen Grafen Aptron Thrimos davon in Kenntnis setzte, was genau in 435 Jahren mit oder in Thrimor passieren w\u00fcrde. Das Volk hat niemals vom Inhalt der Prophezeiung erfahren. Nichtsdestotrotz richtete Graf Aptron Thrimos die Geschichtsrechnung Thrimors auf eben dieses Jahr aus.\u00a0 [&hellip;]\" \/>\n<meta property=\"og:url\" content=\"https:\/\/www.thrimor.at\/index.php\/hintergruende-it\/geschichte\/\" \/>\n<meta property=\"og:site_name\" content=\"Thrimorer Garde\" \/>\n<meta property=\"article:modified_time\" content=\"2025-01-11T15:23:01+00:00\" \/>\n<meta property=\"og:image\" content=\"https:\/\/www.thrimor.at\/wp-content\/uploads\/2022\/02\/Raten-1.jpg\" \/>\n\t<meta property=\"og:image:width\" content=\"1404\" \/>\n\t<meta property=\"og:image:height\" content=\"936\" \/>\n\t<meta property=\"og:image:type\" content=\"image\/jpeg\" \/>\n<meta name=\"twitter:card\" content=\"summary_large_image\" \/>\n<meta name=\"twitter:label1\" content=\"Gesch\u00e4tzte Lesezeit\" \/>\n\t<meta name=\"twitter:data1\" content=\"7\u00a0Minuten\" \/>\n<script type=\"application\/ld+json\" class=\"yoast-schema-graph\">{\"@context\":\"https:\/\/schema.org\",\"@graph\":[{\"@type\":\"WebPage\",\"@id\":\"https:\/\/www.thrimor.at\/index.php\/hintergruende-it\/geschichte\/\",\"url\":\"https:\/\/www.thrimor.at\/index.php\/hintergruende-it\/geschichte\/\",\"name\":\"Geschichte - Thrimorer Garde\",\"isPartOf\":{\"@id\":\"https:\/\/www.thrimor.at\/#website\"},\"primaryImageOfPage\":{\"@id\":\"https:\/\/www.thrimor.at\/index.php\/hintergruende-it\/geschichte\/#primaryimage\"},\"image\":{\"@id\":\"https:\/\/www.thrimor.at\/index.php\/hintergruende-it\/geschichte\/#primaryimage\"},\"thumbnailUrl\":\"https:\/\/www.thrimor.at\/wp-content\/uploads\/2022\/02\/Raten-1-1024x683.jpg\",\"datePublished\":\"2020-04-25T06:04:11+00:00\",\"dateModified\":\"2025-01-11T15:23:01+00:00\",\"breadcrumb\":{\"@id\":\"https:\/\/www.thrimor.at\/index.php\/hintergruende-it\/geschichte\/#breadcrumb\"},\"inLanguage\":\"de\",\"potentialAction\":[{\"@type\":\"ReadAction\",\"target\":[\"https:\/\/www.thrimor.at\/index.php\/hintergruende-it\/geschichte\/\"]}]},{\"@type\":\"ImageObject\",\"inLanguage\":\"de\",\"@id\":\"https:\/\/www.thrimor.at\/index.php\/hintergruende-it\/geschichte\/#primaryimage\",\"url\":\"https:\/\/www.thrimor.at\/wp-content\/uploads\/2022\/02\/Raten-1.jpg\",\"contentUrl\":\"https:\/\/www.thrimor.at\/wp-content\/uploads\/2022\/02\/Raten-1.jpg\",\"width\":1404,\"height\":936},{\"@type\":\"BreadcrumbList\",\"@id\":\"https:\/\/www.thrimor.at\/index.php\/hintergruende-it\/geschichte\/#breadcrumb\",\"itemListElement\":[{\"@type\":\"ListItem\",\"position\":1,\"name\":\"Home\",\"item\":\"https:\/\/www.thrimor.at\/\"},{\"@type\":\"ListItem\",\"position\":2,\"name\":\"Hintergr\u00fcnde (IT)\",\"item\":\"https:\/\/www.thrimor.at\/index.php\/hintergruende-it\/\"},{\"@type\":\"ListItem\",\"position\":3,\"name\":\"Geschichte\"}]},{\"@type\":\"WebSite\",\"@id\":\"https:\/\/www.thrimor.at\/#website\",\"url\":\"https:\/\/www.thrimor.at\/\",\"name\":\"Thrimorer Garde\",\"description\":\"Eine engagierte LARP-Community aus Salzburg\",\"potentialAction\":[{\"@type\":\"SearchAction\",\"target\":{\"@type\":\"EntryPoint\",\"urlTemplate\":\"https:\/\/www.thrimor.at\/?s={search_term_string}\"},\"query-input\":{\"@type\":\"PropertyValueSpecification\",\"valueRequired\":true,\"valueName\":\"search_term_string\"}}],\"inLanguage\":\"de\"}]}<\/script>\n<!-- \/ Yoast SEO plugin. -->","yoast_head_json":{"title":"Geschichte - Thrimorer Garde","robots":{"index":"index","follow":"follow","max-snippet":"max-snippet:-1","max-image-preview":"max-image-preview:large","max-video-preview":"max-video-preview:-1"},"canonical":"https:\/\/www.thrimor.at\/index.php\/hintergruende-it\/geschichte\/","og_locale":"de_DE","og_type":"article","og_title":"Geschichte - Thrimorer Garde","og_description":"Die Prophezeiung Es ist nun 428 Jahre her, dass der Prophet Jerik Tollmeren den damaligen Grafen Aptron Thrimos davon in Kenntnis setzte, was genau in 435 Jahren mit oder in Thrimor passieren w\u00fcrde. Das Volk hat niemals vom Inhalt der Prophezeiung erfahren. Nichtsdestotrotz richtete Graf Aptron Thrimos die Geschichtsrechnung Thrimors auf eben dieses Jahr aus.\u00a0 [&hellip;]","og_url":"https:\/\/www.thrimor.at\/index.php\/hintergruende-it\/geschichte\/","og_site_name":"Thrimorer Garde","article_modified_time":"2025-01-11T15:23:01+00:00","og_image":[{"width":1404,"height":936,"url":"https:\/\/www.thrimor.at\/wp-content\/uploads\/2022\/02\/Raten-1.jpg","type":"image\/jpeg"}],"twitter_card":"summary_large_image","twitter_misc":{"Gesch\u00e4tzte Lesezeit":"7\u00a0Minuten"},"schema":{"@context":"https:\/\/schema.org","@graph":[{"@type":"WebPage","@id":"https:\/\/www.thrimor.at\/index.php\/hintergruende-it\/geschichte\/","url":"https:\/\/www.thrimor.at\/index.php\/hintergruende-it\/geschichte\/","name":"Geschichte - Thrimorer Garde","isPartOf":{"@id":"https:\/\/www.thrimor.at\/#website"},"primaryImageOfPage":{"@id":"https:\/\/www.thrimor.at\/index.php\/hintergruende-it\/geschichte\/#primaryimage"},"image":{"@id":"https:\/\/www.thrimor.at\/index.php\/hintergruende-it\/geschichte\/#primaryimage"},"thumbnailUrl":"https:\/\/www.thrimor.at\/wp-content\/uploads\/2022\/02\/Raten-1-1024x683.jpg","datePublished":"2020-04-25T06:04:11+00:00","dateModified":"2025-01-11T15:23:01+00:00","breadcrumb":{"@id":"https:\/\/www.thrimor.at\/index.php\/hintergruende-it\/geschichte\/#breadcrumb"},"inLanguage":"de","potentialAction":[{"@type":"ReadAction","target":["https:\/\/www.thrimor.at\/index.php\/hintergruende-it\/geschichte\/"]}]},{"@type":"ImageObject","inLanguage":"de","@id":"https:\/\/www.thrimor.at\/index.php\/hintergruende-it\/geschichte\/#primaryimage","url":"https:\/\/www.thrimor.at\/wp-content\/uploads\/2022\/02\/Raten-1.jpg","contentUrl":"https:\/\/www.thrimor.at\/wp-content\/uploads\/2022\/02\/Raten-1.jpg","width":1404,"height":936},{"@type":"BreadcrumbList","@id":"https:\/\/www.thrimor.at\/index.php\/hintergruende-it\/geschichte\/#breadcrumb","itemListElement":[{"@type":"ListItem","position":1,"name":"Home","item":"https:\/\/www.thrimor.at\/"},{"@type":"ListItem","position":2,"name":"Hintergr\u00fcnde (IT)","item":"https:\/\/www.thrimor.at\/index.php\/hintergruende-it\/"},{"@type":"ListItem","position":3,"name":"Geschichte"}]},{"@type":"WebSite","@id":"https:\/\/www.thrimor.at\/#website","url":"https:\/\/www.thrimor.at\/","name":"Thrimorer Garde","description":"Eine engagierte LARP-Community aus Salzburg","potentialAction":[{"@type":"SearchAction","target":{"@type":"EntryPoint","urlTemplate":"https:\/\/www.thrimor.at\/?s={search_term_string}"},"query-input":{"@type":"PropertyValueSpecification","valueRequired":true,"valueName":"search_term_string"}}],"inLanguage":"de"}]}},"jetpack_sharing_enabled":true,"_links":{"self":[{"href":"https:\/\/www.thrimor.at\/index.php\/wp-json\/wp\/v2\/pages\/32","targetHints":{"allow":["GET"]}}],"collection":[{"href":"https:\/\/www.thrimor.at\/index.php\/wp-json\/wp\/v2\/pages"}],"about":[{"href":"https:\/\/www.thrimor.at\/index.php\/wp-json\/wp\/v2\/types\/page"}],"author":[{"embeddable":true,"href":"https:\/\/www.thrimor.at\/index.php\/wp-json\/wp\/v2\/users\/1"}],"replies":[{"embeddable":true,"href":"https:\/\/www.thrimor.at\/index.php\/wp-json\/wp\/v2\/comments?post=32"}],"version-history":[{"count":11,"href":"https:\/\/www.thrimor.at\/index.php\/wp-json\/wp\/v2\/pages\/32\/revisions"}],"predecessor-version":[{"id":1584,"href":"https:\/\/www.thrimor.at\/index.php\/wp-json\/wp\/v2\/pages\/32\/revisions\/1584"}],"up":[{"embeddable":true,"href":"https:\/\/www.thrimor.at\/index.php\/wp-json\/wp\/v2\/pages\/89"}],"wp:attachment":[{"href":"https:\/\/www.thrimor.at\/index.php\/wp-json\/wp\/v2\/media?parent=32"}],"curies":[{"name":"wp","href":"https:\/\/api.w.org\/{rel}","templated":true}]}}