{"id":46,"date":"2020-04-25T08:04:12","date_gmt":"2020-04-25T06:04:12","guid":{"rendered":"https:\/\/relaunch2.thrimor.at\/index.php\/geographie\/"},"modified":"2022-05-21T13:15:31","modified_gmt":"2022-05-21T11:15:31","slug":"geographie","status":"publish","type":"page","link":"https:\/\/www.thrimor.at\/index.php\/hintergruende-it\/geographie\/","title":{"rendered":"Geographie"},"content":{"rendered":"\n<figure class=\"wp-block-image size-large\"><img loading=\"lazy\" decoding=\"async\" width=\"724\" height=\"1024\" src=\"https:\/\/www.thrimor.at\/wp-content\/uploads\/2022\/02\/Thrimor-Karte-724x1024.png\" alt=\"\" class=\"wp-image-881\" srcset=\"https:\/\/www.thrimor.at\/wp-content\/uploads\/2022\/02\/Thrimor-Karte-724x1024.png 724w, https:\/\/www.thrimor.at\/wp-content\/uploads\/2022\/02\/Thrimor-Karte-212x300.png 212w, https:\/\/www.thrimor.at\/wp-content\/uploads\/2022\/02\/Thrimor-Karte-768x1086.png 768w, https:\/\/www.thrimor.at\/wp-content\/uploads\/2022\/02\/Thrimor-Karte-1086x1536.png 1086w, https:\/\/www.thrimor.at\/wp-content\/uploads\/2022\/02\/Thrimor-Karte-1448x2048.png 1448w\" sizes=\"auto, (max-width: 724px) 100vw, 724px\" \/><\/figure>\n\n\n\n<h3 class=\"wp-block-heading\">Allgemein<\/h3>\n\n\n\n<p>Das Land Thrimor befindet sich in einem riesigen <a href=\"https:\/\/www.thrimor.at\/index.php\/hintergruende-it\/einfuehrung\/\">Gebirgskessel <\/a>(ca. 170 km Nord-S\u00fcd, ca. 100 km Ost-West) im s\u00fcdlichen Teil der S\u00fcdlande, jedoch im Nordosten von Ciryon.<\/p>\n\n\n\n<p>Im Norden des Landes liegt die gro\u00dfeils gebirgige L\u00e4nderei <a href=\"https:\/\/www.thrimor.at\/index.php\/hintergruende-it\/tharis\/\">Tharis <\/a>mit der Stadt Tharheim inmitten der gro\u00dfen n\u00f6rdlichen Eiswand &#8211; Hauptzutat des Tharheimer Eiswasser. Im s\u00fcdlichen Teil von Tharis flacht das Land weitgehend ab. Hier bildet der Tiledansee, an dessen Westufer die Stadt Wolfenruh liegt, die nat\u00fcrliche Grenze zur L\u00e4nderei <a href=\"https:\/\/www.thrimor.at\/index.php\/hintergruende-it\/alvinion\/\">Alvinion<\/a>, in der die Hauptstadt Thrimors liegt. Alvinion ist die Kornkammer des Landes. Sanfte H\u00fcgel und weite Ebenen mit einer Vielzahl von Bauernh\u00f6fen und Plantagen bestimmen das Landschaftsbild.<\/p>\n\n\n\n<p>S\u00fcdlich davon befindet sich der <a href=\"https:\/\/www.thrimor.at\/index.php\/hintergruende-it\/farun\/\">Farunwald<\/a>, ein magisches und mysteri\u00f6ses Gebiet, dessen Durchquerung bei jedem Wanderer unterschiedlich viel Zeit in Anspruch nimmt. Der Weg durch den Wald entspricht unter normalen Umst\u00e4nden in etwa zwei Tagesreisen. Einige Wanderer sollen f\u00fcr diese Distanz jedoch schon mehrere Tage oder gar Wochen ben\u00f6tigt haben. Je nach Gutd\u00fcnken des Waldes, so sagt man. Auf ca. der halben Strecke (genau kann man diese Distanz nicht abmessen, da sie sich immer ver\u00e4ndert), also quasi im Herzen des Waldes, steht ein einzelnes Haus: die Farun-Taverne.<\/p>\n\n\n\n<p>Die s\u00fcdliche Grenze des Waldes bildet der gigantische Landbruch, eine tausend Meter hohe Klippe, die \u00fcber einen von den <a href=\"https:\/\/www.thrimor.at\/index.php\/hintergruende-it\/nichtmenschliche-voelker\/\">Zwergen <\/a>in den Fels gehauenen Abgang oder einen mechanischen Lastenzug sicher passiert werden kann. Am Fu\u00dfe dieses Abgangs befindet sich Trantharing, die gr\u00f6\u00dfte Stadt der Farun-L\u00e4ndereien.<\/p>\n\n\n\n<p>Die n\u00e4chste Waldgruppe s\u00fcdlich von Trantharing kennzeichnet auch schon die Grenze zu <a href=\"https:\/\/www.thrimor.at\/index.php\/hintergruende-it\/lanyrien\/\">Lanyrien<\/a>. Im Osten Lanyriens am Rande des Gebirges befindet sich Tharul, die Stadt der Schmiede und des Tagebaus. Das dort gewonnene Eisenerz wird von den Zwergen zu Tharuler Stahl, einem sehr wertvollen und nahezu unzerst\u00f6rbaren Metall, verarbeitet. Lanoitan, die Verwaltungsstadt Lanyriens, befindet sich allerdings noch etwa zwei Tagesm\u00e4rsche weiter s\u00fcdlich. Auf dem Weg gen Westen kommt man sowohl von Trantharing als auch von Lanoitan an der Handelsstadt Nubingen vorbei. Die Kleinstadt, ein ehemaliges Holzf\u00e4llerdorf, mit, je nach Jahreszeit 1000 bis 2000 Einwohnern, war der zentrale Knotenpunkt und Warenumschlagplatz f\u00fcr die Ost-West-Handelsachse, ehe sie von Untoten \u00fcberrollt worden ist.<\/p>\n\n\n\n<p>Im Westen Thrimors liegt die L\u00e4nderei <a href=\"https:\/\/www.thrimor.at\/index.php\/hintergruende-it\/nieljanira\/\">Niel\u2019janira<\/a>. \u00dcber einen Gro\u00dfteil dieses Gebiets erstreckt sich der gewaltige Niel\u2019tus-See, an dessen Westufer die Stadt Trevi, das Zentrum der K\u00fcnste und des guten Weins, zu finden ist. Etwas weiter s\u00fcdlich, mitten in einem Sumpf voller Ruinen, befindet sich das mysteri\u00f6se, aber unscheinbare, kleine Dorf Dephilon.<\/p>\n\n\n\n<p>Da westlich von Niel\u2019janira hinter dem m\u00e4chtigen Gebirgskessel sich die L\u00e4nder der S\u00fcdlande erstrecken, gibt es hier auch ein paar kleinere P\u00e4sse, die nach der \u00d6ffnung der Grenzen nach und nach wieder entdeckt und passierbar gemacht werden.<\/p>\n\n\n\n<h3 class=\"wp-block-heading\">Landkarte<\/h3>\n\n\n\n<figure class=\"wp-block-image size-large\"><img loading=\"lazy\" decoding=\"async\" width=\"725\" height=\"1024\" src=\"https:\/\/www.thrimor.at\/wp-content\/uploads\/2022\/02\/karteFLOLO-725x1024.jpg\" alt=\"\" class=\"wp-image-913\" srcset=\"https:\/\/www.thrimor.at\/wp-content\/uploads\/2022\/02\/karteFLOLO-725x1024.jpg 725w, https:\/\/www.thrimor.at\/wp-content\/uploads\/2022\/02\/karteFLOLO-212x300.jpg 212w, https:\/\/www.thrimor.at\/wp-content\/uploads\/2022\/02\/karteFLOLO-768x1085.jpg 768w, https:\/\/www.thrimor.at\/wp-content\/uploads\/2022\/02\/karteFLOLO.jpg 906w\" sizes=\"auto, (max-width: 725px) 100vw, 725px\" \/><\/figure>\n\n\n\n<div class=\"spoiler-wrap\">\n\t\t\t\t<div class=\"spoiler-head folded\">Anbindung zur See<\/div>\n\t\t\t\t<div class=\"spoiler-body\">S\u00fcdlich von Arkadis und n\u00f6rdlich des Farunwaldes gibt es einen schmalen und gef\u00e4hrlichen, weitgehend geheimgehaltenen Weg, der \u00fcber die Berge zu einer fjordartigen tief eingeschnittenen Meeresbucht f\u00fchrt. An der Passh\u00f6he betreibt eine Sonderabteilung der Thrimorer Garde eine kleine Zollburg, von deren Existenz kaum jemand wei\u00df. Von dort f\u00fchrt der Weg recht steil bergab (er ist nicht mit W\u00e4gen befahrbar &#8211; nur Saumtiere kommen in Frage), dann f\u00fchrt der Weg an einen idyllischen, tiefen und wohl auch magischen Bergsee (genannt Feenwasser) entlang, der sich \u00fcber einen Wasserfall in das Fjord ergie\u00dft. Der Weg umgeht diese Felsstufe in Serpentinen und durchquert dabei einen geheimnisvollen Wald (genannt Feenholz). Er endet vor den Toren eines kleinen Hafens, der aus naheliegenden Gr\u00fcnden Freyhafen hei\u00dft. Von hier aus geht auch ein schmaler Bergpfad entlang der felsigen K\u00fcste Richtung S\u00fcden nach Cyrion.<\/p>\n\n\n\n<p>Der Hafen dient einerseits t\u00fcchtigen und geschickten Fischern und Perlentauchern, andererseits verschiedenen undurchsichtigen bewaffneten Seeh\u00e4ndlern als Basis. Der schillernde B\u00fcrgermeister ist insgeheim ein Vertrauter des Grafen. Es ist dem Grafen nur recht, dass dieser Hafen offiziell nicht in Thrimor existiert und somit die Taten der Seeh\u00e4ndler ihm nicht zugerechnet werden k\u00f6nnen, andererseits ist er an den Einnahmen, Waren und Informationen von dort interessiert. Die Hafenwache, die dem B\u00fcrgermeister untersteht, f\u00fcr Ordnung sorgt und Hafengeb\u00fchren eintreibt, besteht insgeheim aus Thrimorer Gardisten, die f\u00fcr den Grafen Informationen sammeln.<\/p>\n\n\n\n<p>Die Zufahrt zum Hafen durch das schmale lange Fjord ist durch Klippen und Str\u00f6mungen t\u00fcckisch, der Hafen, kann daher von See aus nicht von Ortsunkundigen angesteuert (geschweige denn angegriffen) werden.<\/div>\n\t\t\t<\/div>\n\n\n\n<p><\/p>\n\n\n\n<div class=\"spoiler-wrap\">\n\t\t\t\t<div class=\"spoiler-head folded\">Flora und Fauna<\/div>\n\t\t\t\t<div class=\"spoiler-body\">Thrimors Klima ist gem\u00e4\u00dfigt. Im Norden ist es etwas k\u00fchler als im S\u00fcden, was aber weniger am Nord-S\u00fcd-Unterschied liegt, als viel mehr am H\u00f6henunterschied. Die Flora Thrimors wird haupts\u00e4chlich von&nbsp; Laub-, Nadel- und Mischw\u00e4ldern bestimmt, wobei vor allem die westlichen Gebiete Thrimors gr\u00f6\u00dftenteils kultiviert worden sind.<\/p>\n\n\n\n<p>Vereinzelt verstreut in Thrimors Laubw\u00e4ldern finden sich die in der Dunkelheit leuchtenden Schimmerkappenpilze. Wenn man diese ber\u00fchrt, sch\u00fctteln sie sich und sondern leuchtenden Staub ab, der f\u00fcr einige Heiltr\u00e4nke und anderes Gebr\u00e4u unverzichtbar ist.<\/p>\n\n\n\n<p>Diverse Vogelarten kommen in allen Gefilden Thrimors vor, wie der Tannenlurp, der Ginsengfink oder die herk\u00f6mmlichen Spurtzen und Blaukehlen. Um die diversen Seen verteilen sich unterschiedliche Wasservogelarten wie Seehaubitzen, Fischschmecker und Zehenpicker. Ein besonderer R\u00e4uber ist der Faulgrattler, der sich so langsam an seine Beutetiere heranpirscht, dass oft schon Moos an ihm zu wachsen beginnt. Deswegen ist er zwar gut getarnt, sein Jagderfolg h\u00e4lt sich aber dennoch in Grenzen. Bedingt durch eine niedrige Stoffwechselrate ben\u00f6tigt diese Spezies jedoch nur sehr wenig Fleisch. Im Gegensatz dazu jagen die Schattenw\u00f6lfe mit sehr hoher Geschwindigkeit.<\/p>\n\n\n\n<p>Die weiten Fl\u00e4chen und das Felsenmeer zwischen Alvinion und Niel\u2019janira sind einige der wenigen Gebiete Thrimors, in denen man noch urspr\u00fcngliche Tierwelt einigerma\u00dfen ungest\u00f6rt durch den Menschen antrifft. Diese Ebenen sind teils mit mehreren Meter tiefen Rissen in der Erde durchzogen, was auch eine Durchquerung der Ebenen erschwert. Im Winter verlassen die meisten Wirbeltiere die Ebenen, um in w\u00e4rmeren Gebieten zu \u00fcberwintern. Der Gro\u00dfteil der hier lebenden V\u00f6gel zieht gen Ciryon.<\/p>\n\n\n\n<p>Einige S\u00e4uger bedienen sich anderer Strategien, darunter die Lommlinge. Zum \u00dcberwintern rollen sie sich ein, gesch\u00fctzt durch ihr grau-wei\u00dfes Winterfell. Die Lommlinge liegen dann in Kolonien wie Steine aussehend in der Ebene herum. Wird ein Lommling durch eine St\u00f6rung aus dem Winterschlaf gerissen, beginnt er einen panischen Lommlingalarmschrei von sich zu geben und l\u00e4uft panikartig davon. Alle anderen Lommlinge, durch den Alarmruf geweckt, folgen dem ersten. Oft enden diese Fluchtversuche mit einem Massentod durch einen Sturz in eine Spalte.<\/div>\n\t\t\t<\/div>\n","protected":false},"excerpt":{"rendered":"<p>Allgemein Das Land Thrimor befindet sich in einem riesigen Gebirgskessel (ca. 170 km Nord-S\u00fcd, ca. 100 km Ost-West) im s\u00fcdlichen Teil der S\u00fcdlande, jedoch im Nordosten von Ciryon. Im Norden des Landes liegt die gro\u00dfeils gebirgige L\u00e4nderei Tharis mit der Stadt Tharheim inmitten der gro\u00dfen n\u00f6rdlichen Eiswand &#8211; Hauptzutat des Tharheimer Eiswasser. Im s\u00fcdlichen Teil [&hellip;]<\/p>\n","protected":false},"author":1,"featured_media":0,"parent":89,"menu_order":5,"comment_status":"closed","ping_status":"closed","template":"","meta":{"om_disable_all_campaigns":false,"footnotes":""},"class_list":["post-46","page","type-page","status-publish","hentry"],"yoast_head":"<!-- This site is optimized with the Yoast SEO plugin v26.1.1 - https:\/\/yoast.com\/wordpress\/plugins\/seo\/ -->\n<title>Geographie - Thrimorer Garde<\/title>\n<meta name=\"robots\" content=\"index, follow, max-snippet:-1, max-image-preview:large, max-video-preview:-1\" \/>\n<link rel=\"canonical\" href=\"https:\/\/www.thrimor.at\/index.php\/hintergruende-it\/geographie\/\" \/>\n<meta property=\"og:locale\" content=\"de_DE\" \/>\n<meta property=\"og:type\" content=\"article\" \/>\n<meta property=\"og:title\" content=\"Geographie - Thrimorer Garde\" \/>\n<meta property=\"og:description\" content=\"Allgemein Das Land Thrimor befindet sich in einem riesigen Gebirgskessel (ca. 170 km Nord-S\u00fcd, ca. 100 km Ost-West) im s\u00fcdlichen Teil der S\u00fcdlande, jedoch im Nordosten von Ciryon. Im Norden des Landes liegt die gro\u00dfeils gebirgige L\u00e4nderei Tharis mit der Stadt Tharheim inmitten der gro\u00dfen n\u00f6rdlichen Eiswand &#8211; Hauptzutat des Tharheimer Eiswasser. Im s\u00fcdlichen Teil [&hellip;]\" \/>\n<meta property=\"og:url\" content=\"https:\/\/www.thrimor.at\/index.php\/hintergruende-it\/geographie\/\" \/>\n<meta property=\"og:site_name\" content=\"Thrimorer Garde\" \/>\n<meta property=\"article:modified_time\" content=\"2022-05-21T11:15:31+00:00\" \/>\n<meta property=\"og:image\" content=\"https:\/\/www.thrimor.at\/wp-content\/uploads\/2022\/02\/Thrimor-Karte-724x1024.png\" \/>\n<meta name=\"twitter:card\" content=\"summary_large_image\" \/>\n<meta name=\"twitter:label1\" content=\"Gesch\u00e4tzte Lesezeit\" \/>\n\t<meta name=\"twitter:data1\" content=\"7\u00a0Minuten\" \/>\n<script type=\"application\/ld+json\" class=\"yoast-schema-graph\">{\"@context\":\"https:\/\/schema.org\",\"@graph\":[{\"@type\":\"WebPage\",\"@id\":\"https:\/\/www.thrimor.at\/index.php\/hintergruende-it\/geographie\/\",\"url\":\"https:\/\/www.thrimor.at\/index.php\/hintergruende-it\/geographie\/\",\"name\":\"Geographie - Thrimorer Garde\",\"isPartOf\":{\"@id\":\"https:\/\/www.thrimor.at\/#website\"},\"primaryImageOfPage\":{\"@id\":\"https:\/\/www.thrimor.at\/index.php\/hintergruende-it\/geographie\/#primaryimage\"},\"image\":{\"@id\":\"https:\/\/www.thrimor.at\/index.php\/hintergruende-it\/geographie\/#primaryimage\"},\"thumbnailUrl\":\"https:\/\/www.thrimor.at\/wp-content\/uploads\/2022\/02\/Thrimor-Karte-724x1024.png\",\"datePublished\":\"2020-04-25T06:04:12+00:00\",\"dateModified\":\"2022-05-21T11:15:31+00:00\",\"breadcrumb\":{\"@id\":\"https:\/\/www.thrimor.at\/index.php\/hintergruende-it\/geographie\/#breadcrumb\"},\"inLanguage\":\"de\",\"potentialAction\":[{\"@type\":\"ReadAction\",\"target\":[\"https:\/\/www.thrimor.at\/index.php\/hintergruende-it\/geographie\/\"]}]},{\"@type\":\"ImageObject\",\"inLanguage\":\"de\",\"@id\":\"https:\/\/www.thrimor.at\/index.php\/hintergruende-it\/geographie\/#primaryimage\",\"url\":\"https:\/\/www.thrimor.at\/wp-content\/uploads\/2022\/02\/Thrimor-Karte.png\",\"contentUrl\":\"https:\/\/www.thrimor.at\/wp-content\/uploads\/2022\/02\/Thrimor-Karte.png\",\"width\":3507,\"height\":4960},{\"@type\":\"BreadcrumbList\",\"@id\":\"https:\/\/www.thrimor.at\/index.php\/hintergruende-it\/geographie\/#breadcrumb\",\"itemListElement\":[{\"@type\":\"ListItem\",\"position\":1,\"name\":\"Home\",\"item\":\"https:\/\/www.thrimor.at\/\"},{\"@type\":\"ListItem\",\"position\":2,\"name\":\"Hintergr\u00fcnde (IT)\",\"item\":\"https:\/\/www.thrimor.at\/index.php\/hintergruende-it\/\"},{\"@type\":\"ListItem\",\"position\":3,\"name\":\"Geographie\"}]},{\"@type\":\"WebSite\",\"@id\":\"https:\/\/www.thrimor.at\/#website\",\"url\":\"https:\/\/www.thrimor.at\/\",\"name\":\"Thrimorer Garde\",\"description\":\"Eine engagierte LARP-Community aus Salzburg\",\"potentialAction\":[{\"@type\":\"SearchAction\",\"target\":{\"@type\":\"EntryPoint\",\"urlTemplate\":\"https:\/\/www.thrimor.at\/?s={search_term_string}\"},\"query-input\":{\"@type\":\"PropertyValueSpecification\",\"valueRequired\":true,\"valueName\":\"search_term_string\"}}],\"inLanguage\":\"de\"}]}<\/script>\n<!-- \/ Yoast SEO plugin. -->","yoast_head_json":{"title":"Geographie - Thrimorer Garde","robots":{"index":"index","follow":"follow","max-snippet":"max-snippet:-1","max-image-preview":"max-image-preview:large","max-video-preview":"max-video-preview:-1"},"canonical":"https:\/\/www.thrimor.at\/index.php\/hintergruende-it\/geographie\/","og_locale":"de_DE","og_type":"article","og_title":"Geographie - Thrimorer Garde","og_description":"Allgemein Das Land Thrimor befindet sich in einem riesigen Gebirgskessel (ca. 170 km Nord-S\u00fcd, ca. 100 km Ost-West) im s\u00fcdlichen Teil der S\u00fcdlande, jedoch im Nordosten von Ciryon. Im Norden des Landes liegt die gro\u00dfeils gebirgige L\u00e4nderei Tharis mit der Stadt Tharheim inmitten der gro\u00dfen n\u00f6rdlichen Eiswand &#8211; Hauptzutat des Tharheimer Eiswasser. Im s\u00fcdlichen Teil [&hellip;]","og_url":"https:\/\/www.thrimor.at\/index.php\/hintergruende-it\/geographie\/","og_site_name":"Thrimorer Garde","article_modified_time":"2022-05-21T11:15:31+00:00","og_image":[{"url":"https:\/\/www.thrimor.at\/wp-content\/uploads\/2022\/02\/Thrimor-Karte-724x1024.png","type":"","width":"","height":""}],"twitter_card":"summary_large_image","twitter_misc":{"Gesch\u00e4tzte Lesezeit":"7\u00a0Minuten"},"schema":{"@context":"https:\/\/schema.org","@graph":[{"@type":"WebPage","@id":"https:\/\/www.thrimor.at\/index.php\/hintergruende-it\/geographie\/","url":"https:\/\/www.thrimor.at\/index.php\/hintergruende-it\/geographie\/","name":"Geographie - Thrimorer Garde","isPartOf":{"@id":"https:\/\/www.thrimor.at\/#website"},"primaryImageOfPage":{"@id":"https:\/\/www.thrimor.at\/index.php\/hintergruende-it\/geographie\/#primaryimage"},"image":{"@id":"https:\/\/www.thrimor.at\/index.php\/hintergruende-it\/geographie\/#primaryimage"},"thumbnailUrl":"https:\/\/www.thrimor.at\/wp-content\/uploads\/2022\/02\/Thrimor-Karte-724x1024.png","datePublished":"2020-04-25T06:04:12+00:00","dateModified":"2022-05-21T11:15:31+00:00","breadcrumb":{"@id":"https:\/\/www.thrimor.at\/index.php\/hintergruende-it\/geographie\/#breadcrumb"},"inLanguage":"de","potentialAction":[{"@type":"ReadAction","target":["https:\/\/www.thrimor.at\/index.php\/hintergruende-it\/geographie\/"]}]},{"@type":"ImageObject","inLanguage":"de","@id":"https:\/\/www.thrimor.at\/index.php\/hintergruende-it\/geographie\/#primaryimage","url":"https:\/\/www.thrimor.at\/wp-content\/uploads\/2022\/02\/Thrimor-Karte.png","contentUrl":"https:\/\/www.thrimor.at\/wp-content\/uploads\/2022\/02\/Thrimor-Karte.png","width":3507,"height":4960},{"@type":"BreadcrumbList","@id":"https:\/\/www.thrimor.at\/index.php\/hintergruende-it\/geographie\/#breadcrumb","itemListElement":[{"@type":"ListItem","position":1,"name":"Home","item":"https:\/\/www.thrimor.at\/"},{"@type":"ListItem","position":2,"name":"Hintergr\u00fcnde (IT)","item":"https:\/\/www.thrimor.at\/index.php\/hintergruende-it\/"},{"@type":"ListItem","position":3,"name":"Geographie"}]},{"@type":"WebSite","@id":"https:\/\/www.thrimor.at\/#website","url":"https:\/\/www.thrimor.at\/","name":"Thrimorer Garde","description":"Eine engagierte LARP-Community aus Salzburg","potentialAction":[{"@type":"SearchAction","target":{"@type":"EntryPoint","urlTemplate":"https:\/\/www.thrimor.at\/?s={search_term_string}"},"query-input":{"@type":"PropertyValueSpecification","valueRequired":true,"valueName":"search_term_string"}}],"inLanguage":"de"}]}},"jetpack_sharing_enabled":true,"_links":{"self":[{"href":"https:\/\/www.thrimor.at\/index.php\/wp-json\/wp\/v2\/pages\/46","targetHints":{"allow":["GET"]}}],"collection":[{"href":"https:\/\/www.thrimor.at\/index.php\/wp-json\/wp\/v2\/pages"}],"about":[{"href":"https:\/\/www.thrimor.at\/index.php\/wp-json\/wp\/v2\/types\/page"}],"author":[{"embeddable":true,"href":"https:\/\/www.thrimor.at\/index.php\/wp-json\/wp\/v2\/users\/1"}],"replies":[{"embeddable":true,"href":"https:\/\/www.thrimor.at\/index.php\/wp-json\/wp\/v2\/comments?post=46"}],"version-history":[{"count":8,"href":"https:\/\/www.thrimor.at\/index.php\/wp-json\/wp\/v2\/pages\/46\/revisions"}],"predecessor-version":[{"id":1074,"href":"https:\/\/www.thrimor.at\/index.php\/wp-json\/wp\/v2\/pages\/46\/revisions\/1074"}],"up":[{"embeddable":true,"href":"https:\/\/www.thrimor.at\/index.php\/wp-json\/wp\/v2\/pages\/89"}],"wp:attachment":[{"href":"https:\/\/www.thrimor.at\/index.php\/wp-json\/wp\/v2\/media?parent=46"}],"curies":[{"name":"wp","href":"https:\/\/api.w.org\/{rel}","templated":true}]}}