{"id":48,"date":"2020-04-25T08:04:12","date_gmt":"2020-04-25T06:04:12","guid":{"rendered":"https:\/\/relaunch2.thrimor.at\/index.php\/politik\/"},"modified":"2023-10-30T09:06:50","modified_gmt":"2023-10-30T08:06:50","slug":"politik","status":"publish","type":"page","link":"https:\/\/www.thrimor.at\/index.php\/hintergruende-it\/politik\/","title":{"rendered":"Politik"},"content":{"rendered":"\n<h3 class=\"wp-block-heading\">Allgemein&nbsp;<\/h3>\n\n\n\n<p>Jegliche wichtige politische Entscheidung Thrimors geht vom <strong>Grafen<\/strong> <strong>Folken Tirell Thrimos <\/strong>aus, welcher in der Regel R\u00fccksprache mit den <strong>Ratsleuten <\/strong>des Landes h\u00e4lt. Diese verwalten die&nbsp; L\u00e4ndereien <strong>Alvinion, Tharis<\/strong>, <strong>Farun<\/strong>, <strong>Lanyrien<\/strong> und <strong>Niel\u2019janira <\/strong>und sorgen auch in erster Instanz f\u00fcr die Durchf\u00fchrung dieser Entscheidungen.&nbsp;<\/p>\n\n\n\n<h3 class=\"wp-block-heading\">Wichtige Personen<\/h3>\n\n\n\n<p><strong>Graf (Anrede &#8222;Durchlaucht&#8220;):<\/strong><\/p>\n\n\n\n<p>Folken Tirell Thrimos<\/p>\n\n\n\n<p><strong>Ratsleute (Anrede &#8222;Erlaucht&#8220;):<\/strong><\/p>\n\n\n\n<figure class=\"wp-block-table\"><table><tbody><tr><td>Alvinion:<\/td><td>Dianthus Nordrassil<\/td><\/tr><tr><td>Farun:<\/td><td>Deagal Remyr<\/td><\/tr><tr><td>Lanyrien:<\/td><td>Valerian Remyr<\/td><\/tr><tr><td>Niel&#8217;janira<\/td><td>Gwendolin Amon&#8217;din<\/td><\/tr><tr><td>Tharis<\/td><td>Reyana Camilla Antonietta Isolde Floare<\/td><\/tr><\/tbody><\/table><\/figure>\n\n\n\n<h3 class=\"wp-block-heading\">Der Graf&nbsp;<\/h3>\n\n\n\n<p>Die Regierungsform Thrimors ist ganz klar monarchisch aufgebaut, der Alleinherrscher \u00fcber Thrimor ist der <strong>Graf Folken Tirell Thrimos<\/strong>. Der Graf trifft alle wichtigen Entscheidungen, erl\u00e4sst alle Gesetze und ist die h\u00f6chste gerichtliche Instanz. Gewaltenteilung gibt es keine, somit verf\u00fcgt der Graf \u00fcber politisch uneingeschr\u00e4nkte Macht. Nun mag verwundern, warum das Oberhaupt Thrimors den Titel Graf und nicht K\u00f6nig tr\u00e4gt &#8211; das kommt daher, dass Thrimor eine Grafschaft ist, die durch den Fluch, der in Ciryon w\u00fctete, unbeabsichtigt unabh\u00e4ngig wurde. \u00dcber die Generationen wurde das Land ringsherum gro\u00dfteils vergessen und der Graf in die Position eines K\u00f6nigs erhoben. Der Titel blieb und ist somit ein Relikt aus der Zeit vor dem Fluch.<\/p>\n\n\n\n<p>Im Gegensatz zu vielen anderen Monarchien gibt es keine ererbte Thronfolge. Allerdings handelt es sich auch nicht wirklich um eine Wahldemokratie, denn der einzige Wahlberechtigte ist der Graf selbst. Der Graf w\u00e4hlt denjenigen als Nachfolger, den er daf\u00fcr am f\u00e4higsten erachtet. In den h\u00e4ufigsten F\u00e4llen f\u00e4llt diese Wahl auf ein Kind oder einen Enkel des Herrschers selbst. S\u00f6hne und T\u00f6chter des Grafen werden dennoch mit Prinz und Prinzessin angesprochen, selbst dann, wenn ihr Vater schon gestorben ist und ein anderer seinen Platz eingenommen hat.<\/p>\n\n\n\n<h3 class=\"wp-block-heading\">Die Ratsleute<\/h3>\n\n\n\n<figure class=\"wp-block-image size-large\"><img loading=\"lazy\" decoding=\"async\" width=\"1024\" height=\"649\" src=\"https:\/\/www.thrimor.at\/wp-content\/uploads\/2022\/02\/Wintertaverne_29022020_6-1024x649.jpg\" alt=\"\" class=\"wp-image-953\" srcset=\"https:\/\/www.thrimor.at\/wp-content\/uploads\/2022\/02\/Wintertaverne_29022020_6-1024x649.jpg 1024w, https:\/\/www.thrimor.at\/wp-content\/uploads\/2022\/02\/Wintertaverne_29022020_6-300x190.jpg 300w, https:\/\/www.thrimor.at\/wp-content\/uploads\/2022\/02\/Wintertaverne_29022020_6-768x487.jpg 768w, https:\/\/www.thrimor.at\/wp-content\/uploads\/2022\/02\/Wintertaverne_29022020_6.jpg 1283w\" sizes=\"auto, (max-width: 1024px) 100vw, 1024px\" \/><\/figure>\n\n\n\n<p>Der Rat Thrimors stellt die f\u00fcnf engsten Berater des Grafen. Aus einer ungew\u00f6hnlichen F\u00fcgung gibt es aktuell mehr Ratsherren als Ratsdamen &#8211; etwas, das in Thrimors Geschichte noch nicht passiert ist. Den Einfluss, den die Ratsleute auf den Grafen haben, ist nicht zu untersch\u00e4tzen, allerdings bleibt es nicht nur bei dieser beratenden Funktion. Jede Ratsdame bzw. jeder Ratsherr bildet das Oberhaupt \u00fcber eine der f\u00fcnf L\u00e4ndereien. Sie setzen die Interessen des Grafen in diesen Gebieten durch, vertreten umgekehrt die Anliegen der L\u00e4ndereien gegen\u00fcber dem Grafen, sofern sie diese als sinnvoll erachten und fungieren als Richter. Milit\u00e4risch stehen sie \u00fcber allen R\u00e4ngen, ausgenommen dem obersten General des Grafen.<\/p>\n\n\n\n<p>Ratsdamen und -herren gelten als Vertreter des Volkes vor dem Grafen und werden deshalb gew\u00e4hlt, allerdings ist nicht klar definiert, wer wahlberechtigt ist. Sicher ist man sich nur, dass ein W\u00e4hler in erster Linie Geld, Ansehen oder Beliebtheit braucht, damit seine Stimme auch geh\u00f6rt wird. Dieses Prinzip erscheint den Bewohnern Thrimors recht einleuchtend und wird nur selten hinterfragt. Traditionsgem\u00e4\u00df kommen die Ratsleute aus den gleichen Familien wie jeher. Ihre Familien sind die ehrw\u00fcrdigsten und \u00e4ltesten des hohen Adels. Sie sind dementsprechend einflussreich und die Familienmitglieder besetzen nicht selten wichtige Positionen in Thrimor. Keiner, der in Thrimor aufgewachsen ist, w\u00fcrde hierbei aber von Vetternwirtschaft sprechen. Dies ist einfach eine Tradition, die schon immer so war und wohl auch immer so bleiben wird &#8211; wobei neuerdings auch wohlhabende H\u00e4ndler nach mehr politischer Macht streben. Prominentestes Beispiel daf\u00fcr ist sicher Ratsherr Dianthus Nordrassil.<\/p>\n\n\n\n<h3 class=\"wp-block-heading\">Adel<\/h3>\n\n\n\n<p>Wenn von \u201eAdel\u201c gesprochen wird, ist damit nicht zwangsl\u00e4ufig ein rein erblicher Titel gemeint. Als adelig gilt, wer Geld, Macht und Ansehen hat und sich adelig, das hei\u00dft edel, verh\u00e4lt. So gibt es beispielsweise durchaus die Leibeigenschaft in Thrimor, in die sich ein Mensch freiwillig begibt, weil er sich daf\u00fcr Schutz verspricht, es gilt aber als fein, seine Arbeiter trotzdem auszubezahlen, w\u00e4hrend ein Herr, der seine Untertanen ausbeutet, auch von seinesgleichen als etwas primitiv und \u00e4rmlich betrachtet wird. Nichtsdestoweniger werden aber Besitz und Name an die jeweils Erstgeborene vererbt &#8211; womit der Adel praktisch so gut wie immer direkt mitgegeben wird.<\/p>\n\n\n\n<p>Als adlig bezeichnet man in Thrimor all jene, die \u00fcber besonders viel Verm\u00f6gen, Macht oder Einfluss verf\u00fcgen. Dazu z\u00e4hlen zum einen traditionell die Familien, denen seit Jahrhunderten weite Teile des Landes geh\u00f6ren und in deren Hand dadurch das Schicksal unz\u00e4hliger Bauern liegt, denen ein St\u00fcck Land zum Lehen gegeben wurde. Zum anderen aber geben sich mehr und mehr auch reiche Kaufleute und Gildenoberh\u00e4upter als edel. Durch ihre weitreichenden Verbindungen und oft gro\u00dfen Reichtum beanspruchen auch diese immer wieder Adelstitel. Au\u00dfer dem Grafen und den Ratsleuten gibt es noch zwei weitere Titel: &nbsp;der \u201eVogt\u201c und die \u201eFreif\u00fchr\u201c. Diese Titel verleiht eine Ratsdame oder ein Ratsherr in seinen L\u00e4ndereien an jene, deren Einfluss und Macht er offiziell anerkennen m\u00f6chte.<\/p>\n\n\n\n<figure class=\"wp-block-image size-large\"><img loading=\"lazy\" decoding=\"async\" width=\"683\" height=\"1024\" src=\"https:\/\/www.thrimor.at\/wp-content\/uploads\/2022\/02\/MG_7636-683x1024.jpg\" alt=\"\" class=\"wp-image-955\" srcset=\"https:\/\/www.thrimor.at\/wp-content\/uploads\/2022\/02\/MG_7636-683x1024.jpg 683w, https:\/\/www.thrimor.at\/wp-content\/uploads\/2022\/02\/MG_7636-200x300.jpg 200w, https:\/\/www.thrimor.at\/wp-content\/uploads\/2022\/02\/MG_7636-768x1152.jpg 768w, https:\/\/www.thrimor.at\/wp-content\/uploads\/2022\/02\/MG_7636-1024x1536.jpg 1024w, https:\/\/www.thrimor.at\/wp-content\/uploads\/2022\/02\/MG_7636.jpg 1067w\" sizes=\"auto, (max-width: 683px) 100vw, 683px\" \/><\/figure>\n\n\n\n<p>Das Wort \u201eRitter\u201c ist ein reiner Ehrentitel, der f\u00fcr besondere Verdienste im Milit\u00e4r verliehen wird. Dieser wird eher selten in Thrmor verwendet , aufgrund der wenig ausgepr\u00e4gten Reiterschaft. G\u00e4ngiger ist der damit gleichzusetzende Begriff der &#8222;Schwertgnad&#8220;.<\/p>\n\n\n\n<p>Jene adeligen Familien, deren Begr\u00fcnder einst zu Zeiten der Eroberung durch die Raudmannen das Land f\u00fcr sich beansprucht haben, die dieses nach wie vor fest in ihrer Hand halten und die sich als rechtm\u00e4\u00dfige Herrscher sehen, bilden das R\u00fcckgrat der politischen Struktur Thrimors. Teils als von reichen H\u00e4ndlern als \u201eLandadel\u201c verspottet, herrschen sie unangefochten \u00fcber ihre Vogteien und L\u00e4ndereien. Zumeist geh\u00f6rt die Ratsleute einer dieser Familien an und trotz der Tatsache, dass der Titel der Mutter nicht automatisch an die Tochter vererbt wird, ist die Best\u00e4tigung der Ratsdame (oder des Ratsherren) f\u00fcr jede neue Generation f\u00fcr sie oft nicht mehr als eine Formalit\u00e4t. Auch gegen\u00fcber dem Volk nehmen sich diese Familien weitreichende Recht heraus. Da sie gleichzeitig Lehnsherr, Richter und Befehlshaber ihrer eigenen Wache sind, gibt es auch niemanden, der sie zur Rechenschaft ziehen k\u00f6nnte, sollte jemand den Mut haben, hier ein Fehlverhalten anzuprangern.<\/p>\n\n\n\n<p>In ihren weiten L\u00e4ndereien und eindrucksvollen Burgen unterhalten diese Familien oft gro\u00dfe Wachmannschaften, die teils bis zu hundert Mann umfassen. Einerseits erm\u00f6glicht dies den Ratsleuten innerhalb k\u00fcrzester Zeit mehrere Hundertschaften zu mobilisieren,&nbsp; andererseits f\u00fchren die Adelsfamilien auch immer wieder kleinere Scharm\u00fctzel und Gefechte gegeneinander und machen einander Grenzgebiete streitig. Solange diese Kleinkriege nicht aus dem Ruder laufen und zum Erhalt der Kampfkraft beitragen, schreitet meist weder die Ratsleute noch der Graf selbst hier ein.<\/p>\n\n\n\n<p>Der zweite Teil des Adels besteht aus reichen Kaufleuten und Gildenmeistern, die zwar keine gro\u00dfen L\u00e4ndereien, daf\u00fcr weitreichende Beziehungen und oft noch viel gr\u00f6\u00dferen Reichtum besitzen. Diese oft als \u201eNeureiche\u201c bel\u00e4chelten, selbstbewussten Pers\u00f6nlichkeiten bestimmen gerade in den St\u00e4dten oft das politische Geschehen und werden auch von den Ratsleuten immer mehr anerkannt und bekommen mehr und mehr auch Adelstitel zugesprochen und tragen diese Stolz zur Schau.<\/p>\n\n\n\n<p>Manch Adliger pflegt einen durchaus ausschweifenden Lebensstil und die Sitten und Moral, des einfachen Volkes werden am Hofe eher weiter ausgelegt. So ist es keine Schande sich neben der Ehe einen Galan oder eine Kurtisane zu leisten. Auch gleichgeschlechtliche Ehen sind besonders f\u00fcr herrschende Frauen interessant, sobald eine legitime Erbin aus vorangegangen Ehen gesichert ist.<\/p>\n\n\n\n<p>Ein Galan ist ein Diener einer Adligen, der rein zu ihrem Vergn\u00fcgen am Hofe gehalten wird. In der trevianischen Schule der Galanterie ausgebildet unterh\u00e4lt er mit Tanz, Gesang und der Darbietung seines K\u00f6rpers. Selbstverst\u00e4ndlich wird am Ende der Ausbildung mit einem kleinem Eingriff auch daf\u00fcr gesorgt, dass durch seine Anwesenheit keine Unklarheiten in der Erbfolge entstehen.<\/p>\n\n\n\n<div class=\"spoiler-wrap\">\n\t\t\t\t<div class=\"spoiler-head folded\">Politische Brandherde<\/div>\n\t\t\t\t<div class=\"spoiler-body\"><\/p>\n\n\n\n<h4 class=\"wp-block-heading\">Innenpolitik<\/h4>\n\n\n\n<p>Der schlimmste Feind, der Thrimor im Moment heimsucht, ist die <a href=\"https:\/\/www.thrimor.at\/index.php\/hintergruende-it\/religionen\/\">Bruderschaft des ewigen Lebens<\/a>. Die finsteren Schergen des Geheimordens haben k\u00fcrzlich die Kleinstadt Nubingen, die aufgrund seiner Lage eine bedeutend gr\u00f6\u00dfere wirtschaftliche Bedeutung zukommt, als es auf den ersten Blick den Anschein haben k\u00f6nnte, \u00fcberrannt, seine Bev\u00f6lkerung versklavt und get\u00f6tet (h\u00e4ufig in umgekehrter Reihenfolge) und eine gro\u00dfe, magische Kuppel um Nubingen errichtet, die es dem Entsatzheer bis heute unm\u00f6glich macht, Nubingen zur\u00fcckzuerobern.<\/p>\n\n\n\n<p>Abgesehen von den kleinen Fehden und Intrigen, die sich ab und an zwischen dem Adel abspielen, liegt ansonsten das Hauptaugenmerk innerhalb des Landes auf den verschiedenen wilden <a href=\"https:\/\/www.thrimor.at\/index.php\/hintergruende-it\/nichtmenschliche-voelker\/\">Ork<\/a>st\u00e4mmen, die in kleineren Gruppen, besonders im Gebiet des <a href=\"https:\/\/www.thrimor.at\/index.php\/hintergruende-it\/tharis\/\">Tiledansees<\/a>, pl\u00fcndern und brandschatzen.<\/p>\n\n\n\n<p>Der Ratsherr <a href=\"https:\/\/www.thrimor.at\/index.php\/hintergruende-it\/lanyrien\/\">Valerian Remyr <\/a>klagt \u00fcber aufbegehrende Gnome, die Anspruch auf die Tharuler Minen erheben und sich weigern mit dem Ratsherrn zusammenzuarbeiten. Dies ist mittlerweile sogar in einen recht kleinen, aber l\u00e4stigen &#8222;gnomischen Befreiungskampf&#8220; ausgeartet, der mit Sabotagen und \u00dcberf\u00e4llen den Minenarbeitern das Leben schwer macht.<\/p>\n\n\n\n<h4 class=\"wp-block-heading\">Au\u00dfenpolitik<\/h4>\n\n\n\n<p>Neben innenpolitischen Problemen plagt den Grafen, was seit der <a href=\"https:\/\/www.thrimor.at\/index.php\/hintergruende-it\/geschichte\/\">\u00d6ffnung der Grenzen Thrimors <\/a>von au\u00dfen auf die Grafschaft zukommt. Durch den ersten Kontakt zur Au\u00dfenwelt seit Generationen ist die Situation Thrimors v\u00f6llig neu.&nbsp; Erstmals wird die Grafschaft mit anderen Herrschern und auch mit deren Armeen konfrontiert. V\u00f6llig neue Fronten tun sich auf:<\/p>\n\n\n\n<p><strong>Alt-Ciryonisches Reich<\/strong><\/p>\n\n\n\n<p>Der Rat der F\u00fcrsten Ciryons k\u00f6nnte eine ernsthafte Bedrohung f\u00fcr die Unabh\u00e4ngigkeit Thrimors werden, da Thrimor zu Zeiten vor dem Fluch Teil Ciryons war. Nun, da der Fluch gebannt ist, hat das Alt-Ciryonische Reich seinen Herrschaftsanspruch \u00fcber das Tal Uninga schon wieder geltend gemacht. Ciryonische Truppen sind unter dem Vorwand, Uninga vor einem Einfall der Thrimorer zu sch\u00fctzen in Uninga stationiert. Die Tatsache, dass diese \u201eSchutztruppe\u201d zahlenm\u00e4\u00dfig gr\u00f6\u00dfer ist als die kleine uningarische Armee, zeigt eindeutig, dass es sich hierbei viel eher um eine Besatzungstruppe handelt.<\/p>\n\n\n\n<p><strong>Neuandorien<\/strong><br>\u00dcber eine noch sehr wilde und gef\u00e4hrliche Route vom Norden Thrimors ausgehend, kommt man nach mehrw\u00f6chiger Reise ins Lande Neuandorien. Dieses Land scheint f\u00fcr Handelsbeziehungen wie geschaffen zu sein. Jedoch sind auch schon Konfliktpunkte erkennbar. In Neuandorien ist Sklavenhandel mit einem primitiven Menschenvolk namens \u201eFalken\u201d ganz nat\u00fcrlich. Sklaverei ist in Thrimor jedoch verp\u00f6nt und verboten \u2013 zwar begeben sich arme Bauern in Leibeigenschaft, Menschenh\u00e4ndlern wird aber mit Verachtung begegnet. Abgesehen davon gibt es Ger\u00fcchte, dass der neuandorische Adel weitaus intrigendurchsetzter sein soll als der thrimorische.<\/p>\n\n\n\n<p><strong>Uninga<\/strong><br>Im S\u00fcden Thrimors liegt das Tal Uninga. Dies ist die einzige derzeit bekannte Verbindung von Thrimor nach Ciryon. Uninga war zu Zeiten vor dem Fluch ein Lehen Thrimors und auch sehr wichtig f\u00fcr Thrimor, da viele Gew\u00fcrzkr\u00e4uter (etwa das gar nicht so sehr nach Salz schmeckende uningarische Salzkraut, aber auch gew\u00f6hnlichere wie Majoran oder Thymian) im flachen S\u00fcden besser oder \u00fcberhaupt nur dort gedeihen. Da Salz und Knoblauch jetzt mehr oder minder dreihundert Jahre lang die einzigen Gew\u00fcrze in Thrimor waren, hat der Graf gleich nach \u00d6ffnung der Grenzen seinen Herrschaftsanspruch wieder auf Uninga erweitert. Die uningarischen T\u00f6lpel haben zur Antwort eine der ersten ciryonischen Handelskarawanen, die nach Thrimor reisen wollte, um deren Ladung erleichtert. Die Karawane hatte jedoch eine wertvolle Porzellanlieferung f\u00fcr den Ratsherrn Valerian Remyr geladen. Dieser ist seit diesem Vorfall \u00e4u\u00dferst schlecht auf die uningarischen Barbaren zu sprechen. Schlie\u00dflich haben sie seiner Hochzeit und seiner Ehre Schaden zugef\u00fcgt. Desweiteren haben sich die intelligenten Uningaren aus Angst vor Thrimor Hilfe suchend an Ciryon gewandt, welches Uninga daraufhin kurzerhand besetzt hat.<\/p>\n\n\n\n<p><strong>S\u00fcdlande<\/strong><br>Auch wenn die Landverbindung \u00fcber Alt-Ciryon und Uninga l\u00e4uft, gibt es dennoch intensive Kontakte zu den S\u00fcdlanden. Erst k\u00fcrzlich hat die Bruderschaft der Turney der <a href=\"http:\/\/www.suedlande.de\" target=\"_blank\" rel=\"noreferrer noopener\">S\u00fcdlande <\/a>eine Niederlassenschaft am Platz des Goldenen Schillings in Obturum eingerichtet, um displomatische Beziehungen zu Thrimor zu erleichtern. Der Ruf der Thrimorer Garde, eiserne Disziplin und respektvolles Auftreten zu vereinen, hat dazu gef\u00fchrt, dass die Bruderschaft der Garde sogar die Ehre erwiesen haben, sie darum zu bitten, als Turneywache aufzumarschieren. Im selben Geb\u00e4ude wie die Bruderschaft befindet sich \u00fcbrigens der Kontor der Imkerei <a href=\"https:\/\/www.metwabe.de\" target=\"_blank\" rel=\"noreferrer noopener\">Metwabe<\/a>, die sich vor allem in der Obturum Adelsriege gro\u00dfer Beliebtheit erfreut.<\/p>\n\n\n\n<p><\/div>\n\t\t\t<\/div>\n","protected":false},"excerpt":{"rendered":"<p>Allgemein&nbsp; Jegliche wichtige politische Entscheidung Thrimors geht vom Grafen Folken Tirell Thrimos aus, welcher in der Regel R\u00fccksprache mit den Ratsleuten des Landes h\u00e4lt. Diese verwalten die&nbsp; L\u00e4ndereien Alvinion, Tharis, Farun, Lanyrien und Niel\u2019janira und sorgen auch in erster Instanz f\u00fcr die Durchf\u00fchrung dieser Entscheidungen.&nbsp; Wichtige Personen Graf (Anrede &#8222;Durchlaucht&#8220;): Folken Tirell Thrimos Ratsleute (Anrede [&hellip;]<\/p>\n","protected":false},"author":1,"featured_media":0,"parent":89,"menu_order":13,"comment_status":"closed","ping_status":"closed","template":"","meta":{"om_disable_all_campaigns":false,"footnotes":""},"class_list":["post-48","page","type-page","status-publish","hentry"],"yoast_head":"<!-- This site is optimized with the Yoast SEO plugin v26.1.1 - https:\/\/yoast.com\/wordpress\/plugins\/seo\/ -->\n<title>Politik - Thrimorer Garde<\/title>\n<meta name=\"robots\" content=\"index, follow, max-snippet:-1, max-image-preview:large, max-video-preview:-1\" \/>\n<link rel=\"canonical\" href=\"https:\/\/www.thrimor.at\/index.php\/hintergruende-it\/politik\/\" \/>\n<meta property=\"og:locale\" content=\"de_DE\" \/>\n<meta property=\"og:type\" content=\"article\" \/>\n<meta property=\"og:title\" content=\"Politik - Thrimorer Garde\" \/>\n<meta property=\"og:description\" content=\"Allgemein&nbsp; Jegliche wichtige politische Entscheidung Thrimors geht vom Grafen Folken Tirell Thrimos aus, welcher in der Regel R\u00fccksprache mit den Ratsleuten des Landes h\u00e4lt. Diese verwalten die&nbsp; L\u00e4ndereien Alvinion, Tharis, Farun, Lanyrien und Niel\u2019janira und sorgen auch in erster Instanz f\u00fcr die Durchf\u00fchrung dieser Entscheidungen.&nbsp; Wichtige Personen Graf (Anrede &#8222;Durchlaucht&#8220;): Folken Tirell Thrimos Ratsleute (Anrede [&hellip;]\" \/>\n<meta property=\"og:url\" content=\"https:\/\/www.thrimor.at\/index.php\/hintergruende-it\/politik\/\" \/>\n<meta property=\"og:site_name\" content=\"Thrimorer Garde\" \/>\n<meta property=\"article:modified_time\" content=\"2023-10-30T08:06:50+00:00\" \/>\n<meta property=\"og:image\" content=\"https:\/\/www.thrimor.at\/wp-content\/uploads\/2022\/02\/Wintertaverne_29022020_6-1024x649.jpg\" \/>\n<meta name=\"twitter:card\" content=\"summary_large_image\" \/>\n<meta name=\"twitter:label1\" content=\"Gesch\u00e4tzte Lesezeit\" \/>\n\t<meta name=\"twitter:data1\" content=\"11\u00a0Minuten\" \/>\n<script type=\"application\/ld+json\" class=\"yoast-schema-graph\">{\"@context\":\"https:\/\/schema.org\",\"@graph\":[{\"@type\":\"WebPage\",\"@id\":\"https:\/\/www.thrimor.at\/index.php\/hintergruende-it\/politik\/\",\"url\":\"https:\/\/www.thrimor.at\/index.php\/hintergruende-it\/politik\/\",\"name\":\"Politik - Thrimorer Garde\",\"isPartOf\":{\"@id\":\"https:\/\/www.thrimor.at\/#website\"},\"primaryImageOfPage\":{\"@id\":\"https:\/\/www.thrimor.at\/index.php\/hintergruende-it\/politik\/#primaryimage\"},\"image\":{\"@id\":\"https:\/\/www.thrimor.at\/index.php\/hintergruende-it\/politik\/#primaryimage\"},\"thumbnailUrl\":\"https:\/\/www.thrimor.at\/wp-content\/uploads\/2022\/02\/Wintertaverne_29022020_6-1024x649.jpg\",\"datePublished\":\"2020-04-25T06:04:12+00:00\",\"dateModified\":\"2023-10-30T08:06:50+00:00\",\"breadcrumb\":{\"@id\":\"https:\/\/www.thrimor.at\/index.php\/hintergruende-it\/politik\/#breadcrumb\"},\"inLanguage\":\"de\",\"potentialAction\":[{\"@type\":\"ReadAction\",\"target\":[\"https:\/\/www.thrimor.at\/index.php\/hintergruende-it\/politik\/\"]}]},{\"@type\":\"ImageObject\",\"inLanguage\":\"de\",\"@id\":\"https:\/\/www.thrimor.at\/index.php\/hintergruende-it\/politik\/#primaryimage\",\"url\":\"https:\/\/www.thrimor.at\/wp-content\/uploads\/2022\/02\/Wintertaverne_29022020_6.jpg\",\"contentUrl\":\"https:\/\/www.thrimor.at\/wp-content\/uploads\/2022\/02\/Wintertaverne_29022020_6.jpg\",\"width\":1283,\"height\":813},{\"@type\":\"BreadcrumbList\",\"@id\":\"https:\/\/www.thrimor.at\/index.php\/hintergruende-it\/politik\/#breadcrumb\",\"itemListElement\":[{\"@type\":\"ListItem\",\"position\":1,\"name\":\"Home\",\"item\":\"https:\/\/www.thrimor.at\/\"},{\"@type\":\"ListItem\",\"position\":2,\"name\":\"Hintergr\u00fcnde (IT)\",\"item\":\"https:\/\/www.thrimor.at\/index.php\/hintergruende-it\/\"},{\"@type\":\"ListItem\",\"position\":3,\"name\":\"Politik\"}]},{\"@type\":\"WebSite\",\"@id\":\"https:\/\/www.thrimor.at\/#website\",\"url\":\"https:\/\/www.thrimor.at\/\",\"name\":\"Thrimorer Garde\",\"description\":\"Eine engagierte LARP-Community aus Salzburg\",\"potentialAction\":[{\"@type\":\"SearchAction\",\"target\":{\"@type\":\"EntryPoint\",\"urlTemplate\":\"https:\/\/www.thrimor.at\/?s={search_term_string}\"},\"query-input\":{\"@type\":\"PropertyValueSpecification\",\"valueRequired\":true,\"valueName\":\"search_term_string\"}}],\"inLanguage\":\"de\"}]}<\/script>\n<!-- \/ Yoast SEO plugin. -->","yoast_head_json":{"title":"Politik - Thrimorer Garde","robots":{"index":"index","follow":"follow","max-snippet":"max-snippet:-1","max-image-preview":"max-image-preview:large","max-video-preview":"max-video-preview:-1"},"canonical":"https:\/\/www.thrimor.at\/index.php\/hintergruende-it\/politik\/","og_locale":"de_DE","og_type":"article","og_title":"Politik - Thrimorer Garde","og_description":"Allgemein&nbsp; Jegliche wichtige politische Entscheidung Thrimors geht vom Grafen Folken Tirell Thrimos aus, welcher in der Regel R\u00fccksprache mit den Ratsleuten des Landes h\u00e4lt. Diese verwalten die&nbsp; L\u00e4ndereien Alvinion, Tharis, Farun, Lanyrien und Niel\u2019janira und sorgen auch in erster Instanz f\u00fcr die Durchf\u00fchrung dieser Entscheidungen.&nbsp; Wichtige Personen Graf (Anrede &#8222;Durchlaucht&#8220;): Folken Tirell Thrimos Ratsleute (Anrede [&hellip;]","og_url":"https:\/\/www.thrimor.at\/index.php\/hintergruende-it\/politik\/","og_site_name":"Thrimorer Garde","article_modified_time":"2023-10-30T08:06:50+00:00","og_image":[{"url":"https:\/\/www.thrimor.at\/wp-content\/uploads\/2022\/02\/Wintertaverne_29022020_6-1024x649.jpg","type":"","width":"","height":""}],"twitter_card":"summary_large_image","twitter_misc":{"Gesch\u00e4tzte Lesezeit":"11\u00a0Minuten"},"schema":{"@context":"https:\/\/schema.org","@graph":[{"@type":"WebPage","@id":"https:\/\/www.thrimor.at\/index.php\/hintergruende-it\/politik\/","url":"https:\/\/www.thrimor.at\/index.php\/hintergruende-it\/politik\/","name":"Politik - Thrimorer Garde","isPartOf":{"@id":"https:\/\/www.thrimor.at\/#website"},"primaryImageOfPage":{"@id":"https:\/\/www.thrimor.at\/index.php\/hintergruende-it\/politik\/#primaryimage"},"image":{"@id":"https:\/\/www.thrimor.at\/index.php\/hintergruende-it\/politik\/#primaryimage"},"thumbnailUrl":"https:\/\/www.thrimor.at\/wp-content\/uploads\/2022\/02\/Wintertaverne_29022020_6-1024x649.jpg","datePublished":"2020-04-25T06:04:12+00:00","dateModified":"2023-10-30T08:06:50+00:00","breadcrumb":{"@id":"https:\/\/www.thrimor.at\/index.php\/hintergruende-it\/politik\/#breadcrumb"},"inLanguage":"de","potentialAction":[{"@type":"ReadAction","target":["https:\/\/www.thrimor.at\/index.php\/hintergruende-it\/politik\/"]}]},{"@type":"ImageObject","inLanguage":"de","@id":"https:\/\/www.thrimor.at\/index.php\/hintergruende-it\/politik\/#primaryimage","url":"https:\/\/www.thrimor.at\/wp-content\/uploads\/2022\/02\/Wintertaverne_29022020_6.jpg","contentUrl":"https:\/\/www.thrimor.at\/wp-content\/uploads\/2022\/02\/Wintertaverne_29022020_6.jpg","width":1283,"height":813},{"@type":"BreadcrumbList","@id":"https:\/\/www.thrimor.at\/index.php\/hintergruende-it\/politik\/#breadcrumb","itemListElement":[{"@type":"ListItem","position":1,"name":"Home","item":"https:\/\/www.thrimor.at\/"},{"@type":"ListItem","position":2,"name":"Hintergr\u00fcnde (IT)","item":"https:\/\/www.thrimor.at\/index.php\/hintergruende-it\/"},{"@type":"ListItem","position":3,"name":"Politik"}]},{"@type":"WebSite","@id":"https:\/\/www.thrimor.at\/#website","url":"https:\/\/www.thrimor.at\/","name":"Thrimorer Garde","description":"Eine engagierte LARP-Community aus Salzburg","potentialAction":[{"@type":"SearchAction","target":{"@type":"EntryPoint","urlTemplate":"https:\/\/www.thrimor.at\/?s={search_term_string}"},"query-input":{"@type":"PropertyValueSpecification","valueRequired":true,"valueName":"search_term_string"}}],"inLanguage":"de"}]}},"jetpack_sharing_enabled":true,"_links":{"self":[{"href":"https:\/\/www.thrimor.at\/index.php\/wp-json\/wp\/v2\/pages\/48","targetHints":{"allow":["GET"]}}],"collection":[{"href":"https:\/\/www.thrimor.at\/index.php\/wp-json\/wp\/v2\/pages"}],"about":[{"href":"https:\/\/www.thrimor.at\/index.php\/wp-json\/wp\/v2\/types\/page"}],"author":[{"embeddable":true,"href":"https:\/\/www.thrimor.at\/index.php\/wp-json\/wp\/v2\/users\/1"}],"replies":[{"embeddable":true,"href":"https:\/\/www.thrimor.at\/index.php\/wp-json\/wp\/v2\/comments?post=48"}],"version-history":[{"count":10,"href":"https:\/\/www.thrimor.at\/index.php\/wp-json\/wp\/v2\/pages\/48\/revisions"}],"predecessor-version":[{"id":1391,"href":"https:\/\/www.thrimor.at\/index.php\/wp-json\/wp\/v2\/pages\/48\/revisions\/1391"}],"up":[{"embeddable":true,"href":"https:\/\/www.thrimor.at\/index.php\/wp-json\/wp\/v2\/pages\/89"}],"wp:attachment":[{"href":"https:\/\/www.thrimor.at\/index.php\/wp-json\/wp\/v2\/media?parent=48"}],"curies":[{"name":"wp","href":"https:\/\/api.w.org\/{rel}","templated":true}]}}