{"id":50,"date":"2020-04-25T08:04:12","date_gmt":"2020-04-25T06:04:12","guid":{"rendered":"https:\/\/relaunch2.thrimor.at\/index.php\/gilden-und-zuenfte\/"},"modified":"2023-06-02T10:25:19","modified_gmt":"2023-06-02T08:25:19","slug":"gilden-und-zuenfte","status":"publish","type":"page","link":"https:\/\/www.thrimor.at\/index.php\/hintergruende-it\/gilden-und-zuenfte\/","title":{"rendered":"Gilden &#038; Z\u00fcnfte"},"content":{"rendered":"\n<h3 class=\"wp-block-heading\">Die Obturumer Handelsgilde<\/h3>\n\n\n\n<p>Die Handelsgilde in <a href=\"https:\/\/www.thrimor.at\/index.php\/hintergruende-it\/alvinion\/\">Obturum<\/a>, geleitet vom ehrw\u00fcrdigen H\u00e4ndler <strong>Salvia Traderik<\/strong>, die auch ihr eigenes Handelshaus mit viel Geschick unterh\u00e4lt, stellt die Hauptanlaufstelle f\u00fcr jeden H\u00e4ndler in Thrimor dar. Es ist zwar nicht zwingend notwendig, sich bei der Gilde als H\u00e4ndler einzutragen, jedoch bleiben einem ohne eine Registrierung s\u00e4mtliche Kontakte und Beziehungen der Gilde verwehrt, was den Handel wesentlich erschwert. Als Gegenleistung leistet man einen Mitgliedsbeitrag und stellt seinerseits Verbindungen f\u00fcr die Gilde zur Verf\u00fcgung. Die Mitglieder der Gilde handeln mit so gut wie allem, was es in Thrimor (legal) zu handeln gibt und kontrollieren fast den gesamten Warenverkehr in und um Obturum. Zudem bietet die Gilde allen H\u00e4ndlern am Platz des Goldenen Schillings in Obturum die M\u00f6glichkeit, freien Handel zu betreiben und ihre Waren anzubieten. Durch die \u00dcbersicht \u00fcber einen Gro\u00dfteil der gehandelten Waren der Region kann die Handelsgilde au\u00dferdem das Verh\u00e4ltnis zwischen Angebot und Nachfrage ermitteln und so den Wert vieler G\u00fcter bestimmen und regulieren.<\/p>\n\n\n\n<figure class=\"wp-block-image size-large\"><img loading=\"lazy\" decoding=\"async\" width=\"683\" height=\"1024\" src=\"https:\/\/www.thrimor.at\/wp-content\/uploads\/2022\/02\/MG_7652-683x1024.jpg\" alt=\"\" class=\"wp-image-962\" srcset=\"https:\/\/www.thrimor.at\/wp-content\/uploads\/2022\/02\/MG_7652-683x1024.jpg 683w, https:\/\/www.thrimor.at\/wp-content\/uploads\/2022\/02\/MG_7652-200x300.jpg 200w, https:\/\/www.thrimor.at\/wp-content\/uploads\/2022\/02\/MG_7652-768x1152.jpg 768w, https:\/\/www.thrimor.at\/wp-content\/uploads\/2022\/02\/MG_7652-1024x1536.jpg 1024w, https:\/\/www.thrimor.at\/wp-content\/uploads\/2022\/02\/MG_7652.jpg 1067w\" sizes=\"auto, (max-width: 683px) 100vw, 683px\" \/><\/figure>\n\n\n\n<h3 class=\"wp-block-heading\">Die Arkadische Handwerksgilde<\/h3>\n\n\n\n<p>Unter der Leitung des Handwerksmeisters <strong>Nelas Beberen<\/strong> k\u00fcmmert sich die Handwerksgilde in <a href=\"https:\/\/www.thrimor.at\/index.php\/hintergruende-it\/alvinion\/\">Arkadis <\/a>um die Koordination der Herstellung von Werkzeugen, sowie die Verwaltung und Vermittlung des gesammelten Wissens verschiedenster handwerklicher Z\u00fcnfte (Zimmerei, T\u00f6pferei, Schmiedekunst, Steinbearbeitung, usw.). Ein jeder Handwerker, der f\u00fcr seine Arbeit Unterst\u00fctzung ben\u00f6tigt, kann sich dieser nach der Registrierung bei der Handwerksgilde gewiss sein. Die Gilde pflegt zudem starke und langj\u00e4hrige Beziehungen zur Obturumer Handelsgilde, um den Vertrieb und den Transport der hergestellten Werkzeuge und anderer handwerklicher G\u00fcter, wie zum Beispiel Holz, Lehm, Ziegel, Stein, Granit, Marmor und Eisen, zu gew\u00e4hrleisten.<\/p>\n\n\n\n<h3 class=\"wp-block-heading\">Der Cantharische Orden der Magischen K\u00fcnste<\/h3>\n\n\n\n<p>Ein jeder rechtschaffene Magier im Lande Thrimor hat irgendwann einmal in seinem Leben die Ausbildung an der Akademie des Cantharischen Ordens der magischen K\u00fcnste in <a href=\"https:\/\/www.thrimor.at\/index.php\/hintergruende-it\/alvinion\/\">Obturum <\/a>genossen oder wurde zumindest von einem seiner Mitglieder ausgebildet. S\u00e4mtliche Formen der Elementarmagie werden hier angehenden Magiern mit Bedacht und Umsicht gelehrt, damit diese sp\u00e4ter ihrerseits einen wertvollen Beitrag zur Thrimorer Gesellschaft leisten k\u00f6nnen.<\/p>\n\n\n\n<p>Der Orden fu\u00dft, so die Legende, auf den fr\u00fchen Beziehungen mit den <a href=\"https:\/\/www.thrimor.at\/index.php\/hintergruende-it\/nichtmenschliche-voelker\/\">Elfen <\/a>des <a href=\"https:\/\/www.thrimor.at\/index.php\/hintergruende-it\/farun\/\">Farunwaldes<\/a>. Das Wissen des sch\u00f6nen Volkes wurde systematisiert und erforscht, sodass Thrimor vor einigen Jahrhunderten stolz die ehrw\u00fcrdige Akademie gr\u00fcnden durfte. Ihr besonderer Status zeigt sich auch darin, dass der Cantharische Orden einzig und allein dem Grafen unterstellt ist.<\/p>\n\n\n\n<p>Informationen zu ihrer Magie findet sich im Abschnitt <a href=\"https:\/\/www.thrimor.at\/index.php\/hintergruende-it\/magie\/\">Magie<\/a>.<\/p>\n\n\n\n<h3 class=\"wp-block-heading\">Die Gilde der Metallbr\u00fcder<\/h3>\n\n\n\n<p>Die <a href=\"https:\/\/www.thrimor.at\/index.php\/hintergruende-it\/lanyrien\/\">lanoitanische <\/a>Gilde kontrolliert und belebt den Erzabbau und ist f\u00fcr die Verh\u00fcttung und Verarbeitung des ber\u00fcchtigten Tharuler Stahls zust\u00e4ndig. Sie arbeitet eng mit der Gilde der gekreuzten Klingen zusammen.<\/p>\n\n\n\n<figure class=\"wp-block-image size-large\"><img loading=\"lazy\" decoding=\"async\" width=\"683\" height=\"1024\" src=\"https:\/\/www.thrimor.at\/wp-content\/uploads\/2022\/02\/MG_7608-683x1024.jpg\" alt=\"\" class=\"wp-image-963\" srcset=\"https:\/\/www.thrimor.at\/wp-content\/uploads\/2022\/02\/MG_7608-683x1024.jpg 683w, https:\/\/www.thrimor.at\/wp-content\/uploads\/2022\/02\/MG_7608-200x300.jpg 200w, https:\/\/www.thrimor.at\/wp-content\/uploads\/2022\/02\/MG_7608-768x1152.jpg 768w, https:\/\/www.thrimor.at\/wp-content\/uploads\/2022\/02\/MG_7608-1024x1536.jpg 1024w, https:\/\/www.thrimor.at\/wp-content\/uploads\/2022\/02\/MG_7608.jpg 1067w\" sizes=\"auto, (max-width: 683px) 100vw, 683px\" \/><\/figure>\n\n\n\n<h3 class=\"wp-block-heading\">Die Gilde der gekreuzten Klingen<\/h3>\n\n\n\n<p>Die zweite gro\u00dfe und m\u00e4chtige Gilde in <a href=\"https:\/\/www.thrimor.at\/index.php\/hintergruende-it\/lanyrien\/\">Lanyrien <\/a>hat das Monopol auf die Metallverarbeitung. Sie stellen Waffen, R\u00fcstungen und Schilde her, und zwar die besten in ganz Thrimor. Sie sind damit auch ein sehr wichtiger Kontakt f\u00fcr die Thrimorer Garde.<\/p>\n\n\n\n<h3 class=\"wp-block-heading\">Die Gilde Huans<\/h3>\n\n\n\n<p>Die erste und einzige Gilde Thrimors, die von Nichtmenschen betrieben wird, sorgt daf\u00fcr, dass die Rechte und Bed\u00fcrfnisse von <a href=\"https:\/\/www.thrimor.at\/index.php\/hintergruende-it\/nichtmenschliche-voelker\/\">Zwergen und Gnomen <\/a>in <a href=\"https:\/\/www.thrimor.at\/index.php\/hintergruende-it\/lanyrien\/\">Lanoitan <\/a>wahrgenommen werden.<\/p>\n\n\n\n<h3 class=\"wp-block-heading\">Handwerkerz\u00fcnfte<\/h3>\n\n\n\n<p>Daneben haben sich in fast allen gro\u00dfen St\u00e4dten Z\u00fcnfte entwickelt. Die meisten Handwerker haben sich in diesen Z\u00fcnften zusammengeschlossen, um ihre Anspr\u00fcche geltend zu machen, wichtige Dinge wie Preise, Ma\u00dfst\u00e4be und Regeln zu vereinbaren und dergleichen mehr. Unz\u00fcnftige Handwerker werden in Thrimor mit gro\u00dfem Misstrauen be\u00e4ugt.<\/p>\n\n\n\n<p>Eine wichtige Aufgabe der Handwerkerz\u00fcnfte ist auch die Vermittlung junger Handwerker. Wenn f\u00fcr S\u00f6hne von Handwerkern die Zeit gekommen ist, den m\u00fctterlichen Betrieb zu verlassen und sich eine Frau zu suchen, gehen sie auf Wanderschaft, um einerseits ihr K\u00f6nnen zu verfeinern und bei verschiedensten Meisterinnen und Meistern zu lernen und andererseits, um eine junge Dame zu finden, die sie heiraten k\u00f6nnen und in deren Betrieb sie ihr Handwerk ausf\u00fchren k\u00f6nnen.<\/p>\n","protected":false},"excerpt":{"rendered":"<p>Die Obturumer Handelsgilde Die Handelsgilde in Obturum, geleitet vom ehrw\u00fcrdigen H\u00e4ndler Salvia Traderik, die auch ihr eigenes Handelshaus mit viel Geschick unterh\u00e4lt, stellt die Hauptanlaufstelle f\u00fcr jeden H\u00e4ndler in Thrimor dar. Es ist zwar nicht zwingend notwendig, sich bei der Gilde als H\u00e4ndler einzutragen, jedoch bleiben einem ohne eine Registrierung s\u00e4mtliche Kontakte und Beziehungen der [&hellip;]<\/p>\n","protected":false},"author":1,"featured_media":0,"parent":89,"menu_order":15,"comment_status":"closed","ping_status":"closed","template":"","meta":{"om_disable_all_campaigns":false,"footnotes":""},"class_list":["post-50","page","type-page","status-publish","hentry"],"yoast_head":"<!-- This site is optimized with the Yoast SEO plugin v26.1.1 - https:\/\/yoast.com\/wordpress\/plugins\/seo\/ -->\n<title>Gilden &amp; Z\u00fcnfte - Thrimorer Garde<\/title>\n<meta name=\"robots\" content=\"index, follow, max-snippet:-1, max-image-preview:large, max-video-preview:-1\" \/>\n<link rel=\"canonical\" href=\"https:\/\/www.thrimor.at\/index.php\/hintergruende-it\/gilden-und-zuenfte\/\" \/>\n<meta property=\"og:locale\" content=\"de_DE\" \/>\n<meta property=\"og:type\" content=\"article\" \/>\n<meta property=\"og:title\" content=\"Gilden &amp; Z\u00fcnfte - Thrimorer Garde\" \/>\n<meta property=\"og:description\" content=\"Die Obturumer Handelsgilde Die Handelsgilde in Obturum, geleitet vom ehrw\u00fcrdigen H\u00e4ndler Salvia Traderik, die auch ihr eigenes Handelshaus mit viel Geschick unterh\u00e4lt, stellt die Hauptanlaufstelle f\u00fcr jeden H\u00e4ndler in Thrimor dar. Es ist zwar nicht zwingend notwendig, sich bei der Gilde als H\u00e4ndler einzutragen, jedoch bleiben einem ohne eine Registrierung s\u00e4mtliche Kontakte und Beziehungen der [&hellip;]\" \/>\n<meta property=\"og:url\" content=\"https:\/\/www.thrimor.at\/index.php\/hintergruende-it\/gilden-und-zuenfte\/\" \/>\n<meta property=\"og:site_name\" content=\"Thrimorer Garde\" \/>\n<meta property=\"article:modified_time\" content=\"2023-06-02T08:25:19+00:00\" \/>\n<meta property=\"og:image\" content=\"https:\/\/www.thrimor.at\/wp-content\/uploads\/2022\/02\/MG_7652-683x1024.jpg\" \/>\n<meta name=\"twitter:card\" content=\"summary_large_image\" \/>\n<meta name=\"twitter:label1\" content=\"Gesch\u00e4tzte Lesezeit\" \/>\n\t<meta name=\"twitter:data1\" content=\"4\u00a0Minuten\" \/>\n<script type=\"application\/ld+json\" class=\"yoast-schema-graph\">{\"@context\":\"https:\/\/schema.org\",\"@graph\":[{\"@type\":\"WebPage\",\"@id\":\"https:\/\/www.thrimor.at\/index.php\/hintergruende-it\/gilden-und-zuenfte\/\",\"url\":\"https:\/\/www.thrimor.at\/index.php\/hintergruende-it\/gilden-und-zuenfte\/\",\"name\":\"Gilden & Z\u00fcnfte - Thrimorer Garde\",\"isPartOf\":{\"@id\":\"https:\/\/www.thrimor.at\/#website\"},\"primaryImageOfPage\":{\"@id\":\"https:\/\/www.thrimor.at\/index.php\/hintergruende-it\/gilden-und-zuenfte\/#primaryimage\"},\"image\":{\"@id\":\"https:\/\/www.thrimor.at\/index.php\/hintergruende-it\/gilden-und-zuenfte\/#primaryimage\"},\"thumbnailUrl\":\"https:\/\/www.thrimor.at\/wp-content\/uploads\/2022\/02\/MG_7652-683x1024.jpg\",\"datePublished\":\"2020-04-25T06:04:12+00:00\",\"dateModified\":\"2023-06-02T08:25:19+00:00\",\"breadcrumb\":{\"@id\":\"https:\/\/www.thrimor.at\/index.php\/hintergruende-it\/gilden-und-zuenfte\/#breadcrumb\"},\"inLanguage\":\"de\",\"potentialAction\":[{\"@type\":\"ReadAction\",\"target\":[\"https:\/\/www.thrimor.at\/index.php\/hintergruende-it\/gilden-und-zuenfte\/\"]}]},{\"@type\":\"ImageObject\",\"inLanguage\":\"de\",\"@id\":\"https:\/\/www.thrimor.at\/index.php\/hintergruende-it\/gilden-und-zuenfte\/#primaryimage\",\"url\":\"https:\/\/www.thrimor.at\/wp-content\/uploads\/2022\/02\/MG_7652.jpg\",\"contentUrl\":\"https:\/\/www.thrimor.at\/wp-content\/uploads\/2022\/02\/MG_7652.jpg\",\"width\":1067,\"height\":1600},{\"@type\":\"BreadcrumbList\",\"@id\":\"https:\/\/www.thrimor.at\/index.php\/hintergruende-it\/gilden-und-zuenfte\/#breadcrumb\",\"itemListElement\":[{\"@type\":\"ListItem\",\"position\":1,\"name\":\"Home\",\"item\":\"https:\/\/www.thrimor.at\/\"},{\"@type\":\"ListItem\",\"position\":2,\"name\":\"Hintergr\u00fcnde (IT)\",\"item\":\"https:\/\/www.thrimor.at\/index.php\/hintergruende-it\/\"},{\"@type\":\"ListItem\",\"position\":3,\"name\":\"Gilden &#038; Z\u00fcnfte\"}]},{\"@type\":\"WebSite\",\"@id\":\"https:\/\/www.thrimor.at\/#website\",\"url\":\"https:\/\/www.thrimor.at\/\",\"name\":\"Thrimorer Garde\",\"description\":\"Eine engagierte LARP-Community aus Salzburg\",\"potentialAction\":[{\"@type\":\"SearchAction\",\"target\":{\"@type\":\"EntryPoint\",\"urlTemplate\":\"https:\/\/www.thrimor.at\/?s={search_term_string}\"},\"query-input\":{\"@type\":\"PropertyValueSpecification\",\"valueRequired\":true,\"valueName\":\"search_term_string\"}}],\"inLanguage\":\"de\"}]}<\/script>\n<!-- \/ Yoast SEO plugin. -->","yoast_head_json":{"title":"Gilden & Z\u00fcnfte - Thrimorer Garde","robots":{"index":"index","follow":"follow","max-snippet":"max-snippet:-1","max-image-preview":"max-image-preview:large","max-video-preview":"max-video-preview:-1"},"canonical":"https:\/\/www.thrimor.at\/index.php\/hintergruende-it\/gilden-und-zuenfte\/","og_locale":"de_DE","og_type":"article","og_title":"Gilden & Z\u00fcnfte - Thrimorer Garde","og_description":"Die Obturumer Handelsgilde Die Handelsgilde in Obturum, geleitet vom ehrw\u00fcrdigen H\u00e4ndler Salvia Traderik, die auch ihr eigenes Handelshaus mit viel Geschick unterh\u00e4lt, stellt die Hauptanlaufstelle f\u00fcr jeden H\u00e4ndler in Thrimor dar. Es ist zwar nicht zwingend notwendig, sich bei der Gilde als H\u00e4ndler einzutragen, jedoch bleiben einem ohne eine Registrierung s\u00e4mtliche Kontakte und Beziehungen der [&hellip;]","og_url":"https:\/\/www.thrimor.at\/index.php\/hintergruende-it\/gilden-und-zuenfte\/","og_site_name":"Thrimorer Garde","article_modified_time":"2023-06-02T08:25:19+00:00","og_image":[{"url":"https:\/\/www.thrimor.at\/wp-content\/uploads\/2022\/02\/MG_7652-683x1024.jpg","type":"","width":"","height":""}],"twitter_card":"summary_large_image","twitter_misc":{"Gesch\u00e4tzte Lesezeit":"4\u00a0Minuten"},"schema":{"@context":"https:\/\/schema.org","@graph":[{"@type":"WebPage","@id":"https:\/\/www.thrimor.at\/index.php\/hintergruende-it\/gilden-und-zuenfte\/","url":"https:\/\/www.thrimor.at\/index.php\/hintergruende-it\/gilden-und-zuenfte\/","name":"Gilden & Z\u00fcnfte - Thrimorer Garde","isPartOf":{"@id":"https:\/\/www.thrimor.at\/#website"},"primaryImageOfPage":{"@id":"https:\/\/www.thrimor.at\/index.php\/hintergruende-it\/gilden-und-zuenfte\/#primaryimage"},"image":{"@id":"https:\/\/www.thrimor.at\/index.php\/hintergruende-it\/gilden-und-zuenfte\/#primaryimage"},"thumbnailUrl":"https:\/\/www.thrimor.at\/wp-content\/uploads\/2022\/02\/MG_7652-683x1024.jpg","datePublished":"2020-04-25T06:04:12+00:00","dateModified":"2023-06-02T08:25:19+00:00","breadcrumb":{"@id":"https:\/\/www.thrimor.at\/index.php\/hintergruende-it\/gilden-und-zuenfte\/#breadcrumb"},"inLanguage":"de","potentialAction":[{"@type":"ReadAction","target":["https:\/\/www.thrimor.at\/index.php\/hintergruende-it\/gilden-und-zuenfte\/"]}]},{"@type":"ImageObject","inLanguage":"de","@id":"https:\/\/www.thrimor.at\/index.php\/hintergruende-it\/gilden-und-zuenfte\/#primaryimage","url":"https:\/\/www.thrimor.at\/wp-content\/uploads\/2022\/02\/MG_7652.jpg","contentUrl":"https:\/\/www.thrimor.at\/wp-content\/uploads\/2022\/02\/MG_7652.jpg","width":1067,"height":1600},{"@type":"BreadcrumbList","@id":"https:\/\/www.thrimor.at\/index.php\/hintergruende-it\/gilden-und-zuenfte\/#breadcrumb","itemListElement":[{"@type":"ListItem","position":1,"name":"Home","item":"https:\/\/www.thrimor.at\/"},{"@type":"ListItem","position":2,"name":"Hintergr\u00fcnde (IT)","item":"https:\/\/www.thrimor.at\/index.php\/hintergruende-it\/"},{"@type":"ListItem","position":3,"name":"Gilden &#038; Z\u00fcnfte"}]},{"@type":"WebSite","@id":"https:\/\/www.thrimor.at\/#website","url":"https:\/\/www.thrimor.at\/","name":"Thrimorer Garde","description":"Eine engagierte LARP-Community aus Salzburg","potentialAction":[{"@type":"SearchAction","target":{"@type":"EntryPoint","urlTemplate":"https:\/\/www.thrimor.at\/?s={search_term_string}"},"query-input":{"@type":"PropertyValueSpecification","valueRequired":true,"valueName":"search_term_string"}}],"inLanguage":"de"}]}},"jetpack_sharing_enabled":true,"_links":{"self":[{"href":"https:\/\/www.thrimor.at\/index.php\/wp-json\/wp\/v2\/pages\/50","targetHints":{"allow":["GET"]}}],"collection":[{"href":"https:\/\/www.thrimor.at\/index.php\/wp-json\/wp\/v2\/pages"}],"about":[{"href":"https:\/\/www.thrimor.at\/index.php\/wp-json\/wp\/v2\/types\/page"}],"author":[{"embeddable":true,"href":"https:\/\/www.thrimor.at\/index.php\/wp-json\/wp\/v2\/users\/1"}],"replies":[{"embeddable":true,"href":"https:\/\/www.thrimor.at\/index.php\/wp-json\/wp\/v2\/comments?post=50"}],"version-history":[{"count":5,"href":"https:\/\/www.thrimor.at\/index.php\/wp-json\/wp\/v2\/pages\/50\/revisions"}],"predecessor-version":[{"id":1307,"href":"https:\/\/www.thrimor.at\/index.php\/wp-json\/wp\/v2\/pages\/50\/revisions\/1307"}],"up":[{"embeddable":true,"href":"https:\/\/www.thrimor.at\/index.php\/wp-json\/wp\/v2\/pages\/89"}],"wp:attachment":[{"href":"https:\/\/www.thrimor.at\/index.php\/wp-json\/wp\/v2\/media?parent=50"}],"curies":[{"name":"wp","href":"https:\/\/api.w.org\/{rel}","templated":true}]}}