{"id":52,"date":"2020-04-25T08:04:12","date_gmt":"2020-04-25T06:04:12","guid":{"rendered":"https:\/\/relaunch2.thrimor.at\/index.php\/nichtmenschliche-voelker\/"},"modified":"2022-02-09T17:02:07","modified_gmt":"2022-02-09T16:02:07","slug":"nichtmenschliche-voelker","status":"publish","type":"page","link":"https:\/\/www.thrimor.at\/index.php\/hintergruende-it\/nichtmenschliche-voelker\/","title":{"rendered":"Nichtmenschliche V\u00f6lker"},"content":{"rendered":"\n<figure class=\"wp-block-image size-large\"><img loading=\"lazy\" decoding=\"async\" width=\"1024\" height=\"683\" src=\"https:\/\/www.thrimor.at\/wp-content\/uploads\/2022\/02\/TaverneFarunIII_15-1024x683.jpg\" alt=\"\" class=\"wp-image-972\" srcset=\"https:\/\/www.thrimor.at\/wp-content\/uploads\/2022\/02\/TaverneFarunIII_15-1024x683.jpg 1024w, https:\/\/www.thrimor.at\/wp-content\/uploads\/2022\/02\/TaverneFarunIII_15-300x200.jpg 300w, https:\/\/www.thrimor.at\/wp-content\/uploads\/2022\/02\/TaverneFarunIII_15-768x512.jpg 768w, https:\/\/www.thrimor.at\/wp-content\/uploads\/2022\/02\/TaverneFarunIII_15.jpg 1500w\" sizes=\"auto, (max-width: 1024px) 100vw, 1024px\" \/><\/figure>\n\n\n\n<p>Berichten von besoffenen Bauern oder tr\u00e4umenden Kindern zufolge sind in ganz Thrimor seltsame Wesen anzutreffen. Bei den meisten handelt es sich jedoch um Hirngespinste der Bev\u00f6lkerung, nicht wahr&#8230;<\/p>\n\n\n\n<h3 class=\"wp-block-heading\">Orks und Goblins&nbsp;<\/h3>\n\n\n\n<p>Im Nordwesten Thrimors gibt es weite, unerforschte Steppen und Gebirgsh\u00e4nge, in die kein Mensch je vorgedrungen ist (zumindest keiner, der auch zur\u00fcckgekommen w\u00e4re). Auch wenn das Brachland offiziell als Provinz Falcland Teil von Niel\u2019janira ist, hat dort kein Mensch irgendeine Art von Einfluss. Auch \u00fcber die dort lebenden Orks und Goblins wei\u00df man nicht mehr, als dass sie manchmal das d\u00fcstere Land verlassen, um die umliegenden Gebiete zu pl\u00fcndern und zu brandschatzen.<\/p>\n\n\n\n<h3 class=\"wp-block-heading\">Zwerge und Gnome<\/h3>\n\n\n\n<p>Anders als die Steppenbewohner im Nordwesten und die Elfen im <a href=\"https:\/\/www.thrimor.at\/hintergruende-it\/farun\/\">Farunwald<\/a> haben die Zwerge und Gnome kein eigenes Reich \u2013 und hatten auch nie eines. Sie kamen schon damals mit den Raudmannen nach Thrimor und haben sich auch seitdem in die Kultur integriert.<\/p>\n\n\n\n<p>Das hei\u00dft aber nicht zwangsl\u00e4ufig, dass sie in der Kultur aufgegangen sind. Bedingt durch ihre unterschiedliche Gr\u00f6\u00dfe und Lebensweise haben sie sich \u00fcberall, wo es Zwerge gibt (vorrangig nat\u00fcrlich in <a href=\"https:\/\/www.thrimor.at\/hintergruende-it\/lanyrien\/\">Trantharing<\/a>) in eigenen Vierteln niedergelassen. Dort sind die Tische kleiner, die Biere st\u00e4rker, die Weiber draller und die Schl\u00e4gereien etwas z\u00fcnftiger als bei den Langbeinen nebenan. Zwerge und die noch etwas kleineren, schlankeren und technisch begabteren Gnome verbringen viel Zeit unter der Erde. Felsen und enge Stollen sind ihnen angenehmer als weite, un\u00fcbersichtliche Fl\u00e4chen, pralle Sonne oder unberechenbare Tiere und Pflanzen. Im Wesentlichen haben sie sich aber dem Leben mit den Menschen angepasst \u2013 abgesehen nur von einigen Gruppierungen, die sich von den Menschen lossagen und in Unabh\u00e4ngigkeit leben wollen (siehe <a href=\"https:\/\/www.thrimor.at\/hintergruende-it\/politik\/\"><em>politische Brandherde<\/em><\/a>).<\/p>\n\n\n\n<h3 class=\"wp-block-heading\">Elfen<\/h3>\n\n\n\n<figure class=\"wp-block-image size-large is-resized\"><img loading=\"lazy\" decoding=\"async\" src=\"https:\/\/www.thrimor.at\/wp-content\/uploads\/2022\/02\/MG_1443-683x1024.jpg\" alt=\"\" class=\"wp-image-965\" width=\"555\" height=\"832\" srcset=\"https:\/\/www.thrimor.at\/wp-content\/uploads\/2022\/02\/MG_1443-683x1024.jpg 683w, https:\/\/www.thrimor.at\/wp-content\/uploads\/2022\/02\/MG_1443-200x300.jpg 200w, https:\/\/www.thrimor.at\/wp-content\/uploads\/2022\/02\/MG_1443-768x1152.jpg 768w, https:\/\/www.thrimor.at\/wp-content\/uploads\/2022\/02\/MG_1443-1024x1536.jpg 1024w, https:\/\/www.thrimor.at\/wp-content\/uploads\/2022\/02\/MG_1443-1365x2048.jpg 1365w, https:\/\/www.thrimor.at\/wp-content\/uploads\/2022\/02\/MG_1443.jpg 1404w\" sizes=\"auto, (max-width: 555px) 100vw, 555px\" \/><\/figure>\n\n\n\n<p>Der <a href=\"https:\/\/www.thrimor.at\/hintergruende-it\/farun\/\">Farunwald <\/a>ist das Reich der stolzen Elfen. Keiner kann etwas Genaueres \u00fcber sie sagen, aber die, die ihnen begegnet sind, beschreiben sie als ein besonderes Volk, spirituell und voller Sch\u00f6ngeist, allerdings nicht auf eine k\u00fcnstliche und rohe Art und Weise wie die Menschen, sondern eng mit dem Wald und der Natur verbunden, in manchen Dingen den Tieren n\u00e4her als den Menschen, in anderen ungleich zivilisierter als jene. So tragen sie, um nur ein Beispiel zu nennen, h\u00e4ufig Kleidung, entweder um der K\u00e4lte zu trotzen oder einfach, weil das Weben kunstvoller Stoffe ein spielerischer und k\u00fcnstlicher Zugang zum eigenen K\u00f6rper ist, aber sie kennen kein Schamgef\u00fchl und nutzen Kleider nicht, um Macht oder Ansehen auszudr\u00fccken. Die Elfen glauben, dass alles beseelt ist, dass im Grunde dieselbe Kraft in allem steckt. Alles, was es gibt, ist nur ein Spiegelbild ein und derselben Sache. Dieses Verst\u00e4ndnis liegt wohl auch den telepathischen F\u00e4higkeiten der Elfen zugrunde. F\u00fcr sie besteht kaum ein Unterschied zwischen Telepathie und in sich selbst hineinzuhorchen. Aus diesem Grund t\u00f6ten Elfen auch nur in Ausnahmef\u00e4llen. Wenn sie angegriffen werden, ziehen sie sich einfach zur\u00fcck. Der Farunwald hat ein Eigenleben, der zerst\u00f6rerische Fremdlinge auf seine Weise abwehrt. Elfen jagen auch nicht \u2013 der Gedanke, ein Wesen zu t\u00f6ten, um sein Fleisch zu essen, erscheint ihnen nicht nur roh, es ist f\u00fcr sie, als w\u00fcrde man sich selbst verletzen, da auch die Tiere nur ein anderes Abbild derselben Sache wie sie sind (das wiederum wirft interessante Fragen zur elfischen Sexualit\u00e4t auf, die bisher als unbeantwortet gelten m\u00fcssen).<\/p>\n\n\n\n<p>Mit den Menschen verkehren sie friedvoll. Sie sch\u00e4tzen und respektieren sie, sind aber h\u00e4ufig scheu, verunsichert von der Rohheit der Menschen. Man sagt, vor etwa zweihundert Jahren wollte der damalige Graf von Thrimor den Farunwald als beherrschte L\u00e4nderei organisieren und seine Einwohner erfassen lassen, damit sie k\u00fcnftig Steuern zahlen k\u00f6nnten. Hunderte Gardisten sind damals mit Fackeln und Schwertern in den Farun gezogen, nicht einer davon zur\u00fcckgekommen. Seitdem h\u00e4lt man von dem Projekt etwas Abstand.<\/p>\n\n\n\n<p>Vom Farunwald abgesehen gibt es auch andernorts Elfen in Thrimor, vor allem in <a href=\"https:\/\/www.thrimor.at\/hintergruende-it\/nieljanira\/\">Trevi<\/a>. Diese sind aber kulturell in der sie umgebenden Thrimorer Gesellschaft vollends aufgegangen.<\/p>\n","protected":false},"excerpt":{"rendered":"<p>Berichten von besoffenen Bauern oder tr\u00e4umenden Kindern zufolge sind in ganz Thrimor seltsame Wesen anzutreffen. Bei den meisten handelt es sich jedoch um Hirngespinste der Bev\u00f6lkerung, nicht wahr&#8230; Orks und Goblins&nbsp; Im Nordwesten Thrimors gibt es weite, unerforschte Steppen und Gebirgsh\u00e4nge, in die kein Mensch je vorgedrungen ist (zumindest keiner, der auch zur\u00fcckgekommen w\u00e4re). Auch [&hellip;]<\/p>\n","protected":false},"author":1,"featured_media":0,"parent":89,"menu_order":16,"comment_status":"closed","ping_status":"closed","template":"","meta":{"om_disable_all_campaigns":false,"footnotes":""},"class_list":["post-52","page","type-page","status-publish","hentry"],"yoast_head":"<!-- This site is optimized with the Yoast SEO plugin v26.1.1 - https:\/\/yoast.com\/wordpress\/plugins\/seo\/ -->\n<title>Nichtmenschliche V\u00f6lker - Thrimorer Garde<\/title>\n<meta name=\"robots\" content=\"index, follow, max-snippet:-1, max-image-preview:large, max-video-preview:-1\" \/>\n<link rel=\"canonical\" href=\"https:\/\/www.thrimor.at\/index.php\/hintergruende-it\/nichtmenschliche-voelker\/\" \/>\n<meta property=\"og:locale\" content=\"de_DE\" \/>\n<meta property=\"og:type\" content=\"article\" \/>\n<meta property=\"og:title\" content=\"Nichtmenschliche V\u00f6lker - Thrimorer Garde\" \/>\n<meta property=\"og:description\" content=\"Berichten von besoffenen Bauern oder tr\u00e4umenden Kindern zufolge sind in ganz Thrimor seltsame Wesen anzutreffen. Bei den meisten handelt es sich jedoch um Hirngespinste der Bev\u00f6lkerung, nicht wahr&#8230; Orks und Goblins&nbsp; Im Nordwesten Thrimors gibt es weite, unerforschte Steppen und Gebirgsh\u00e4nge, in die kein Mensch je vorgedrungen ist (zumindest keiner, der auch zur\u00fcckgekommen w\u00e4re). Auch [&hellip;]\" \/>\n<meta property=\"og:url\" content=\"https:\/\/www.thrimor.at\/index.php\/hintergruende-it\/nichtmenschliche-voelker\/\" \/>\n<meta property=\"og:site_name\" content=\"Thrimorer Garde\" \/>\n<meta property=\"article:modified_time\" content=\"2022-02-09T16:02:07+00:00\" \/>\n<meta property=\"og:image\" content=\"https:\/\/www.thrimor.at\/wp-content\/uploads\/2022\/02\/TaverneFarunIII_15-1024x683.jpg\" \/>\n<meta name=\"twitter:card\" content=\"summary_large_image\" \/>\n<meta name=\"twitter:label1\" content=\"Gesch\u00e4tzte Lesezeit\" \/>\n\t<meta name=\"twitter:data1\" content=\"4\u00a0Minuten\" \/>\n<script type=\"application\/ld+json\" class=\"yoast-schema-graph\">{\"@context\":\"https:\/\/schema.org\",\"@graph\":[{\"@type\":\"WebPage\",\"@id\":\"https:\/\/www.thrimor.at\/index.php\/hintergruende-it\/nichtmenschliche-voelker\/\",\"url\":\"https:\/\/www.thrimor.at\/index.php\/hintergruende-it\/nichtmenschliche-voelker\/\",\"name\":\"Nichtmenschliche V\u00f6lker - Thrimorer Garde\",\"isPartOf\":{\"@id\":\"https:\/\/www.thrimor.at\/#website\"},\"primaryImageOfPage\":{\"@id\":\"https:\/\/www.thrimor.at\/index.php\/hintergruende-it\/nichtmenschliche-voelker\/#primaryimage\"},\"image\":{\"@id\":\"https:\/\/www.thrimor.at\/index.php\/hintergruende-it\/nichtmenschliche-voelker\/#primaryimage\"},\"thumbnailUrl\":\"https:\/\/www.thrimor.at\/wp-content\/uploads\/2022\/02\/TaverneFarunIII_15-1024x683.jpg\",\"datePublished\":\"2020-04-25T06:04:12+00:00\",\"dateModified\":\"2022-02-09T16:02:07+00:00\",\"breadcrumb\":{\"@id\":\"https:\/\/www.thrimor.at\/index.php\/hintergruende-it\/nichtmenschliche-voelker\/#breadcrumb\"},\"inLanguage\":\"de\",\"potentialAction\":[{\"@type\":\"ReadAction\",\"target\":[\"https:\/\/www.thrimor.at\/index.php\/hintergruende-it\/nichtmenschliche-voelker\/\"]}]},{\"@type\":\"ImageObject\",\"inLanguage\":\"de\",\"@id\":\"https:\/\/www.thrimor.at\/index.php\/hintergruende-it\/nichtmenschliche-voelker\/#primaryimage\",\"url\":\"https:\/\/www.thrimor.at\/wp-content\/uploads\/2022\/02\/TaverneFarunIII_15.jpg\",\"contentUrl\":\"https:\/\/www.thrimor.at\/wp-content\/uploads\/2022\/02\/TaverneFarunIII_15.jpg\",\"width\":1500,\"height\":1000},{\"@type\":\"BreadcrumbList\",\"@id\":\"https:\/\/www.thrimor.at\/index.php\/hintergruende-it\/nichtmenschliche-voelker\/#breadcrumb\",\"itemListElement\":[{\"@type\":\"ListItem\",\"position\":1,\"name\":\"Home\",\"item\":\"https:\/\/www.thrimor.at\/\"},{\"@type\":\"ListItem\",\"position\":2,\"name\":\"Hintergr\u00fcnde (IT)\",\"item\":\"https:\/\/www.thrimor.at\/index.php\/hintergruende-it\/\"},{\"@type\":\"ListItem\",\"position\":3,\"name\":\"Nichtmenschliche V\u00f6lker\"}]},{\"@type\":\"WebSite\",\"@id\":\"https:\/\/www.thrimor.at\/#website\",\"url\":\"https:\/\/www.thrimor.at\/\",\"name\":\"Thrimorer Garde\",\"description\":\"Eine engagierte LARP-Community aus Salzburg\",\"potentialAction\":[{\"@type\":\"SearchAction\",\"target\":{\"@type\":\"EntryPoint\",\"urlTemplate\":\"https:\/\/www.thrimor.at\/?s={search_term_string}\"},\"query-input\":{\"@type\":\"PropertyValueSpecification\",\"valueRequired\":true,\"valueName\":\"search_term_string\"}}],\"inLanguage\":\"de\"}]}<\/script>\n<!-- \/ Yoast SEO plugin. -->","yoast_head_json":{"title":"Nichtmenschliche V\u00f6lker - Thrimorer Garde","robots":{"index":"index","follow":"follow","max-snippet":"max-snippet:-1","max-image-preview":"max-image-preview:large","max-video-preview":"max-video-preview:-1"},"canonical":"https:\/\/www.thrimor.at\/index.php\/hintergruende-it\/nichtmenschliche-voelker\/","og_locale":"de_DE","og_type":"article","og_title":"Nichtmenschliche V\u00f6lker - Thrimorer Garde","og_description":"Berichten von besoffenen Bauern oder tr\u00e4umenden Kindern zufolge sind in ganz Thrimor seltsame Wesen anzutreffen. Bei den meisten handelt es sich jedoch um Hirngespinste der Bev\u00f6lkerung, nicht wahr&#8230; Orks und Goblins&nbsp; Im Nordwesten Thrimors gibt es weite, unerforschte Steppen und Gebirgsh\u00e4nge, in die kein Mensch je vorgedrungen ist (zumindest keiner, der auch zur\u00fcckgekommen w\u00e4re). Auch [&hellip;]","og_url":"https:\/\/www.thrimor.at\/index.php\/hintergruende-it\/nichtmenschliche-voelker\/","og_site_name":"Thrimorer Garde","article_modified_time":"2022-02-09T16:02:07+00:00","og_image":[{"url":"https:\/\/www.thrimor.at\/wp-content\/uploads\/2022\/02\/TaverneFarunIII_15-1024x683.jpg","type":"","width":"","height":""}],"twitter_card":"summary_large_image","twitter_misc":{"Gesch\u00e4tzte Lesezeit":"4\u00a0Minuten"},"schema":{"@context":"https:\/\/schema.org","@graph":[{"@type":"WebPage","@id":"https:\/\/www.thrimor.at\/index.php\/hintergruende-it\/nichtmenschliche-voelker\/","url":"https:\/\/www.thrimor.at\/index.php\/hintergruende-it\/nichtmenschliche-voelker\/","name":"Nichtmenschliche V\u00f6lker - Thrimorer Garde","isPartOf":{"@id":"https:\/\/www.thrimor.at\/#website"},"primaryImageOfPage":{"@id":"https:\/\/www.thrimor.at\/index.php\/hintergruende-it\/nichtmenschliche-voelker\/#primaryimage"},"image":{"@id":"https:\/\/www.thrimor.at\/index.php\/hintergruende-it\/nichtmenschliche-voelker\/#primaryimage"},"thumbnailUrl":"https:\/\/www.thrimor.at\/wp-content\/uploads\/2022\/02\/TaverneFarunIII_15-1024x683.jpg","datePublished":"2020-04-25T06:04:12+00:00","dateModified":"2022-02-09T16:02:07+00:00","breadcrumb":{"@id":"https:\/\/www.thrimor.at\/index.php\/hintergruende-it\/nichtmenschliche-voelker\/#breadcrumb"},"inLanguage":"de","potentialAction":[{"@type":"ReadAction","target":["https:\/\/www.thrimor.at\/index.php\/hintergruende-it\/nichtmenschliche-voelker\/"]}]},{"@type":"ImageObject","inLanguage":"de","@id":"https:\/\/www.thrimor.at\/index.php\/hintergruende-it\/nichtmenschliche-voelker\/#primaryimage","url":"https:\/\/www.thrimor.at\/wp-content\/uploads\/2022\/02\/TaverneFarunIII_15.jpg","contentUrl":"https:\/\/www.thrimor.at\/wp-content\/uploads\/2022\/02\/TaverneFarunIII_15.jpg","width":1500,"height":1000},{"@type":"BreadcrumbList","@id":"https:\/\/www.thrimor.at\/index.php\/hintergruende-it\/nichtmenschliche-voelker\/#breadcrumb","itemListElement":[{"@type":"ListItem","position":1,"name":"Home","item":"https:\/\/www.thrimor.at\/"},{"@type":"ListItem","position":2,"name":"Hintergr\u00fcnde (IT)","item":"https:\/\/www.thrimor.at\/index.php\/hintergruende-it\/"},{"@type":"ListItem","position":3,"name":"Nichtmenschliche V\u00f6lker"}]},{"@type":"WebSite","@id":"https:\/\/www.thrimor.at\/#website","url":"https:\/\/www.thrimor.at\/","name":"Thrimorer Garde","description":"Eine engagierte LARP-Community aus Salzburg","potentialAction":[{"@type":"SearchAction","target":{"@type":"EntryPoint","urlTemplate":"https:\/\/www.thrimor.at\/?s={search_term_string}"},"query-input":{"@type":"PropertyValueSpecification","valueRequired":true,"valueName":"search_term_string"}}],"inLanguage":"de"}]}},"jetpack_sharing_enabled":true,"_links":{"self":[{"href":"https:\/\/www.thrimor.at\/index.php\/wp-json\/wp\/v2\/pages\/52","targetHints":{"allow":["GET"]}}],"collection":[{"href":"https:\/\/www.thrimor.at\/index.php\/wp-json\/wp\/v2\/pages"}],"about":[{"href":"https:\/\/www.thrimor.at\/index.php\/wp-json\/wp\/v2\/types\/page"}],"author":[{"embeddable":true,"href":"https:\/\/www.thrimor.at\/index.php\/wp-json\/wp\/v2\/users\/1"}],"replies":[{"embeddable":true,"href":"https:\/\/www.thrimor.at\/index.php\/wp-json\/wp\/v2\/comments?post=52"}],"version-history":[{"count":6,"href":"https:\/\/www.thrimor.at\/index.php\/wp-json\/wp\/v2\/pages\/52\/revisions"}],"predecessor-version":[{"id":1034,"href":"https:\/\/www.thrimor.at\/index.php\/wp-json\/wp\/v2\/pages\/52\/revisions\/1034"}],"up":[{"embeddable":true,"href":"https:\/\/www.thrimor.at\/index.php\/wp-json\/wp\/v2\/pages\/89"}],"wp:attachment":[{"href":"https:\/\/www.thrimor.at\/index.php\/wp-json\/wp\/v2\/media?parent=52"}],"curies":[{"name":"wp","href":"https:\/\/api.w.org\/{rel}","templated":true}]}}