{"id":54,"date":"2020-04-25T08:04:12","date_gmt":"2020-04-25T06:04:12","guid":{"rendered":"https:\/\/relaunch2.thrimor.at\/index.php\/alvinion\/"},"modified":"2023-06-02T10:23:18","modified_gmt":"2023-06-02T08:23:18","slug":"alvinion","status":"publish","type":"page","link":"https:\/\/www.thrimor.at\/index.php\/hintergruende-it\/alvinion\/","title":{"rendered":"Alvinion"},"content":{"rendered":"\n<h3 class=\"wp-block-heading\">Steckbrief<\/h3>\n\n\n\n<div class=\"wp-block-group\"><div class=\"wp-block-group__inner-container is-layout-flow wp-block-group-is-layout-flow\">\n<div class=\"wp-block-columns is-layout-flex wp-container-core-columns-is-layout-9d6595d7 wp-block-columns-is-layout-flex\">\n<div class=\"wp-block-column is-layout-flow wp-block-column-is-layout-flow\" style=\"flex-basis:100%\">\n<div class=\"wp-block-group\"><div class=\"wp-block-group__inner-container is-layout-flow wp-block-group-is-layout-flow\">\n<div class=\"wp-block-columns is-layout-flex wp-container-core-columns-is-layout-9d6595d7 wp-block-columns-is-layout-flex\">\n<div class=\"wp-block-column is-layout-flow wp-block-column-is-layout-flow\" style=\"flex-basis:100%\">\n<figure class=\"wp-block-table alignleft is-style-stripes\"><table><tbody><tr><th scope=\"row\">Lage:<\/th><td>n\u00f6rdliches bis zentrales Thrimor<\/td><\/tr><tr><th scope=\"row\">Einwohner:<\/th><td>53.580 (laut letzter Volksz\u00e4hlung)<\/td><\/tr><tr><th scope=\"row\">Oberhaupt:<\/th><td>Ratsherr Dianthus Nordrassil<\/td><\/tr><tr><th scope=\"row\">Verwaltungsstadt:<\/th><td>Obturum<\/td><\/tr><tr><th scope=\"row\">St\u00e4dte:<\/th><td>Obturum, Arkadis<\/td><\/tr><tr><th scope=\"row\">Geographie:<\/th><td>sanfte H\u00fcgel, weite Ebenen<\/td><\/tr><tr><th scope=\"row\">Wirtschaftsg\u00fcter:<\/th><td>Nahrungsmittel (Obst, Gem\u00fcse, Getreide, Milch und Milcherzeugnisse, Fleisch, Eier), Rahmbrand, Werkzeug (H\u00e4mmer, Zangen, Sensen, Schaufeln, Pfl\u00fcge, etc.),  Rohstoffe (Holz, Lehm, Ziegel, Stein, Granit, Marmor, Eisenerz)<\/td><\/tr><tr><th scope=\"row\">Besonderheiten:<br><br><\/th><td>Cantharische Akademie der magischen K\u00fcnste H\u00e4ndlergilde, Handwerkergilde<\/td><\/tr><tr><th scope=\"row\">Sonstiges:<\/th><td>Obturum ist die Hauptstadt des Landes<\/td><\/tr><\/tbody><\/table><\/figure>\n<\/div>\n<\/div>\n<\/div><\/div>\n<\/div>\n<\/div>\n<\/div><\/div>\n\n\n\n<h3 class=\"wp-block-heading\">Die Stadt Obturum<\/h3>\n\n\n<div class=\"wp-block-image\">\n<figure class=\"alignright size-large is-resized\"><img loading=\"lazy\" decoding=\"async\" src=\"https:\/\/www.thrimor.at\/wp-content\/uploads\/2022\/01\/Alvinion-661x1024.jpg\" alt=\"\" class=\"wp-image-833\" width=\"344\" height=\"533\" srcset=\"https:\/\/www.thrimor.at\/wp-content\/uploads\/2022\/01\/Alvinion-661x1024.jpg 661w, https:\/\/www.thrimor.at\/wp-content\/uploads\/2022\/01\/Alvinion-194x300.jpg 194w, https:\/\/www.thrimor.at\/wp-content\/uploads\/2022\/01\/Alvinion-768x1190.jpg 768w, https:\/\/www.thrimor.at\/wp-content\/uploads\/2022\/01\/Alvinion-991x1536.jpg 991w, https:\/\/www.thrimor.at\/wp-content\/uploads\/2022\/01\/Alvinion-1322x2048.jpg 1322w, https:\/\/www.thrimor.at\/wp-content\/uploads\/2022\/01\/Alvinion-scaled.jpg 1652w\" sizes=\"auto, (max-width: 344px) 100vw, 344px\" \/><figcaption class=\"wp-element-caption\"><strong>Wappen Alvinions<\/strong><\/figcaption><\/figure><\/div>\n\n\n<p>Ein kleines St\u00fcck n\u00f6rdlich des mysteri\u00f6sen Farun-Waldes in den L\u00e4ndereien von Alvinion befindet sich die Hauptstadt des Landes Thrimor. Zudem ist der Wohn- und Amtssitz des Ratsherrn Dianthus Nordrassil hier zu finden.<\/p>\n\n\n\n<p>Wegen seinem \u00fcppigen und fruchtbaren Umland wird Alvinion auch gemeinhin als die Kornkammer des Landes bezeichnet. In Obturum ist der Hauptumschlagplatz vor allem f\u00fcr Nahrung, aber auch viele andere Dinge des t\u00e4glichen Bedarfs, der gro\u00dfe Markt auf dem Platz des Goldenen Schillings im s\u00fcdlichen Teil der Stadt. Der Platz verdankt seinen Namen einem Vorfahren von Salvia Traderik, dem Leiter der <a href=\"https:\/\/www.thrimor.at\/index.php\/hintergruende-it\/gilden-und-zuenfte\/\">Obturumer Handelsgilde<\/a>, welcher vor vielen Generationen sein erstes, hart verdientes Gold in einen Schilling pr\u00e4gen lie\u00df und diesen in der Erde unter dem Platz vergrub (wer sich \u00fcber die grammatische Form wundert, siehe mehr <a href=\"https:\/\/www.thrimor.at\/index.php\/hintergruende-it\/gesellschaft\/\">hier<\/a>). Sie tat dies mit den Worten: \u201eM\u00f6ge dieses Gold als Symbol des freien und ehrlichen Handels diesen Platz zu einem Ort der gesegneten Gesch\u00e4fte machen.\u201c, und gr\u00fcndete wenig sp\u00e4ter mit ihren T\u00f6chtern die Obturumer Handelsgilde, welche sich seit diesem Tag im Besitz der Familie Traderik befindet und deren Hauptsitz sich noch heute am Platz des Goldenen Schillings befindet. Eine Legende besagt, dass die G\u00f6tter der Familie Traderik durch das Opfer ihres Vorfahren wohlgesonnen w\u00e4ren und sie seitdem mit rosigen Gesch\u00e4ften segnen. Doch die Legende besagt auch, dass, sollte der ber\u00fchmte Goldene Schilling jemals aus der Erde unter dem Platz entwendet werden, das Gl\u00fcck der Traderiks ein j\u00e4hes Ende finden w\u00fcrde.<\/p>\n\n\n\n<p>Folgt man den breiten Stra\u00dfen der Stadt \u2013 durch das frohe und gesellige Treiben ihrer Bewohner hindurch \u2013 ein St\u00fcck gen Norden, so wird man sich bald am zweitgr\u00f6\u00dften Platz Obturums wieder finden, dem Platz der vier Elemente. Dabei werden selbst einem unkundigen Besucher sofort zwei wesentliche Geb\u00e4ude ins Auge stechen:<\/p>\n\n\n\n<p>Zum einen befindet sich hier der reich geschm\u00fcckte und allzeit gut bewachte sowohl Amts- als auch Wohnsitz des Ratsherrn Nordrassil. S\u00e4mtliche Entscheidungen, welche die Politik oder die Verwaltung der Stadt Obturum oder der L\u00e4nderei Alvinion betreffen, werden hier vom Ratsherrn oder dessen Vertretern mit Hilfe unterschiedlicher Berater getroffen. Auch Ansprachen an die Bev\u00f6lkerung werden auf dem Platz vor dem Amtgeb\u00e4ude abgehalten.<\/p>\n\n\n\n<p>Zum anderen erkennt man, direkt gegen\u00fcber dem Amtsgeb\u00e4ude, sofort das monumentale und magisch gesicherte Tor zur Cantharischen Akademie der magischen K\u00fcnste, welche zugleich auch den Hauptsitz des <a href=\"https:\/\/www.thrimor.at\/index.php\/hintergruende-it\/gilden-und-zuenfte\/\">Cantharischen Ordens <\/a>der <a href=\"https:\/\/www.thrimor.at\/index.php\/hintergruende-it\/magie\/\">Magier <\/a>darstellt. Leuchtende Runen und schwebende Kristalle zu beiden Seiten tragen machtvolle Schutzzauber und fl\u00f6\u00dfen vielen Passanten seit jeher Respekt ein. Jenseits des Tores auf dem Innenhof der Akademie bieten laufend junge Magier ihre Dienste an, um dem einfachen Volk zu helfen und (nicht zuletzt) etwas Geld zu verdienen.<\/p>\n\n\n\n<p>Gerade in den letzten Monden haben sich weitere illustre Gesch\u00e4fte und Kontore auf dem Platz des Goldenen Schillings eingerichtet. Eine Alternative zu den Gaumenfreuden des Trevianischen Niel&#8217;tus-Weines bietet die k\u00fcrzlich aus den S\u00fcdlanden eingezogene Botschaft des Imkereiverbandes <a href=\"https:\/\/www.metwabe.de\" target=\"_blank\" rel=\"noreferrer noopener\">Metwabe<\/a>. Dass sie sich gerade hier breitgemacht hat, ist kein Zufall. Denn direkt angrenzend &#8211; sie teilen sich eine H\u00e4userwand &#8211; haben sich Vertreter der <a href=\"http:\/\/www.suedlande.de\" target=\"_blank\" rel=\"noreferrer noopener\">S\u00fcdlande <\/a>selbst ein Domizil gemacht, um in Hinkunft mit dem Ratsherrn von Alvinion Gesch\u00e4fte machen zu k\u00f6nnen.<\/p>\n\n\n\n<p>Rings um die Stadt herum, mit einer Dicke von drei Metern, einer H\u00f6he von mehreren Mannen und gespickt mit noch h\u00f6heren Wacht\u00fcrmen, erstreckt sich die massive Stadtmauer von Obturum. Diese alte, aber solide Befestigung der Stadt hatte sich in der Vergangenheit bereits bew\u00e4hrt, als einer der gr\u00f6\u00dften <a href=\"https:\/\/www.thrimor.at\/hintergruende-it\/nichtmenschliche-voelker\/\">Ork<\/a>-St\u00e4mme des Landes es tats\u00e4chlich wagte, einen Angriff auf Obturum durchzuf\u00fchren. Die angreifenden Wilden wurden allerdings, wie zu erwarten war, von den heldenhaften Gardisten des Thrimorer Heeres aufgehalten und in die Gebirgsregionen im Westen des Landes vertrieben. Ein Felsbrocken, welcher zur Zeit des besagten Angriffs von einem orkischen Katapult auf die Stadt abgefeuert wurde, steckt heute noch in der Westflanke der Stadtmauer und dient seitdem als Denkmal f\u00fcr die unersch\u00fctterliche Standhaftigkeit des Thrimorer Heeres.<\/p>\n\n\n\n<h3 class=\"wp-block-heading\">Die Stadt Arkadis<\/h3>\n\n\n\n<p>\u00d6stlich der Hauptstadt Obturum am Fu\u00dfe des Gebirges, welches Thrimor umschlie\u00dft, befindet sich die Stadt Arkadis.<\/p>\n\n\n\n<p>Die Stadt ist weitl\u00e4ufig bekannt als das \u201eZentrum des Handwerks\u201c in Thrimor. Seit jeher bieten hier die verschiedensten Handwerker aus allen Bereichen ihre Dienste an, was auch dazu gef\u00fchrt hat, dass die Thrimorer Handwerksgilde in Arkadis ihren Hauptsitz hat. Die Aufgabenbereiche der Gilde umfassen die Koordination der Herstellung von Werkzeugen, die Kooperation mit der Obturumer Handelsgilde zum Vertrieb dieser Werkzeuge, sowie die Verwaltung und Vermittlung des gesammelten Wissens verschiedenster handwerklicher Z\u00fcnfte (Zimmerei, T\u00f6pferei, Schmiedekunst, Steinbearbeitung, usw.).<\/p>\n\n\n\n<p>Ein weiterer wichtiger Grund f\u00fcr die Ansiedlung vieler Handwerker in Arkadis ist der Umstand, dass sie die Materialien f\u00fcr ihre T\u00e4tigkeiten gr\u00f6\u00dftenteils direkt aus der Umgebung beziehen k\u00f6nnen. Das Holz bieten bzw. boten einige wenige Holzf\u00e4ller im Umfeld der Stadt bzw. aus Nubingen kommende H\u00e4ndler der Handelsgilde im Stadtzentrum (letztere Kleinstadt muss allerdings erst von den Untoten wieder befreit werden, ehe sich dort freier Handel durchsetzen kann); der Lehm f\u00fcr die T\u00f6pferei und die ans\u00e4ssige Ziegelbrennerei l\u00e4sst sich aus den Lehmgruben s\u00fcdlich der Stadt f\u00f6rdern; das Eisenerz f\u00fcr die Metallherstellung kommt aus einzelnen Bergwerken im Osten der Stadt bzw. \u00fcber diverse H\u00e4ndler aus den reichhaltigen Minen in Tharul und Tharheim; Granit, Marmor und anderes Gestein stammt aus den vielen Steinbr\u00fcchen \u00f6stlich von Arkadis und wird zudem neben dem Lehm als eines der Hauptexportg\u00fcter nach Trevi \u2013 in die Stadt der K\u00fcnste \u2013 geliefert.<\/p>\n\n\n\n<p>Die Befestigungen der Stadt belaufen sich lediglich auf eine einfache, aber geschlossene Holz-Palisade und einige h\u00f6lzerne Wach- und Sp\u00e4ht\u00fcrme zum \u00dcberblicken des umliegenden Gebietes. Da sich die Geb\u00e4ude von Arkadis selbst in einer Talsenke befinden, wurde die Palisade jedoch auf der umschlie\u00dfenden Anh\u00f6he um die Stadt herum errichtet, um etwaigen Angreifern immerhin den Vorteil des erh\u00f6hten Standorts zu nehmen. Der Grund f\u00fcr diese minimalistischen Befestigungen ist die relativ geringe Gefahr f\u00fcr einen wirklich schwer wiegenden Angriff: Im Osten der Stadt befinden sich die Berge des \u201eThrimorer Rings\u201c (der Gebirgszug, der das gesamte Land umschlie\u00dft), s\u00fcdlich wird die Ebene begrenzt durch den magischen <a href=\"https:\/\/www.thrimor.at\/index.php\/hintergruende-it\/farun\/\">Farun<\/a>-Wald, und im Norden sowie im Westen sorgen die vorgelagerten St\u00e4dte Obturum, Wolfenruh und Tharis f\u00fcr einen verh\u00e4ltnism\u00e4\u00dfig guten Schutz vor den umherstreifenden Nomadenst\u00e4mmen der Orks. Jedoch seit dem \u00fcberaus dreisten, direkten Angriff eines der Ork-Clans auf Wolfenruh ist die Stadtverwaltung von Arkadis zunehmend beunruhigt und beauftragt daher immer wieder Arbeiter und Bauern im Umland der Stadt mit diversen Sp\u00e4h-Diensten, um so zumindest fr\u00fchzeitig vor einem bevorstehenden Angriff gewarnt zu sein.<\/p>\n\n\n\n<p>Zus\u00e4tzlich zu den Gefahren von au\u00dfen zeichnen sich auch innerhalb der Stadt j\u00fcngst Unruhen und Streitigkeiten zwischen den Handwerkern ab. In der Debatte geht es um das Vorhaben einiger Arbeiter, f\u00fcr ihre Anfertigungen auch Holz aus dem nahe gelegenen Farun-Wald zu verwenden. Das unbescholtene F\u00e4llen von B\u00e4umen aus diesem Wald ist jedoch seit jeher nur ein paar wenigen elfischen Handwerkern vorbehalten, welche das n\u00f6tige Feingef\u00fchl f\u00fcr den Umgang mit dem magischen Wald besitzen. Ein Eingriff in den Wald durch eine Vielzahl menschlicher Arbeiter k\u00f6nnte jedoch \u2013 so bef\u00fcrchten zumindest einige \u2013 den Zorn des Farun provozieren und gro\u00dfes Unheil \u00fcber die Stadt bringen. Man darf deswegen auch hier gespannt sein, wie sich diese Geschichte entwickeln wird\u2026<\/p>\n\n\n\n<h3 class=\"wp-block-heading\">Flora<\/h3>\n\n\n\n<p>Alvinion ist die Kornkammer der Grafschaft Thrimor. Rund um die Hauptstadt Obturum erstrecken sich weite H\u00fcgell\u00e4nder, die \u00fcber und \u00fcber mit Getreide und Gem\u00fcse oder auch nur mit Gras als Tierfutter bepflanzt werden. Jeder Bauer Alvinions,&nbsp; der etwas auf sich h\u00e4lt, hegt und pflegt seinen Obstgarten. \u00c4pfel, Birnen, Zwetschken, Kirschen, Quitten und viele andere Fr\u00fcchte werden von Obturum aus nach ganz Thrimor gekarrt.<\/p>\n\n\n\n<p>In den westlichsten Teilen Alvinions, im Felsenmeer, lassen sich vereinzelt Igelwiesen finden. Diese versteckten Pl\u00e4tze sind f\u00fcr Wanderer ohne festes Schuhwerk \u00e4u\u00dferst gef\u00e4hrlich. Diese Grasart entwickelt extrem scharfe Halme, welche einem Menschen die Fu\u00dfsohlen soweit verwunden k\u00f6nnen, dass dieser nicht einmal mehr gehen kann.<\/p>\n\n\n\n<h3 class=\"wp-block-heading\">Fauna<\/h3>\n\n\n\n<p>Da Alvinion von verh\u00e4ltnism\u00e4\u00dfig sehr vielen Menschen bev\u00f6lkert ist, wurde das Gebiet weitestgehend an die Grundbed\u00fcrfnisse des Menschen angepasst. Dementsprechend setzt sich die Fauna in Alvinion \u00fcberwiegend aus Zucht- und Mastvieh (Rinder, Schweine, Schafe, H\u00fchner) unter b\u00e4uerlicher Obhut zusammen. Beste Voraussetzungen f\u00fcr den allseits begehrten Rahmbrand. Einzig im Westen der L\u00e4nderei findet man aufgrund der sp\u00e4rlichen Besiedelung und der orkischen Nomadenst\u00e4mme noch einige wilde L\u00f6ffelhoppler, Geweihhufer und anderes Getier.<\/p>\n\n\n\n<h3 class=\"wp-block-heading\">Hauptexportg\u00fcter<\/h3>\n\n\n\n<figure class=\"wp-block-image size-large\"><img loading=\"lazy\" decoding=\"async\" width=\"1024\" height=\"683\" src=\"https:\/\/www.thrimor.at\/wp-content\/uploads\/2022\/02\/MG_8090-1024x683.jpg\" alt=\"\" class=\"wp-image-970\" srcset=\"https:\/\/www.thrimor.at\/wp-content\/uploads\/2022\/02\/MG_8090-1024x683.jpg 1024w, https:\/\/www.thrimor.at\/wp-content\/uploads\/2022\/02\/MG_8090-300x200.jpg 300w, https:\/\/www.thrimor.at\/wp-content\/uploads\/2022\/02\/MG_8090-768x512.jpg 768w, https:\/\/www.thrimor.at\/wp-content\/uploads\/2022\/02\/MG_8090-1536x1024.jpg 1536w, https:\/\/www.thrimor.at\/wp-content\/uploads\/2022\/02\/MG_8090.jpg 1600w\" sizes=\"auto, (max-width: 1024px) 100vw, 1024px\" \/><\/figure>\n\n\n\n<h4 class=\"wp-block-heading\"><strong>Nahrungsmittel<\/strong><\/h4>\n\n\n\n<p>Die L\u00e4nderei Alvinion ist weithin bekannt als die Kornkammer des Landes Thrimor. Ackerbau und Viehzucht sind die hier vorherrschenden Formen der Arbeit, und die Bauern in Alvinion sind sehr stolz auf ihre T\u00e4tigkeiten. Seit Generationen werden hier vielerlei Arten Obst und Gem\u00fcse sowie verschiedenste Getreidesorten angebaut und geerntet. Diese Erzeugnisse werden \u00fcberwiegend von den ans\u00e4ssigen B\u00e4ckern und K\u00f6chen weiter verarbeitet oder direkt verspeist, teilweise dienen sie aber auch anderen Bauern wiederum als Nahrung f\u00fcr ihr Vieh. K\u00f6stliche Fleischspezialit\u00e4ten und hervorragende Milchprodukte sind schlie\u00dflich das Ergebnis daraus. Alvinion wird so zum Hauptexporteur von Getreiden innerhalb Thrimors, aber auch besondere Spezialit\u00e4ten wie Rahmbrand, Hartwurst, Rohschinken und ganz ausgezeichnete K\u00e4se werden im ganzen Reich vertrieben.<\/p>\n\n\n\n<h4 class=\"wp-block-heading\"><strong>Holz, Lehm, Stein, Eisenerz<\/strong><\/h4>\n\n\n\n<p>Die Waldst\u00fccke, Lehmgruben und Bergwerke nahe der Stadt Arkadis im Osten Obturums liefern den Handwerkern des Landes die Grundlage f\u00fcr ihre Arbeit. Aus diesem Grund sind auch viele von ihnen in der Stadt Arkadis beheimatet und bieten ihre Erzeugnisse (vor allem Werkzeuge) und F\u00e4higkeiten dem gemeinen Volk an. Doch die Handwerker aus Arkadis unterscheiden sich wesentlich von jenen in Trevi, denn sie sind viel mehr praktisch als k\u00fcnstlerisch veranlagt. Deswegen werden viele Ressourcen aus Arkadis auch direkt in die Stadt der K\u00fcnste geliefert, wo sie schlie\u00dflich zu grandiosen Statuen oder \u00e4hnlichen Kunstwerken verarbeitet werden.<\/p>\n","protected":false},"excerpt":{"rendered":"<p>Steckbrief Lage: n\u00f6rdliches bis zentrales Thrimor Einwohner: 53.580 (laut letzter Volksz\u00e4hlung) Oberhaupt: Ratsherr Dianthus Nordrassil Verwaltungsstadt: Obturum St\u00e4dte: Obturum, Arkadis Geographie: sanfte H\u00fcgel, weite Ebenen Wirtschaftsg\u00fcter: Nahrungsmittel (Obst, Gem\u00fcse, Getreide, Milch und Milcherzeugnisse, Fleisch, Eier), Rahmbrand, Werkzeug (H\u00e4mmer, Zangen, Sensen, Schaufeln, Pfl\u00fcge, etc.), Rohstoffe (Holz, Lehm, Ziegel, Stein, Granit, Marmor, Eisenerz) Besonderheiten: Cantharische Akademie der [&hellip;]<\/p>\n","protected":false},"author":1,"featured_media":0,"parent":89,"menu_order":17,"comment_status":"closed","ping_status":"closed","template":"","meta":{"om_disable_all_campaigns":false,"footnotes":""},"class_list":["post-54","page","type-page","status-publish","hentry"],"yoast_head":"<!-- This site is optimized with the Yoast SEO plugin v26.1.1 - https:\/\/yoast.com\/wordpress\/plugins\/seo\/ -->\n<title>Alvinion - Thrimorer Garde<\/title>\n<meta name=\"robots\" content=\"index, follow, max-snippet:-1, max-image-preview:large, max-video-preview:-1\" \/>\n<link rel=\"canonical\" href=\"https:\/\/www.thrimor.at\/index.php\/hintergruende-it\/alvinion\/\" \/>\n<meta property=\"og:locale\" content=\"de_DE\" \/>\n<meta property=\"og:type\" content=\"article\" \/>\n<meta property=\"og:title\" content=\"Alvinion - Thrimorer Garde\" \/>\n<meta property=\"og:description\" content=\"Steckbrief Lage: n\u00f6rdliches bis zentrales Thrimor Einwohner: 53.580 (laut letzter Volksz\u00e4hlung) Oberhaupt: Ratsherr Dianthus Nordrassil Verwaltungsstadt: Obturum St\u00e4dte: Obturum, Arkadis Geographie: sanfte H\u00fcgel, weite Ebenen Wirtschaftsg\u00fcter: Nahrungsmittel (Obst, Gem\u00fcse, Getreide, Milch und Milcherzeugnisse, Fleisch, Eier), Rahmbrand, Werkzeug (H\u00e4mmer, Zangen, Sensen, Schaufeln, Pfl\u00fcge, etc.), Rohstoffe (Holz, Lehm, Ziegel, Stein, Granit, Marmor, Eisenerz) Besonderheiten: Cantharische Akademie der [&hellip;]\" \/>\n<meta property=\"og:url\" content=\"https:\/\/www.thrimor.at\/index.php\/hintergruende-it\/alvinion\/\" \/>\n<meta property=\"og:site_name\" content=\"Thrimorer Garde\" \/>\n<meta property=\"article:modified_time\" content=\"2023-06-02T08:23:18+00:00\" \/>\n<meta property=\"og:image\" content=\"https:\/\/www.thrimor.at\/wp-content\/uploads\/2022\/01\/Alvinion-661x1024.jpg\" \/>\n<meta name=\"twitter:card\" content=\"summary_large_image\" \/>\n<meta name=\"twitter:label1\" content=\"Gesch\u00e4tzte Lesezeit\" \/>\n\t<meta name=\"twitter:data1\" content=\"10\u00a0Minuten\" \/>\n<script type=\"application\/ld+json\" class=\"yoast-schema-graph\">{\"@context\":\"https:\/\/schema.org\",\"@graph\":[{\"@type\":\"WebPage\",\"@id\":\"https:\/\/www.thrimor.at\/index.php\/hintergruende-it\/alvinion\/\",\"url\":\"https:\/\/www.thrimor.at\/index.php\/hintergruende-it\/alvinion\/\",\"name\":\"Alvinion - Thrimorer Garde\",\"isPartOf\":{\"@id\":\"https:\/\/www.thrimor.at\/#website\"},\"primaryImageOfPage\":{\"@id\":\"https:\/\/www.thrimor.at\/index.php\/hintergruende-it\/alvinion\/#primaryimage\"},\"image\":{\"@id\":\"https:\/\/www.thrimor.at\/index.php\/hintergruende-it\/alvinion\/#primaryimage\"},\"thumbnailUrl\":\"https:\/\/www.thrimor.at\/wp-content\/uploads\/2022\/01\/Alvinion-661x1024.jpg\",\"datePublished\":\"2020-04-25T06:04:12+00:00\",\"dateModified\":\"2023-06-02T08:23:18+00:00\",\"breadcrumb\":{\"@id\":\"https:\/\/www.thrimor.at\/index.php\/hintergruende-it\/alvinion\/#breadcrumb\"},\"inLanguage\":\"de\",\"potentialAction\":[{\"@type\":\"ReadAction\",\"target\":[\"https:\/\/www.thrimor.at\/index.php\/hintergruende-it\/alvinion\/\"]}]},{\"@type\":\"ImageObject\",\"inLanguage\":\"de\",\"@id\":\"https:\/\/www.thrimor.at\/index.php\/hintergruende-it\/alvinion\/#primaryimage\",\"url\":\"https:\/\/www.thrimor.at\/wp-content\/uploads\/2022\/01\/Alvinion-scaled.jpg\",\"contentUrl\":\"https:\/\/www.thrimor.at\/wp-content\/uploads\/2022\/01\/Alvinion-scaled.jpg\",\"width\":1652,\"height\":2560},{\"@type\":\"BreadcrumbList\",\"@id\":\"https:\/\/www.thrimor.at\/index.php\/hintergruende-it\/alvinion\/#breadcrumb\",\"itemListElement\":[{\"@type\":\"ListItem\",\"position\":1,\"name\":\"Home\",\"item\":\"https:\/\/www.thrimor.at\/\"},{\"@type\":\"ListItem\",\"position\":2,\"name\":\"Hintergr\u00fcnde (IT)\",\"item\":\"https:\/\/www.thrimor.at\/index.php\/hintergruende-it\/\"},{\"@type\":\"ListItem\",\"position\":3,\"name\":\"Alvinion\"}]},{\"@type\":\"WebSite\",\"@id\":\"https:\/\/www.thrimor.at\/#website\",\"url\":\"https:\/\/www.thrimor.at\/\",\"name\":\"Thrimorer Garde\",\"description\":\"Eine engagierte LARP-Community aus Salzburg\",\"potentialAction\":[{\"@type\":\"SearchAction\",\"target\":{\"@type\":\"EntryPoint\",\"urlTemplate\":\"https:\/\/www.thrimor.at\/?s={search_term_string}\"},\"query-input\":{\"@type\":\"PropertyValueSpecification\",\"valueRequired\":true,\"valueName\":\"search_term_string\"}}],\"inLanguage\":\"de\"}]}<\/script>\n<!-- \/ Yoast SEO plugin. -->","yoast_head_json":{"title":"Alvinion - Thrimorer Garde","robots":{"index":"index","follow":"follow","max-snippet":"max-snippet:-1","max-image-preview":"max-image-preview:large","max-video-preview":"max-video-preview:-1"},"canonical":"https:\/\/www.thrimor.at\/index.php\/hintergruende-it\/alvinion\/","og_locale":"de_DE","og_type":"article","og_title":"Alvinion - Thrimorer Garde","og_description":"Steckbrief Lage: n\u00f6rdliches bis zentrales Thrimor Einwohner: 53.580 (laut letzter Volksz\u00e4hlung) Oberhaupt: Ratsherr Dianthus Nordrassil Verwaltungsstadt: Obturum St\u00e4dte: Obturum, Arkadis Geographie: sanfte H\u00fcgel, weite Ebenen Wirtschaftsg\u00fcter: Nahrungsmittel (Obst, Gem\u00fcse, Getreide, Milch und Milcherzeugnisse, Fleisch, Eier), Rahmbrand, Werkzeug (H\u00e4mmer, Zangen, Sensen, Schaufeln, Pfl\u00fcge, etc.), Rohstoffe (Holz, Lehm, Ziegel, Stein, Granit, Marmor, Eisenerz) Besonderheiten: Cantharische Akademie der [&hellip;]","og_url":"https:\/\/www.thrimor.at\/index.php\/hintergruende-it\/alvinion\/","og_site_name":"Thrimorer Garde","article_modified_time":"2023-06-02T08:23:18+00:00","og_image":[{"url":"https:\/\/www.thrimor.at\/wp-content\/uploads\/2022\/01\/Alvinion-661x1024.jpg","type":"","width":"","height":""}],"twitter_card":"summary_large_image","twitter_misc":{"Gesch\u00e4tzte Lesezeit":"10\u00a0Minuten"},"schema":{"@context":"https:\/\/schema.org","@graph":[{"@type":"WebPage","@id":"https:\/\/www.thrimor.at\/index.php\/hintergruende-it\/alvinion\/","url":"https:\/\/www.thrimor.at\/index.php\/hintergruende-it\/alvinion\/","name":"Alvinion - Thrimorer Garde","isPartOf":{"@id":"https:\/\/www.thrimor.at\/#website"},"primaryImageOfPage":{"@id":"https:\/\/www.thrimor.at\/index.php\/hintergruende-it\/alvinion\/#primaryimage"},"image":{"@id":"https:\/\/www.thrimor.at\/index.php\/hintergruende-it\/alvinion\/#primaryimage"},"thumbnailUrl":"https:\/\/www.thrimor.at\/wp-content\/uploads\/2022\/01\/Alvinion-661x1024.jpg","datePublished":"2020-04-25T06:04:12+00:00","dateModified":"2023-06-02T08:23:18+00:00","breadcrumb":{"@id":"https:\/\/www.thrimor.at\/index.php\/hintergruende-it\/alvinion\/#breadcrumb"},"inLanguage":"de","potentialAction":[{"@type":"ReadAction","target":["https:\/\/www.thrimor.at\/index.php\/hintergruende-it\/alvinion\/"]}]},{"@type":"ImageObject","inLanguage":"de","@id":"https:\/\/www.thrimor.at\/index.php\/hintergruende-it\/alvinion\/#primaryimage","url":"https:\/\/www.thrimor.at\/wp-content\/uploads\/2022\/01\/Alvinion-scaled.jpg","contentUrl":"https:\/\/www.thrimor.at\/wp-content\/uploads\/2022\/01\/Alvinion-scaled.jpg","width":1652,"height":2560},{"@type":"BreadcrumbList","@id":"https:\/\/www.thrimor.at\/index.php\/hintergruende-it\/alvinion\/#breadcrumb","itemListElement":[{"@type":"ListItem","position":1,"name":"Home","item":"https:\/\/www.thrimor.at\/"},{"@type":"ListItem","position":2,"name":"Hintergr\u00fcnde (IT)","item":"https:\/\/www.thrimor.at\/index.php\/hintergruende-it\/"},{"@type":"ListItem","position":3,"name":"Alvinion"}]},{"@type":"WebSite","@id":"https:\/\/www.thrimor.at\/#website","url":"https:\/\/www.thrimor.at\/","name":"Thrimorer Garde","description":"Eine engagierte LARP-Community aus Salzburg","potentialAction":[{"@type":"SearchAction","target":{"@type":"EntryPoint","urlTemplate":"https:\/\/www.thrimor.at\/?s={search_term_string}"},"query-input":{"@type":"PropertyValueSpecification","valueRequired":true,"valueName":"search_term_string"}}],"inLanguage":"de"}]}},"jetpack_sharing_enabled":true,"_links":{"self":[{"href":"https:\/\/www.thrimor.at\/index.php\/wp-json\/wp\/v2\/pages\/54","targetHints":{"allow":["GET"]}}],"collection":[{"href":"https:\/\/www.thrimor.at\/index.php\/wp-json\/wp\/v2\/pages"}],"about":[{"href":"https:\/\/www.thrimor.at\/index.php\/wp-json\/wp\/v2\/types\/page"}],"author":[{"embeddable":true,"href":"https:\/\/www.thrimor.at\/index.php\/wp-json\/wp\/v2\/users\/1"}],"replies":[{"embeddable":true,"href":"https:\/\/www.thrimor.at\/index.php\/wp-json\/wp\/v2\/comments?post=54"}],"version-history":[{"count":9,"href":"https:\/\/www.thrimor.at\/index.php\/wp-json\/wp\/v2\/pages\/54\/revisions"}],"predecessor-version":[{"id":1304,"href":"https:\/\/www.thrimor.at\/index.php\/wp-json\/wp\/v2\/pages\/54\/revisions\/1304"}],"up":[{"embeddable":true,"href":"https:\/\/www.thrimor.at\/index.php\/wp-json\/wp\/v2\/pages\/89"}],"wp:attachment":[{"href":"https:\/\/www.thrimor.at\/index.php\/wp-json\/wp\/v2\/media?parent=54"}],"curies":[{"name":"wp","href":"https:\/\/api.w.org\/{rel}","templated":true}]}}