{"id":64,"date":"2020-04-25T08:09:29","date_gmt":"2020-04-25T08:09:29","guid":{"rendered":"https:\/\/relaunch2.thrimor.at\/index.php\/unser-team\/"},"modified":"2021-09-22T17:45:19","modified_gmt":"2021-09-22T15:45:19","slug":"unser-team","status":"publish","type":"page","link":"https:\/\/www.thrimor.at\/index.php\/die-thrimorer\/unser-team\/","title":{"rendered":"Unser Team"},"content":{"rendered":"\n<p>(Diese Seite wird derzeit \u00fcberarbeitet, und wird in K\u00fcrze bef\u00fcllt.)<\/p>\n","protected":false},"excerpt":{"rendered":"<p>(Diese Seite wird derzeit \u00fcberarbeitet, und wird in K\u00fcrze bef\u00fcllt.)<\/p>\n","protected":false},"author":1,"featured_media":0,"parent":91,"menu_order":1,"comment_status":"closed","ping_status":"closed","template":"","meta":{"om_disable_all_campaigns":false,"footnotes":""},"class_list":["post-64","page","type-page","status-publish","hentry"],"yoast_head":"<!-- This site is optimized with the Yoast SEO plugin v26.1.1 - https:\/\/yoast.com\/wordpress\/plugins\/seo\/ -->\n<title>Unser Team - Thrimorer Garde<\/title>\n<meta name=\"robots\" content=\"index, follow, max-snippet:-1, max-image-preview:large, max-video-preview:-1\" \/>\n<link rel=\"canonical\" href=\"https:\/\/www.thrimor.at\/index.php\/die-thrimorer\/unser-team\/\" \/>\n<meta property=\"og:locale\" content=\"de_DE\" \/>\n<meta property=\"og:type\" content=\"article\" \/>\n<meta property=\"og:title\" content=\"Unser Team - Thrimorer Garde\" \/>\n<meta property=\"og:description\" content=\"(Diese Seite wird derzeit \u00fcberarbeitet, und wird in K\u00fcrze bef\u00fcllt.)\" \/>\n<meta property=\"og:url\" content=\"https:\/\/www.thrimor.at\/index.php\/die-thrimorer\/unser-team\/\" \/>\n<meta property=\"og:site_name\" content=\"Thrimorer Garde\" \/>\n<meta property=\"article:modified_time\" content=\"2021-09-22T15:45:19+00:00\" \/>\n<meta name=\"twitter:card\" content=\"summary_large_image\" \/>\n<meta name=\"twitter:label1\" content=\"Gesch\u00e4tzte Lesezeit\" \/>\n\t<meta name=\"twitter:data1\" content=\"1\u00a0Minute\" \/>\n<script type=\"application\/ld+json\" class=\"yoast-schema-graph\">{\"@context\":\"https:\/\/schema.org\",\"@graph\":[{\"@type\":\"WebPage\",\"@id\":\"https:\/\/www.thrimor.at\/index.php\/die-thrimorer\/unser-team\/\",\"url\":\"https:\/\/www.thrimor.at\/index.php\/die-thrimorer\/unser-team\/\",\"name\":\"Unser Team - Thrimorer Garde\",\"isPartOf\":{\"@id\":\"https:\/\/www.thrimor.at\/#website\"},\"datePublished\":\"2020-04-25T08:09:29+00:00\",\"dateModified\":\"2021-09-22T15:45:19+00:00\",\"breadcrumb\":{\"@id\":\"https:\/\/www.thrimor.at\/index.php\/die-thrimorer\/unser-team\/#breadcrumb\"},\"inLanguage\":\"de\",\"potentialAction\":[{\"@type\":\"ReadAction\",\"target\":[\"https:\/\/www.thrimor.at\/index.php\/die-thrimorer\/unser-team\/\"]}]},{\"@type\":\"BreadcrumbList\",\"@id\":\"https:\/\/www.thrimor.at\/index.php\/die-thrimorer\/unser-team\/#breadcrumb\",\"itemListElement\":[{\"@type\":\"ListItem\",\"position\":1,\"name\":\"Home\",\"item\":\"https:\/\/www.thrimor.at\/\"},{\"@type\":\"ListItem\",\"position\":2,\"name\":\"Die Thrimorer\",\"item\":\"https:\/\/www.thrimor.at\/index.php\/die-thrimorer\/\"},{\"@type\":\"ListItem\",\"position\":3,\"name\":\"Unser Team\"}]},{\"@type\":\"WebSite\",\"@id\":\"https:\/\/www.thrimor.at\/#website\",\"url\":\"https:\/\/www.thrimor.at\/\",\"name\":\"Thrimorer Garde\",\"description\":\"Eine engagierte LARP-Community aus Salzburg\",\"potentialAction\":[{\"@type\":\"SearchAction\",\"target\":{\"@type\":\"EntryPoint\",\"urlTemplate\":\"https:\/\/www.thrimor.at\/?s={search_term_string}\"},\"query-input\":{\"@type\":\"PropertyValueSpecification\",\"valueRequired\":true,\"valueName\":\"search_term_string\"}}],\"inLanguage\":\"de\"}]}<\/script>\n<!-- \/ Yoast SEO plugin. -->","yoast_head_json":{"title":"Unser Team - Thrimorer Garde","robots":{"index":"index","follow":"follow","max-snippet":"max-snippet:-1","max-image-preview":"max-image-preview:large","max-video-preview":"max-video-preview:-1"},"canonical":"https:\/\/www.thrimor.at\/index.php\/die-thrimorer\/unser-team\/","og_locale":"de_DE","og_type":"article","og_title":"Unser Team - Thrimorer Garde","og_description":"(Diese Seite wird derzeit \u00fcberarbeitet, und wird in K\u00fcrze bef\u00fcllt.)","og_url":"https:\/\/www.thrimor.at\/index.php\/die-thrimorer\/unser-team\/","og_site_name":"Thrimorer Garde","article_modified_time":"2021-09-22T15:45:19+00:00","twitter_card":"summary_large_image","twitter_misc":{"Gesch\u00e4tzte Lesezeit":"1\u00a0Minute"},"schema":{"@context":"https:\/\/schema.org","@graph":[{"@type":"WebPage","@id":"https:\/\/www.thrimor.at\/index.php\/die-thrimorer\/unser-team\/","url":"https:\/\/www.thrimor.at\/index.php\/die-thrimorer\/unser-team\/","name":"Unser Team - Thrimorer Garde","isPartOf":{"@id":"https:\/\/www.thrimor.at\/#website"},"datePublished":"2020-04-25T08:09:29+00:00","dateModified":"2021-09-22T15:45:19+00:00","breadcrumb":{"@id":"https:\/\/www.thrimor.at\/index.php\/die-thrimorer\/unser-team\/#breadcrumb"},"inLanguage":"de","potentialAction":[{"@type":"ReadAction","target":["https:\/\/www.thrimor.at\/index.php\/die-thrimorer\/unser-team\/"]}]},{"@type":"BreadcrumbList","@id":"https:\/\/www.thrimor.at\/index.php\/die-thrimorer\/unser-team\/#breadcrumb","itemListElement":[{"@type":"ListItem","position":1,"name":"Home","item":"https:\/\/www.thrimor.at\/"},{"@type":"ListItem","position":2,"name":"Die Thrimorer","item":"https:\/\/www.thrimor.at\/index.php\/die-thrimorer\/"},{"@type":"ListItem","position":3,"name":"Unser Team"}]},{"@type":"WebSite","@id":"https:\/\/www.thrimor.at\/#website","url":"https:\/\/www.thrimor.at\/","name":"Thrimorer Garde","description":"Eine engagierte LARP-Community aus Salzburg","potentialAction":[{"@type":"SearchAction","target":{"@type":"EntryPoint","urlTemplate":"https:\/\/www.thrimor.at\/?s={search_term_string}"},"query-input":{"@type":"PropertyValueSpecification","valueRequired":true,"valueName":"search_term_string"}}],"inLanguage":"de"}]}},"jetpack_sharing_enabled":true,"_links":{"self":[{"href":"https:\/\/www.thrimor.at\/index.php\/wp-json\/wp\/v2\/pages\/64","targetHints":{"allow":["GET"]}}],"collection":[{"href":"https:\/\/www.thrimor.at\/index.php\/wp-json\/wp\/v2\/pages"}],"about":[{"href":"https:\/\/www.thrimor.at\/index.php\/wp-json\/wp\/v2\/types\/page"}],"author":[{"embeddable":true,"href":"https:\/\/www.thrimor.at\/index.php\/wp-json\/wp\/v2\/users\/1"}],"replies":[{"embeddable":true,"href":"https:\/\/www.thrimor.at\/index.php\/wp-json\/wp\/v2\/comments?post=64"}],"version-history":[{"count":2,"href":"https:\/\/www.thrimor.at\/index.php\/wp-json\/wp\/v2\/pages\/64\/revisions"}],"predecessor-version":[{"id":608,"href":"https:\/\/www.thrimor.at\/index.php\/wp-json\/wp\/v2\/pages\/64\/revisions\/608"}],"up":[{"embeddable":true,"href":"https:\/\/www.thrimor.at\/index.php\/wp-json\/wp\/v2\/pages\/91"}],"wp:attachment":[{"href":"https:\/\/www.thrimor.at\/index.php\/wp-json\/wp\/v2\/media?parent=64"}],"curies":[{"name":"wp","href":"https:\/\/api.w.org\/{rel}","templated":true}]}}