{"id":66,"date":"2020-04-25T08:09:29","date_gmt":"2020-04-25T08:09:29","guid":{"rendered":"https:\/\/relaunch2.thrimor.at\/index.php\/thrimors-ehrliche-kueche\/"},"modified":"2022-02-06T19:51:05","modified_gmt":"2022-02-06T18:51:05","slug":"thrimors-ehrliche-kueche","status":"publish","type":"page","link":"https:\/\/www.thrimor.at\/index.php\/die-thrimorer\/thrimors-ehrliche-kueche\/","title":{"rendered":"Thrimors ehrliche K\u00fcche"},"content":{"rendered":"\n<p>Wir Thrimorer bringen auf viele Cons unsere Feldk\u00fcche mit, bei der wir auch gerne G\u00e4ste aufnehmen. Wenn du Lust hast, bei unserem mittlerweile ziemlich ber\u00fchmten Koch mitzuschlemmen, <a href=\"mailto:verein@thrimor.at\">melde dich bei uns<\/a>!<\/p>\n\n\n\n<p>Gunnar Drachenbauch erkl\u00e4rt hier selbst, wof\u00fcr er steht:<\/p>\n\n\n\n<p><em>Hallo liebe LARP-Freunde, ich bin&#8217;s, euer Gunner Drachenbauch (Mike)!<\/em><\/p>\n\n\n\n<p><em>Ich m\u00f6chte euch einiges \u00fcber die, wie ich sie gerne nenne, \u201eehrliche K\u00fcche\u201c erz\u00e4hlen. Mir war und ist es immer schon wichtig, dass die Lebensmittel, die ich verkoche und euch kredenze, von guter Qualit\u00e4t sind, da es ja insgeheim um meinen guten Ruf und um eure Gesundheit geht.<\/em><\/p>\n\n\n\n<p><em>Wer mich kennt und wei\u00df, wie ich aussehe, kann schon an meiner Figur erkennen, dass ich ein Genie\u00dfer bin und das, was ich koche, auch gerne im \u00dcberma\u00df genie\u00dfe. Man will es ja kaum glauben, aber ich versuche auch ausgewogen und gesund zu kochen. Leider schmeckt\u00b4s dann auch so gut, dass ich mit der Menge immer \u00fcbertreibe und darum meine Figur so ist, wie sie ist.<\/em><\/p>\n\n\n\n<p><em>Ehrliche K\u00fcche hei\u00dft f\u00fcr mich, dass ich so viel wie m\u00f6glich in der Region einkaufe. Und zwar nicht beim Discounter, sondern wenn m\u00f6glich direkt beim Bauern oder wenigstens in einem guten Kombi-Hofladen, der wiederum Produkte von den Bauern der Umgebung anbietet.<\/em><\/p>\n\n\n\n<p><em>Warum ich das mache, wenn doch diese Produkte empfindlich teurer sind als jene, die man im Bioladen oder beim Discounter kaufen kann, ist einfach erkl\u00e4rt.<\/em><\/p>\n\n\n\n<p><em>Nur weil&nbsp; irgendwo \u201eBio\u201c draufsteht, muss das noch lange nicht hei\u00dfen, dass es auch ein gutes Produkt ist. Und nur weil es dieses Produkt beim Marken-Discounter gibt, muss das noch lange nicht hei\u00dfen, dass es ein schlechtes Produkt ist. Und hier beginnt ein Auswahlprozess, der gar nicht so einfach ist. Darum kaufe ich gerne dort ein, wo ich dem Hersteller der Ware bzw. Schlachter oder Bauer direkt in die Augen schauen kann und ihm&nbsp; Fragen zu seinem Produkt stellen kann, um herauszufinden, ob ich dieses Produkt haben will oder nicht. Ganz ehrlich ist es mir am liebsten, wenn ich das Tier, das ich esse, vorher vielleicht sogar auf der Weide gesehen und gestreichelt habe. Auf diese Weise kann ich mich dann sogar noch bedanken und mir in den Sinn rufen, dass dieses Tier f\u00fcr meine&nbsp; Mahlzeit stirbt! Und um bl\u00f6den Witzeleien vorzubeugen: Ja, manchmal bedanke ich mich auch bei meiner Karotte oder einem St\u00fcck Brokkoli, wenn es speziell gut schmeckt. Und ich bin der Meinung, wir sollten uns \u00f6fter bedanken, dass es uns gut geht und dass wir gutes Essen genie\u00dfen d\u00fcrfen! Bedanken bei wem auch immer, das ist nicht wichtig. Wichtig ist nur, dass uns in Erinnerung bleibt, dass wir es wirklich gut haben im Gegensatz zu manch anderen.<\/em><\/p>\n\n\n\n<figure class=\"wp-block-image size-full\"><img loading=\"lazy\" decoding=\"async\" width=\"1000\" height=\"667\" src=\"https:\/\/www.thrimor.at\/wp-content\/uploads\/2022\/02\/Essen.jpg\" alt=\"\" class=\"wp-image-895\" srcset=\"https:\/\/www.thrimor.at\/wp-content\/uploads\/2022\/02\/Essen.jpg 1000w, https:\/\/www.thrimor.at\/wp-content\/uploads\/2022\/02\/Essen-300x200.jpg 300w, https:\/\/www.thrimor.at\/wp-content\/uploads\/2022\/02\/Essen-768x512.jpg 768w\" sizes=\"auto, (max-width: 1000px) 100vw, 1000px\" \/><\/figure>\n\n\n\n<p><em>Ehrliche K\u00fcche hei\u00dft also f\u00fcr mich:<\/em><\/p>\n\n\n\n<p><em>&#8211; Ich kaufe f\u00fcr euch nur Lebensmittel ein, die ich selber schon getestet und probiert habe.<\/em><\/p>\n\n\n\n<p><em>&#8211; Ich versuche euren Geschmackssinn zu \u00fcberraschen und zu erfreuen.<\/em><\/p>\n\n\n\n<p><em>&#8211; Ich halte mich den Umst\u00e4nden entsprechend an so viele Hygienebedingungen wie nur m\u00f6glich.<\/em><\/p>\n\n\n\n<p><em>&#8211; Ich bin immer mit Herz und Seele f\u00fcr euer Wohlbefinden da, sei es im Gespr\u00e4ch oder wenn ihr euch \u00fcber das Essen freut, das ich f\u00fcr euch koche.<\/em><\/p>\n\n\n\n<p><em>&#8211; Ich verarbeite Reste von Speisen zu neuen \u00dcberraschungen, wenn irgend m\u00f6glich, da ich nichts wegwerfen m\u00f6chte, was noch verwertbar ist.<\/em><\/p>\n\n\n\n<p><em>&#8211; Ich versuche auf eure W\u00fcnsche einzugehen und so zu kochen, dass so viele von euren W\u00fcnschen wie m\u00f6glich erf\u00fcllt werden.<\/em><\/p>\n\n\n\n<p><em>&#8211; Ich bin mit meiner Kocherei erst zufrieden, wenn ihr das auch seid.<\/em><\/p>\n\n\n\n<p><em>Zum Thema konstruktive Kritik:<\/em><\/p>\n\n\n\n<p><em>Ich freue mich grunds\u00e4tzlich \u00fcber jede Kritik, ob positiv oder negativ, da ich so merke, dass euch eure Mahlzeiten wichtig sind. Ich m\u00f6chte keine allgemeinen Beschimpfungen h\u00f6ren wie zum Beispiel, dass das Essen nicht gut ist. Solche Verallgemeinerungen bringen nichts und helfen auch nichts! Jeder hat seinen eigenen Geschmack und seine eigenen Vorstellungen, wie gutes Essen f\u00fcr ihn schmecken soll.<\/em><\/p>\n\n\n\n<p><em>Allerdings ein Satz wie \u201eHey, Mike, war da heute Fenchel im Essen?\u201c und bei einem Ja als Antwort \u201eAch, darum hat\u2018s mir nicht geschmeckt\u201c und bei einem Nein \u201eHm, was war denn alles drin, weil irgendwas daran hat mich heute gest\u00f6rt.\u201c \u2013 Mit dieser Art von Kritik kann ich arbeiten, z.B. beim n\u00e4chsten Mal speziell f\u00fcr dich keinen Fenchel ins Essen geben. Oder anmerken: \u201eSag mir das n\u00e4chste Mal Bescheid, dann lasse ich ihn weg, falls ich selber drauf vergesse\u201c oder einen Vortrag halten, wie gesund und gut Fenchel ist, um dich zu \u00fcberzeugen, dass du ihn trotzdem isst. Wie auch immer, konstruktive Kritik ist konstruktiv und dazu da, um dein Umfeld auf dich abzustimmen \u2013 darum nutze sie!<\/em><\/p>\n\n\n\n<p><em>Zum Thema Intime und Kochen:<\/em><\/p>\n\n\n\n<p><em>Wir versuchen so gut wie m\u00f6glich die K\u00fcchenausr\u00fcstung intime anzupassen.<\/em><\/p>\n\n\n\n<p><em>Beim Thema Hygiene und Kochger\u00e4te bin ich aber der Meinung, dass man nur wegen \u201ees schaut nicht gut aus\u201c auf die modernen M\u00f6glichkeiten unsere Zeitepoche nicht verzichten darf. Soll hei\u00dfen, ein moderner Holz-, Elektro- oder Gasofen, je nachdem was vorhanden ist, in der richtigen H\u00f6he und mit leicht zu reinigenden Materialien wie Edelstahl, ist in einer vern\u00fcnftigen K\u00fcche ein Muss. Wir versuchen nat\u00fcrlich auch hier so gut wie m\u00f6glich zu tarnen und zu kaschieren.<\/em><\/p>\n\n\n\n<p><em>Auch hier ist Kritik gerne gesehen, allerdings auch hier wieder konstruktiv und nur mit&nbsp; leistbaren Verbesserungsvorschl\u00e4gen. Und zu guter Letzt zum Thema \u201eWie redet man intime mit dem Koch?\u201c:<\/em><\/p>\n\n\n\n<p><em>Ich liebe es, jemanden mit Pfanne oder Krug aus meiner K\u00fcche zu komplimentieren und euch auch gegebenenfalls windelweich zu pr\u00fcgeln.<\/em><\/p>\n\n\n\n<p><em>Ach ja, und ich finde, eine LARP-Gruppe, die gemeinsam auftritt und die M\u00f6glichkeit hat, intime andere zum Essen einzuladen, das hat schon was. Und wenn sich rumspricht, dass das Essen gut ist, werden wir vielleicht auch daf\u00fcr bekannt und dann in weiterer Folge sogar mitgebucht, wof\u00fcr wir wiederum Geld und Prestige f\u00fcr den Verein bekommen k\u00f6nnen usw.<\/em><\/p>\n","protected":false},"excerpt":{"rendered":"<p>Wir Thrimorer bringen auf viele Cons unsere Feldk\u00fcche mit, bei der wir auch gerne G\u00e4ste aufnehmen. Wenn du Lust hast, bei unserem mittlerweile ziemlich ber\u00fchmten Koch mitzuschlemmen, melde dich bei uns! Gunnar Drachenbauch erkl\u00e4rt hier selbst, wof\u00fcr er steht: Hallo liebe LARP-Freunde, ich bin&#8217;s, euer Gunner Drachenbauch (Mike)! Ich m\u00f6chte euch einiges \u00fcber die, wie [&hellip;]<\/p>\n","protected":false},"author":1,"featured_media":0,"parent":91,"menu_order":2,"comment_status":"closed","ping_status":"closed","template":"","meta":{"om_disable_all_campaigns":false,"footnotes":""},"class_list":["post-66","page","type-page","status-publish","hentry"],"yoast_head":"<!-- This site is optimized with the Yoast SEO plugin v26.1.1 - https:\/\/yoast.com\/wordpress\/plugins\/seo\/ -->\n<title>Thrimors ehrliche K\u00fcche - Thrimorer Garde<\/title>\n<meta name=\"robots\" content=\"index, follow, max-snippet:-1, max-image-preview:large, max-video-preview:-1\" \/>\n<link rel=\"canonical\" href=\"https:\/\/www.thrimor.at\/index.php\/die-thrimorer\/thrimors-ehrliche-kueche\/\" \/>\n<meta property=\"og:locale\" content=\"de_DE\" \/>\n<meta property=\"og:type\" content=\"article\" \/>\n<meta property=\"og:title\" content=\"Thrimors ehrliche K\u00fcche - Thrimorer Garde\" \/>\n<meta property=\"og:description\" content=\"Wir Thrimorer bringen auf viele Cons unsere Feldk\u00fcche mit, bei der wir auch gerne G\u00e4ste aufnehmen. Wenn du Lust hast, bei unserem mittlerweile ziemlich ber\u00fchmten Koch mitzuschlemmen, melde dich bei uns! Gunnar Drachenbauch erkl\u00e4rt hier selbst, wof\u00fcr er steht: Hallo liebe LARP-Freunde, ich bin&#8217;s, euer Gunner Drachenbauch (Mike)! Ich m\u00f6chte euch einiges \u00fcber die, wie [&hellip;]\" \/>\n<meta property=\"og:url\" content=\"https:\/\/www.thrimor.at\/index.php\/die-thrimorer\/thrimors-ehrliche-kueche\/\" \/>\n<meta property=\"og:site_name\" content=\"Thrimorer Garde\" \/>\n<meta property=\"article:modified_time\" content=\"2022-02-06T18:51:05+00:00\" \/>\n<meta property=\"og:image\" content=\"https:\/\/www.thrimor.at\/wp-content\/uploads\/2022\/02\/Essen.jpg\" \/>\n<meta name=\"twitter:card\" content=\"summary_large_image\" \/>\n<meta name=\"twitter:label1\" content=\"Gesch\u00e4tzte Lesezeit\" \/>\n\t<meta name=\"twitter:data1\" content=\"6\u00a0Minuten\" \/>\n<script type=\"application\/ld+json\" class=\"yoast-schema-graph\">{\"@context\":\"https:\/\/schema.org\",\"@graph\":[{\"@type\":\"WebPage\",\"@id\":\"https:\/\/www.thrimor.at\/index.php\/die-thrimorer\/thrimors-ehrliche-kueche\/\",\"url\":\"https:\/\/www.thrimor.at\/index.php\/die-thrimorer\/thrimors-ehrliche-kueche\/\",\"name\":\"Thrimors ehrliche K\u00fcche - Thrimorer Garde\",\"isPartOf\":{\"@id\":\"https:\/\/www.thrimor.at\/#website\"},\"primaryImageOfPage\":{\"@id\":\"https:\/\/www.thrimor.at\/index.php\/die-thrimorer\/thrimors-ehrliche-kueche\/#primaryimage\"},\"image\":{\"@id\":\"https:\/\/www.thrimor.at\/index.php\/die-thrimorer\/thrimors-ehrliche-kueche\/#primaryimage\"},\"thumbnailUrl\":\"https:\/\/www.thrimor.at\/wp-content\/uploads\/2022\/02\/Essen.jpg\",\"datePublished\":\"2020-04-25T08:09:29+00:00\",\"dateModified\":\"2022-02-06T18:51:05+00:00\",\"breadcrumb\":{\"@id\":\"https:\/\/www.thrimor.at\/index.php\/die-thrimorer\/thrimors-ehrliche-kueche\/#breadcrumb\"},\"inLanguage\":\"de\",\"potentialAction\":[{\"@type\":\"ReadAction\",\"target\":[\"https:\/\/www.thrimor.at\/index.php\/die-thrimorer\/thrimors-ehrliche-kueche\/\"]}]},{\"@type\":\"ImageObject\",\"inLanguage\":\"de\",\"@id\":\"https:\/\/www.thrimor.at\/index.php\/die-thrimorer\/thrimors-ehrliche-kueche\/#primaryimage\",\"url\":\"https:\/\/www.thrimor.at\/wp-content\/uploads\/2022\/02\/Essen.jpg\",\"contentUrl\":\"https:\/\/www.thrimor.at\/wp-content\/uploads\/2022\/02\/Essen.jpg\",\"width\":1000,\"height\":667},{\"@type\":\"BreadcrumbList\",\"@id\":\"https:\/\/www.thrimor.at\/index.php\/die-thrimorer\/thrimors-ehrliche-kueche\/#breadcrumb\",\"itemListElement\":[{\"@type\":\"ListItem\",\"position\":1,\"name\":\"Home\",\"item\":\"https:\/\/www.thrimor.at\/\"},{\"@type\":\"ListItem\",\"position\":2,\"name\":\"Die Thrimorer\",\"item\":\"https:\/\/www.thrimor.at\/index.php\/die-thrimorer\/\"},{\"@type\":\"ListItem\",\"position\":3,\"name\":\"Thrimors ehrliche K\u00fcche\"}]},{\"@type\":\"WebSite\",\"@id\":\"https:\/\/www.thrimor.at\/#website\",\"url\":\"https:\/\/www.thrimor.at\/\",\"name\":\"Thrimorer Garde\",\"description\":\"Eine engagierte LARP-Community aus Salzburg\",\"potentialAction\":[{\"@type\":\"SearchAction\",\"target\":{\"@type\":\"EntryPoint\",\"urlTemplate\":\"https:\/\/www.thrimor.at\/?s={search_term_string}\"},\"query-input\":{\"@type\":\"PropertyValueSpecification\",\"valueRequired\":true,\"valueName\":\"search_term_string\"}}],\"inLanguage\":\"de\"}]}<\/script>\n<!-- \/ Yoast SEO plugin. -->","yoast_head_json":{"title":"Thrimors ehrliche K\u00fcche - Thrimorer Garde","robots":{"index":"index","follow":"follow","max-snippet":"max-snippet:-1","max-image-preview":"max-image-preview:large","max-video-preview":"max-video-preview:-1"},"canonical":"https:\/\/www.thrimor.at\/index.php\/die-thrimorer\/thrimors-ehrliche-kueche\/","og_locale":"de_DE","og_type":"article","og_title":"Thrimors ehrliche K\u00fcche - Thrimorer Garde","og_description":"Wir Thrimorer bringen auf viele Cons unsere Feldk\u00fcche mit, bei der wir auch gerne G\u00e4ste aufnehmen. Wenn du Lust hast, bei unserem mittlerweile ziemlich ber\u00fchmten Koch mitzuschlemmen, melde dich bei uns! Gunnar Drachenbauch erkl\u00e4rt hier selbst, wof\u00fcr er steht: Hallo liebe LARP-Freunde, ich bin&#8217;s, euer Gunner Drachenbauch (Mike)! Ich m\u00f6chte euch einiges \u00fcber die, wie [&hellip;]","og_url":"https:\/\/www.thrimor.at\/index.php\/die-thrimorer\/thrimors-ehrliche-kueche\/","og_site_name":"Thrimorer Garde","article_modified_time":"2022-02-06T18:51:05+00:00","og_image":[{"url":"https:\/\/www.thrimor.at\/wp-content\/uploads\/2022\/02\/Essen.jpg","type":"","width":"","height":""}],"twitter_card":"summary_large_image","twitter_misc":{"Gesch\u00e4tzte Lesezeit":"6\u00a0Minuten"},"schema":{"@context":"https:\/\/schema.org","@graph":[{"@type":"WebPage","@id":"https:\/\/www.thrimor.at\/index.php\/die-thrimorer\/thrimors-ehrliche-kueche\/","url":"https:\/\/www.thrimor.at\/index.php\/die-thrimorer\/thrimors-ehrliche-kueche\/","name":"Thrimors ehrliche K\u00fcche - Thrimorer Garde","isPartOf":{"@id":"https:\/\/www.thrimor.at\/#website"},"primaryImageOfPage":{"@id":"https:\/\/www.thrimor.at\/index.php\/die-thrimorer\/thrimors-ehrliche-kueche\/#primaryimage"},"image":{"@id":"https:\/\/www.thrimor.at\/index.php\/die-thrimorer\/thrimors-ehrliche-kueche\/#primaryimage"},"thumbnailUrl":"https:\/\/www.thrimor.at\/wp-content\/uploads\/2022\/02\/Essen.jpg","datePublished":"2020-04-25T08:09:29+00:00","dateModified":"2022-02-06T18:51:05+00:00","breadcrumb":{"@id":"https:\/\/www.thrimor.at\/index.php\/die-thrimorer\/thrimors-ehrliche-kueche\/#breadcrumb"},"inLanguage":"de","potentialAction":[{"@type":"ReadAction","target":["https:\/\/www.thrimor.at\/index.php\/die-thrimorer\/thrimors-ehrliche-kueche\/"]}]},{"@type":"ImageObject","inLanguage":"de","@id":"https:\/\/www.thrimor.at\/index.php\/die-thrimorer\/thrimors-ehrliche-kueche\/#primaryimage","url":"https:\/\/www.thrimor.at\/wp-content\/uploads\/2022\/02\/Essen.jpg","contentUrl":"https:\/\/www.thrimor.at\/wp-content\/uploads\/2022\/02\/Essen.jpg","width":1000,"height":667},{"@type":"BreadcrumbList","@id":"https:\/\/www.thrimor.at\/index.php\/die-thrimorer\/thrimors-ehrliche-kueche\/#breadcrumb","itemListElement":[{"@type":"ListItem","position":1,"name":"Home","item":"https:\/\/www.thrimor.at\/"},{"@type":"ListItem","position":2,"name":"Die Thrimorer","item":"https:\/\/www.thrimor.at\/index.php\/die-thrimorer\/"},{"@type":"ListItem","position":3,"name":"Thrimors ehrliche K\u00fcche"}]},{"@type":"WebSite","@id":"https:\/\/www.thrimor.at\/#website","url":"https:\/\/www.thrimor.at\/","name":"Thrimorer Garde","description":"Eine engagierte LARP-Community aus Salzburg","potentialAction":[{"@type":"SearchAction","target":{"@type":"EntryPoint","urlTemplate":"https:\/\/www.thrimor.at\/?s={search_term_string}"},"query-input":{"@type":"PropertyValueSpecification","valueRequired":true,"valueName":"search_term_string"}}],"inLanguage":"de"}]}},"jetpack_sharing_enabled":true,"_links":{"self":[{"href":"https:\/\/www.thrimor.at\/index.php\/wp-json\/wp\/v2\/pages\/66","targetHints":{"allow":["GET"]}}],"collection":[{"href":"https:\/\/www.thrimor.at\/index.php\/wp-json\/wp\/v2\/pages"}],"about":[{"href":"https:\/\/www.thrimor.at\/index.php\/wp-json\/wp\/v2\/types\/page"}],"author":[{"embeddable":true,"href":"https:\/\/www.thrimor.at\/index.php\/wp-json\/wp\/v2\/users\/1"}],"replies":[{"embeddable":true,"href":"https:\/\/www.thrimor.at\/index.php\/wp-json\/wp\/v2\/comments?post=66"}],"version-history":[{"count":3,"href":"https:\/\/www.thrimor.at\/index.php\/wp-json\/wp\/v2\/pages\/66\/revisions"}],"predecessor-version":[{"id":896,"href":"https:\/\/www.thrimor.at\/index.php\/wp-json\/wp\/v2\/pages\/66\/revisions\/896"}],"up":[{"embeddable":true,"href":"https:\/\/www.thrimor.at\/index.php\/wp-json\/wp\/v2\/pages\/91"}],"wp:attachment":[{"href":"https:\/\/www.thrimor.at\/index.php\/wp-json\/wp\/v2\/media?parent=66"}],"curies":[{"name":"wp","href":"https:\/\/api.w.org\/{rel}","templated":true}]}}