{"id":68,"date":"2020-04-25T08:09:30","date_gmt":"2020-04-25T08:09:30","guid":{"rendered":"https:\/\/relaunch2.thrimor.at\/index.php\/sponsoren-partner\/"},"modified":"2025-09-19T09:18:34","modified_gmt":"2025-09-19T07:18:34","slug":"sponsoren-und-partner","status":"publish","type":"page","link":"https:\/\/www.thrimor.at\/index.php\/sponsoren-und-partner\/","title":{"rendered":"Sponsoren &#038; Partner"},"content":{"rendered":"\n<p><strong>Nur gemeinsam sind wir stark!<\/strong><\/p>\n\n\n\n<p>Wir haben immer Interesse an Sponsoring und Partnerschaften.<br>Wir sind auch offen f\u00fcr jede Art von Zusammenarbeit.<br>Ihr habt Interesse oder eine Idee? Dann nehmt <a href=\"https:\/\/www.thrimor.at\/index.php\/kontakt\/\">Kontakt <\/a>mit uns auf.<\/p>\n\n\n\n<h2 class=\"wp-block-heading\">Sponsoren<\/h2>\n\n\n\n<p>Hier k\u00f6nnte Ihre Werbung stehen!<\/p>\n\n\n\n<p><\/p>\n\n\n\n<h2 class=\"wp-block-heading\">Mitgliedschaften<\/h2>\n\n\n\n<div class=\"wp-block-media-text is-stacked-on-mobile\" style=\"grid-template-columns:25% auto\"><figure class=\"wp-block-media-text__media\"><a href=\"https:\/\/sicheres-rollenspiel.at\/\" target=\"_blank\" rel=\" noreferrer noopener\"><img loading=\"lazy\" decoding=\"async\" width=\"507\" height=\"512\" src=\"https:\/\/www.thrimor.at\/wp-content\/uploads\/2025\/05\/Logo_Verband_Rollenspiel.jpg\" alt=\"\" class=\"wp-image-1604 size-full\" srcset=\"https:\/\/www.thrimor.at\/wp-content\/uploads\/2025\/05\/Logo_Verband_Rollenspiel.jpg 507w, https:\/\/www.thrimor.at\/wp-content\/uploads\/2025\/05\/Logo_Verband_Rollenspiel-297x300.jpg 297w, https:\/\/www.thrimor.at\/wp-content\/uploads\/2025\/05\/Logo_Verband_Rollenspiel-150x150.jpg 150w\" sizes=\"auto, (max-width: 507px) 100vw, 507px\" \/><\/a><\/figure><div class=\"wp-block-media-text__content\">\n<p><strong><a href=\"https:\/\/sicheres-rollenspiel.at\/\" target=\"_blank\" rel=\"noreferrer noopener\">Sicher(es) LARP, Mittelalter, Reenactment &amp; Cosplay<\/a><\/strong><\/p>\n\n\n\n<p>Der Verband \u201eSicher(es) LARP, Mittelalter, Reenactment &amp; Cosplay\u201c. Mitglieder erhalten eine Versicherung, die sehr viel mehr abdeckt als die \u00fcblichen Haftpflichtversicherung und Veranstaltungsversicherungen und das zu einem \u00e4u\u00dferst g\u00fcnstigen Preis. Dar\u00fcber hinaus bauen wir eine kleine Datenbank zu rechtlichen Themen auf.<\/p>\n<\/div><\/div>\n\n\n\n<div class=\"wp-block-media-text has-media-on-the-right is-stacked-on-mobile\" style=\"grid-template-columns:auto 25%\"><div class=\"wp-block-media-text__content\">\n<p><strong><a href=\"https:\/\/www.suedlande.de\/\" target=\"_blank\" rel=\"noreferrer noopener\">IG S\u00fcdlande<\/a><\/strong><\/p>\n\n\n\n<p>Die IG S\u00fcdlande ist eine vorwiegend regional im Bereich S\u00fcddeutschland, \u00d6sterreich und Schweiz angesiedelter LARP Kampagnenverbund mit dem Ziel l\u00e4nder\u00fcbergreifende Plots zu erm\u00f6glichen und Teil einer gemeinsam erlebbaren Kampagne zu werden. Dabei gilt vor allem der Grundsatz &#8222;viele M\u00f6glichkeiten aber wenig Muss\u201c.<\/p>\n<\/div><figure class=\"wp-block-media-text__media\"><a href=\"https:\/\/www.suedlande.de\/\" target=\"_blank\" rel=\" noreferrer noopener\"><img loading=\"lazy\" decoding=\"async\" width=\"142\" height=\"200\" src=\"https:\/\/www.thrimor.at\/wp-content\/uploads\/2025\/05\/Logo_IG_Suedlande.jpg\" alt=\"\" class=\"wp-image-1605 size-full\"\/><\/a><\/figure><\/div>\n\n\n\n<div class=\"wp-block-media-text is-stacked-on-mobile\" style=\"grid-template-columns:25% auto\"><figure class=\"wp-block-media-text__media\"><a href=\"https:\/\/www.turney-der-suedlande.de\/\" target=\"_blank\" rel=\" noreferrer noopener\"><img loading=\"lazy\" decoding=\"async\" width=\"503\" height=\"531\" src=\"https:\/\/www.thrimor.at\/wp-content\/uploads\/2025\/05\/Logo_Turney_der_Suedlande.jpg\" alt=\"\" class=\"wp-image-1606 size-full\" srcset=\"https:\/\/www.thrimor.at\/wp-content\/uploads\/2025\/05\/Logo_Turney_der_Suedlande.jpg 503w, https:\/\/www.thrimor.at\/wp-content\/uploads\/2025\/05\/Logo_Turney_der_Suedlande-284x300.jpg 284w\" sizes=\"auto, (max-width: 503px) 100vw, 503px\" \/><\/a><\/figure><div class=\"wp-block-media-text__content\">\n<p><strong><a href=\"https:\/\/www.turney-der-suedlande.de\/\" target=\"_blank\" rel=\"noreferrer noopener\">Turney der S\u00fcdlande<\/a><\/strong><\/p>\n\n\n\n<p>Eine Gruppe von LARP-Begeisterten aus mittlerweile verschiedenen Jahrhunderten. Die \u00c4ltesten in unserer Orga haben schon in den vergangenen 80er ihre ersten LARP-Schritte gemacht! Als Abteilung Thanthalos LARP beim Schwert &amp; Mieder e.V. veranstalten wir schon seit fast 20 Jahren verschiedene LARPs und die &#8222;<em>Turney der S\u00fcdlande<\/em>&#8222;, ein Wettstreit f\u00fcr LARP-L\u00e4nder vorwiegend aus den S\u00fcdlanden.<\/p>\n<\/div><\/div>\n\n\n\n<h2 class=\"wp-block-heading\">Partner<\/h2>\n\n\n\n<div class=\"wp-block-media-text is-stacked-on-mobile\" style=\"grid-template-columns:40% auto\"><figure class=\"wp-block-media-text__media\"><a href=\"https:\/\/metwabe-oesterreich.at\/\" target=\"_blank\" rel=\" noreferrer noopener\"><img loading=\"lazy\" decoding=\"async\" width=\"421\" height=\"218\" src=\"https:\/\/www.thrimor.at\/wp-content\/uploads\/2021\/09\/metwabe_botschaft.jpg\" alt=\"\" class=\"wp-image-600 size-full\" srcset=\"https:\/\/www.thrimor.at\/wp-content\/uploads\/2021\/09\/metwabe_botschaft.jpg 421w, https:\/\/www.thrimor.at\/wp-content\/uploads\/2021\/09\/metwabe_botschaft-300x155.jpg 300w\" sizes=\"auto, (max-width: 421px) 100vw, 421px\" \/><\/a><\/figure><div class=\"wp-block-media-text__content\">\n<p><strong><a href=\"https:\/\/metwabe-oesterreich.at\/\" target=\"_blank\" rel=\"noreferrer noopener\">Metwabe<\/a><\/strong><\/p>\n\n\n\n<p>Von Larpern f\u00fcr Larper. Die Metwabe versorgt euch immer mit \u00fcber 80 Sorten leckerem Met. Beste Qualit\u00e4t zu fairen Preisen. Damit die sch\u00f6nsten Momente noch sch\u00f6ner werden und um alte Heldentaten wieder w\u00fcrdig aufleben zu lassen.<\/p>\n<\/div><\/div>\n\n\n\n<div class=\"wp-block-media-text has-media-on-the-right is-stacked-on-mobile\" style=\"grid-template-columns:auto 40%\"><div class=\"wp-block-media-text__content\">\n<p><strong><a href=\"https:\/\/www.spitzbubin.at\/\" target=\"_blank\" rel=\"noreferrer noopener\">Spitzbubin<\/a><\/strong><\/p>\n\n\n\n<p>Spitzbubin steht f\u00fcr handgefertigte Produkte mit Herz und Leidenschaft. Jedes St\u00fcck ist sorgf\u00e4ltig und kreativ gefertigt, um besondere Designs zu schaffen. Als LARPERIN mit Herz n\u00e4ht sie detailverliebte Gewandungen aus hochwertigen Stoffen \u2013 sp\u00fcrbare Qualit\u00e4t, die Freude macht und den Alltag bereichert.<\/p>\n<\/div><figure class=\"wp-block-media-text__media\"><a href=\"https:\/\/www.spitzbubin.at\/\" target=\"_blank\" rel=\" noreferrer noopener\"><img loading=\"lazy\" decoding=\"async\" width=\"400\" height=\"101\" src=\"https:\/\/www.thrimor.at\/wp-content\/uploads\/2022\/06\/01-SpitzBubIn_Final_logo.jpg\" alt=\"\" class=\"wp-image-1084 size-full\" srcset=\"https:\/\/www.thrimor.at\/wp-content\/uploads\/2022\/06\/01-SpitzBubIn_Final_logo.jpg 400w, https:\/\/www.thrimor.at\/wp-content\/uploads\/2022\/06\/01-SpitzBubIn_Final_logo-300x76.jpg 300w\" sizes=\"auto, (max-width: 400px) 100vw, 400px\" \/><\/a><\/figure><\/div>\n\n\n\n<p><\/p>\n","protected":false},"excerpt":{"rendered":"<p>Nur gemeinsam sind wir stark! Wir haben immer Interesse an Sponsoring und Partnerschaften.Wir sind auch offen f\u00fcr jede Art von Zusammenarbeit.Ihr habt Interesse oder eine Idee? Dann nehmt Kontakt mit uns auf. Sponsoren Hier k\u00f6nnte Ihre Werbung stehen! Mitgliedschaften Sicher(es) LARP, Mittelalter, Reenactment &amp; Cosplay Der Verband \u201eSicher(es) LARP, Mittelalter, Reenactment &amp; Cosplay\u201c. Mitglieder erhalten [&hellip;]<\/p>\n","protected":false},"author":1,"featured_media":0,"parent":0,"menu_order":6,"comment_status":"closed","ping_status":"closed","template":"","meta":{"om_disable_all_campaigns":false,"footnotes":""},"class_list":["post-68","page","type-page","status-publish","hentry"],"yoast_head":"<!-- This site is optimized with the Yoast SEO plugin v26.1.1 - https:\/\/yoast.com\/wordpress\/plugins\/seo\/ -->\n<title>Sponsoren &amp; Partner - Thrimorer Garde<\/title>\n<meta name=\"robots\" content=\"index, follow, max-snippet:-1, max-image-preview:large, max-video-preview:-1\" \/>\n<link rel=\"canonical\" href=\"https:\/\/www.thrimor.at\/index.php\/sponsoren-und-partner\/\" \/>\n<meta property=\"og:locale\" content=\"de_DE\" \/>\n<meta property=\"og:type\" content=\"article\" \/>\n<meta property=\"og:title\" content=\"Sponsoren &amp; Partner - Thrimorer Garde\" \/>\n<meta property=\"og:description\" content=\"Nur gemeinsam sind wir stark! Wir haben immer Interesse an Sponsoring und Partnerschaften.Wir sind auch offen f\u00fcr jede Art von Zusammenarbeit.Ihr habt Interesse oder eine Idee? Dann nehmt Kontakt mit uns auf. Sponsoren Hier k\u00f6nnte Ihre Werbung stehen! Mitgliedschaften Sicher(es) LARP, Mittelalter, Reenactment &amp; Cosplay Der Verband \u201eSicher(es) LARP, Mittelalter, Reenactment &amp; Cosplay\u201c. Mitglieder erhalten [&hellip;]\" \/>\n<meta property=\"og:url\" content=\"https:\/\/www.thrimor.at\/index.php\/sponsoren-und-partner\/\" \/>\n<meta property=\"og:site_name\" content=\"Thrimorer Garde\" \/>\n<meta property=\"article:modified_time\" content=\"2025-09-19T07:18:34+00:00\" \/>\n<meta property=\"og:image\" content=\"https:\/\/www.thrimor.at\/wp-content\/uploads\/2025\/05\/Logo_Verband_Rollenspiel.jpg\" \/>\n\t<meta property=\"og:image:width\" content=\"507\" \/>\n\t<meta property=\"og:image:height\" content=\"512\" \/>\n\t<meta property=\"og:image:type\" content=\"image\/jpeg\" \/>\n<meta name=\"twitter:card\" content=\"summary_large_image\" \/>\n<meta name=\"twitter:label1\" content=\"Gesch\u00e4tzte Lesezeit\" \/>\n\t<meta name=\"twitter:data1\" content=\"3\u00a0Minuten\" \/>\n<script type=\"application\/ld+json\" class=\"yoast-schema-graph\">{\"@context\":\"https:\/\/schema.org\",\"@graph\":[{\"@type\":\"WebPage\",\"@id\":\"https:\/\/www.thrimor.at\/index.php\/sponsoren-und-partner\/\",\"url\":\"https:\/\/www.thrimor.at\/index.php\/sponsoren-und-partner\/\",\"name\":\"Sponsoren & Partner - Thrimorer Garde\",\"isPartOf\":{\"@id\":\"https:\/\/www.thrimor.at\/#website\"},\"primaryImageOfPage\":{\"@id\":\"https:\/\/www.thrimor.at\/index.php\/sponsoren-und-partner\/#primaryimage\"},\"image\":{\"@id\":\"https:\/\/www.thrimor.at\/index.php\/sponsoren-und-partner\/#primaryimage\"},\"thumbnailUrl\":\"https:\/\/www.thrimor.at\/wp-content\/uploads\/2025\/05\/Logo_Verband_Rollenspiel.jpg\",\"datePublished\":\"2020-04-25T08:09:30+00:00\",\"dateModified\":\"2025-09-19T07:18:34+00:00\",\"breadcrumb\":{\"@id\":\"https:\/\/www.thrimor.at\/index.php\/sponsoren-und-partner\/#breadcrumb\"},\"inLanguage\":\"de\",\"potentialAction\":[{\"@type\":\"ReadAction\",\"target\":[\"https:\/\/www.thrimor.at\/index.php\/sponsoren-und-partner\/\"]}]},{\"@type\":\"ImageObject\",\"inLanguage\":\"de\",\"@id\":\"https:\/\/www.thrimor.at\/index.php\/sponsoren-und-partner\/#primaryimage\",\"url\":\"https:\/\/www.thrimor.at\/wp-content\/uploads\/2025\/05\/Logo_Verband_Rollenspiel.jpg\",\"contentUrl\":\"https:\/\/www.thrimor.at\/wp-content\/uploads\/2025\/05\/Logo_Verband_Rollenspiel.jpg\",\"width\":507,\"height\":512},{\"@type\":\"BreadcrumbList\",\"@id\":\"https:\/\/www.thrimor.at\/index.php\/sponsoren-und-partner\/#breadcrumb\",\"itemListElement\":[{\"@type\":\"ListItem\",\"position\":1,\"name\":\"Home\",\"item\":\"https:\/\/www.thrimor.at\/\"},{\"@type\":\"ListItem\",\"position\":2,\"name\":\"Sponsoren &#038; Partner\"}]},{\"@type\":\"WebSite\",\"@id\":\"https:\/\/www.thrimor.at\/#website\",\"url\":\"https:\/\/www.thrimor.at\/\",\"name\":\"Thrimorer Garde\",\"description\":\"Eine engagierte LARP-Community aus Salzburg\",\"potentialAction\":[{\"@type\":\"SearchAction\",\"target\":{\"@type\":\"EntryPoint\",\"urlTemplate\":\"https:\/\/www.thrimor.at\/?s={search_term_string}\"},\"query-input\":{\"@type\":\"PropertyValueSpecification\",\"valueRequired\":true,\"valueName\":\"search_term_string\"}}],\"inLanguage\":\"de\"}]}<\/script>\n<!-- \/ Yoast SEO plugin. -->","yoast_head_json":{"title":"Sponsoren & Partner - Thrimorer Garde","robots":{"index":"index","follow":"follow","max-snippet":"max-snippet:-1","max-image-preview":"max-image-preview:large","max-video-preview":"max-video-preview:-1"},"canonical":"https:\/\/www.thrimor.at\/index.php\/sponsoren-und-partner\/","og_locale":"de_DE","og_type":"article","og_title":"Sponsoren & Partner - Thrimorer Garde","og_description":"Nur gemeinsam sind wir stark! Wir haben immer Interesse an Sponsoring und Partnerschaften.Wir sind auch offen f\u00fcr jede Art von Zusammenarbeit.Ihr habt Interesse oder eine Idee? Dann nehmt Kontakt mit uns auf. Sponsoren Hier k\u00f6nnte Ihre Werbung stehen! Mitgliedschaften Sicher(es) LARP, Mittelalter, Reenactment &amp; Cosplay Der Verband \u201eSicher(es) LARP, Mittelalter, Reenactment &amp; Cosplay\u201c. Mitglieder erhalten [&hellip;]","og_url":"https:\/\/www.thrimor.at\/index.php\/sponsoren-und-partner\/","og_site_name":"Thrimorer Garde","article_modified_time":"2025-09-19T07:18:34+00:00","og_image":[{"width":507,"height":512,"url":"https:\/\/www.thrimor.at\/wp-content\/uploads\/2025\/05\/Logo_Verband_Rollenspiel.jpg","type":"image\/jpeg"}],"twitter_card":"summary_large_image","twitter_misc":{"Gesch\u00e4tzte Lesezeit":"3\u00a0Minuten"},"schema":{"@context":"https:\/\/schema.org","@graph":[{"@type":"WebPage","@id":"https:\/\/www.thrimor.at\/index.php\/sponsoren-und-partner\/","url":"https:\/\/www.thrimor.at\/index.php\/sponsoren-und-partner\/","name":"Sponsoren & Partner - Thrimorer Garde","isPartOf":{"@id":"https:\/\/www.thrimor.at\/#website"},"primaryImageOfPage":{"@id":"https:\/\/www.thrimor.at\/index.php\/sponsoren-und-partner\/#primaryimage"},"image":{"@id":"https:\/\/www.thrimor.at\/index.php\/sponsoren-und-partner\/#primaryimage"},"thumbnailUrl":"https:\/\/www.thrimor.at\/wp-content\/uploads\/2025\/05\/Logo_Verband_Rollenspiel.jpg","datePublished":"2020-04-25T08:09:30+00:00","dateModified":"2025-09-19T07:18:34+00:00","breadcrumb":{"@id":"https:\/\/www.thrimor.at\/index.php\/sponsoren-und-partner\/#breadcrumb"},"inLanguage":"de","potentialAction":[{"@type":"ReadAction","target":["https:\/\/www.thrimor.at\/index.php\/sponsoren-und-partner\/"]}]},{"@type":"ImageObject","inLanguage":"de","@id":"https:\/\/www.thrimor.at\/index.php\/sponsoren-und-partner\/#primaryimage","url":"https:\/\/www.thrimor.at\/wp-content\/uploads\/2025\/05\/Logo_Verband_Rollenspiel.jpg","contentUrl":"https:\/\/www.thrimor.at\/wp-content\/uploads\/2025\/05\/Logo_Verband_Rollenspiel.jpg","width":507,"height":512},{"@type":"BreadcrumbList","@id":"https:\/\/www.thrimor.at\/index.php\/sponsoren-und-partner\/#breadcrumb","itemListElement":[{"@type":"ListItem","position":1,"name":"Home","item":"https:\/\/www.thrimor.at\/"},{"@type":"ListItem","position":2,"name":"Sponsoren &#038; Partner"}]},{"@type":"WebSite","@id":"https:\/\/www.thrimor.at\/#website","url":"https:\/\/www.thrimor.at\/","name":"Thrimorer Garde","description":"Eine engagierte LARP-Community aus Salzburg","potentialAction":[{"@type":"SearchAction","target":{"@type":"EntryPoint","urlTemplate":"https:\/\/www.thrimor.at\/?s={search_term_string}"},"query-input":{"@type":"PropertyValueSpecification","valueRequired":true,"valueName":"search_term_string"}}],"inLanguage":"de"}]}},"jetpack_sharing_enabled":true,"_links":{"self":[{"href":"https:\/\/www.thrimor.at\/index.php\/wp-json\/wp\/v2\/pages\/68","targetHints":{"allow":["GET"]}}],"collection":[{"href":"https:\/\/www.thrimor.at\/index.php\/wp-json\/wp\/v2\/pages"}],"about":[{"href":"https:\/\/www.thrimor.at\/index.php\/wp-json\/wp\/v2\/types\/page"}],"author":[{"embeddable":true,"href":"https:\/\/www.thrimor.at\/index.php\/wp-json\/wp\/v2\/users\/1"}],"replies":[{"embeddable":true,"href":"https:\/\/www.thrimor.at\/index.php\/wp-json\/wp\/v2\/comments?post=68"}],"version-history":[{"count":18,"href":"https:\/\/www.thrimor.at\/index.php\/wp-json\/wp\/v2\/pages\/68\/revisions"}],"predecessor-version":[{"id":1629,"href":"https:\/\/www.thrimor.at\/index.php\/wp-json\/wp\/v2\/pages\/68\/revisions\/1629"}],"wp:attachment":[{"href":"https:\/\/www.thrimor.at\/index.php\/wp-json\/wp\/v2\/media?parent=68"}],"curies":[{"name":"wp","href":"https:\/\/api.w.org\/{rel}","templated":true}]}}