{"id":72,"date":"2020-04-25T08:09:30","date_gmt":"2020-04-25T08:09:30","guid":{"rendered":"https:\/\/relaunch2.thrimor.at\/index.php\/kontakt\/"},"modified":"2022-11-04T11:28:29","modified_gmt":"2022-11-04T10:28:29","slug":"kontakt","status":"publish","type":"page","link":"https:\/\/www.thrimor.at\/index.php\/kontakt\/","title":{"rendered":"Kontakt"},"content":{"rendered":"\n<p><\/p>\n\n\n\n<p><strong>Lieber Besucher,<\/strong><\/p>\n\n\n\n<p>falls du<strong> Fragen<\/strong> zum LARP, unserem Verein oder Thrimor hast freuen wir uns \u00fcber eine E-Mail oder ein Nachricht im nach stehendem&nbsp;<strong>Kontaktformular<\/strong>.<\/p>\n\n\n\n<p>Wenn du dich f\u00fcr unseren <strong>Newsletter <\/strong>anmelden m\u00f6chtest, kannst du dies \u00fcber das Eingabefeld auf der rechten Seite machen.<\/p>\n\n\n\n<p>Au\u00dferdem existiert eine \u00f6ffentliche Telegram Gruppe, bei der du jederzeit Mitglied werden kannst: <a href=\"https:\/\/t.me\/ThrimorerGardeandFriends\">Thrimorer Garde &amp; Friends<\/a><\/p>\n\n\n\n<p>Wenn du <strong>Vereinsmitglied werden<\/strong> m\u00f6chtest, findest du das Anmeldeformular <a href=\"https:\/\/www.thrimor.at\/index.php\/downloads\/\">hier in unserem Downloadbereich<\/a>.<\/p>\n\n\n\n<p><strong>Liebe (zuk\u00fcnftige) Sponsoren\/Partner,<\/strong><\/p>\n\n\n\n<p>Wir freuen uns immer \u00fcber Interessenten die an einem Sponsoring oder einer Partnerschaft mit uns interessiert sind.<br>Je nachdem ob Sponsor oder Partner k\u00f6nnen wir Ihnen einiges bieten.<br>F\u00fcr Details nutzen Sie bitte unsere E-Mail oder das Kontaktformular.<\/p>\n\n\n\n<p><strong>Kontakt:<\/strong><\/p>\n\n\n\n<p><a href=\"mailto:verein@thrimor.at\">verein(at)thrimor.at<\/a><\/p>\n\n\n\n<p>Thrimorer Garde<br>General-Albori-Stra\u00dfe 16A \/ 17<br>5061 Elsbethen<\/p>\n\n\n\n<p>ZVR: 943189974<\/p>\n\n\n\n<p><strong>Bankverbindung:<\/strong><\/p>\n\n\n\n<p>Kontoinhaber: Thrimorer Garde<br>IBAN:&nbsp;AT79 3502 1000 0007 0565<br>BIC:&nbsp;RVSAAT2S021<\/p>\n\n\n\n<p><strong>Kontaktformular:<\/strong><\/p>\n\n\n\n<div class=\"wpcf7 no-js\" id=\"wpcf7-f4-o1\" lang=\"de-DE\" dir=\"ltr\" data-wpcf7-id=\"4\">\n<div class=\"screen-reader-response\"><p role=\"status\" aria-live=\"polite\" aria-atomic=\"true\"><\/p> <ul><\/ul><\/div>\n<form action=\"\/index.php\/wp-json\/wp\/v2\/pages\/72#wpcf7-f4-o1\" method=\"post\" class=\"wpcf7-form init\" aria-label=\"Kontaktformular\" novalidate=\"novalidate\" data-status=\"init\">\n<fieldset class=\"hidden-fields-container\"><input type=\"hidden\" name=\"_wpcf7\" value=\"4\" \/><input type=\"hidden\" name=\"_wpcf7_version\" value=\"6.1.2\" \/><input type=\"hidden\" name=\"_wpcf7_locale\" value=\"de_DE\" \/><input type=\"hidden\" name=\"_wpcf7_unit_tag\" value=\"wpcf7-f4-o1\" \/><input type=\"hidden\" name=\"_wpcf7_container_post\" value=\"0\" \/><input type=\"hidden\" name=\"_wpcf7_posted_data_hash\" value=\"\" \/><input type=\"hidden\" name=\"_wpcf7_recaptcha_response\" value=\"\" \/>\n<\/fieldset>\n<p><label> Name *<br \/>\n<span class=\"wpcf7-form-control-wrap\" data-name=\"full-name\"><input size=\"40\" maxlength=\"400\" class=\"wpcf7-form-control wpcf7-text wpcf7-validates-as-required\" aria-required=\"true\" aria-invalid=\"false\" value=\"\" type=\"text\" name=\"full-name\" \/><\/span> <\/label>\n<\/p>\n<p><label> E-Mail *<br \/>\n<span class=\"wpcf7-form-control-wrap\" data-name=\"email\"><input size=\"40\" maxlength=\"400\" class=\"wpcf7-form-control wpcf7-email wpcf7-validates-as-required wpcf7-text wpcf7-validates-as-email\" aria-required=\"true\" aria-invalid=\"false\" value=\"\" type=\"email\" name=\"email\" \/><\/span> <\/label>\n<\/p>\n<p><label> Betreff *<br \/>\n<span class=\"wpcf7-form-control-wrap\" data-name=\"subject\"><input size=\"40\" maxlength=\"400\" class=\"wpcf7-form-control wpcf7-text wpcf7-validates-as-required\" aria-required=\"true\" aria-invalid=\"false\" value=\"\" type=\"text\" name=\"subject\" \/><\/span> <\/label>\n<\/p>\n<p><label> Nachricht *<br \/>\n<span class=\"wpcf7-form-control-wrap\" data-name=\"message\"><textarea cols=\"40\" rows=\"10\" maxlength=\"2000\" class=\"wpcf7-form-control wpcf7-textarea wpcf7-validates-as-required\" aria-required=\"true\" aria-invalid=\"false\" name=\"message\"><\/textarea><\/span> <\/label>\n<\/p>\n<p><span>* erforderlich<\/span>\n<\/p>\n<p><input class=\"wpcf7-form-control wpcf7-submit has-spinner\" type=\"submit\" value=\"Senden\" \/>\n<\/p><div class=\"wpcf7-response-output\" aria-hidden=\"true\"><\/div>\n<\/form>\n<\/div>\n\n\n\n<p><\/p>\n","protected":false},"excerpt":{"rendered":"<p>Lieber Besucher, falls du Fragen zum LARP, unserem Verein oder Thrimor hast freuen wir uns \u00fcber eine E-Mail oder ein Nachricht im nach stehendem&nbsp;Kontaktformular. Wenn du dich f\u00fcr unseren Newsletter anmelden m\u00f6chtest, kannst du dies \u00fcber das Eingabefeld auf der rechten Seite machen. Au\u00dferdem existiert eine \u00f6ffentliche Telegram Gruppe, bei der du jederzeit Mitglied werden [&hellip;]<\/p>\n","protected":false},"author":1,"featured_media":0,"parent":0,"menu_order":8,"comment_status":"closed","ping_status":"closed","template":"","meta":{"om_disable_all_campaigns":false,"footnotes":""},"class_list":["post-72","page","type-page","status-publish","hentry"],"yoast_head":"<!-- This site is optimized with the Yoast SEO plugin v26.1.1 - https:\/\/yoast.com\/wordpress\/plugins\/seo\/ -->\n<title>Kontakt - Thrimorer Garde<\/title>\n<meta name=\"robots\" content=\"index, follow, max-snippet:-1, max-image-preview:large, max-video-preview:-1\" \/>\n<link rel=\"canonical\" href=\"https:\/\/www.thrimor.at\/index.php\/kontakt\/\" \/>\n<meta property=\"og:locale\" content=\"de_DE\" \/>\n<meta property=\"og:type\" content=\"article\" \/>\n<meta property=\"og:title\" content=\"Kontakt - Thrimorer Garde\" \/>\n<meta property=\"og:description\" content=\"Lieber Besucher, falls du Fragen zum LARP, unserem Verein oder Thrimor hast freuen wir uns \u00fcber eine E-Mail oder ein Nachricht im nach stehendem&nbsp;Kontaktformular. Wenn du dich f\u00fcr unseren Newsletter anmelden m\u00f6chtest, kannst du dies \u00fcber das Eingabefeld auf der rechten Seite machen. Au\u00dferdem existiert eine \u00f6ffentliche Telegram Gruppe, bei der du jederzeit Mitglied werden [&hellip;]\" \/>\n<meta property=\"og:url\" content=\"https:\/\/www.thrimor.at\/index.php\/kontakt\/\" \/>\n<meta property=\"og:site_name\" content=\"Thrimorer Garde\" \/>\n<meta property=\"article:modified_time\" content=\"2022-11-04T10:28:29+00:00\" \/>\n<meta name=\"twitter:card\" content=\"summary_large_image\" \/>\n<meta name=\"twitter:label1\" content=\"Gesch\u00e4tzte Lesezeit\" \/>\n\t<meta name=\"twitter:data1\" content=\"1\u00a0Minute\" \/>\n<script type=\"application\/ld+json\" class=\"yoast-schema-graph\">{\"@context\":\"https:\/\/schema.org\",\"@graph\":[{\"@type\":\"WebPage\",\"@id\":\"https:\/\/www.thrimor.at\/index.php\/kontakt\/\",\"url\":\"https:\/\/www.thrimor.at\/index.php\/kontakt\/\",\"name\":\"Kontakt - Thrimorer Garde\",\"isPartOf\":{\"@id\":\"https:\/\/www.thrimor.at\/#website\"},\"datePublished\":\"2020-04-25T08:09:30+00:00\",\"dateModified\":\"2022-11-04T10:28:29+00:00\",\"breadcrumb\":{\"@id\":\"https:\/\/www.thrimor.at\/index.php\/kontakt\/#breadcrumb\"},\"inLanguage\":\"de\",\"potentialAction\":[{\"@type\":\"ReadAction\",\"target\":[\"https:\/\/www.thrimor.at\/index.php\/kontakt\/\"]}]},{\"@type\":\"BreadcrumbList\",\"@id\":\"https:\/\/www.thrimor.at\/index.php\/kontakt\/#breadcrumb\",\"itemListElement\":[{\"@type\":\"ListItem\",\"position\":1,\"name\":\"Home\",\"item\":\"https:\/\/www.thrimor.at\/\"},{\"@type\":\"ListItem\",\"position\":2,\"name\":\"Kontakt\"}]},{\"@type\":\"WebSite\",\"@id\":\"https:\/\/www.thrimor.at\/#website\",\"url\":\"https:\/\/www.thrimor.at\/\",\"name\":\"Thrimorer Garde\",\"description\":\"Eine engagierte LARP-Community aus Salzburg\",\"potentialAction\":[{\"@type\":\"SearchAction\",\"target\":{\"@type\":\"EntryPoint\",\"urlTemplate\":\"https:\/\/www.thrimor.at\/?s={search_term_string}\"},\"query-input\":{\"@type\":\"PropertyValueSpecification\",\"valueRequired\":true,\"valueName\":\"search_term_string\"}}],\"inLanguage\":\"de\"}]}<\/script>\n<!-- \/ Yoast SEO plugin. -->","yoast_head_json":{"title":"Kontakt - Thrimorer Garde","robots":{"index":"index","follow":"follow","max-snippet":"max-snippet:-1","max-image-preview":"max-image-preview:large","max-video-preview":"max-video-preview:-1"},"canonical":"https:\/\/www.thrimor.at\/index.php\/kontakt\/","og_locale":"de_DE","og_type":"article","og_title":"Kontakt - Thrimorer Garde","og_description":"Lieber Besucher, falls du Fragen zum LARP, unserem Verein oder Thrimor hast freuen wir uns \u00fcber eine E-Mail oder ein Nachricht im nach stehendem&nbsp;Kontaktformular. Wenn du dich f\u00fcr unseren Newsletter anmelden m\u00f6chtest, kannst du dies \u00fcber das Eingabefeld auf der rechten Seite machen. Au\u00dferdem existiert eine \u00f6ffentliche Telegram Gruppe, bei der du jederzeit Mitglied werden [&hellip;]","og_url":"https:\/\/www.thrimor.at\/index.php\/kontakt\/","og_site_name":"Thrimorer Garde","article_modified_time":"2022-11-04T10:28:29+00:00","twitter_card":"summary_large_image","twitter_misc":{"Gesch\u00e4tzte Lesezeit":"1\u00a0Minute"},"schema":{"@context":"https:\/\/schema.org","@graph":[{"@type":"WebPage","@id":"https:\/\/www.thrimor.at\/index.php\/kontakt\/","url":"https:\/\/www.thrimor.at\/index.php\/kontakt\/","name":"Kontakt - Thrimorer Garde","isPartOf":{"@id":"https:\/\/www.thrimor.at\/#website"},"datePublished":"2020-04-25T08:09:30+00:00","dateModified":"2022-11-04T10:28:29+00:00","breadcrumb":{"@id":"https:\/\/www.thrimor.at\/index.php\/kontakt\/#breadcrumb"},"inLanguage":"de","potentialAction":[{"@type":"ReadAction","target":["https:\/\/www.thrimor.at\/index.php\/kontakt\/"]}]},{"@type":"BreadcrumbList","@id":"https:\/\/www.thrimor.at\/index.php\/kontakt\/#breadcrumb","itemListElement":[{"@type":"ListItem","position":1,"name":"Home","item":"https:\/\/www.thrimor.at\/"},{"@type":"ListItem","position":2,"name":"Kontakt"}]},{"@type":"WebSite","@id":"https:\/\/www.thrimor.at\/#website","url":"https:\/\/www.thrimor.at\/","name":"Thrimorer Garde","description":"Eine engagierte LARP-Community aus Salzburg","potentialAction":[{"@type":"SearchAction","target":{"@type":"EntryPoint","urlTemplate":"https:\/\/www.thrimor.at\/?s={search_term_string}"},"query-input":{"@type":"PropertyValueSpecification","valueRequired":true,"valueName":"search_term_string"}}],"inLanguage":"de"}]}},"jetpack_sharing_enabled":true,"_links":{"self":[{"href":"https:\/\/www.thrimor.at\/index.php\/wp-json\/wp\/v2\/pages\/72","targetHints":{"allow":["GET"]}}],"collection":[{"href":"https:\/\/www.thrimor.at\/index.php\/wp-json\/wp\/v2\/pages"}],"about":[{"href":"https:\/\/www.thrimor.at\/index.php\/wp-json\/wp\/v2\/types\/page"}],"author":[{"embeddable":true,"href":"https:\/\/www.thrimor.at\/index.php\/wp-json\/wp\/v2\/users\/1"}],"replies":[{"embeddable":true,"href":"https:\/\/www.thrimor.at\/index.php\/wp-json\/wp\/v2\/comments?post=72"}],"version-history":[{"count":8,"href":"https:\/\/www.thrimor.at\/index.php\/wp-json\/wp\/v2\/pages\/72\/revisions"}],"predecessor-version":[{"id":1121,"href":"https:\/\/www.thrimor.at\/index.php\/wp-json\/wp\/v2\/pages\/72\/revisions\/1121"}],"wp:attachment":[{"href":"https:\/\/www.thrimor.at\/index.php\/wp-json\/wp\/v2\/media?parent=72"}],"curies":[{"name":"wp","href":"https:\/\/api.w.org\/{rel}","templated":true}]}}