{"id":85,"date":"2020-04-25T08:38:19","date_gmt":"2020-04-25T08:38:19","guid":{"rendered":"https:\/\/relaunch2.thrimor.at\/index.php\/events\/"},"modified":"2026-03-22T16:58:23","modified_gmt":"2026-03-22T15:58:23","slug":"events","status":"publish","type":"page","link":"https:\/\/www.thrimor.at\/index.php\/events\/","title":{"rendered":"Events"},"content":{"rendered":"\n<figure class=\"wp-block-image size-thumbnail\"><a href=\"https:\/\/www.thrimor.at\/index.php\/events\/online-stammtisch-april-2026\/\"><img loading=\"lazy\" decoding=\"async\" width=\"150\" height=\"150\" src=\"https:\/\/www.thrimor.at\/wp-content\/uploads\/2025\/10\/Pieter_Bruegel_the_Elder_-_Peasant_Wedding_-_Google_Art_Project_2-150x150.jpg\" alt=\"\" class=\"wp-image-1643\"\/><\/a><figcaption class=\"wp-element-caption\"><a href=\"https:\/\/www.thrimor.at\/index.php\/events\/online-stammtisch-april-2026\/\"><strong>Online Stammtisch<br>14. April 2026<\/strong><\/a><\/figcaption><\/figure>\n\n\n\n<figure class=\"wp-block-image size-thumbnail\"><img loading=\"lazy\" decoding=\"async\" width=\"150\" height=\"150\" src=\"https:\/\/www.thrimor.at\/wp-content\/uploads\/2026\/01\/moringard-150x150.png\" alt=\"\" class=\"wp-image-1724\"\/><figcaption class=\"wp-element-caption\"><strong><a href=\"https:\/\/www.thrimor.at\/index.php\/events\/moringaard-26-1\/\">Moringaard&nbsp;26.1<br>30. April \u2013 3. Mai 2026<\/a><\/strong><\/figcaption><\/figure>\n\n\n\n<figure class=\"wp-block-image size-thumbnail\"><a href=\"https:\/\/www.thrimor.at\/index.php\/events\/turney-der-suedlande-2026\/\"><img loading=\"lazy\" decoding=\"async\" width=\"150\" height=\"150\" src=\"https:\/\/www.thrimor.at\/wp-content\/uploads\/2024\/12\/Titelbild-150x150.jpeg\" alt=\"\" class=\"wp-image-1563\"\/><\/a><figcaption class=\"wp-element-caption\"><strong><a href=\"https:\/\/www.thrimor.at\/index.php\/events\/turney-der-suedlande-2026\/\">Turney der S\u00fcdlande 2026<br>22. &#8211; 25. Mai 2026<\/a><\/strong><\/figcaption><\/figure>\n\n\n\n<figure class=\"wp-block-image size-thumbnail\"><a href=\"https:\/\/www.thrimor.at\/index.php\/jenseits-der-siegel-2026\/\"><img loading=\"lazy\" decoding=\"async\" width=\"150\" height=\"150\" src=\"https:\/\/www.thrimor.at\/wp-content\/uploads\/2025\/12\/Logo-150x150.png\" alt=\"\" class=\"wp-image-1670\"\/><\/a><figcaption class=\"wp-element-caption\"><strong><a href=\"https:\/\/www.thrimor.at\/index.php\/jenseits-der-siegel-2026\/\">Jenseits der Siegel 2026<br>03. \u2013 07. Juni 2026<\/a><\/strong><\/figcaption><\/figure>\n\n\n\n<figure class=\"wp-block-image size-thumbnail\"><a href=\"https:\/\/www.thrimor.at\/index.php\/events\/online-stammtisch-juni-2026\/\"><img loading=\"lazy\" decoding=\"async\" width=\"150\" height=\"150\" src=\"https:\/\/www.thrimor.at\/wp-content\/uploads\/2025\/10\/Pieter_Bruegel_the_Elder_-_Peasant_Wedding_-_Google_Art_Project_2-150x150.jpg\" alt=\"\" class=\"wp-image-1643\"\/><\/a><figcaption class=\"wp-element-caption\"><strong><a href=\"https:\/\/www.thrimor.at\/index.php\/events\/online-stammtisch-juni-2026\/\">Online Stammtisch<br>18. Juni 2026<\/a><\/strong><\/figcaption><\/figure>\n\n\n\n<figure class=\"wp-block-image size-thumbnail\"><img loading=\"lazy\" decoding=\"async\" width=\"150\" height=\"150\" src=\"https:\/\/www.thrimor.at\/wp-content\/uploads\/2026\/01\/MG_1716-150x150.jpg\" alt=\"\" class=\"wp-image-1713\"\/><figcaption class=\"wp-element-caption\"><strong><a href=\"https:\/\/www.thrimor.at\/index.php\/sommerfest-vii-flammenweihe\/\">Sommerfest VII&nbsp;\u2013&nbsp;Flammenweihe<br>10. &#8211; 12. Juli 2026&nbsp;<\/a><\/strong><\/figcaption><\/figure>\n\n\n\n<figure class=\"wp-block-image size-thumbnail\"><a href=\"https:\/\/www.thrimor.at\/index.php\/conquest-of-mythodea-2026\/\"><img loading=\"lazy\" decoding=\"async\" width=\"150\" height=\"150\" src=\"https:\/\/www.thrimor.at\/wp-content\/uploads\/2025\/12\/Titelfoto-150x150.png\" alt=\"\" class=\"wp-image-1671\"\/><\/a><figcaption class=\"wp-element-caption\"><a href=\"https:\/\/www.thrimor.at\/index.php\/conquest-of-mythodea-2026\/\"><strong>Conquest of Mythodea 2026<br>05. \u2013 09. August 2026<\/strong><\/a><\/figcaption><\/figure>\n\n\n\n<figure class=\"wp-block-image size-thumbnail\"><a href=\"https:\/\/www.thrimor.at\/index.php\/events\/ot-treffen-vii\/\"><img loading=\"lazy\" decoding=\"async\" width=\"150\" height=\"150\" src=\"https:\/\/www.thrimor.at\/wp-content\/uploads\/2026\/01\/Titelbild-150x150.jpg\" alt=\"\" class=\"wp-image-1694\"\/><\/a><figcaption class=\"wp-element-caption\"><strong><a href=\"https:\/\/www.thrimor.at\/index.php\/events\/ot-treffen-vii\/\">OT-Treffen VII<br>22.&nbsp;August&nbsp;2026<\/a><\/strong><\/figcaption><\/figure>\n\n\n\n<figure class=\"wp-block-image size-thumbnail\"><img loading=\"lazy\" decoding=\"async\" width=\"150\" height=\"150\" src=\"https:\/\/www.thrimor.at\/wp-content\/uploads\/2026\/03\/larp-passau-logo-1-150x150.png\" alt=\"\" class=\"wp-image-1749\" style=\"object-fit:contain\" srcset=\"https:\/\/www.thrimor.at\/wp-content\/uploads\/2026\/03\/larp-passau-logo-1-150x150.png 150w, https:\/\/www.thrimor.at\/wp-content\/uploads\/2026\/03\/larp-passau-logo-1.png 300w\" sizes=\"auto, (max-width: 150px) 100vw, 150px\" \/><figcaption class=\"wp-element-caption\"><strong><a href=\"https:\/\/www.thrimor.at\/index.php\/events\/chroniken-von-gerbalon-iii\/\">Chroniken von&nbsp;Gerbalon&nbsp;III<br>18. &#8211; 20.&nbsp;September&nbsp;2026<\/a><\/strong><\/figcaption><\/figure>\n\n\n\n<figure class=\"wp-block-image size-thumbnail\"><img loading=\"lazy\" decoding=\"async\" width=\"150\" height=\"150\" src=\"https:\/\/www.thrimor.at\/wp-content\/uploads\/2026\/03\/Pieter_Bruegel_the_Elder_-_Peasant_Wedding_-_Google_Art_Project_2-150x150.jpg\" alt=\"\" class=\"wp-image-1739\"\/><figcaption class=\"wp-element-caption\"><strong><a href=\"https:\/\/www.thrimor.at\/index.php\/events\/online-stammtisch-oktober-2026\/\">Online Stammtisch<br>15.&nbsp;Oktober&nbsp;2026<\/a><\/strong><\/figcaption><\/figure>\n\n\n\n<p>Liebe Thrimorer, und all jene, die es gerne werden w\u00fcrden!<\/p>\n\n\n\n<p>Wir aktualisieren laufend die Liste der Veranstaltungen, die wir entweder selbst organisieren oder gemeinschaftlich als Verein besuchen werden.<\/p>\n\n\n\n<p>Besucht auch in Zukunft weiterhin regelm\u00e4\u00dfig dieses Anschlagebrett, oder tragt euch in die Empf\u00e4ngerliste unserer regelm\u00e4\u00dfigen Aussendungen (&#8211;&gt; Newsletter) ein, um \u00fcber die Geschehnisse in und um Thrimor auf dem Laufenden zu bleiben.<\/p>\n\n\n\n<p>Eure Thrimorer Garde<\/p>\n","protected":false},"excerpt":{"rendered":"<p>Liebe Thrimorer, und all jene, die es gerne werden w\u00fcrden! Wir aktualisieren laufend die Liste der Veranstaltungen, die wir entweder selbst organisieren oder gemeinschaftlich als Verein besuchen werden. Besucht auch in Zukunft weiterhin regelm\u00e4\u00dfig dieses Anschlagebrett, oder tragt euch in die Empf\u00e4ngerliste unserer regelm\u00e4\u00dfigen Aussendungen (&#8211;&gt; Newsletter) ein, um \u00fcber die Geschehnisse in und um [&hellip;]<\/p>\n","protected":false},"author":1,"featured_media":0,"parent":0,"menu_order":1,"comment_status":"closed","ping_status":"closed","template":"","meta":{"om_disable_all_campaigns":false,"footnotes":""},"class_list":["post-85","page","type-page","status-publish","hentry"],"yoast_head":"<!-- This site is optimized with the Yoast SEO plugin v26.1.1 - https:\/\/yoast.com\/wordpress\/plugins\/seo\/ -->\n<title>Events - Thrimorer Garde<\/title>\n<meta name=\"robots\" content=\"index, follow, max-snippet:-1, max-image-preview:large, max-video-preview:-1\" \/>\n<link rel=\"canonical\" href=\"https:\/\/www.thrimor.at\/index.php\/events\/\" \/>\n<meta property=\"og:locale\" content=\"de_DE\" \/>\n<meta property=\"og:type\" content=\"article\" \/>\n<meta property=\"og:title\" content=\"Events - Thrimorer Garde\" \/>\n<meta property=\"og:description\" content=\"Liebe Thrimorer, und all jene, die es gerne werden w\u00fcrden! Wir aktualisieren laufend die Liste der Veranstaltungen, die wir entweder selbst organisieren oder gemeinschaftlich als Verein besuchen werden. Besucht auch in Zukunft weiterhin regelm\u00e4\u00dfig dieses Anschlagebrett, oder tragt euch in die Empf\u00e4ngerliste unserer regelm\u00e4\u00dfigen Aussendungen (&#8211;&gt; Newsletter) ein, um \u00fcber die Geschehnisse in und um [&hellip;]\" \/>\n<meta property=\"og:url\" content=\"https:\/\/www.thrimor.at\/index.php\/events\/\" \/>\n<meta property=\"og:site_name\" content=\"Thrimorer Garde\" \/>\n<meta property=\"article:modified_time\" content=\"2026-03-22T15:58:23+00:00\" \/>\n<meta property=\"og:image\" content=\"https:\/\/www.thrimor.at\/wp-content\/uploads\/2025\/10\/Pieter_Bruegel_the_Elder_-_Peasant_Wedding_-_Google_Art_Project_2-scaled.jpg\" \/>\n\t<meta property=\"og:image:width\" content=\"2560\" \/>\n\t<meta property=\"og:image:height\" content=\"1769\" \/>\n\t<meta property=\"og:image:type\" content=\"image\/jpeg\" \/>\n<meta name=\"twitter:card\" content=\"summary_large_image\" \/>\n<meta name=\"twitter:label1\" content=\"Gesch\u00e4tzte Lesezeit\" \/>\n\t<meta name=\"twitter:data1\" content=\"3\u00a0Minuten\" \/>\n<script type=\"application\/ld+json\" class=\"yoast-schema-graph\">{\"@context\":\"https:\/\/schema.org\",\"@graph\":[{\"@type\":\"WebPage\",\"@id\":\"https:\/\/www.thrimor.at\/index.php\/events\/\",\"url\":\"https:\/\/www.thrimor.at\/index.php\/events\/\",\"name\":\"Events - Thrimorer Garde\",\"isPartOf\":{\"@id\":\"https:\/\/www.thrimor.at\/#website\"},\"primaryImageOfPage\":{\"@id\":\"https:\/\/www.thrimor.at\/index.php\/events\/#primaryimage\"},\"image\":{\"@id\":\"https:\/\/www.thrimor.at\/index.php\/events\/#primaryimage\"},\"thumbnailUrl\":\"https:\/\/www.thrimor.at\/wp-content\/uploads\/2025\/10\/Pieter_Bruegel_the_Elder_-_Peasant_Wedding_-_Google_Art_Project_2-150x150.jpg\",\"datePublished\":\"2020-04-25T08:38:19+00:00\",\"dateModified\":\"2026-03-22T15:58:23+00:00\",\"breadcrumb\":{\"@id\":\"https:\/\/www.thrimor.at\/index.php\/events\/#breadcrumb\"},\"inLanguage\":\"de\",\"potentialAction\":[{\"@type\":\"ReadAction\",\"target\":[\"https:\/\/www.thrimor.at\/index.php\/events\/\"]}]},{\"@type\":\"ImageObject\",\"inLanguage\":\"de\",\"@id\":\"https:\/\/www.thrimor.at\/index.php\/events\/#primaryimage\",\"url\":\"https:\/\/www.thrimor.at\/wp-content\/uploads\/2025\/10\/Pieter_Bruegel_the_Elder_-_Peasant_Wedding_-_Google_Art_Project_2-scaled.jpg\",\"contentUrl\":\"https:\/\/www.thrimor.at\/wp-content\/uploads\/2025\/10\/Pieter_Bruegel_the_Elder_-_Peasant_Wedding_-_Google_Art_Project_2-scaled.jpg\",\"width\":2560,\"height\":1769},{\"@type\":\"BreadcrumbList\",\"@id\":\"https:\/\/www.thrimor.at\/index.php\/events\/#breadcrumb\",\"itemListElement\":[{\"@type\":\"ListItem\",\"position\":1,\"name\":\"Home\",\"item\":\"https:\/\/www.thrimor.at\/\"},{\"@type\":\"ListItem\",\"position\":2,\"name\":\"Events\"}]},{\"@type\":\"WebSite\",\"@id\":\"https:\/\/www.thrimor.at\/#website\",\"url\":\"https:\/\/www.thrimor.at\/\",\"name\":\"Thrimorer Garde\",\"description\":\"Eine engagierte LARP-Community aus Salzburg\",\"potentialAction\":[{\"@type\":\"SearchAction\",\"target\":{\"@type\":\"EntryPoint\",\"urlTemplate\":\"https:\/\/www.thrimor.at\/?s={search_term_string}\"},\"query-input\":{\"@type\":\"PropertyValueSpecification\",\"valueRequired\":true,\"valueName\":\"search_term_string\"}}],\"inLanguage\":\"de\"}]}<\/script>\n<!-- \/ Yoast SEO plugin. -->","yoast_head_json":{"title":"Events - Thrimorer Garde","robots":{"index":"index","follow":"follow","max-snippet":"max-snippet:-1","max-image-preview":"max-image-preview:large","max-video-preview":"max-video-preview:-1"},"canonical":"https:\/\/www.thrimor.at\/index.php\/events\/","og_locale":"de_DE","og_type":"article","og_title":"Events - Thrimorer Garde","og_description":"Liebe Thrimorer, und all jene, die es gerne werden w\u00fcrden! Wir aktualisieren laufend die Liste der Veranstaltungen, die wir entweder selbst organisieren oder gemeinschaftlich als Verein besuchen werden. Besucht auch in Zukunft weiterhin regelm\u00e4\u00dfig dieses Anschlagebrett, oder tragt euch in die Empf\u00e4ngerliste unserer regelm\u00e4\u00dfigen Aussendungen (&#8211;&gt; Newsletter) ein, um \u00fcber die Geschehnisse in und um [&hellip;]","og_url":"https:\/\/www.thrimor.at\/index.php\/events\/","og_site_name":"Thrimorer Garde","article_modified_time":"2026-03-22T15:58:23+00:00","og_image":[{"width":2560,"height":1769,"url":"https:\/\/www.thrimor.at\/wp-content\/uploads\/2025\/10\/Pieter_Bruegel_the_Elder_-_Peasant_Wedding_-_Google_Art_Project_2-scaled.jpg","type":"image\/jpeg"}],"twitter_card":"summary_large_image","twitter_misc":{"Gesch\u00e4tzte Lesezeit":"3\u00a0Minuten"},"schema":{"@context":"https:\/\/schema.org","@graph":[{"@type":"WebPage","@id":"https:\/\/www.thrimor.at\/index.php\/events\/","url":"https:\/\/www.thrimor.at\/index.php\/events\/","name":"Events - Thrimorer Garde","isPartOf":{"@id":"https:\/\/www.thrimor.at\/#website"},"primaryImageOfPage":{"@id":"https:\/\/www.thrimor.at\/index.php\/events\/#primaryimage"},"image":{"@id":"https:\/\/www.thrimor.at\/index.php\/events\/#primaryimage"},"thumbnailUrl":"https:\/\/www.thrimor.at\/wp-content\/uploads\/2025\/10\/Pieter_Bruegel_the_Elder_-_Peasant_Wedding_-_Google_Art_Project_2-150x150.jpg","datePublished":"2020-04-25T08:38:19+00:00","dateModified":"2026-03-22T15:58:23+00:00","breadcrumb":{"@id":"https:\/\/www.thrimor.at\/index.php\/events\/#breadcrumb"},"inLanguage":"de","potentialAction":[{"@type":"ReadAction","target":["https:\/\/www.thrimor.at\/index.php\/events\/"]}]},{"@type":"ImageObject","inLanguage":"de","@id":"https:\/\/www.thrimor.at\/index.php\/events\/#primaryimage","url":"https:\/\/www.thrimor.at\/wp-content\/uploads\/2025\/10\/Pieter_Bruegel_the_Elder_-_Peasant_Wedding_-_Google_Art_Project_2-scaled.jpg","contentUrl":"https:\/\/www.thrimor.at\/wp-content\/uploads\/2025\/10\/Pieter_Bruegel_the_Elder_-_Peasant_Wedding_-_Google_Art_Project_2-scaled.jpg","width":2560,"height":1769},{"@type":"BreadcrumbList","@id":"https:\/\/www.thrimor.at\/index.php\/events\/#breadcrumb","itemListElement":[{"@type":"ListItem","position":1,"name":"Home","item":"https:\/\/www.thrimor.at\/"},{"@type":"ListItem","position":2,"name":"Events"}]},{"@type":"WebSite","@id":"https:\/\/www.thrimor.at\/#website","url":"https:\/\/www.thrimor.at\/","name":"Thrimorer Garde","description":"Eine engagierte LARP-Community aus Salzburg","potentialAction":[{"@type":"SearchAction","target":{"@type":"EntryPoint","urlTemplate":"https:\/\/www.thrimor.at\/?s={search_term_string}"},"query-input":{"@type":"PropertyValueSpecification","valueRequired":true,"valueName":"search_term_string"}}],"inLanguage":"de"}]}},"jetpack_sharing_enabled":true,"_links":{"self":[{"href":"https:\/\/www.thrimor.at\/index.php\/wp-json\/wp\/v2\/pages\/85","targetHints":{"allow":["GET"]}}],"collection":[{"href":"https:\/\/www.thrimor.at\/index.php\/wp-json\/wp\/v2\/pages"}],"about":[{"href":"https:\/\/www.thrimor.at\/index.php\/wp-json\/wp\/v2\/types\/page"}],"author":[{"embeddable":true,"href":"https:\/\/www.thrimor.at\/index.php\/wp-json\/wp\/v2\/users\/1"}],"replies":[{"embeddable":true,"href":"https:\/\/www.thrimor.at\/index.php\/wp-json\/wp\/v2\/comments?post=85"}],"version-history":[{"count":113,"href":"https:\/\/www.thrimor.at\/index.php\/wp-json\/wp\/v2\/pages\/85\/revisions"}],"predecessor-version":[{"id":1754,"href":"https:\/\/www.thrimor.at\/index.php\/wp-json\/wp\/v2\/pages\/85\/revisions\/1754"}],"wp:attachment":[{"href":"https:\/\/www.thrimor.at\/index.php\/wp-json\/wp\/v2\/media?parent=85"}],"curies":[{"name":"wp","href":"https:\/\/api.w.org\/{rel}","templated":true}]}}